{"id":1059,"date":"2018-05-26T13:46:22","date_gmt":"2018-05-26T12:46:22","guid":{"rendered":"http:\/\/jewsineastprussia.de\/homepage\/"},"modified":"2024-11-13T18:08:56","modified_gmt":"2024-11-13T17:08:56","slug":"latest-news","status":"publish","type":"page","link":"https:\/\/jewsineastprussia.de\/de\/","title":{"rendered":"Startseite in die j\u00fcdische Geschichte Ostpreussens"},"content":{"rendered":"\t\t<div data-elementor-type=\"wp-post\" data-elementor-id=\"1059\" class=\"elementor elementor-1059\" data-elementor-post-type=\"page\">\n\t\t\t\t\t\t<section class=\"elementor-section elementor-top-section elementor-element elementor-element-a9dba9f elementor-section-content-top elementor-section-boxed elementor-section-height-default elementor-section-height-default\" data-id=\"a9dba9f\" data-element_type=\"section\">\n\t\t\t\t\t\t<div class=\"elementor-container elementor-column-gap-default\">\n\t\t\t\t\t<div class=\"elementor-column elementor-col-100 elementor-top-column elementor-element elementor-element-2ef8b7c\" data-id=\"2ef8b7c\" data-element_type=\"column\">\n\t\t\t<div class=\"elementor-widget-wrap elementor-element-populated\">\n\t\t\t\t\t\t<div class=\"elementor-element elementor-element-b24a246 elementor-grid-2 elementor-grid-tablet-1 elementor-posts--align-left elementor-grid-mobile-1 elementor-posts--thumbnail-top elementor-widget elementor-widget-posts\" data-id=\"b24a246\" data-element_type=\"widget\" id=\"posts\" data-settings=\"{&quot;classic_columns&quot;:&quot;2&quot;,&quot;classic_columns_tablet&quot;:&quot;1&quot;,&quot;pagination_type&quot;:&quot;numbers_and_prev_next&quot;,&quot;classic_row_gap&quot;:{&quot;unit&quot;:&quot;px&quot;,&quot;size&quot;:20,&quot;sizes&quot;:[]},&quot;classic_columns_mobile&quot;:&quot;1&quot;,&quot;classic_row_gap_tablet&quot;:{&quot;unit&quot;:&quot;px&quot;,&quot;size&quot;:&quot;&quot;,&quot;sizes&quot;:[]},&quot;classic_row_gap_mobile&quot;:{&quot;unit&quot;:&quot;px&quot;,&quot;size&quot;:&quot;&quot;,&quot;sizes&quot;:[]}}\" data-widget_type=\"posts.classic\">\n\t\t\t\t<div class=\"elementor-widget-container\">\n\t\t\t\t\t\t\t<div class=\"elementor-posts-container elementor-posts elementor-posts--skin-classic elementor-grid\" role=\"list\">\n\t\t\t\t<article class=\"elementor-post elementor-grid-item post-12673 post type-post status-publish format-standard has-post-thumbnail hentry category-holocaust-und-verfolgung-de category-memel-klaipeda-de-2 category-veranstaltungen-de entry has-media\" role=\"listitem\">\n\t\t\t\t<a class=\"elementor-post__thumbnail__link\" href=\"https:\/\/jewsineastprussia.de\/de\/a-city-without-jews\/\" tabindex=\"-1\" >\n\t\t\t<div class=\"elementor-post__thumbnail\"><img fetchpriority=\"high\" decoding=\"async\" width=\"300\" height=\"254\" src=\"https:\/\/jewsineastprussia.de\/wp-content\/uploads\/2026\/03\/1939-_Ausschnitt-300x254.jpg\" class=\"attachment-medium size-medium wp-image-12695\" alt=\"\" srcset=\"https:\/\/jewsineastprussia.de\/wp-content\/uploads\/2026\/03\/1939-_Ausschnitt-300x254.jpg 300w, https:\/\/jewsineastprussia.de\/wp-content\/uploads\/2026\/03\/1939-_Ausschnitt-1024x865.jpg 1024w, https:\/\/jewsineastprussia.de\/wp-content\/uploads\/2026\/03\/1939-_Ausschnitt-768x649.jpg 768w, https:\/\/jewsineastprussia.de\/wp-content\/uploads\/2026\/03\/1939-_Ausschnitt-1536x1298.jpg 1536w, https:\/\/jewsineastprussia.de\/wp-content\/uploads\/2026\/03\/1939-_Ausschnitt-2048x1731.jpg 2048w\" sizes=\"(max-width: 300px) 100vw, 300px\" \/><\/div>\n\t\t<\/a>\n\t\t\t\t<div class=\"elementor-post__text\">\n\t\t\t\t<h3 class=\"elementor-post__title\">\n\t\t\t<a href=\"https:\/\/jewsineastprussia.de\/de\/a-city-without-jews\/\" >\n\t\t\t\tMemel &#8211; Stadt ohne Juden?\t\t\t<\/a>\n\t\t<\/h3>\n\t\t\t\t<div class=\"elementor-post__excerpt\">\n\t\t\t<p>Vortrag von Prof. Dr. Ruth Leiserowitz<br \/>\n\u201eKLAIP\u0116DA \/ MEMEL NACH DEM 23. M\u00c4RZ \u2013 EINE STADT OHNE JUDEN?\u201c<\/p>\n\t\t<\/div>\n\t\t\t\t<\/div>\n\t\t\t\t<\/article>\n\t\t\t\t<article class=\"elementor-post elementor-grid-item post-12688 post type-post status-publish format-standard has-post-thumbnail hentry category-familiengeschichten-de category-koenigsberg-kaliningrad-de-2 category-personlichkeiten tag-arzt tag-konigsberg-de tag-lehwess tag-lost-art tag-physician tag-potsdam entry has-media\" role=\"listitem\">\n\t\t\t\t<a class=\"elementor-post__thumbnail__link\" href=\"https:\/\/jewsineastprussia.de\/de\/painting-missing\/\" tabindex=\"-1\" >\n\t\t\t<div class=\"elementor-post__thumbnail\"><img decoding=\"async\" width=\"300\" height=\"210\" src=\"https:\/\/jewsineastprussia.de\/wp-content\/uploads\/2026\/03\/Lehwess-cut-300x210.jpeg\" class=\"attachment-medium size-medium wp-image-12686\" alt=\"\" srcset=\"https:\/\/jewsineastprussia.de\/wp-content\/uploads\/2026\/03\/Lehwess-cut-300x210.jpeg 300w, https:\/\/jewsineastprussia.de\/wp-content\/uploads\/2026\/03\/Lehwess-cut-1024x718.jpeg 1024w, https:\/\/jewsineastprussia.de\/wp-content\/uploads\/2026\/03\/Lehwess-cut-768x539.jpeg 768w, https:\/\/jewsineastprussia.de\/wp-content\/uploads\/2026\/03\/Lehwess-cut.jpeg 1126w\" sizes=\"(max-width: 300px) 100vw, 300px\" \/><\/div>\n\t\t<\/a>\n\t\t\t\t<div class=\"elementor-post__text\">\n\t\t\t\t<h3 class=\"elementor-post__title\">\n\t\t\t<a href=\"https:\/\/jewsineastprussia.de\/de\/painting-missing\/\" >\n\t\t\t\tGem\u00e4lde verschollen\t\t\t<\/a>\n\t\t<\/h3>\n\t\t\t\t<div class=\"elementor-post__excerpt\">\n\t\t\t<p>&#8230;&#8230; Das Gem\u00e4lde der damals noch jungen Familie befand sich im J\u00fcdischen Museum Berlin und wurde 1934 fotografiert. Heute gilt das Gem\u00e4lde als verschollen &#8230;&#8230;<\/p>\n\t\t<\/div>\n\t\t\t\t<\/div>\n\t\t\t\t<\/article>\n\t\t\t\t<article class=\"elementor-post elementor-grid-item post-12659 post type-post status-publish format-standard has-post-thumbnail hentry category-juedisches-museum-kaliningrad category-koenigsberg-kaliningrad-de category-synagoge-koenigsberg category-veranstaltungen-de category-vereinsnachrichten entry has-media\" role=\"listitem\">\n\t\t\t\t<a class=\"elementor-post__thumbnail__link\" href=\"https:\/\/jewsineastprussia.de\/de\/we-are-coming-to-stuttgart-april-15\/\" tabindex=\"-1\" >\n\t\t\t<div class=\"elementor-post__thumbnail\"><img decoding=\"async\" width=\"300\" height=\"146\" src=\"https:\/\/jewsineastprussia.de\/wp-content\/uploads\/2026\/02\/Stuttgart26-300x146.png\" class=\"attachment-medium size-medium wp-image-12657\" alt=\"\" srcset=\"https:\/\/jewsineastprussia.de\/wp-content\/uploads\/2026\/02\/Stuttgart26-300x146.png 300w, https:\/\/jewsineastprussia.de\/wp-content\/uploads\/2026\/02\/Stuttgart26.png 751w\" sizes=\"(max-width: 300px) 100vw, 300px\" \/><\/div>\n\t\t<\/a>\n\t\t\t\t<div class=\"elementor-post__text\">\n\t\t\t\t<h3 class=\"elementor-post__title\">\n\t\t\t<a href=\"https:\/\/jewsineastprussia.de\/de\/we-are-coming-to-stuttgart-april-15\/\" >\n\t\t\t\tWir kommen nach Stuttgart, am 15. April\t\t\t<\/a>\n\t\t<\/h3>\n\t\t\t\t<div class=\"elementor-post__excerpt\">\n\t\t\t<p>Am 15. April 2026 halten Ruth und Michael Leiserowitz einen Vortrag in Stuttgart. Kein Ende der Geschichte K\u00f6nigsberger Pr\u00e4gung im j\u00fcdischen Kaliningrad Der Eintritt ist<\/p>\n\t\t<\/div>\n\t\t\t\t<\/div>\n\t\t\t\t<\/article>\n\t\t\t\t<article class=\"elementor-post elementor-grid-item post-12628 post type-post status-publish format-standard has-post-thumbnail hentry category-denkmaeler category-familiengeschichten-de category-holocaust-und-verfolgung-de category-litauen category-memel-klaipeda-de-2 entry has-media\" role=\"listitem\">\n\t\t\t\t<a class=\"elementor-post__thumbnail__link\" href=\"https:\/\/jewsineastprussia.de\/de\/gargzdai-museum-project\/\" tabindex=\"-1\" >\n\t\t\t<div class=\"elementor-post__thumbnail\"><img loading=\"lazy\" decoding=\"async\" width=\"300\" height=\"169\" src=\"https:\/\/jewsineastprussia.de\/wp-content\/uploads\/2026\/01\/IMG20260109114458-300x169.jpg\" class=\"attachment-medium size-medium wp-image-12608\" alt=\"Gargzdai in snow\" srcset=\"https:\/\/jewsineastprussia.de\/wp-content\/uploads\/2026\/01\/IMG20260109114458-300x169.jpg 300w, https:\/\/jewsineastprussia.de\/wp-content\/uploads\/2026\/01\/IMG20260109114458-1024x578.jpg 1024w, https:\/\/jewsineastprussia.de\/wp-content\/uploads\/2026\/01\/IMG20260109114458-768x433.jpg 768w, https:\/\/jewsineastprussia.de\/wp-content\/uploads\/2026\/01\/IMG20260109114458-1536x866.jpg 1536w, https:\/\/jewsineastprussia.de\/wp-content\/uploads\/2026\/01\/IMG20260109114458-2048x1155.jpg 2048w, https:\/\/jewsineastprussia.de\/wp-content\/uploads\/2026\/01\/IMG20260109114458-800x450.jpg 800w\" sizes=\"(max-width: 300px) 100vw, 300px\" \/><\/div>\n\t\t<\/a>\n\t\t\t\t<div class=\"elementor-post__text\">\n\t\t\t\t<h3 class=\"elementor-post__title\">\n\t\t\t<a href=\"https:\/\/jewsineastprussia.de\/de\/gargzdai-museum-project\/\" >\n\t\t\t\tGarg\u017edai &#8211; Museumsprojekt\t\t\t<\/a>\n\t\t<\/h3>\n\t\t\t\t<div class=\"elementor-post__excerpt\">\n\t\t\t<p>60 % der Bev\u00f6lkerung in der Nachbarstadt von Klaipeda\/Memel waren Juden. Gemeinsam mit dem Regionalmuseum von Gargzdai\/Gorzd m\u00f6chten wir diese interessante Geschichte der historischen Grenzstadt in Litauen erforschen und pr\u00e4sentieren.<\/p>\n\t\t<\/div>\n\t\t\t\t<\/div>\n\t\t\t\t<\/article>\n\t\t\t\t<\/div>\n\t\t\n\t\t\t\t<div class=\"e-load-more-anchor\" data-page=\"1\" data-max-page=\"41\" data-next-page=\"https:\/\/jewsineastprussia.de\/de\/wp-json\/wp\/v2\/pages\/1059\/page\/2\/\"><\/div>\n\t\t\t\t<nav class=\"elementor-pagination\" aria-label=\"Seitennummerierung\">\n\t\t\t<span class=\"page-numbers prev\">&laquo; Previous<\/span>\n<span aria-current=\"page\" class=\"page-numbers current\"><span class=\"elementor-screen-only\">Seite<\/span>1<\/span>\n<a class=\"page-numbers\" href=\"https:\/\/jewsineastprussia.de\/de\/wp-json\/wp\/v2\/pages\/1059\/page\/2\/\"><span class=\"elementor-screen-only\">Seite<\/span>2<\/a>\n<a class=\"page-numbers\" href=\"https:\/\/jewsineastprussia.de\/de\/wp-json\/wp\/v2\/pages\/1059\/page\/3\/\"><span class=\"elementor-screen-only\">Seite<\/span>3<\/a>\n<span class=\"page-numbers dots\">&hellip;<\/span>\n<a class=\"page-numbers\" href=\"https:\/\/jewsineastprussia.de\/de\/wp-json\/wp\/v2\/pages\/1059\/page\/41\/\"><span class=\"elementor-screen-only\">Seite<\/span>41<\/a>\n<a class=\"page-numbers next\" href=\"https:\/\/jewsineastprussia.de\/de\/wp-json\/wp\/v2\/pages\/1059\/page\/2\/\">Next &raquo;<\/a>\t\t<\/nav>\n\t\t\t\t\t\t<\/div>\n\t\t\t\t<\/div>\n\t\t\t\t\t<\/div>\n\t\t<\/div>\n\t\t\t\t\t<\/div>\n\t\t<\/section>\n\t\t<div class=\"elementor-element elementor-element-7daed465 e-flex e-con-boxed e-con e-parent\" data-id=\"7daed465\" data-element_type=\"container\">\n\t\t\t\t\t<div class=\"e-con-inner\">\n\t\t\t\t<div class=\"elementor-element elementor-element-45213b5a elementor-widget elementor-widget-facebook-page\" data-id=\"45213b5a\" data-element_type=\"widget\" data-widget_type=\"facebook-page.default\">\n\t\t\t\t<div class=\"elementor-widget-container\">\n\t\t\t\t\t<div class=\"elementor-facebook-widget fb-page\" data-href=\"https:\/\/www.facebook.com\/JudeninOstpreussen\/\" data-tabs=\"\" data-height=\"70px\" data-width=\"500px\" data-small-header=\"false\" data-hide-cover=\"false\" data-show-facepile=\"false\" data-hide-cta=\"true\" style=\"min-height: 1px;height:70px\"><\/div>\t\t\t\t<\/div>\n\t\t\t\t<\/div>\n\t\t\t\t<div class=\"elementor-element elementor-element-57378618 elementor-widget elementor-widget-wp-widget-text\" data-id=\"57378618\" data-element_type=\"widget\" data-widget_type=\"wp-widget-text.default\">\n\t\t\t\t<div class=\"elementor-widget-container\">\n\t\t\t\t\t\t\t\t<div class=\"textwidget\"><p><a href=\"https:\/\/jewsineastprussia.de\/de\/impressum\/\" target=\"_blank\" rel=\"noopener\">Impressum<\/a><\/p>\n<\/div>\n\t\t\t\t\t\t<\/div>\n\t\t\t\t<\/div>\n\t\t\t\t<div class=\"elementor-element elementor-element-4447446b elementor-widget elementor-widget-wp-widget-text\" data-id=\"4447446b\" data-element_type=\"widget\" data-widget_type=\"wp-widget-text.default\">\n\t\t\t\t<div class=\"elementor-widget-container\">\n\t\t\t\t\t\t\t\t<div class=\"textwidget\"><p><a href=\"https:\/\/jewsineastprussia.de\/contact\/\">Kontakt<\/a><\/p>\n<\/div>\n\t\t\t\t\t\t<\/div>\n\t\t\t\t<\/div>\n\t\t\t\t<div class=\"elementor-element elementor-element-60e0c97e elementor-widget elementor-widget-facebook-page\" data-id=\"60e0c97e\" data-element_type=\"widget\" data-widget_type=\"facebook-page.default\">\n\t\t\t\t<div class=\"elementor-widget-container\">\n\t\t\t\t\t<div class=\"elementor-facebook-widget fb-page\" data-href=\"https:\/\/www.facebook.com\/Jewsineastprussia\/\" data-tabs=\"\" data-height=\"70px\" data-width=\"500px\" data-small-header=\"false\" data-hide-cover=\"false\" data-show-facepile=\"false\" data-hide-cta=\"true\" style=\"min-height: 1px;height:70px\"><\/div>\t\t\t\t<\/div>\n\t\t\t\t<\/div>\n\t\t\t\t\t<\/div>\n\t\t\t\t<\/div>\n\t\t<div class=\"elementor-element elementor-element-2d544a71 e-flex e-con-boxed e-con e-parent\" data-id=\"2d544a71\" data-element_type=\"container\">\n\t\t\t\t\t<div class=\"e-con-inner\">\n\t\t\t\t\t<\/div>\n\t\t\t\t<\/div>\n\t\t\t\t<\/div>\n\t\t","protected":false},"excerpt":{"rendered":"","protected":false},"author":1,"featured_media":0,"parent":0,"menu_order":0,"comment_status":"closed","ping_status":"closed","template":"","meta":{"footnotes":""},"categories":[25,88],"class_list":["post-1059","page","type-page","status-publish","hentry","category-unkategorisiert","category-vereinsnachrichten","entry","has-media"],"_links":{"self":[{"href":"https:\/\/jewsineastprussia.de\/de\/wp-json\/wp\/v2\/pages\/1059","targetHints":{"allow":["GET"]}}],"collection":[{"href":"https:\/\/jewsineastprussia.de\/de\/wp-json\/wp\/v2\/pages"}],"about":[{"href":"https:\/\/jewsineastprussia.de\/de\/wp-json\/wp\/v2\/types\/page"}],"author":[{"embeddable":true,"href":"https:\/\/jewsineastprussia.de\/de\/wp-json\/wp\/v2\/users\/1"}],"replies":[{"embeddable":true,"href":"https:\/\/jewsineastprussia.de\/de\/wp-json\/wp\/v2\/comments?post=1059"}],"version-history":[{"count":72,"href":"https:\/\/jewsineastprussia.de\/de\/wp-json\/wp\/v2\/pages\/1059\/revisions"}],"predecessor-version":[{"id":12068,"href":"https:\/\/jewsineastprussia.de\/de\/wp-json\/wp\/v2\/pages\/1059\/revisions\/12068"}],"wp:attachment":[{"href":"https:\/\/jewsineastprussia.de\/de\/wp-json\/wp\/v2\/media?parent=1059"}],"wp:term":[{"taxonomy":"category","embeddable":true,"href":"https:\/\/jewsineastprussia.de\/de\/wp-json\/wp\/v2\/categories?post=1059"}],"curies":[{"name":"wp","href":"https:\/\/api.w.org\/{rel}","templated":true}]}}