{"id":1091,"date":"2018-04-19T22:06:08","date_gmt":"2018-04-19T21:06:08","guid":{"rendered":"http:\/\/jewsineastprussia.de\/acknowledgements\/"},"modified":"2022-10-31T23:38:29","modified_gmt":"2022-10-31T22:38:29","slug":"acknowledgements","status":"publish","type":"page","link":"https:\/\/jewsineastprussia.de\/de\/acknowledgements\/","title":{"rendered":"Danksagungen"},"content":{"rendered":"<p><strong>F\u00f6rderer des Jahres 2019 2020 2021 2022<br \/>\n<\/strong><a href=\"https:\/\/www.loewenstein-losten-stiftung.de\/\" target=\"_blank\" rel=\"noopener noreferrer\"><img fetchpriority=\"high\" decoding=\"async\" class=\"size-medium wp-image-4917 alignnone\" src=\"https:\/\/jewsineastprussia.de\/wp-content\/uploads\/2019\/12\/Logo-KH-Loewen-Stiftung-300x225.png\" alt=\"Kurt und Hildegard L\u00f6wenstein\/Losten Stiftung\" width=\"300\" height=\"225\" srcset=\"https:\/\/jewsineastprussia.de\/wp-content\/uploads\/2019\/12\/Logo-KH-Loewen-Stiftung-300x225.png 300w, https:\/\/jewsineastprussia.de\/wp-content\/uploads\/2019\/12\/Logo-KH-Loewen-Stiftung.png 539w\" sizes=\"(max-width: 300px) 100vw, 300px\" \/><\/a><br \/>\nSie f\u00f6rdert im Gedenken an den Stuttgarter Unternehmensgesch\u00e4ftsf\u00fchrer Kurt Losten, geb. L\u00f6wenstein (gest. 2011), und seine Frau Hildegard (gest. 2017) die Besch\u00e4ftigung mit Kultur und Geschichte der j\u00fcdischen Deutschen.<\/p>\n<p><strong>Die Forschung hat von den gro\u00dfz\u00fcgigen Beitr\u00e4gen vieler Menschen und Institutionen profitiert &#8211; vielen Dank! (Liste unvollst\u00e4ndig)<\/strong><\/p>\n<ul>\n<li>Alpert, Yoel (Boston)<\/li>\n<li>Alterthum, Doris (Berlin)<\/li>\n<li>Antares, Joyaa (Gold Coast, Queensland, Australia)<\/li>\n<li>AUFBAU (New York)<\/li>\n<li>Auswaertiges Amt, Politisches Archiv (Berlin)<\/li>\n<li>Auswaertiges Amt, Referat 6-zbV, Beziehungen zu J\u00fcdischen Organisationen, Antisemitismusfragen,\u00a0Internationale Angelegenheiten der Sinti und Roma,\u00a0Holocaust-Erinnerung<\/li>\n<li>Beil,Siegfried (Dresden)<\/li>\n<li>Berger-Hirsch, Lucie (New York)<\/li>\n<li>Berton, William K. (Saginaw, MI)<\/li>\n<li>Birman, George (New York)<\/li>\n<li>BKM Bundesbeauftragte f\u00fcr Kultur und Medien<\/li>\n<li>Caspary, Hans (Haifa)<\/li>\n<li>Centrum Judaicum (Berlin)<\/li>\n<li>Chassman, Heinz-Joseph (Tel Aviv)<\/li>\n<li>Cohn, Ernest s.a.\u00a0(New York)<\/li>\n<li>Deutch, Hannah (Jackson Heights, N.Y.)<\/li>\n<li>Direktor, Leo s.a. (Netanya)<\/li>\n<li>Dolev, Eyal (Tel Aviv)<\/li>\n<li>Dunkleman, Yvonne (Milwaukee)<\/li>\n<li>Edel, Daniel (Bogota)<\/li>\n<li>Ehrlich, Anni s.a., (Herzliya)<\/li>\n<li>Fein, Manfred (Kiryat Ono)<\/li>\n<li>Friedlander, Alex E. (New York)<\/li>\n<li>Galmor-Geier, Dov (Berlin)<\/li>\n<li>Geheimes Staatsarchiv (Berlin)<\/li>\n<li>Geller, Zviah s.a. (Jerusalem)<\/li>\n<li>Gendler Jacobson, Naomi (Chicago)<\/li>\n<li>Gewirtzman, Benjamin (Ramat Hasharon)<\/li>\n<li>Glass, Eva (New York)<\/li>\n<li>Glauber, Harry (Portland)<\/li>\n<li>Goren, Cherie (Merion Station, Pa.)<\/li>\n<li>Hepner, Leo (Great Britton)<\/li>\n<li>Hoffmann-Ginsburg, Sina (Aschaffenburg)<\/li>\n<li>Itzigsohn, Rachel (Tel Aviv)<\/li>\n<li>Karr, Leonore + Herbert s.a. (Johannesburg, South Africa)<\/li>\n<li>Kochavi, Hanna (Tel Aviv)<\/li>\n<li>Krispin (geb. Kolumbus), Hannah (Tel Aviv)<\/li>\n<li>Kurt und Hildegard L\u00f6wenstein\/Losten Stiftung (Stuttgart)<\/li>\n<li>Lachauer, Ulla (Mannheim)<\/li>\n<li>Landecker, George (USA)<\/li>\n<li>Lapp, G\u00fcnter (Hannover)<\/li>\n<li>Leiber, Horst s.a. (Wuppertal)<\/li>\n<li>Leo Baeck Institute (Berlin)<\/li>\n<li>Leo Baeck Institute (New York)<\/li>\n<li>Levi-Zaloscer, Ohad (TelAviv-Swiss)<\/li>\n<li>Lewin, Annette (Houston)<\/li>\n<li>Lewkowicz, Magdalena (Mr\u0105gowo \/ Sensburg PL)<\/li>\n<li>Lewyn, Bert (Atlanta)<\/li>\n<li>Lindenstraus, Jerry (New York)<\/li>\n<li>Lippmann, Itzchak (Ramat Gan)<\/li>\n<li>Lisbona, David (Haifa)<\/li>\n<li>Litvak Foundation Vilnius<\/li>\n<li>Maron, Efraim (Ramat Aviv)<\/li>\n<li>Meron, Moshe (Ramat Gan)<\/li>\n<li>Miller, Martin (Syracuse)<\/li>\n<li>Molzahn, Hans and Elke (Ascheffel)<\/li>\n<li>Niemann, Manfred (Timmendorfer Strand)<\/li>\n<li>Odeen, Gisela (Stockholm)<\/li>\n<li>Page, Eric (USA)<\/li>\n<li>Perlman Familie (Israel)<\/li>\n<li>Propp, Henry (Syracuse, NY)<\/li>\n<li>Purwin, Bert (Cape Coral, Fl.)<\/li>\n<li>Rosin, Joseph (Israel)<\/li>\n<li>Ross, Joe (London)<\/li>\n<li>Salinger, Ralph (Kibbutz Kfar Ruppin)<\/li>\n<li>Sch\u00fcler-Springorum, Stefanie (Hamburg)<\/li>\n<li>Segalowitz, Ivar (Great Neck)<\/li>\n<li>Shapiro, Lorraine (USA)<\/li>\n<li>Sieff, Hanna (Ashfield, Australia)<\/li>\n<li>Simon, Bruno (Fort Lee)<\/li>\n<li>Simon, David (Z\u00fcrich)<\/li>\n<li>Sirovich, Livio (Triest)<\/li>\n<li>Stein (Jacobson), Essie (Memphis)<\/li>\n<li>Tourot, Laurence (Frankreich)<\/li>\n<li>Vinogradzky, Karin (Rishon Le Zion)<\/li>\n<li>Waldstein, Evelyne (Ramat Hasharon)<\/li>\n<li>Winkler, Helen (Canada)<\/li>\n<li>Wollock, Jennifer (College Station, Tx)<\/li>\n<li>Wyan-Meron, Renee (Holon)<\/li>\n<li>Yad Vashem (Jerusalem)<\/li>\n<\/ul>\n<p><em>Wir danken <strong>Zappo, Agentur f\u00fcr Kommunikation<\/strong> in Berlin, f\u00fcr die hervorragende Arbeit w\u00e4hrend der ersten 10 Jahre.<\/em><\/p>\n<p><em>Wir danken Frau <strong>Tanya Solodar<\/strong> aus Warschau f\u00fcr ihre starke, professionelle und gro\u00dfz\u00fcgige Unterst\u00fctzung f\u00fcr unseren Web-Relaunch im Jahr 2018.<\/em><\/p>\n<p><a href=\"http:\/\/jewsineastprussia.de\/de\/donations-for-the-association-jews-in-east-prussia\/\" target=\"_blank\" rel=\"noopener noreferrer\">Link zu unserer Spendenseite &gt;&gt;<\/a><\/p>\n","protected":false},"excerpt":{"rendered":"<p>F\u00f6rderer des Jahres 2019 2020 2021 2022 Sie f\u00f6rdert im Gedenken an den Stuttgarter Unternehmensgesch\u00e4ftsf\u00fchrer Kurt Losten, geb. L\u00f6wenstein (gest. 2011), und seine Frau Hildegard (gest. 2017) die Besch\u00e4ftigung mit Kultur und Geschichte der j\u00fcdischen Deutschen. Die Forschung hat von den gro\u00dfz\u00fcgigen Beitr\u00e4gen vieler Menschen und Institutionen profitiert &#8211; vielen Dank! (Liste unvollst\u00e4ndig) Alpert, Yoel [&hellip;]<\/p>\n","protected":false},"author":1,"featured_media":0,"parent":0,"menu_order":0,"comment_status":"closed","ping_status":"closed","template":"","meta":{"footnotes":""},"categories":[25],"class_list":["post-1091","page","type-page","status-publish","hentry","category-unkategorisiert","entry"],"_links":{"self":[{"href":"https:\/\/jewsineastprussia.de\/de\/wp-json\/wp\/v2\/pages\/1091","targetHints":{"allow":["GET"]}}],"collection":[{"href":"https:\/\/jewsineastprussia.de\/de\/wp-json\/wp\/v2\/pages"}],"about":[{"href":"https:\/\/jewsineastprussia.de\/de\/wp-json\/wp\/v2\/types\/page"}],"author":[{"embeddable":true,"href":"https:\/\/jewsineastprussia.de\/de\/wp-json\/wp\/v2\/users\/1"}],"replies":[{"embeddable":true,"href":"https:\/\/jewsineastprussia.de\/de\/wp-json\/wp\/v2\/comments?post=1091"}],"version-history":[{"count":9,"href":"https:\/\/jewsineastprussia.de\/de\/wp-json\/wp\/v2\/pages\/1091\/revisions"}],"predecessor-version":[{"id":10325,"href":"https:\/\/jewsineastprussia.de\/de\/wp-json\/wp\/v2\/pages\/1091\/revisions\/10325"}],"wp:attachment":[{"href":"https:\/\/jewsineastprussia.de\/de\/wp-json\/wp\/v2\/media?parent=1091"}],"wp:term":[{"taxonomy":"category","embeddable":true,"href":"https:\/\/jewsineastprussia.de\/de\/wp-json\/wp\/v2\/categories?post=1091"}],"curies":[{"name":"wp","href":"https:\/\/api.w.org\/{rel}","templated":true}]}}