{"id":1106,"date":"2018-05-23T14:58:17","date_gmt":"2018-05-23T13:58:17","guid":{"rendered":"http:\/\/jewsineastprussia.de\/jews-in-koenigsberg-exhibition\/"},"modified":"2019-02-01T11:53:56","modified_gmt":"2019-02-01T11:53:56","slug":"jews-in-koenigsberg-exhibition","status":"publish","type":"page","link":"https:\/\/jewsineastprussia.de\/de\/jews-in-koenigsberg-exhibition\/","title":{"rendered":"Juden in K\u00f6nigsberg &#8211; Ausstellung"},"content":{"rendered":"<h3>2017 Kaliningrad (K\u00f6nigsberg) \/ Russland<\/h3>\n<p><img fetchpriority=\"high\" decoding=\"async\" class=\"aligncenter wp-image-352\" src=\"https:\/\/jewsineastprussia.de\/wp-content\/uploads\/2018\/05\/Banner-cover-1024x531.jpg\" alt=\"Exhibition Jews in Koenigsberg \" width=\"700\" height=\"363\" srcset=\"https:\/\/jewsineastprussia.de\/wp-content\/uploads\/2018\/05\/Banner-cover-1024x531.jpg 1024w, https:\/\/jewsineastprussia.de\/wp-content\/uploads\/2018\/05\/Banner-cover-300x156.jpg 300w, https:\/\/jewsineastprussia.de\/wp-content\/uploads\/2018\/05\/Banner-cover-768x399.jpg 768w, https:\/\/jewsineastprussia.de\/wp-content\/uploads\/2018\/05\/Banner-cover.jpg 1104w\" sizes=\"(max-width: 700px) 100vw, 700px\" \/><\/p>\n<p>Ausstellung <strong>\u201eK\u00f6nigsberger Juden um die Wende zum 20. Jahrhundert\u201c<\/strong>, Kaliningrader\u00a0Museum f\u00fcr Geschichte und Kunst (in der fr\u00fcheren Stadthalle) vom 9. November bis 10. Dezember 2017.<br \/>\n<a href=\"https:\/\/jewsineastprussia.de\/jews-in-koenigsberg-catalogue-of-the-exhibition\/?lang=de\">Link\u00a0zum Katalog der Ausstellung &gt;&gt;<\/a><\/p>\n<figure id=\"attachment_354\" aria-describedby=\"caption-attachment-354\" style=\"width: 300px\" class=\"wp-caption alignnone\"><img decoding=\"async\" class=\"wp-image-354 size-medium\" src=\"https:\/\/jewsineastprussia.de\/wp-content\/uploads\/2018\/05\/JiK16-300x200.png\" alt=\"\" width=\"300\" height=\"200\" srcset=\"https:\/\/jewsineastprussia.de\/wp-content\/uploads\/2018\/05\/JiK16-300x200.png 300w, https:\/\/jewsineastprussia.de\/wp-content\/uploads\/2018\/05\/JiK16-768x511.png 768w, https:\/\/jewsineastprussia.de\/wp-content\/uploads\/2018\/05\/JiK16.png 1000w\" sizes=\"(max-width: 300px) 100vw, 300px\" \/><figcaption id=\"caption-attachment-354\" class=\"wp-caption-text\">Erl\u00e4uterungen zum gro\u00dfen Bild der Familie Eichelbaum<\/figcaption><\/figure>\n<p>Die Ausstellung informiert mit zahlreichen Dokumenten und Photos \u00fcber die Aktivit\u00e4ten von j\u00fcdischen K\u00f6nigsbergern in Wirtschaft, Wissenschaft (Universit\u00e4t), Gesundheitswesen, Stadtgestaltung, Infrastruktur, Kunst und Kultur um die Wende zum 20. Jahrhundert, von denen es heute noch viele sichtbare Spuren in Kaliningrad gibt. Zentraler Mittelpunkt der Ausstellung ist der rekonstruierte Sitzplan der Er\u00f6ffnungsfeier der Synagoge Lindenstra\u00dfe im August 1896. Die Exponate weisen nach, dass die Mitglieder der J\u00fcdischen Gemeinde K\u00f6nigsberg einen wichtigen Bestandteil der Stadtgesellschaft um die Jahrhundertwende darstellten.<\/p>\n<p><img decoding=\"async\" class=\"alignnone size-medium wp-image-387\" src=\"https:\/\/jewsineastprussia.de\/wp-content\/uploads\/2018\/05\/MuseumGeschiundKunst05-300x190.jpg\" alt=\"\" width=\"300\" height=\"190\" srcset=\"https:\/\/jewsineastprussia.de\/wp-content\/uploads\/2018\/05\/MuseumGeschiundKunst05-300x190.jpg 300w, https:\/\/jewsineastprussia.de\/wp-content\/uploads\/2018\/05\/MuseumGeschiundKunst05-768x486.jpg 768w, https:\/\/jewsineastprussia.de\/wp-content\/uploads\/2018\/05\/MuseumGeschiundKunst05-1024x648.jpg 1024w, https:\/\/jewsineastprussia.de\/wp-content\/uploads\/2018\/05\/MuseumGeschiundKunst05.jpg 1552w\" sizes=\"(max-width: 300px) 100vw, 300px\" \/><\/p>\n<p>Kaliningrader\u00a0Museum f\u00fcr Geschichte und Kunst (in der fr\u00fcheren Stadthalle von K\u00f6nigsberg)<\/p>\n<p><img loading=\"lazy\" decoding=\"async\" class=\"alignnone size-medium wp-image-362\" src=\"https:\/\/jewsineastprussia.de\/wp-content\/uploads\/2018\/05\/JiK21-300x162.png\" alt=\"\" width=\"300\" height=\"162\" srcset=\"https:\/\/jewsineastprussia.de\/wp-content\/uploads\/2018\/05\/JiK21-300x162.png 300w, https:\/\/jewsineastprussia.de\/wp-content\/uploads\/2018\/05\/JiK21-768x414.png 768w, https:\/\/jewsineastprussia.de\/wp-content\/uploads\/2018\/05\/JiK21.png 1000w\" sizes=\"(max-width: 300px) 100vw, 300px\" \/>\u00a0\u00a0<img loading=\"lazy\" decoding=\"async\" class=\"alignnone size-medium wp-image-364\" src=\"https:\/\/jewsineastprussia.de\/wp-content\/uploads\/2018\/05\/JiK29-300x200.png\" alt=\"\" width=\"300\" height=\"200\" srcset=\"https:\/\/jewsineastprussia.de\/wp-content\/uploads\/2018\/05\/JiK29-300x200.png 300w, https:\/\/jewsineastprussia.de\/wp-content\/uploads\/2018\/05\/JiK29-768x511.png 768w, https:\/\/jewsineastprussia.de\/wp-content\/uploads\/2018\/05\/JiK29.png 1000w\" sizes=\"(max-width: 300px) 100vw, 300px\" \/><\/p>\n<p>Die Ausstellungser\u00f6ffnung hatte gro\u00dfen Zuspruch. Es kamen Besucher aus der J\u00fcdischen Gemeinde, Nachfahren von K\u00f6nigsberger Juden aus dem Ausland, Diplomaten (D. LT), der \u00f6rtliche Rabbiner, Besucher aus der litauischen Grenzregion, Fotografen, Journalisten, Fernsehteams und wichtige Vertreter der Stiftung, die gerade den Wiederaufbau der Synagoge von K\u00f6nigsberg betreibt.<\/p>\n<h3>Er\u00f6ffnungsrede:<\/h3>\n<p style=\"padding-left: 30px;\"><em>Heute, zu einem Zeitpunkt, an dem der Wiederaufbau der Synagoge in Kaliningrad gerade vorangetrieben wird, stellt sich die Frage, wer waren diese Juden, die um die Jahrhundertwende in K\u00f6nigsberg lebten, als die Synagoge an der Lindenstra\u00dfe gebaut wurde: Wie sah ihr Leben aus?\u00a0Womit haben sie sich besch\u00e4ftigt? Wie sahen sie sich selbst?<br \/>\nDie j\u00fcdische Gesellschaft war damals sehr heterogen. Viele Familien kamen aus den unterschiedlichsten Orten und Gegenden.\u00a0Und das ist heute auch nicht anders.\u00a0Der Verein\u00a0 &#8222;Juden in Ostpreu\u00dfen&#8220;, der diese Ausstellung initiierte und gestaltete, hat sich zum Ziel gesetzt, zum einen den heutigen Bewohnern die Geschichte der Juden in der Zeit vor dem Zweiten Weltkrieg n\u00e4her zu bringen und zum anderen den heute \u00fcber der ganzen Welt verstreut lebenden Nachfahren mehr \u00fcber das Leben ihrer Vorfahren in Ostpreu\u00dfen zu berichten.<br \/>\nDiese Ausstellung, die dank der gro\u00dfz\u00fcgig \u00fcberlassenen Information von K\u00f6nigsberger Juden und deren Nachkommen zu Stande kommen konnte, ist ein wichtiges Ereignis. Allen, die daran beteiligt waren, ein herzliches Dankesch\u00f6n.\u00a0Ein besonderer Dank gilt dem Historischen Museum, dessen Unterst\u00fctzung die Verwirklichung des Plans erm\u00f6glichte.\u00a0Die Er\u00f6ffnung der Ausstellung am 9. November vereint die Besucher &#8211; sowohl die Nachkommen der K\u00f6nigsberger Juden als auch die heutigen Bewohner &#8211; im gemeinsamen Gedenken an den November-Pogrom.<br \/>\nBerlin \/ Warschau \/ Kaliningrad: November 2017<br \/>\nf\u00fcr den Verein Juden in Ostpreu\u00dfen<br \/>\nProf. Dr. Ruth Leiserowitz<br \/>\nMichael Leiserowitz<\/em><\/p>\n<figure id=\"attachment_355\" aria-describedby=\"caption-attachment-355\" style=\"width: 300px\" class=\"wp-caption alignnone\"><img loading=\"lazy\" decoding=\"async\" class=\"wp-image-355 size-medium\" src=\"https:\/\/jewsineastprussia.de\/wp-content\/uploads\/2018\/05\/KidsinAusstellung-300x169.jpg\" alt=\"\" width=\"300\" height=\"169\" srcset=\"https:\/\/jewsineastprussia.de\/wp-content\/uploads\/2018\/05\/KidsinAusstellung-300x169.jpg 300w, https:\/\/jewsineastprussia.de\/wp-content\/uploads\/2018\/05\/KidsinAusstellung-768x432.jpg 768w, https:\/\/jewsineastprussia.de\/wp-content\/uploads\/2018\/05\/KidsinAusstellung-1024x576.jpg 1024w, https:\/\/jewsineastprussia.de\/wp-content\/uploads\/2018\/05\/KidsinAusstellung.jpg 2048w\" sizes=\"(max-width: 300px) 100vw, 300px\" \/><figcaption id=\"caption-attachment-355\" class=\"wp-caption-text\">Die Kindergruppe der J\u00fcdischen Gemeinde besucht die Ausstellung<\/figcaption><\/figure>\n<p>Wir als Veranstalter hatten die M\u00f6glichkeit, spezielle Besucherguppen in der Ausstellung zu empfangen &#8211; wie die Deutsch-Sch\u00fcler des \u00f6rtlichen Goethe-Instituts und die Kinder der j\u00fcdischen Gemeinde. Sie h\u00f6rten Geschichten vom Teehandel mit Russland, \u00fcber die ersten Autos in der Stadt und waren beeindruckt, dass H\u00e4user, die ihnen vertraut sind, von Juden gebaut wurden. F\u00fcr ihr pers\u00f6nliches Selbstverst\u00e4ndnis ist es wichtig zu wissen, dass eine gro\u00dfe und stolze j\u00fcdische Gemeinde gab, die ihre Stadt mitgepr\u00e4gt hat.<\/p>\n<h3>Zum Abschluss: Musikalischer Vortrag von Prof. Jascha Nemtsov<\/h3>\n<p>Am 10.Dez. 2018 stellte Prof. Jascha Nemtsov sein Spezialthema vor: &#8222;J\u00fcdische Musik in K\u00f6nigsberg &#8211; Arno Nadel und die j\u00fcdische musikalische Renaissance&#8220;.<\/p>\n<figure id=\"attachment_391\" aria-describedby=\"caption-attachment-391\" style=\"width: 1024px\" class=\"wp-caption alignnone\"><img loading=\"lazy\" decoding=\"async\" class=\"wp-image-391 size-large\" src=\"https:\/\/jewsineastprussia.de\/wp-content\/uploads\/2018\/05\/CollageNemtsov-1024x459.jpg\" alt=\"\" width=\"1024\" height=\"459\" srcset=\"https:\/\/jewsineastprussia.de\/wp-content\/uploads\/2018\/05\/CollageNemtsov-1024x459.jpg 1024w, https:\/\/jewsineastprussia.de\/wp-content\/uploads\/2018\/05\/CollageNemtsov-300x134.jpg 300w, https:\/\/jewsineastprussia.de\/wp-content\/uploads\/2018\/05\/CollageNemtsov-768x344.jpg 768w, https:\/\/jewsineastprussia.de\/wp-content\/uploads\/2018\/05\/CollageNemtsov.jpg 1489w\" sizes=\"(max-width: 1024px) 100vw, 1024px\" \/><figcaption id=\"caption-attachment-391\" class=\"wp-caption-text\">Prof. J. Nemtsov Bild: Rut Sigurdardottir<\/figcaption><\/figure>\n<p>K\u00f6nigsberg war um die Jahrhundertwende ein wichtiges Zentrum der j\u00fcdischen Musik. Arnold Nadel (1878\u20131943), ein herausragender Musiker und eine wichtige Gestalt der j\u00fcdischen Kultur, verbrachte einige Jahre hier, die seine sp\u00e4teren Aktivit\u00e4ten weitgehend bestimmen sollten. Jascha Nemtsov, Pianist und Musikwissenschaftler, lebt in Berlin. Er ist Inhaber des Lehrstuhls f\u00fcr die Geschichte der j\u00fcdischen Musik an der Musikhochschule \u201eFranz Liszt\u201c in Weimar. Er hat bereits \u00fcber 30 CDs mit Ersteinspielungen von Werken vergessener j\u00fcdischer Komponisten vorgelegt.<\/p>\n<h3>Einblick in die Ausstellung bzw. in den Ausstellungskatalog<\/h3>\n<div>&#8222;Ich habe mich deshalb entschlossen, in Nachstehenden nach M\u00f6glichkeit sowohl von meinem Schaffen, als auch der Zeit, in der ich lebte, Erinnerungen wiederzugeben.&#8220;<\/div>\n<div>(Aron Liebeck, K\u00f6nigsberg, 1928)<\/div>\n<p><img loading=\"lazy\" decoding=\"async\" class=\"alignnone size-medium wp-image-383\" src=\"https:\/\/jewsineastprussia.de\/wp-content\/uploads\/2018\/05\/Aron-Liebeck-291x300.png\" alt=\"\" width=\"291\" height=\"300\" srcset=\"https:\/\/jewsineastprussia.de\/wp-content\/uploads\/2018\/05\/Aron-Liebeck-291x300.png 291w, https:\/\/jewsineastprussia.de\/wp-content\/uploads\/2018\/05\/Aron-Liebeck.png 541w\" sizes=\"(max-width: 291px) 100vw, 291px\" \/><\/p>\n<p><strong>A<\/strong><strong>ron Liebeck ist unser Haupterz\u00e4hler in der Ausstellung.<\/strong> In seinen Memoiren beschreibt er Dinge, die andere nicht f\u00fcr wichtig erachteten. Wir erfahren viel \u00fcber das harte Leben von Migranten und Kleinh\u00e4ndlern in Ostpreu\u00dfen, \u00fcber seinen m\u00fchevollen Aufstieg aus der Position eines Lehrlings. Die Innenansichten eines Buchhalters geben den Blick auf viele gescheiterte Gesch\u00e4ftsmodelle frei, die im normalen Leben durchaus vorkamen. Er beschreibt das gesellschaftliche Leben der Zeit und welche Rolle dabei Vereine spielten. Er schildert technische Neuerungen und deren\u00a0 Auswirkungen. Wir erfahren viel \u00fcber das Familienleben der Zeit und \u00fcber Lebensgl\u00fcck.<\/p>\n<p><img loading=\"lazy\" decoding=\"async\" class=\"alignnone size-medium wp-image-390\" src=\"https:\/\/jewsineastprussia.de\/wp-content\/uploads\/2018\/05\/Woher-Karte-300x266.jpg\" alt=\"\" width=\"300\" height=\"266\" srcset=\"https:\/\/jewsineastprussia.de\/wp-content\/uploads\/2018\/05\/Woher-Karte-300x266.jpg 300w, https:\/\/jewsineastprussia.de\/wp-content\/uploads\/2018\/05\/Woher-Karte.jpg 375w\" sizes=\"(max-width: 300px) 100vw, 300px\" \/><\/p>\n<p>Viele junge arbeitswillige und aufstiegshungrige Juden zog es gerade aus dem Ansiedlungsrayon [Pale of Settlement] nach K\u00f6nigsberg.<\/p>\n<p><img loading=\"lazy\" decoding=\"async\" class=\"alignnone size-medium wp-image-389\" src=\"https:\/\/jewsineastprussia.de\/wp-content\/uploads\/2018\/05\/Strand-Ausschn1-250x300.jpg\" alt=\"\" width=\"250\" height=\"300\" srcset=\"https:\/\/jewsineastprussia.de\/wp-content\/uploads\/2018\/05\/Strand-Ausschn1-250x300.jpg 250w, https:\/\/jewsineastprussia.de\/wp-content\/uploads\/2018\/05\/Strand-Ausschn1.jpg 311w\" sizes=\"(max-width: 250px) 100vw, 250px\" \/><\/p>\n<p>Die Sommermonate wurden im Seebad Cranz verbracht, wo sich viele Familien Sommervillen bauen lie\u00dfen.<\/p>\n<figure id=\"attachment_786\" aria-describedby=\"caption-attachment-786\" style=\"width: 300px\" class=\"wp-caption alignnone\"><img loading=\"lazy\" decoding=\"async\" class=\"wp-image-786 size-medium\" src=\"https:\/\/jewsineastprussia.de\/wp-content\/uploads\/2018\/06\/Platzkarte-rot-300x211.jpg\" alt=\"\" width=\"300\" height=\"211\" srcset=\"https:\/\/jewsineastprussia.de\/wp-content\/uploads\/2018\/06\/Platzkarte-rot-300x211.jpg 300w, https:\/\/jewsineastprussia.de\/wp-content\/uploads\/2018\/06\/Platzkarte-rot-768x539.jpg 768w, https:\/\/jewsineastprussia.de\/wp-content\/uploads\/2018\/06\/Platzkarte-rot-1024x719.jpg 1024w, https:\/\/jewsineastprussia.de\/wp-content\/uploads\/2018\/06\/Platzkarte-rot.jpg 1509w\" sizes=\"(max-width: 300px) 100vw, 300px\" \/><figcaption id=\"caption-attachment-786\" class=\"wp-caption-text\">Jahreskarte f\u00fcr die neue Synagoge<\/figcaption><\/figure>\n<p><img loading=\"lazy\" decoding=\"async\" class=\"alignnone size-medium wp-image-384\" src=\"https:\/\/jewsineastprussia.de\/wp-content\/uploads\/2018\/05\/Auto-300x225.jpg\" alt=\"\" width=\"300\" height=\"225\" srcset=\"https:\/\/jewsineastprussia.de\/wp-content\/uploads\/2018\/05\/Auto-300x225.jpg 300w, https:\/\/jewsineastprussia.de\/wp-content\/uploads\/2018\/05\/Auto-768x577.jpg 768w, https:\/\/jewsineastprussia.de\/wp-content\/uploads\/2018\/05\/Auto.jpg 1008w\" sizes=\"(max-width: 300px) 100vw, 300px\" \/><\/p>\n<p>Der Kaufmann und Kerosinh\u00e4ndler Salomon Aschkanasy und seine Frau Flora, geb. Lubliner, mit einem der ersten Autos in K\u00f6nigsberg (mit Dank an Michael Maisey).<\/p>\n<p><img loading=\"lazy\" decoding=\"async\" class=\"alignnone wp-image-788 size-medium\" src=\"https:\/\/jewsineastprussia.de\/wp-content\/uploads\/2018\/06\/Betrachter-Ausstellung-300x167.jpg\" alt=\"\" width=\"300\" height=\"167\" srcset=\"https:\/\/jewsineastprussia.de\/wp-content\/uploads\/2018\/06\/Betrachter-Ausstellung-300x167.jpg 300w, https:\/\/jewsineastprussia.de\/wp-content\/uploads\/2018\/06\/Betrachter-Ausstellung-768x427.jpg 768w, https:\/\/jewsineastprussia.de\/wp-content\/uploads\/2018\/06\/Betrachter-Ausstellung.jpg 1000w\" sizes=\"(max-width: 300px) 100vw, 300px\" \/><\/p>\n<p>Besucher der Ausstellungser\u00f6ffnung am 9. November 2017 in Kaliningrad.<\/p>\n<p>Link zum\u00a0<a href=\"http:\/\/jewsineastprussia.de\/jews-in-koenigsberg-catalogue-of-the-exhibition\/?lang=de\">Ausstellungskatalog &gt;&gt;<\/a><\/p>\n","protected":false},"excerpt":{"rendered":"<p>2017 Kaliningrad (K\u00f6nigsberg) \/ Russland Ausstellung \u201eK\u00f6nigsberger Juden um die Wende zum 20. Jahrhundert\u201c, Kaliningrader\u00a0Museum f\u00fcr Geschichte und Kunst (in der fr\u00fcheren Stadthalle) vom 9. November bis 10. Dezember 2017. Link\u00a0zum Katalog der Ausstellung &gt;&gt; Die Ausstellung informiert mit zahlreichen Dokumenten und Photos \u00fcber die Aktivit\u00e4ten von j\u00fcdischen K\u00f6nigsbergern in Wirtschaft, Wissenschaft (Universit\u00e4t), Gesundheitswesen, Stadtgestaltung, [&hellip;]<\/p>\n","protected":false},"author":1,"featured_media":0,"parent":0,"menu_order":0,"comment_status":"closed","ping_status":"closed","template":"","meta":{"footnotes":""},"categories":[],"class_list":["post-1106","page","type-page","status-publish","hentry","entry"],"_links":{"self":[{"href":"https:\/\/jewsineastprussia.de\/de\/wp-json\/wp\/v2\/pages\/1106","targetHints":{"allow":["GET"]}}],"collection":[{"href":"https:\/\/jewsineastprussia.de\/de\/wp-json\/wp\/v2\/pages"}],"about":[{"href":"https:\/\/jewsineastprussia.de\/de\/wp-json\/wp\/v2\/types\/page"}],"author":[{"embeddable":true,"href":"https:\/\/jewsineastprussia.de\/de\/wp-json\/wp\/v2\/users\/1"}],"replies":[{"embeddable":true,"href":"https:\/\/jewsineastprussia.de\/de\/wp-json\/wp\/v2\/comments?post=1106"}],"version-history":[{"count":12,"href":"https:\/\/jewsineastprussia.de\/de\/wp-json\/wp\/v2\/pages\/1106\/revisions"}],"predecessor-version":[{"id":3377,"href":"https:\/\/jewsineastprussia.de\/de\/wp-json\/wp\/v2\/pages\/1106\/revisions\/3377"}],"wp:attachment":[{"href":"https:\/\/jewsineastprussia.de\/de\/wp-json\/wp\/v2\/media?parent=1106"}],"wp:term":[{"taxonomy":"category","embeddable":true,"href":"https:\/\/jewsineastprussia.de\/de\/wp-json\/wp\/v2\/categories?post=1106"}],"curies":[{"name":"wp","href":"https:\/\/api.w.org\/{rel}","templated":true}]}}