{"id":1110,"date":"2018-04-19T22:07:10","date_gmt":"2018-04-19T21:07:10","guid":{"rendered":"http:\/\/jewsineastprussia.de\/impressum\/"},"modified":"2025-10-23T22:55:31","modified_gmt":"2025-10-23T20:55:31","slug":"impressum","status":"publish","type":"page","link":"https:\/\/jewsineastprussia.de\/de\/impressum\/","title":{"rendered":"Impressum"},"content":{"rendered":"\n<p>Juden in Ostpreussen.<br>Verein zur Geschichte und Kultur e.V.<br>Postkasten 48<br>Friedrichstr. 95<br>10117 Berlin<br>Deutschland<\/p>\n\n\n\n<p>Wir sind auch in Klaipeda \/ Litauen vertreten<br>Tel und WhatsApp<br>+370 62240686<br>Litauen<\/p>\n\n\n\n<p>Verantwortlich im Sinne des Presserechts<br>Vorsitzende Prof. Dr. Ruth Leiserowitz<\/p>\n\n\n\n<p>E-Mail\u00a0<a href=\"mailto:info@judeninostpreussen.de\">info@judeninostpreussen.de<\/a><br><br>Facebook (English international)\u00a0\u00a0<a href=\"http:\/\/www.facebook.com\/Jewsineastprussia\">www.facebook.com\/Jewsineastprussia<\/a><br>Facebook (Deutsch) <a href=\"http:\/\/www.facebook.com\/Judeninostpreussen\" target=\"_blank\" rel=\"noopener noreferrer\">www.facebook.com\/Judeninostpreussen<\/a><br>Facebook (Polnisch) <a href=\"https:\/\/www.facebook.com\/Zydziwprusachwschodnich\/\" target=\"_blank\" rel=\"noopener\">https:\/\/www.facebook.com\/Zydziwprusachwschodnich\/<\/a><br>Facebook (Russisch) <a href=\"http:\/\/www.facebook.com\/evrejvvostochnejprusii\" target=\"_blank\" rel=\"noopener noreferrer\">www.facebook.com\/evrejvvostochnejprusii<\/a><\/p>\n\n\n\n<p>Amtsgericht Charlottenburg<br>Reg. Nr.&nbsp; 24883 Nz<\/p>\n\n\n\n<p>Wir sind wegen F\u00f6rderung gemeinn\u00fctziger Zwecke insbesondere der F\u00f6rderung kultuereller Zwecke durch Bescheinigung des Finanzamtes f\u00fcr K\u00f6rperschaften I Berlin, Steuernummer 27\/669\/53052, nach \u00a7 5 Abs- 1 Nr. 9 des K\u00f6rperschaftssteuergesetzes von der K\u00f6rperschaftssteuer befreit.<\/p>\n\n\n\n<p>Letzter Freistellungsbescheid v. 24.06.2024 (wirksam bis 2029). Wir sind berechtigt f\u00fcr Spenden Zuwendungsbest\u00e4tigungen auszustellen.<\/p>\n\n\n\n<p>Auf Anfrage teilen wir die Bankverbindung des Vereins mit.<\/p>\n\n\n\n<p><a href=\"https:\/\/jewsineastprussia.de\/de\/donations-for-the-association-jews-in-east-prussia\/\">Link zur Spendenseite des Vereins &gt;&gt;<\/a><\/p>\n","protected":false},"excerpt":{"rendered":"<p>Juden in Ostpreussen.Verein zur Geschichte und Kultur e.V.Postkasten 48Friedrichstr. 9510117 BerlinDeutschland Wir sind auch in Klaipeda \/ Litauen vertretenTel und WhatsApp+370 62240686Litauen Verantwortlich im Sinne des PresserechtsVorsitzende Prof. Dr. Ruth Leiserowitz E-Mail\u00a0info@judeninostpreussen.de Facebook (English international)\u00a0\u00a0www.facebook.com\/JewsineastprussiaFacebook (Deutsch) www.facebook.com\/JudeninostpreussenFacebook (Polnisch) https:\/\/www.facebook.com\/Zydziwprusachwschodnich\/Facebook (Russisch) www.facebook.com\/evrejvvostochnejprusii Amtsgericht CharlottenburgReg. Nr.&nbsp; 24883 Nz Wir sind wegen F\u00f6rderung gemeinn\u00fctziger Zwecke insbesondere der F\u00f6rderung [&hellip;]<\/p>\n","protected":false},"author":1,"featured_media":0,"parent":0,"menu_order":0,"comment_status":"closed","ping_status":"closed","template":"","meta":{"footnotes":""},"categories":[88],"class_list":["post-1110","page","type-page","status-publish","hentry","category-vereinsnachrichten","entry"],"_links":{"self":[{"href":"https:\/\/jewsineastprussia.de\/de\/wp-json\/wp\/v2\/pages\/1110","targetHints":{"allow":["GET"]}}],"collection":[{"href":"https:\/\/jewsineastprussia.de\/de\/wp-json\/wp\/v2\/pages"}],"about":[{"href":"https:\/\/jewsineastprussia.de\/de\/wp-json\/wp\/v2\/types\/page"}],"author":[{"embeddable":true,"href":"https:\/\/jewsineastprussia.de\/de\/wp-json\/wp\/v2\/users\/1"}],"replies":[{"embeddable":true,"href":"https:\/\/jewsineastprussia.de\/de\/wp-json\/wp\/v2\/comments?post=1110"}],"version-history":[{"count":14,"href":"https:\/\/jewsineastprussia.de\/de\/wp-json\/wp\/v2\/pages\/1110\/revisions"}],"predecessor-version":[{"id":12570,"href":"https:\/\/jewsineastprussia.de\/de\/wp-json\/wp\/v2\/pages\/1110\/revisions\/12570"}],"wp:attachment":[{"href":"https:\/\/jewsineastprussia.de\/de\/wp-json\/wp\/v2\/media?parent=1110"}],"wp:term":[{"taxonomy":"category","embeddable":true,"href":"https:\/\/jewsineastprussia.de\/de\/wp-json\/wp\/v2\/categories?post=1110"}],"curies":[{"name":"wp","href":"https:\/\/api.w.org\/{rel}","templated":true}]}}