{"id":11177,"date":"2020-04-03T00:45:49","date_gmt":"2020-04-02T22:45:49","guid":{"rendered":"https:\/\/jewsineastprussia.de\/cemetery-orneta-wormditt\/"},"modified":"2023-09-17T23:34:04","modified_gmt":"2023-09-17T21:34:04","slug":"cemetery-orneta-wormditt","status":"publish","type":"page","link":"https:\/\/jewsineastprussia.de\/de\/cemetery-orneta-wormditt\/","title":{"rendered":"Friedhof Orneta &#8211; Wormditt"},"content":{"rendered":"\n<p>Serie Kooperation 2020 mit polnischen Webseiten zu j\u00fcdischen Friedh\u00f6fen<\/p>\n\n\n<div class=\"wp-block-image size-full wp-image-5754\">\n<figure class=\"aligncenter is-resized\"><img fetchpriority=\"high\" decoding=\"async\" src=\"https:\/\/jewsineastprussia.de\/wp-content\/uploads\/2020\/04\/Wormditt-Fassade.jpg\" alt=\"Detail in Wormditt\" class=\"wp-image-5754\" width=\"840\" height=\"390\" srcset=\"https:\/\/jewsineastprussia.de\/wp-content\/uploads\/2020\/04\/Wormditt-Fassade.jpg 920w, https:\/\/jewsineastprussia.de\/wp-content\/uploads\/2020\/04\/Wormditt-Fassade-300x140.jpg 300w, https:\/\/jewsineastprussia.de\/wp-content\/uploads\/2020\/04\/Wormditt-Fassade-768x357.jpg 768w\" sizes=\"(max-width: 840px) 100vw, 840px\" \/><figcaption class=\"wp-element-caption\">Fassade in Wormditt<\/figcaption><\/figure>\n<\/div>\n\n\n<div class=\"wp-block-columns is-layout-flex wp-container-core-columns-is-layout-9d6595d7 wp-block-columns-is-layout-flex\">\n<div class=\"wp-block-column is-layout-flow wp-block-column-is-layout-flow\" style=\"flex-basis:33.33%\">\n<figure class=\"wp-block-image size-full is-resized\"><img decoding=\"async\" src=\"https:\/\/jewsineastprussia.de\/wp-content\/uploads\/2020\/04\/Wormditt-Altstadt-Geschaefte.jpg\" alt=\"Wormditt Old City\" class=\"wp-image-5756\" width=\"271\" height=\"147\" srcset=\"https:\/\/jewsineastprussia.de\/wp-content\/uploads\/2020\/04\/Wormditt-Altstadt-Geschaefte.jpg 1024w, https:\/\/jewsineastprussia.de\/wp-content\/uploads\/2020\/04\/Wormditt-Altstadt-Geschaefte-300x163.jpg 300w, https:\/\/jewsineastprussia.de\/wp-content\/uploads\/2020\/04\/Wormditt-Altstadt-Geschaefte-768x417.jpg 768w\" sizes=\"(max-width: 271px) 100vw, 271px\" \/><\/figure>\n<\/div>\n\n\n\n<div class=\"wp-block-column is-layout-flow wp-block-column-is-layout-flow\" style=\"flex-basis:66.66%\">\n<p>Die Geschichte der Juden von Wormditt ist l\u00e4sst einige Fragen offen. Obwohl diese Stadt im 2. Weltkrieg vor gro\u00dfen Zerst\u00f6rungen verschont blieb, wirkt die Stadt zur\u00fcckgebliebener als andere vergleichbare Orte im heute polnischen Teil Ostpreussens. 1925 ver\u00f6ffentlichte der Elbinger Rabbiner einen Reisef\u00fchrer zu j\u00fcdischen Gemeinden in Ostpreussen (Mit j\u00fcdischen Augen durch deutsche Lande) und erw\u00e4hnt darin auch einzelne D\u00f6rfer und \u00f6rtliche Ansprechartner. Aber der Ort Wormditt wird darin nicht erw\u00e4hnt.<\/p>\n<\/div>\n<\/div>\n\n\n\n<div class=\"wp-block-columns is-layout-flex wp-container-core-columns-is-layout-9d6595d7 wp-block-columns-is-layout-flex\">\n<div class=\"wp-block-column is-layout-flow wp-block-column-is-layout-flow\" style=\"flex-basis:33.33%\">\n<figure class=\"wp-block-image size-full\"><img decoding=\"async\" width=\"1024\" height=\"631\" src=\"https:\/\/jewsineastprussia.de\/wp-content\/uploads\/2020\/04\/Wormditt-Altstadt-Rand.jpg\" alt=\"Houses in Wormditt\" class=\"wp-image-5758\" srcset=\"https:\/\/jewsineastprussia.de\/wp-content\/uploads\/2020\/04\/Wormditt-Altstadt-Rand.jpg 1024w, https:\/\/jewsineastprussia.de\/wp-content\/uploads\/2020\/04\/Wormditt-Altstadt-Rand-300x185.jpg 300w, https:\/\/jewsineastprussia.de\/wp-content\/uploads\/2020\/04\/Wormditt-Altstadt-Rand-768x473.jpg 768w\" sizes=\"(max-width: 1024px) 100vw, 1024px\" \/><\/figure>\n<\/div>\n\n\n\n<div class=\"wp-block-column is-layout-flow wp-block-column-is-layout-flow\" style=\"flex-basis:66.66%\">\n<p>Schon sehr fr\u00fch im 18. Jh. gab es hier einzelne Juden. Ein Friedhof, den man heute noch gut Nordwestlich der Innenstadt auf einem H\u00fcgel gut erkennen kann, besteht schon seit 1806. Eine J\u00fcdische Gemeinde gibt es ab 1849 und um 1871 gab es mit 174 Personen die meisten j\u00fcdischen Einwohner, danach ging die Anzahl, wie in vielen ostpreussischen St\u00e4dten, langsam zur\u00fcck.<\/p>\n<\/div>\n<\/div>\n\n\n\n<div class=\"wp-block-columns is-layout-flex wp-container-core-columns-is-layout-9d6595d7 wp-block-columns-is-layout-flex\">\n<div class=\"wp-block-column is-layout-flow wp-block-column-is-layout-flow\" style=\"flex-basis:33.33%\">\n<figure class=\"wp-block-image size-large is-resized\"><img loading=\"lazy\" decoding=\"async\" src=\"https:\/\/jewsineastprussia.de\/wp-content\/uploads\/2020\/04\/Wormditt-Stempel6-1024x756.jpg\" alt=\"Stamp Jewish Congregation\" class=\"wp-image-5760\" width=\"243\" height=\"179\" srcset=\"https:\/\/jewsineastprussia.de\/wp-content\/uploads\/2020\/04\/Wormditt-Stempel6-1024x756.jpg 1024w, https:\/\/jewsineastprussia.de\/wp-content\/uploads\/2020\/04\/Wormditt-Stempel6-300x221.jpg 300w, https:\/\/jewsineastprussia.de\/wp-content\/uploads\/2020\/04\/Wormditt-Stempel6-768x567.jpg 768w, https:\/\/jewsineastprussia.de\/wp-content\/uploads\/2020\/04\/Wormditt-Stempel6-1536x1133.jpg 1536w, https:\/\/jewsineastprussia.de\/wp-content\/uploads\/2020\/04\/Wormditt-Stempel6.jpg 1846w\" sizes=\"(max-width: 243px) 100vw, 243px\" \/><\/figure>\n<\/div>\n\n\n\n<div class=\"wp-block-column is-layout-flow wp-block-column-is-layout-flow\" style=\"flex-basis:66.66%\">\n<p>Es gab Mal eine Synagoge in der Altstadt. Es hei\u00dft, dass Synagoge und Friedhof in der Pogromnacht im November 1938 zerst\u00f6rt worden seien. Heute sieht man auf dem Gel\u00e4nde des Friedhofs (Piaskowa 32) noch die Zufahrt, Reste einer Einfassungsmauer und wenige Grabsteinsockel. Man m\u00fcsste in den Archiven und in den Erz\u00e4hlungen nach weiteren Details suchen.<\/p>\n<\/div>\n<\/div>\n\n\n\n<div class=\"wp-block-columns is-layout-flex wp-container-core-columns-is-layout-9d6595d7 wp-block-columns-is-layout-flex\">\n<div class=\"wp-block-column is-layout-flow wp-block-column-is-layout-flow\">\n<figure class=\"wp-block-image size-full\"><img loading=\"lazy\" decoding=\"async\" width=\"390\" height=\"269\" src=\"https:\/\/jewsineastprussia.de\/wp-content\/uploads\/2023\/09\/Synagoge-Wormditt-Altst.jpg\" alt=\"\" class=\"wp-image-11170\" srcset=\"https:\/\/jewsineastprussia.de\/wp-content\/uploads\/2023\/09\/Synagoge-Wormditt-Altst.jpg 390w, https:\/\/jewsineastprussia.de\/wp-content\/uploads\/2023\/09\/Synagoge-Wormditt-Altst-300x207.jpg 300w\" sizes=\"(max-width: 390px) 100vw, 390px\" \/><\/figure>\n<\/div>\n\n\n\n<div class=\"wp-block-column is-layout-flow wp-block-column-is-layout-flow\">\n<figure class=\"wp-block-image size-full\"><img loading=\"lazy\" decoding=\"async\" width=\"895\" height=\"770\" src=\"https:\/\/jewsineastprussia.de\/wp-content\/uploads\/2023\/09\/Wormditt_Synagoge_Detail.jpg\" alt=\"\" class=\"wp-image-11172\" srcset=\"https:\/\/jewsineastprussia.de\/wp-content\/uploads\/2023\/09\/Wormditt_Synagoge_Detail.jpg 895w, https:\/\/jewsineastprussia.de\/wp-content\/uploads\/2023\/09\/Wormditt_Synagoge_Detail-300x258.jpg 300w, https:\/\/jewsineastprussia.de\/wp-content\/uploads\/2023\/09\/Wormditt_Synagoge_Detail-768x661.jpg 768w\" sizes=\"(max-width: 895px) 100vw, 895px\" \/><figcaption class=\"wp-element-caption\">Buchholz Franz. 1912.&nbsp;<em>Aus Sechs Jahrhunderten: Bilder Aus Wormditts Vergangenheit<\/em>. Wormditt: Kommissionsverlag von A. Dargel Nachf. Inh. Fr. Majewski<\/figcaption><\/figure>\n<\/div>\n<\/div>\n\n\n\n<p><\/p>\n\n\n<div class=\"wp-block-image\">\n<figure class=\"aligncenter\"><img loading=\"lazy\" decoding=\"async\" width=\"1024\" height=\"237\" src=\"https:\/\/jewsineastprussia.de\/wp-content\/uploads\/2020\/04\/Kollage-Friedhof.jpg\" alt=\"Friedhof Wormditt J\u00fcdisch\" class=\"wp-image-5767\" srcset=\"https:\/\/jewsineastprussia.de\/wp-content\/uploads\/2020\/04\/Kollage-Friedhof.jpg 1024w, https:\/\/jewsineastprussia.de\/wp-content\/uploads\/2020\/04\/Kollage-Friedhof-300x69.jpg 300w, https:\/\/jewsineastprussia.de\/wp-content\/uploads\/2020\/04\/Kollage-Friedhof-768x178.jpg 768w\" sizes=\"(max-width: 1024px) 100vw, 1024px\" \/><\/figure>\n<\/div>\n\n\n<p><strong>Quellen dieser Webseite:<\/strong><\/p>\n\n\n\n<ul class=\"wp-block-list\">\n<li>Beschreibung der j\u00fcdischen Gottesh\u00e4user und Friedh\u00f6fe innerhalb der Grenzen der heutigen Verwaltungsregion Ermland-Masuren (auf Polnisch). Seweryn Szczepa\u0144ski, Rocznik Ziem Zachodnich\u00a0<a rel=\"noopener noreferrer\" href=\"https:\/\/doi.org\/10.26774\/rzz.165\" target=\"_blank\">01\/2017 (Yearbook of the Western Lands) >><\/a><\/li>\n\n\n\n<li>Artikel \u00fcber Friedhof von\u00a0<a rel=\"noopener noreferrer\" href=\"https:\/\/sztetl.org.pl\/pl\/miejscowosci\/o\/544-orneta\/114-cmentarze\/26349-cmentarz-zydowski-w-ornecie-ul-piaskowa\" target=\"_blank\">Webpage Wirtualny Sztetl Polin Museum >><\/a><\/li>\n\n\n\n<li>Eigener Besuch in den Jahren 2018 und 2022<\/li>\n<\/ul>\n\n\n\n<p>Erg\u00e4nzung: Namensliste von Juden in Wormditt 1838 (Geheimes Staatsarchiv Berlin) <a rel=\"noopener noreferrer\" href=\"https:\/\/jewsineastprussia.de\/wp-content\/uploads\/2018\/11\/Wormditt-2.pdf\" target=\"_blank\">Wormditt-2 >><\/a><\/p>\n\n\n<div class=\"wp-block-image\">\n<figure class=\"alignleft\"><img loading=\"lazy\" decoding=\"async\" width=\"223\" height=\"148\" src=\"https:\/\/jewsineastprussia.de\/wp-content\/uploads\/2020\/02\/Cmentarz-Zyd-logo.jpg\" alt=\"Logo\" class=\"wp-image-5172\"\/><\/figure>\n<\/div>\n\n\n<p>Serie Kooperation 2020 mit polnischen Webseiten zu j\u00fcdischen Friedh\u00f6fen<br><\/p>\n","protected":false},"excerpt":{"rendered":"<p>Serie Kooperation 2020 mit polnischen Webseiten zu j\u00fcdischen Friedh\u00f6fen Die Geschichte der Juden von Wormditt ist l\u00e4sst einige Fragen offen. Obwohl diese Stadt im 2. Weltkrieg vor gro\u00dfen Zerst\u00f6rungen verschont blieb, wirkt die Stadt zur\u00fcckgebliebener als andere vergleichbare Orte im heute polnischen Teil Ostpreussens. 1925 ver\u00f6ffentlichte der Elbinger Rabbiner einen Reisef\u00fchrer zu j\u00fcdischen Gemeinden in [&hellip;]<\/p>\n","protected":false},"author":1,"featured_media":0,"parent":0,"menu_order":0,"comment_status":"closed","ping_status":"closed","template":"","meta":{"footnotes":""},"categories":[73],"class_list":["post-11177","page","type-page","status-publish","hentry","category-polen","entry"],"_links":{"self":[{"href":"https:\/\/jewsineastprussia.de\/de\/wp-json\/wp\/v2\/pages\/11177","targetHints":{"allow":["GET"]}}],"collection":[{"href":"https:\/\/jewsineastprussia.de\/de\/wp-json\/wp\/v2\/pages"}],"about":[{"href":"https:\/\/jewsineastprussia.de\/de\/wp-json\/wp\/v2\/types\/page"}],"author":[{"embeddable":true,"href":"https:\/\/jewsineastprussia.de\/de\/wp-json\/wp\/v2\/users\/1"}],"replies":[{"embeddable":true,"href":"https:\/\/jewsineastprussia.de\/de\/wp-json\/wp\/v2\/comments?post=11177"}],"version-history":[{"count":4,"href":"https:\/\/jewsineastprussia.de\/de\/wp-json\/wp\/v2\/pages\/11177\/revisions"}],"predecessor-version":[{"id":11184,"href":"https:\/\/jewsineastprussia.de\/de\/wp-json\/wp\/v2\/pages\/11177\/revisions\/11184"}],"wp:attachment":[{"href":"https:\/\/jewsineastprussia.de\/de\/wp-json\/wp\/v2\/media?parent=11177"}],"wp:term":[{"taxonomy":"category","embeddable":true,"href":"https:\/\/jewsineastprussia.de\/de\/wp-json\/wp\/v2\/categories?post=11177"}],"curies":[{"name":"wp","href":"https:\/\/api.w.org\/{rel}","templated":true}]}}