{"id":1120,"date":"2018-05-23T15:01:19","date_gmt":"2018-05-23T14:01:19","guid":{"rendered":"http:\/\/jewsineastprussia.de\/jews-in-koenigsberg-catalogue-of-the-exhibition\/"},"modified":"2023-02-07T20:42:38","modified_gmt":"2023-02-07T19:42:38","slug":"jews-in-koenigsberg-catalogue-of-the-exhibition","status":"publish","type":"page","link":"https:\/\/jewsineastprussia.de\/de\/jews-in-koenigsberg-catalogue-of-the-exhibition\/","title":{"rendered":"Juden in K\u00f6nigsberg &#8211; Katalog"},"content":{"rendered":"\n<h4 class=\"has-black-color has-text-color wp-block-heading\">Besuchen Sie die Ausstellung <strong>\u201eK\u00f6nigsberger Juden um die Wende zum 20. Jahrhundert\u201c<\/strong> von 2017 jetzt online! Erfahren mehr von den wenig bekannten Aspekten des Lebens im K\u00f6nigsberg um die Jahrhundertwende.<br><a rel=\"noreferrer noopener\" href=\"https:\/\/jewsineastprussia.de\/de\/the-jews-of-konigsberg-at-the-turn-of-the-20th-century\/\" target=\"_blank\">Link zur Online-Ausstellung &gt;&gt;<\/a><\/h4>\n\n\n\n<figure class=\"wp-block-image size-full is-resized\"><img fetchpriority=\"high\" decoding=\"async\" src=\"https:\/\/jewsineastprussia.de\/wp-content\/uploads\/2020\/04\/Cover-OK.jpg\" alt=\"Jews in K\u00f6nigsberg\" class=\"wp-image-5825\" width=\"594\" height=\"496\" srcset=\"https:\/\/jewsineastprussia.de\/wp-content\/uploads\/2020\/04\/Cover-OK.jpg 792w, https:\/\/jewsineastprussia.de\/wp-content\/uploads\/2020\/04\/Cover-OK-300x250.jpg 300w, https:\/\/jewsineastprussia.de\/wp-content\/uploads\/2020\/04\/Cover-OK-768x641.jpg 768w\" sizes=\"(max-width: 594px) 100vw, 594px\" \/><\/figure>\n\n\n\n<div style=\"height:20px\" aria-hidden=\"true\" class=\"wp-block-spacer\"><\/div>\n\n\n<div class=\"wp-block-image\">\n<figure class=\"alignleft\"><img decoding=\"async\" src=\"http:\/\/jewsineastprussia.de\/wp-content\/uploads\/2018\/05\/Kat-Vorschau2-278x300.png\" alt=\"\"\/><\/figure>\n<\/div>\n\n\n<p><br><strong>Der Katalog mit dem kompletten Inhalt der Ausstellung kann beim Verein bestellt werden<\/strong>.<br>3 farbig, 48 Seiten, DIN A4,<br>ISBN 978-3-00-057974-5<\/p>\n\n\n\n<p>F\u00fcr eine Spende ab 21 EUR an unseren gemeinn\u00fctzigen Verein kann man sich einen Katalog w\u00fcnschen, der dann per Post zugestellt wird.<\/p>\n\n\n\n<p>Bestellung f\u00fcr Jews of K\u00f6nigsberg at the turn of the 20th Century bitte an:  <a href=\"mailto:katalog2017@judeninostpreussen.de\">katalog2017@judeninostpreussen.de<\/a><\/p>\n\n\n\n<p><a href=\"https:\/\/jewsineastprussia.de\/de\/donations-for-the-association-jews-in-east-prussia\/\">Link zur Spendenseite &gt;&gt;<\/a><\/p>\n\n\n\n<p>Der Katalog behandelt verschiedene Themen zum Ende des 19. Jahrhunderts, wie Lebenstile, das Familienleben, Zuzug neuer j\u00fcdischer B\u00fcrger, Wirtschaft, Wohlt\u00e4tigkeit, Gesundheitstourismus, Zionismus, Studentenleben, Sommerfrische in Cranz und er enth\u00e4lt viele Einzelheiten zur damaligen Synagoge. Vom 9. bis 10. November 2017 fand die Ausstellung im heutigen Geschichts- und Kunstmuseum der Region Kaliningrad im Geb\u00e4ude der ehemaligen &#8222;Stadthalle&#8220; statt.<\/p>\n\n\n\n<figure class=\"wp-block-image\"><img decoding=\"async\" src=\"http:\/\/jewsineastprussia.de\/wp-content\/uploads\/2018\/05\/Kollage1-300x199.jpg\" alt=\"\"\/><\/figure>\n\n\n\n<p>Der englisch-russischsprachige Ausstellungskatalogs wird per Post (nach Spendeneingang) zugeschickt. Der Katalog enth\u00e4lt weitere Information zum Thema und ist so geschrieben, dass er sich auch gut als Leselekt\u00fcre eignet. (3 Farben, 48 Seiten, DIN A4) ISBN 978-3-00-057974-5<\/p>\n\n\n\n<p>Link zur <a href=\"https:\/\/jewsineastprussia.de\/jews-in-koenigsberg-exhibition\/?lang=de\">Ausstellung Juden in K\u00f6nigsberg &gt;&gt;<\/a><\/p>\n","protected":false},"excerpt":{"rendered":"<p>Besuchen Sie die Ausstellung \u201eK\u00f6nigsberger Juden um die Wende zum 20. Jahrhundert\u201c von 2017 jetzt online! Erfahren mehr von den wenig bekannten Aspekten des Lebens im K\u00f6nigsberg um die Jahrhundertwende.Link zur Online-Ausstellung &gt;&gt; Der Katalog mit dem kompletten Inhalt der Ausstellung kann beim Verein bestellt werden.3 farbig, 48 Seiten, DIN A4,ISBN 978-3-00-057974-5 F\u00fcr eine Spende [&hellip;]<\/p>\n","protected":false},"author":1,"featured_media":0,"parent":0,"menu_order":0,"comment_status":"closed","ping_status":"closed","template":"","meta":{"footnotes":""},"categories":[25],"class_list":["post-1120","page","type-page","status-publish","hentry","category-unkategorisiert","entry"],"_links":{"self":[{"href":"https:\/\/jewsineastprussia.de\/de\/wp-json\/wp\/v2\/pages\/1120","targetHints":{"allow":["GET"]}}],"collection":[{"href":"https:\/\/jewsineastprussia.de\/de\/wp-json\/wp\/v2\/pages"}],"about":[{"href":"https:\/\/jewsineastprussia.de\/de\/wp-json\/wp\/v2\/types\/page"}],"author":[{"embeddable":true,"href":"https:\/\/jewsineastprussia.de\/de\/wp-json\/wp\/v2\/users\/1"}],"replies":[{"embeddable":true,"href":"https:\/\/jewsineastprussia.de\/de\/wp-json\/wp\/v2\/comments?post=1120"}],"version-history":[{"count":22,"href":"https:\/\/jewsineastprussia.de\/de\/wp-json\/wp\/v2\/pages\/1120\/revisions"}],"predecessor-version":[{"id":10593,"href":"https:\/\/jewsineastprussia.de\/de\/wp-json\/wp\/v2\/pages\/1120\/revisions\/10593"}],"wp:attachment":[{"href":"https:\/\/jewsineastprussia.de\/de\/wp-json\/wp\/v2\/media?parent=1120"}],"wp:term":[{"taxonomy":"category","embeddable":true,"href":"https:\/\/jewsineastprussia.de\/de\/wp-json\/wp\/v2\/categories?post=1120"}],"curies":[{"name":"wp","href":"https:\/\/api.w.org\/{rel}","templated":true}]}}