{"id":1136,"date":"2018-05-28T00:04:35","date_gmt":"2018-05-27T23:04:35","guid":{"rendered":"http:\/\/jewsineastprussia.de\/other-places-related-to-esat-prussia\/"},"modified":"2026-01-20T02:58:17","modified_gmt":"2026-01-20T01:58:17","slug":"other-places-related-to-esat-prussia","status":"publish","type":"page","link":"https:\/\/jewsineastprussia.de\/de\/other-places-related-to-esat-prussia\/","title":{"rendered":"Andere Orte in Verbindung zu Ostpreussen"},"content":{"rendered":"\n<p>Information \u00fcber Orte au\u00dferhalb Ostpreu\u00dfens, die mit der Geschichte der Juden in Ostpreussen zu tun haben<\/p>\n\n\n\n<h3 class=\"wp-block-heading\">New York<\/h3>\n\n\n<div class=\"wp-block-image\">\n<figure class=\"alignleft\"><img decoding=\"async\" width=\"150\" height=\"150\" src=\"https:\/\/jewsineastprussia.de\/wp-content\/uploads\/2018\/06\/EldrigeSynag-01-150x150.jpg\" alt=\"Elridge Synagogue Museum\" class=\"wp-image-905\"\/><\/figure>\n<\/div>\n\n\n<p><strong>Museum der Eldridge Street Synagoge, New York, Manhatten,<\/strong> Das Museum befindet sich in einer der dynamischsten Gegenden New Yorks &#8211; an der Schnittstelle zwischen Lower East Side und Chinatown. Was uns fasziniert hat, ist das moderne Konzept der Dauerausstellung. Hier werden Geschichten \u00fcber die gemeinsamen Erfahrungen von Auswanderern erz\u00e4hlt, die ihre Heimat verlie\u00dfen, um sich in einer fremden Stadt niederzulassen und die t\u00e4glichen Herausforderungen, die das Leben in der gesch\u00e4ftigen Lower East Side mit sich brachte, anzunehmen. Ein Beispiel ist das Ehepaar Gellis. Er Vorsitzender der j\u00fcdischen Gemeinschaft in der Eldridge Street, Wohlt\u00e4ter, die den Bau von Krankenh\u00e4usern und Mietsh\u00e4usern unterst\u00fctzten. Vor kurzem wurde von einem Nachkommen der Familie Gellis dem Museum ein Foto von Isaac Gellis geschenkt, einem der Gr\u00fcnder der Eldridge Street Synagoge und bekannt als &#8222;K\u00f6nig der koscheren W\u00fcrste von Amerika&#8220;.&nbsp;&nbsp;Wir m\u00f6chten anmerken, dass einige &#8222;Protagonisten&#8220; dieses Museums nicht direkt aus Osteuropa kamen &#8211; sie verbrachten einige Zeit, mitunter sogar mehrere Jahre, in Ostpreu\u00dfen oder anderen deutschen St\u00e4dten, bevor sie nach Amerika weiter zogen. In Zukunft sollte diese wenig bekannte Tatsache in die Geschichte (und Erinnerung) von St\u00e4dten wie Klaipeda und Hamburg aufgenommen werden. (Stand 2018)<br><a href=\"https:\/\/www.eldridgestreet.org\/history\/isaac-and-sarah-gellis-a-couple-who-made-their-mark-on-the-lower-east-side\/\" target=\"_blank\" rel=\"noopener noreferrer\">Link:&nbsp;&nbsp;Gilles aus Memel \/ Klaipeda (ehemalig Memel, Ostpreu\u00dfen) &gt;&gt;<\/a><\/p>\n\n\n\n<p>Link zur <a href=\"https:\/\/www.eldridgestreet.org\/\" target=\"_blank\" rel=\"noopener noreferrer\">Webseite des Museums Elridgestreet.org &gt;&gt;<\/a>.<\/p>\n\n\n\n<h2 class=\"wp-block-heading\">Westpreussen<\/h2>\n\n\n\n<p>Westpreussen &#8211; <a href=\"https:\/\/jewsineastprussia.de\/de\/travels-to-the-sources-2020\/\">Bericht \u00fcber Exkursionen durch Ost- und Westpreu\u00dfen in 2020 &gt;&gt;<\/a><\/p>\n\n\n\n<h2 class=\"wp-block-heading\">Polen<\/h2>\n\n\n\n<p>J\u00fcdische Friedh\u00f6fe in Polen, darunter auch im s\u00fcdlichen Ostpreussen<br><a href=\"http:\/\/kirkuty.xip.pl\/fotogalerie.htm\" target=\"_blank\" rel=\"noopener noreferrer\">Link zur Auflistung j\u00fcdischer Friedh\u00f6fe in Polen &gt;&gt;<\/a><\/p>\n\n\n\n<h2 class=\"wp-block-heading\">Lettland<\/h2>\n\n\n\n<h3 class=\"wp-block-heading\">Riga<\/h3>\n\n\n\n<p>Museum &#8222;Jews in <strong>Latvia<\/strong>&#8220; in <strong>Riga<\/strong>,&nbsp;<a href=\"http:\/\/www.jewishmuseum.lv\/\" target=\"_blank\" rel=\"noopener noreferrer\">http:\/\/www.jewishmuseum.lv\/ &gt;&gt;<\/a><\/p>\n\n\n\n<h2 class=\"wp-block-heading\">Litauen<\/h2>\n\n\n\n<h3 class=\"wp-block-heading\">Garg\u017edai \u2013 Gordz<\/h3>\n\n\n\n<p>Projekt 2026 mit Garg\u017edai Regionalmuseum zu \u00a0<a href=\"https:\/\/jewsineastprussia.de\/de\/jews-of-gargzdai-gordz\/\">Juden in Gargzdai >><\/a><\/p>\n\n\n\n<h3 class=\"wp-block-heading\">\u0160akiai<\/h3>\n\n\n\n<p>Forschung anhand Steuerlisten von 1821, <a href=\"https:\/\/jewsineastprussia.de\/de\/current-research-on-sakiai\/\">Link zum Artikel \u0160akiai &gt;&gt;<\/a><\/p>\n\n\n\n<p>Erste Ergebnisse zu der Auswertung der Steuerlisten <a href=\"http:\/\/jewsineastprussia.de\/de\/wood-tar-from-sakiai\/\">Getreide und Holzteer &gt;&gt;<\/a><\/p>\n\n\n\n<h3 class=\"wp-block-heading\">Sveksna<\/h3>\n\n\n\n<p>Esther (Herschman) Rechtschafner, &#8222;<strong>Sveksna<\/strong> Our Town&#8220;, mit Fakten \u00fcber die Arbeitslager in Heydekrug und \u00fcber den Prozess dar\u00fcber in West-Deutschland.<br>Link zum sehr ausf\u00fchrlichen Artikel (engl.)&nbsp;<a href=\"https:\/\/www.litvaksig.org\/information-and-tools\/online-journal\/sveksna-our-town\" target=\"_blank\" rel=\"noopener noreferrer\">\u00fcber Sveksna, ein Schtetl nahe der Grenze zu Ostpreussen &gt;&gt;<\/a><\/p>\n\n\n\n<p>Buch \u00fcber die <a href=\"https:\/\/jewsineastprussia.de\/jewish-community-of-sveksna\/?lang=de\">Geschichte der Juden von \u0160v\u0117k\u0161na vom 17. bis 20. Jahrhundert &gt;&gt;<\/a><\/p>\n\n\n\n<h3 class=\"wp-block-heading\">Vilkaviskis<\/h3>\n\n\n\n<p>Eine Kleinstadt im s\u00fcdlichen Litauen, dessen J\u00fcdische Gemeinde mit den j\u00fcdischen Gemeinden Ostpreu\u00dfens viele Kontakte unterhielt.<br>Webseite erstellt von Ralph Salinger, Kibbutz Kfar Ruppin, Israel<br><a href=\"http:\/\/www.jewishvilkaviskis.org\/index.html\" target=\"_blank\" rel=\"noopener noreferrer\">Link zur Webseite jewishvilkaviskis.org &gt;&gt;<\/a><\/p>\n\n\n\n<p>Ralph Salingers Blog in Englisch zu<br><a href=\"https:\/\/salingerblog.wordpress.com\/\" target=\"_blank\" rel=\"noopener noreferrer\">&#8222;Jewish Vilkaviskis, Discovering and preserving the past&#8220; &gt;&gt;<\/a><\/p>\n\n\n\n<h3 class=\"wp-block-heading\">Vistytis<\/h3>\n\n\n\n<p>Grenzort, ehemaliges Litvakisches Shtetl, der heute in Litauen liegt&nbsp; (davor im Russischen Imperium bzw. auch in der Sowjetunion). Heute an der Grenze zu Kaliningrad Oblast, Russland, fr\u00fcher zu&nbsp; Ostpreussen (Deutschland), wichtiger Herkunftsort j\u00fcdischer Ostpreussen, bzw. auch anderer Auswanderer.<\/p>\n\n\n\n<p>Vistytis \/ Wysztyten \/ Wischtiten \u2013 <a rel=\"noreferrer noopener\" href=\"https:\/\/jewsineastprussia.de\/de\/summer-camp-in-vistytis-lithuania-2019\/\" target=\"_blank\">Sommerlager 2019 Kurzvideo &gt;&gt;<\/a><br>Vistytis \/ Wysztyten \/ Wischtiten \u2013 (ENG) <a rel=\"noopener noreferrer\" href=\"https:\/\/jewsineastprussia.de\/wp-content\/uploads\/2018\/11\/Vistytis_Trader.pdf\" target=\"_blank\">Essay about short distance migration of traders&nbsp;&gt;&gt;<\/a><br>Vistytis \/ Wysztyten \/ Wischtiten \u2013&nbsp;<a href=\"https:\/\/jewsineastprussia.de\/vistytis-names-collection-from-german-archives\/?lang=de\">People in East Prussia from this border town &gt;&gt;<\/a><br>Vistytis \/ Vishtinetz \u2013 \u201eAuf nach Vishtinetz\u201c <a rel=\"noopener noreferrer\" href=\"http:\/\/howard.sandys.ca\/03.html\" target=\"_blank\">Howard Sandys Reisebericht 2005 (Eng.) &gt;&gt;<\/a><\/p>\n\n\n\n<figure class=\"wp-block-embed is-type-wp-embed is-provider-jews-in-east-prussia wp-block-embed-jews-in-east-prussia\"><div class=\"wp-block-embed__wrapper\">\n<div class=\"oceanwp-oembed-wrap clr\"><blockquote class=\"wp-embedded-content\" data-secret=\"FZA6jdbRML\"><a href=\"https:\/\/jewsineastprussia.de\/de\/vistytis-oldest-map-discoverd\/\">Vi\u0161tytis &#8211; \u00e4lteste Karte gefunden<\/a><\/blockquote><iframe class=\"wp-embedded-content\" sandbox=\"allow-scripts\" security=\"restricted\" style=\"position: absolute; visibility: hidden;\" title=\"&#8220;Vi\u0161tytis &#8211; \u00e4lteste Karte gefunden&#8221; &#8212; Jews in East Prussia\" src=\"https:\/\/jewsineastprussia.de\/de\/vistytis-oldest-map-discoverd\/embed\/#?secret=taWmmUFh3W#?secret=FZA6jdbRML\" data-secret=\"FZA6jdbRML\" width=\"600\" height=\"338\" frameborder=\"0\" marginwidth=\"0\" marginheight=\"0\" scrolling=\"no\"><\/iframe><\/div>\n<\/div><\/figure>\n\n\n\n<h3 class=\"wp-block-heading\">\u017demai\u010di\u0173 Naumiestis &#8211; Litauen<\/h3>\n\n\n\n<p>\u017demai\u010di\u0173 Naumiestis &#8211; <a href=\"https:\/\/jewsineastprussia.de\/de\/synagogue-of-zemaiciu-naumiestis\/\">Synagoge OKT 2020 &gt;&gt;<\/a><\/p>\n","protected":false},"excerpt":{"rendered":"<p>Information \u00fcber Orte au\u00dferhalb Ostpreu\u00dfens, die mit der Geschichte der Juden in Ostpreussen zu tun haben New York Museum der Eldridge Street Synagoge, New York, Manhatten, Das Museum befindet sich in einer der dynamischsten Gegenden New Yorks &#8211; an der Schnittstelle zwischen Lower East Side und Chinatown. Was uns fasziniert hat, ist das moderne Konzept [&hellip;]<\/p>\n","protected":false},"author":1,"featured_media":0,"parent":0,"menu_order":0,"comment_status":"closed","ping_status":"closed","template":"","meta":{"footnotes":""},"categories":[74,73,149],"class_list":["post-1136","page","type-page","status-publish","hentry","category-litauen","category-polen","category-westpreussen","entry"],"_links":{"self":[{"href":"https:\/\/jewsineastprussia.de\/de\/wp-json\/wp\/v2\/pages\/1136","targetHints":{"allow":["GET"]}}],"collection":[{"href":"https:\/\/jewsineastprussia.de\/de\/wp-json\/wp\/v2\/pages"}],"about":[{"href":"https:\/\/jewsineastprussia.de\/de\/wp-json\/wp\/v2\/types\/page"}],"author":[{"embeddable":true,"href":"https:\/\/jewsineastprussia.de\/de\/wp-json\/wp\/v2\/users\/1"}],"replies":[{"embeddable":true,"href":"https:\/\/jewsineastprussia.de\/de\/wp-json\/wp\/v2\/comments?post=1136"}],"version-history":[{"count":34,"href":"https:\/\/jewsineastprussia.de\/de\/wp-json\/wp\/v2\/pages\/1136\/revisions"}],"predecessor-version":[{"id":12627,"href":"https:\/\/jewsineastprussia.de\/de\/wp-json\/wp\/v2\/pages\/1136\/revisions\/12627"}],"wp:attachment":[{"href":"https:\/\/jewsineastprussia.de\/de\/wp-json\/wp\/v2\/media?parent=1136"}],"wp:term":[{"taxonomy":"category","embeddable":true,"href":"https:\/\/jewsineastprussia.de\/de\/wp-json\/wp\/v2\/categories?post=1136"}],"curies":[{"name":"wp","href":"https:\/\/api.w.org\/{rel}","templated":true}]}}