{"id":1140,"date":"2018-04-19T22:07:37","date_gmt":"2018-04-19T21:07:37","guid":{"rendered":"http:\/\/jewsineastprussia.de\/maps\/"},"modified":"2023-02-01T12:38:15","modified_gmt":"2023-02-01T11:38:15","slug":"maps","status":"publish","type":"page","link":"https:\/\/jewsineastprussia.de\/de\/maps\/","title":{"rendered":"Landkarten"},"content":{"rendered":"\t\t<div data-elementor-type=\"wp-page\" data-elementor-id=\"1140\" class=\"elementor elementor-1140\" data-elementor-post-type=\"page\">\n\t\t\t\t<div class=\"elementor-element elementor-element-5ea1268 e-flex e-con-boxed e-con e-parent\" data-id=\"5ea1268\" data-element_type=\"container\">\n\t\t\t\t\t<div class=\"e-con-inner\">\n\t\t\t\t<div class=\"elementor-element elementor-element-1546550 elementor-widget elementor-widget-html\" data-id=\"1546550\" data-element_type=\"widget\" data-widget_type=\"html.default\">\n\t\t\t\t<div class=\"elementor-widget-container\">\n\t\t\t\t\t<iframe src=\"https:\/\/www.jewish-places.de\/map?term=&filter[partner][0]=Juden%20in%20Ostpreussen&reset=networkpartner\" title=\"map\" height=\"600\"><\/iframe>\t\t\t\t<\/div>\n\t\t\t\t<\/div>\n\t\t\t\t\t<\/div>\n\t\t\t\t<\/div>\n\t\t\t\t<section class=\"elementor-section elementor-top-section elementor-element elementor-element-45f1dbbe elementor-section-boxed elementor-section-height-default elementor-section-height-default\" data-id=\"45f1dbbe\" data-element_type=\"section\">\n\t\t\t\t\t\t<div class=\"elementor-container elementor-column-gap-default\">\n\t\t\t\t\t<div class=\"elementor-column elementor-col-100 elementor-top-column elementor-element elementor-element-5b4c8c71\" data-id=\"5b4c8c71\" data-element_type=\"column\">\n\t\t\t<div class=\"elementor-widget-wrap elementor-element-populated\">\n\t\t\t\t\t\t<div class=\"elementor-element elementor-element-652d0bda elementor-widget elementor-widget-text-editor\" data-id=\"652d0bda\" data-element_type=\"widget\" data-widget_type=\"text-editor.default\">\n\t\t\t\t<div class=\"elementor-widget-container\">\n\t\t\t\t\t\t\t\t\t<h2>Ostpreussen oder Ostpreu\u00dfen<\/h2>\r\nWork in progress &#8211; um die \u00c4nderungen der Nationalen Zugeh\u00f6rigkeiten und die Ver\u00e4nderung der Grenzen aufzuzeigen. Es geht hier immer um Grenzregionen zwischen: Deutschland, Russland, Sowjetunion, Litauen, Westpreussen, Freistaat Danzig, Polen, Memelland, Region Klaipeda.\r\n\r\n&nbsp;\r\n<h3>Vor 1914, J\u00fcdische Gemeinden<\/h3>\r\n<img fetchpriority=\"high\" decoding=\"async\" class=\"alignnone wp-image-2073 size-large\" src=\"https:\/\/jewsineastprussia.de\/wp-content\/uploads\/2018\/10\/ostpreussen-karte-001-889x1024.jpg\" alt=\"Jewish East Prussia before 1914 \" width=\"889\" height=\"1024\" srcset=\"https:\/\/jewsineastprussia.de\/wp-content\/uploads\/2018\/10\/ostpreussen-karte-001-889x1024.jpg 889w, https:\/\/jewsineastprussia.de\/wp-content\/uploads\/2018\/10\/ostpreussen-karte-001-261x300.jpg 261w, https:\/\/jewsineastprussia.de\/wp-content\/uploads\/2018\/10\/ostpreussen-karte-001-768x884.jpg 768w, https:\/\/jewsineastprussia.de\/wp-content\/uploads\/2018\/10\/ostpreussen-karte-001.jpg 1639w\" sizes=\"(max-width: 889px) 100vw, 889px\" \/>\r\n\r\nNach einer Karte von Zenon Hubert Nowak. Quelle: Juden in Ostpreu\u00dfen, Ronny Kabus, Herausgegeben vom Ostpreu\u00dfischen Landesmuseum, L\u00fcneburg, Husum 1998 ISBN 3-88042-888-3\r\n<h3>Grenze Litauen &#8211; Ostpreussen (vor 1923)<\/h3>\r\n<img decoding=\"async\" class=\"alignnone wp-image-2075 size-large\" src=\"https:\/\/jewsineastprussia.de\/wp-content\/uploads\/2018\/10\/Sabbatleuchter-1-1024x1012.jpg\" alt=\"Map Lithuanian East Prussian Border\" width=\"1024\" height=\"1012\" srcset=\"https:\/\/jewsineastprussia.de\/wp-content\/uploads\/2018\/10\/Sabbatleuchter-1-1024x1012.jpg 1024w, https:\/\/jewsineastprussia.de\/wp-content\/uploads\/2018\/10\/Sabbatleuchter-1-300x296.jpg 300w, https:\/\/jewsineastprussia.de\/wp-content\/uploads\/2018\/10\/Sabbatleuchter-1-768x759.jpg 768w, https:\/\/jewsineastprussia.de\/wp-content\/uploads\/2018\/10\/Sabbatleuchter-1.jpg 1410w\" sizes=\"(max-width: 1024px) 100vw, 1024px\" \/>\r\n\r\nLitauisch-ostpreu\u00dfische Grenze, Karte: Jaan-Cornelius Kibelka, Quelle: Sabbatleuchter und Kriegerverein, Ruth Leiserowitz, Herausgegeben in der Reihe vom Deutschen Historischen Institut Warschau, Fibre, Osnabr\u00fcck 2010 ISBN 978-3-938400-59-3\r\n<h3>Memelland heute\u00a0<b>Klaip\u0117da Region<\/b><\/h3>\r\nDie Memel ist ein Flu\u00df (Litauisch: Nemunas). Memel ist auch die deutsche Bezeichnung der heute in Litauen gelegenen Stadt Klaipeda. Das Memelland umfasst auch den n\u00f6rdlichen Teil der Kurischen Nehrung, welche die Ostsee vom Kurischen Haff unterteilt.\r\n\r\n<img decoding=\"async\" class=\"alignnone wp-image-2090 size-large\" src=\"https:\/\/jewsineastprussia.de\/wp-content\/uploads\/2018\/10\/Memelland-cut-web-1024x839.jpg\" alt=\"Memelland Map\" width=\"1024\" height=\"839\" srcset=\"https:\/\/jewsineastprussia.de\/wp-content\/uploads\/2018\/10\/Memelland-cut-web-1024x839.jpg 1024w, https:\/\/jewsineastprussia.de\/wp-content\/uploads\/2018\/10\/Memelland-cut-web-300x246.jpg 300w, https:\/\/jewsineastprussia.de\/wp-content\/uploads\/2018\/10\/Memelland-cut-web-768x629.jpg 768w, https:\/\/jewsineastprussia.de\/wp-content\/uploads\/2018\/10\/Memelland-cut-web.jpg 1936w\" sizes=\"(max-width: 1024px) 100vw, 1024px\" \/>\r\n\r\nKarte: Jaan-Cornelius Kibelka\r\n<h3>Litauen: Ministerium f\u00fcr Kulturerbe, Kulturdenkm\u00e4ler-Suche<\/h3>\r\n<a href=\"https:\/\/kvr.kpd.lt\/#\/static-heritage-search\" target=\"_blank\" rel=\"noopener noreferrer\">Link zur Such-Karte &gt;&gt;\u00a0<\/a>\r\n<a href=\"https:\/\/kvr.kpd.lt\/#\/static-heritage-search\" target=\"_blank\" rel=\"noopener noreferrer\"><img loading=\"lazy\" decoding=\"async\" class=\"size-medium wp-image-8233 alignnone\" src=\"https:\/\/jewsineastprussia.de\/wp-content\/uploads\/2020\/10\/Litauen-Heritage-Department-Search-map-300x221.jpg\" alt=\"Heritage Lithuania map\" width=\"300\" height=\"221\" srcset=\"https:\/\/jewsineastprussia.de\/wp-content\/uploads\/2020\/10\/Litauen-Heritage-Department-Search-map-300x221.jpg 300w, https:\/\/jewsineastprussia.de\/wp-content\/uploads\/2020\/10\/Litauen-Heritage-Department-Search-map-768x565.jpg 768w, https:\/\/jewsineastprussia.de\/wp-content\/uploads\/2020\/10\/Litauen-Heritage-Department-Search-map.jpg 808w\" sizes=\"(max-width: 300px) 100vw, 300px\" \/><\/a>\r\n\r\n&nbsp;\r\n\r\n&nbsp;\t\t\t\t\t\t\t\t<\/div>\n\t\t\t\t<\/div>\n\t\t\t\t\t<\/div>\n\t\t<\/div>\n\t\t\t\t\t<\/div>\n\t\t<\/section>\n\t\t\t\t<\/div>\n\t\t","protected":false},"excerpt":{"rendered":"<p>Ostpreussen oder Ostpreu\u00dfen Work in progress &#8211; um die \u00c4nderungen der Nationalen Zugeh\u00f6rigkeiten und die Ver\u00e4nderung der Grenzen aufzuzeigen. Es geht hier immer um Grenzregionen zwischen: Deutschland, Russland, Sowjetunion, Litauen, Westpreussen, Freistaat Danzig, Polen, Memelland, Region Klaipeda. &nbsp; Vor 1914, J\u00fcdische Gemeinden Nach einer Karte von Zenon Hubert Nowak. Quelle: Juden in Ostpreu\u00dfen, Ronny Kabus, [&hellip;]<\/p>\n","protected":false},"author":1,"featured_media":0,"parent":0,"menu_order":0,"comment_status":"closed","ping_status":"closed","template":"","meta":{"footnotes":""},"categories":[25],"class_list":["post-1140","page","type-page","status-publish","hentry","category-unkategorisiert","entry"],"_links":{"self":[{"href":"https:\/\/jewsineastprussia.de\/de\/wp-json\/wp\/v2\/pages\/1140","targetHints":{"allow":["GET"]}}],"collection":[{"href":"https:\/\/jewsineastprussia.de\/de\/wp-json\/wp\/v2\/pages"}],"about":[{"href":"https:\/\/jewsineastprussia.de\/de\/wp-json\/wp\/v2\/types\/page"}],"author":[{"embeddable":true,"href":"https:\/\/jewsineastprussia.de\/de\/wp-json\/wp\/v2\/users\/1"}],"replies":[{"embeddable":true,"href":"https:\/\/jewsineastprussia.de\/de\/wp-json\/wp\/v2\/comments?post=1140"}],"version-history":[{"count":8,"href":"https:\/\/jewsineastprussia.de\/de\/wp-json\/wp\/v2\/pages\/1140\/revisions"}],"predecessor-version":[{"id":10557,"href":"https:\/\/jewsineastprussia.de\/de\/wp-json\/wp\/v2\/pages\/1140\/revisions\/10557"}],"wp:attachment":[{"href":"https:\/\/jewsineastprussia.de\/de\/wp-json\/wp\/v2\/media?parent=1140"}],"wp:term":[{"taxonomy":"category","embeddable":true,"href":"https:\/\/jewsineastprussia.de\/de\/wp-json\/wp\/v2\/categories?post=1140"}],"curies":[{"name":"wp","href":"https:\/\/api.w.org\/{rel}","templated":true}]}}