{"id":1151,"date":"2018-05-23T16:22:41","date_gmt":"2018-05-23T15:22:41","guid":{"rendered":"http:\/\/jewsineastprussia.de\/seminars-in-berlin-and-sankelmark\/"},"modified":"2018-10-09T18:15:28","modified_gmt":"2018-10-09T17:15:28","slug":"seminars-in-berlin-and-sankelmark","status":"publish","type":"page","link":"https:\/\/jewsineastprussia.de\/de\/seminars-in-berlin-and-sankelmark\/","title":{"rendered":"Seminar in Berlin 2007 \u2013 Juden in Schlesien, West- und Ostpreussen"},"content":{"rendered":"<p style=\"font-weight: 400;\">2007 Seminar in Berlin<br \/>\n<strong>Von Breslau \u00fcber Danzig nach K\u00f6nigsberg<\/strong><br \/>\n<strong>Lebenswelten und Erinnerung von Juden in Schlesien, Ost- und Westpreu\u00dfen\u00a0<\/strong><\/p>\n<p>Ein Seminar des Vereins Juden in Ostpreu\u00dfen. Verein zur Geschichte und Kultur e.V. in Zusammenarbeit mit der Academia Baltica e.V., L\u00fcbeck<br \/>\n<img fetchpriority=\"high\" decoding=\"async\" class=\"size-medium wp-image-447\" src=\"https:\/\/jewsineastprussia.de\/wp-content\/uploads\/2018\/05\/2007BerlinParticipants-300x195.jpg\" alt=\"Seminar Berlin Jews in East Prussia\" width=\"300\" height=\"195\" srcset=\"https:\/\/jewsineastprussia.de\/wp-content\/uploads\/2018\/05\/2007BerlinParticipants-300x195.jpg 300w, https:\/\/jewsineastprussia.de\/wp-content\/uploads\/2018\/05\/2007BerlinParticipants.jpg 710w\" sizes=\"(max-width: 300px) 100vw, 300px\" \/><\/p>\n<p>Die j\u00fcdische Geschichte der ehemaligen deutschen Ostprovinzen und die Lebensleistungen ihrer fr\u00fcheren j\u00fcdischen Bewohner sind heute nur in wenigen\u00a0 Punkten bekannt. Keine Forschungsstruktur widmet sich ausdr\u00fccklich diesen Aspekten.<br \/>\nDie Erinnerung an die Juden in Schlesien, Ost- und Westpreu\u00dfen &#8211; sowohl in den grossen Gemeinden, wie auch an kleinen Orten &#8211; und an ihre Unterdr\u00fcckung und Vernichtung durch das NS-Regime war in Deutschland w\u00e4hrend des Kalten Kriegs nahezu abgebrochen.\u00a0\u00a0 An die deutschj\u00fcdische Geschichte und\u00a0 die Repressionspolitik des NS-Regimes zu erinnern, erschien damals\u00a0nicht opportun. In Polen, Litauen und dem Kaliningrader Gebiet wurde die j\u00fcdische Geschichte der ehemals deutschen Provinzen dagegen als Teil der deutschen Tradition gesehen. Das erkl\u00e4rt, warum die Nachfahren der j\u00fcdischen Einwohnerschaft Schlesiens, Ost- und Westpreu\u00dfens, die heute verstreut \u00fcber die ganze Erde leben, auf der Suche nach den Spuren ihrer Vorfahren nur wenig neue Literatur zu diesem Thema finden k\u00f6nnen.<\/p>\n<p>Mit Zeitzeugen und Wissenschaftlern aus Kaliningrad, Polen, Israel und Deutschland wollen wir Aspekte der j\u00fcdischen Lebenswelten in Schlesien, Westpreu\u00dfen, Masuren, Preu\u00dfisch Litauen und K\u00f6nigsberg er\u00f6rtern &#8211; von der j\u00fcdischen Einwanderung \u00fcber die Alltagskultur und das Gemeindeleben bis zum Holocaust. Die Tagungssprachen waren Deutsch und Englisch.<\/p>\n<p>Das Seminar bestand aus zwei Teilen: Am ersten Tag standen Fragen nach der Geschichte der j\u00fcdischen Minderheit im 19. und 20. Jahrhundert in Schlesien, Ost- und Westpreu\u00dfen im Mittelpunkt. Sowohl sozial, lokal-, gemeinde- wie auch familiengeschicht-liche Darstellungen k\u00f6nnen dazu beitragen, L\u00fccken in der Historiographie zu schlie\u00dfen. Dar\u00fcber hinaus gab es ein Panel\u00a0 zur rekonstruierten Geschichte, in dem j\u00fcdische Zeitzeugen der zweiten bzw. dritten Generation \u00fcber ihre Forschungen zu den Lebenswelten ihrer Eltern und Gro\u00dfeltern berichteten. Am zweiten Tag wurde gemeinsam mit Teilnehmern aus Polen und Kaliningrad er\u00f6rtert, welche Ans\u00e4tze und M\u00f6glichkeiten existieren, die Erinnerung an die ehemaligen j\u00fcdischen Bewohner zu dokumentieren und zu bewahren.<\/p>\n<p>Dr. Christian Pletzing<br \/>\nAkademieleiter der Academia Baltica<\/p>\n<p>Dr. Ruth Leiserowitz<br \/>\nJuden in Ostpreu\u00dfen e.V.<\/p>\n<figure id=\"attachment_446\" aria-describedby=\"caption-attachment-446\" style=\"width: 300px\" class=\"wp-caption alignnone\"><img decoding=\"async\" class=\"size-medium wp-image-446\" src=\"https:\/\/jewsineastprussia.de\/wp-content\/uploads\/2018\/05\/2007Berlin-RalphRuth-300x233.jpg\" alt=\"Seminar 2007 in Berlin \" width=\"300\" height=\"233\" srcset=\"https:\/\/jewsineastprussia.de\/wp-content\/uploads\/2018\/05\/2007Berlin-RalphRuth-300x233.jpg 300w, https:\/\/jewsineastprussia.de\/wp-content\/uploads\/2018\/05\/2007Berlin-RalphRuth.jpg 500w\" sizes=\"(max-width: 300px) 100vw, 300px\" \/><figcaption id=\"caption-attachment-446\" class=\"wp-caption-text\">Seminar 2007 in Berlin Ruth Leiserowitz und Ralph Salinger<\/figcaption><\/figure>\n<p>&nbsp;<\/p>\n<p style=\"font-weight: 400;\"><strong>Programm<br \/>\n<\/strong><\/p>\n<p><strong>Freitag, 31. August 2007\u00a0<\/strong><\/p>\n<ul>\n<li>Begr\u00fc\u00dfung und Einf\u00fchrung<br \/>\nDr. Ruth Leiserowitz, Berlin;<br \/>\nDr. Christian Pletzing, L\u00fcbeck<\/li>\n<li>&#8222;Das &#8218;Mendelssohn-Haus&#8216; in Allenstein&#8220; ein vergessener<br \/>\nOrt der Erinnerung&#8220;<br \/>\nDr. Rafal Zytyniec, Berlin<\/li>\n<li>&#8222;Juden in und um Memel\/Klaipeda&#8220;<br \/>\nDr. Ruth Leiserowitz, Berlin<\/li>\n<\/ul>\n<p style=\"font-weight: 400;\"><strong>Samstag, 1. September 2007\u00a0<\/strong><\/p>\n<ul>\n<li style=\"font-weight: 400;\">&#8222;Die Brombergerin Ruth Goldbarth im Warschauer Getto, 1940\/41&#8220;<br \/>\nDr. Klaus-Peter Friedrich, Marburg<\/li>\n<li style=\"font-weight: 400;\">&#8222;J\u00fcdische Unternehmer in Breslau und Schlesien nach dem Ersten Weltkrieg bis zum Holocaust (1918-1941)&#8220;<br \/>\nDr. Ingo Loose, Berlin<\/li>\n<li style=\"font-weight: 400;\">&#8222;Social Divisions in the German Jewish Community in Breslau in the First Decades of the Twentieth Century&#8220;<br \/>\nJoanna Tegnerowicz, Wroclaw<\/li>\n<li style=\"font-weight: 400;\">&#8222;Das J\u00fcdische Museum Breslau als zentraler Erinnerungsort der schlesischen Juden zwischen 1928 und 1938\u201d<br \/>\nDr. Jens Hoppe, Frankfurt a.M.<\/li>\n<li style=\"font-weight: 400;\">&#8222;Wo bitte geht es zur Synagoge? Das vergessene j\u00fcdische Erbe Breslaus und dessen langsame Wiederentdeckung im postkommunistischen Wroclaw&#8220;<br \/>\nMaren R\u00f6ger, Gie\u00dfen<\/li>\n<li style=\"font-weight: 400;\">&#8222;Juden in Gleiwitz&#8220; (Ein Projekt des Gleiwitzer Museums)<br \/>\nBozena Kubit, Gliwice\/Gleiwitz<\/li>\n<li style=\"font-weight: 400;\">Pr\u00e4sentationen von j\u00fcdischen Familienforschern,\u00a0Teil 1 &#8222;From Westprussia to Suwalki (Arbeitstitel) Ralph Salinger, Kfar Ruppin<\/li>\n<li style=\"font-weight: 400;\">Pr\u00e4sentationen von j\u00fcdischen Familienforschern,\u00a0Teil 2 &#8222;The Wasbutzky\u00a0 Family in and around Tilsit&#8220;. Ein Gespr\u00e4ch zwischen\u00a0 Evelyn Waldstein, Ramat HaSharon und Ruth Leiserowitz<\/li>\n<li style=\"font-weight: 400;\">Pr\u00e4sentationen von j\u00fcdischen Familienforschern, Teil 3 &#8222;Film about the Perlman family (K\u00f6nigsberg) Perry Izack, Rishon Le Zion\u00a0&#8222;Ruth Goldbarth from Bydgoszcz\/Bromberg in the Warsaw Ghetto 1940\/41&#8220; by Dr. Klaus-Peter Friedrich, Marburg<\/li>\n<li style=\"font-weight: 400;\">&#8222;Jewish Traders in Breslau and Silesia, from the First World War to the Holocaust (1918-1941)&#8220;\u00a0 by Dr. Ingo Loose, Berlin<\/li>\n<li style=\"font-weight: 400;\">&#8222;Social Divisions in the German Jewish Community in Breslau in the First Decades of the Twentieth Century&#8220; by\u00a0Joanna Tegnerowicz, Wroclaw<\/li>\n<li style=\"font-weight: 400;\">&#8222;The Jewish Museum of Breslau as Central Place of Commemoration of the Silesian Jews Between 1928 and 1938\u201d by\u00a0Dr. Jens Hoppe, Frankfurt a.M.<\/li>\n<li style=\"font-weight: 400;\">&#8222;Which is the Way to the Synagogue, Please? The Forgotten Jewish Heritage of Breslau and Its Slow-Going Rediscovery in the Afterwar Wroclaw&#8220; by\u00a0Maren R\u00f6ger, Gie\u00dfen<\/li>\n<li style=\"font-weight: 400;\">&#8222;Jews in Gleiwitz&#8220; (a projekt of the Museum of Gleiwitz) by\u00a0Bo\u00bfena Kubit, Gliwice\/Gleiwitz<\/li>\n<li style=\"font-weight: 400;\">Presentations by Jewish Genealogists, part 1 &#8222;From Westprussia to Suwalki (working title) Ralph Salinger, Kfar Ruppin<\/li>\n<li>Presentations by Jewish Genealogists, part 2 &#8222;The Wasbutzky Family in and around Tilsit&#8220;. A talk between\u00a0Evelyn Waldstein, Ramat HaSharon and Ruth Leiserowitz<\/li>\n<li>Presentations by\u00a0Jewish Genealogists, part 3 &#8222;Film about the Perlman family (K\u00f6nigsberg) Perry Izack, Rishon Le Zion<\/li>\n<\/ul>\n<p style=\"font-weight: 400;\"><strong>Sonntag, 2. September 2007\u00a0<\/strong><\/p>\n<ul>\n<li style=\"font-weight: 400;\">&#8222;Das Leben der Else Pintus&#8220; (AT).<br \/>\nMiloslawa Borzyszkowska-Szewczyk, Gda\u00f1sk\/Danzig<\/li>\n<li style=\"font-weight: 400;\">&#8222;Die Sprache der Steine lesen. Juden in der Kaschubei.&#8220;<br \/>\nBericht aus einem Projekt<br \/>\nDr. Christian Pletzing, L\u00fcbeck<\/li>\n<li style=\"font-weight: 400;\">\u00a0&#8222;Juden in Tilsit\/Sovetsk&#8220; (Die Sammlungen von Isaak Rutman)<br \/>\nSinaida Maksimova, Sovetsk\/Tilsit<\/li>\n<li style=\"font-weight: 400;\">Schlu\u00dfdiskussion,\u00a0Mittagessen, Abreise<\/li>\n<\/ul>\n<p style=\"font-weight: 400;\">Das Seminar fand statt\u00a0<strong>in der Europ\u00e4ischen Akademie<\/strong>\u00a0in Berlin Grunewald, Bismarckallee 46\/48 (<a href=\"http:\/\/www.eab-berlin.de\/\">www.eab-berlin.de<\/a>)<\/p>\n","protected":false},"excerpt":{"rendered":"<p>2007 Seminar in Berlin Von Breslau \u00fcber Danzig nach K\u00f6nigsberg Lebenswelten und Erinnerung von Juden in Schlesien, Ost- und Westpreu\u00dfen\u00a0 Ein Seminar des Vereins Juden in Ostpreu\u00dfen. Verein zur Geschichte und Kultur e.V. in Zusammenarbeit mit der Academia Baltica e.V., L\u00fcbeck Die j\u00fcdische Geschichte der ehemaligen deutschen Ostprovinzen und die Lebensleistungen ihrer fr\u00fcheren j\u00fcdischen Bewohner [&hellip;]<\/p>\n","protected":false},"author":1,"featured_media":0,"parent":0,"menu_order":0,"comment_status":"closed","ping_status":"closed","template":"","meta":{"footnotes":""},"categories":[],"class_list":["post-1151","page","type-page","status-publish","hentry","entry"],"_links":{"self":[{"href":"https:\/\/jewsineastprussia.de\/de\/wp-json\/wp\/v2\/pages\/1151","targetHints":{"allow":["GET"]}}],"collection":[{"href":"https:\/\/jewsineastprussia.de\/de\/wp-json\/wp\/v2\/pages"}],"about":[{"href":"https:\/\/jewsineastprussia.de\/de\/wp-json\/wp\/v2\/types\/page"}],"author":[{"embeddable":true,"href":"https:\/\/jewsineastprussia.de\/de\/wp-json\/wp\/v2\/users\/1"}],"replies":[{"embeddable":true,"href":"https:\/\/jewsineastprussia.de\/de\/wp-json\/wp\/v2\/comments?post=1151"}],"version-history":[{"count":6,"href":"https:\/\/jewsineastprussia.de\/de\/wp-json\/wp\/v2\/pages\/1151\/revisions"}],"predecessor-version":[{"id":1844,"href":"https:\/\/jewsineastprussia.de\/de\/wp-json\/wp\/v2\/pages\/1151\/revisions\/1844"}],"wp:attachment":[{"href":"https:\/\/jewsineastprussia.de\/de\/wp-json\/wp\/v2\/media?parent=1151"}],"wp:term":[{"taxonomy":"category","embeddable":true,"href":"https:\/\/jewsineastprussia.de\/de\/wp-json\/wp\/v2\/categories?post=1151"}],"curies":[{"name":"wp","href":"https:\/\/api.w.org\/{rel}","templated":true}]}}