{"id":1153,"date":"2018-05-23T17:12:28","date_gmt":"2018-05-23T16:12:28","guid":{"rendered":"http:\/\/jewsineastprussia.de\/seminar-in-sankelmark-germany-jews-in-east-prussia\/"},"modified":"2018-10-09T18:34:54","modified_gmt":"2018-10-09T17:34:54","slug":"seminar-in-sankelmark-germany-jews-in-east-prussia","status":"publish","type":"page","link":"https:\/\/jewsineastprussia.de\/de\/seminar-in-sankelmark-germany-jews-in-east-prussia\/","title":{"rendered":"Seminar in Sankelmark (b. Flensburg) 2005"},"content":{"rendered":"<p><strong>2005,<\/strong>\u00a02. bis 4. September in Sankelmark<br \/>\nJuden in Ostpreussen<\/p>\n<p>Seminar in Sankelmark bei Flensburg mit Academia Baltica\/L\u00fcbeck, dem Verein &#8222;Juden in Ostpreu\u00dfen&#8220; und der &#8222;Gesellschaft der Freunde der Festung Boyen&#8220; L\u00f6tzen \/ Gizycko<\/p>\n<figure id=\"attachment_452\" aria-describedby=\"caption-attachment-452\" style=\"width: 300px\" class=\"wp-caption alignnone\"><img fetchpriority=\"high\" decoding=\"async\" class=\"size-medium wp-image-452\" src=\"https:\/\/jewsineastprussia.de\/wp-content\/uploads\/2018\/05\/2005SankelmarkZulkinSpring-300x225.jpg\" alt=\"Professor Zalkin\" width=\"300\" height=\"225\" srcset=\"https:\/\/jewsineastprussia.de\/wp-content\/uploads\/2018\/05\/2005SankelmarkZulkinSpring-300x225.jpg 300w, https:\/\/jewsineastprussia.de\/wp-content\/uploads\/2018\/05\/2005SankelmarkZulkinSpring.jpg 640w\" sizes=\"(max-width: 300px) 100vw, 300px\" \/><figcaption id=\"caption-attachment-452\" class=\"wp-caption-text\">Mordechai [Motti] Zalkin von der Ben-Gurion-Universit\u00e4t im Negev, Stefanie Schueler-Springorum, Hamburg<\/figcaption><\/figure>\n<p>Nur wenige Aspekte der j\u00fcdischen Geschichte Ostpreu\u00dfens sind bis heute bekannt. Geschichte und Kultur der Juden Ostpreu\u00dfens halfen nicht, territoriale Besitzanspr\u00fcche zu untermauern und blieben daher unerforscht. Mit Zeitzeugen und G\u00e4sten aus Litauen, Polen, Deutschland und Israel wollen wir die j\u00fcdischen Lebenswelten in Masuren, Preu\u00dfisch-Litauen und K\u00f6nigsberg er\u00f6rtern &#8211; von der j\u00fcdischen Einwanderung nach Ostpreu\u00dfen \u00fcber die Alltagskultur und das Gemeindeleben bis zum Holocaust.<br \/>\nBialunski\/Leiserowitz\/Pletzing<\/p>\n<figure id=\"attachment_453\" aria-describedby=\"caption-attachment-453\" style=\"width: 300px\" class=\"wp-caption alignnone\"><img decoding=\"async\" class=\"size-medium wp-image-453\" src=\"https:\/\/jewsineastprussia.de\/wp-content\/uploads\/2018\/05\/2005SankelmarkLisbona-300x225.jpg\" alt=\"Seminar in Sankemark 2005\" width=\"300\" height=\"225\" srcset=\"https:\/\/jewsineastprussia.de\/wp-content\/uploads\/2018\/05\/2005SankelmarkLisbona-300x225.jpg 300w, https:\/\/jewsineastprussia.de\/wp-content\/uploads\/2018\/05\/2005SankelmarkLisbona.jpg 640w\" sizes=\"(max-width: 300px) 100vw, 300px\" \/><figcaption id=\"caption-attachment-453\" class=\"wp-caption-text\">David Lisbona, Israel &#8222;Bei uns in Guttstadt&#8220;<\/figcaption><\/figure>\n","protected":false},"excerpt":{"rendered":"<p>2005,\u00a02. bis 4. September in Sankelmark Juden in Ostpreussen Seminar in Sankelmark bei Flensburg mit Academia Baltica\/L\u00fcbeck, dem Verein &#8222;Juden in Ostpreu\u00dfen&#8220; und der &#8222;Gesellschaft der Freunde der Festung Boyen&#8220; L\u00f6tzen \/ Gizycko &nbsp; Nur wenige Aspekte der j\u00fcdischen Geschichte Ostpreu\u00dfens sind bis heute bekannt. Geschichte und Kultur der Juden Ostpreu\u00dfens halfen nicht, territoriale Besitzanspr\u00fcche [&hellip;]<\/p>\n","protected":false},"author":1,"featured_media":0,"parent":0,"menu_order":0,"comment_status":"closed","ping_status":"closed","template":"","meta":{"footnotes":""},"categories":[],"class_list":["post-1153","page","type-page","status-publish","hentry","entry"],"_links":{"self":[{"href":"https:\/\/jewsineastprussia.de\/de\/wp-json\/wp\/v2\/pages\/1153","targetHints":{"allow":["GET"]}}],"collection":[{"href":"https:\/\/jewsineastprussia.de\/de\/wp-json\/wp\/v2\/pages"}],"about":[{"href":"https:\/\/jewsineastprussia.de\/de\/wp-json\/wp\/v2\/types\/page"}],"author":[{"embeddable":true,"href":"https:\/\/jewsineastprussia.de\/de\/wp-json\/wp\/v2\/users\/1"}],"replies":[{"embeddable":true,"href":"https:\/\/jewsineastprussia.de\/de\/wp-json\/wp\/v2\/comments?post=1153"}],"version-history":[{"count":3,"href":"https:\/\/jewsineastprussia.de\/de\/wp-json\/wp\/v2\/pages\/1153\/revisions"}],"predecessor-version":[{"id":1846,"href":"https:\/\/jewsineastprussia.de\/de\/wp-json\/wp\/v2\/pages\/1153\/revisions\/1846"}],"wp:attachment":[{"href":"https:\/\/jewsineastprussia.de\/de\/wp-json\/wp\/v2\/media?parent=1153"}],"wp:term":[{"taxonomy":"category","embeddable":true,"href":"https:\/\/jewsineastprussia.de\/de\/wp-json\/wp\/v2\/categories?post=1153"}],"curies":[{"name":"wp","href":"https:\/\/api.w.org\/{rel}","templated":true}]}}