{"id":1155,"date":"2018-05-25T21:04:27","date_gmt":"2018-05-25T20:04:27","guid":{"rendered":"http:\/\/jewsineastprussia.de\/sources-about-people\/"},"modified":"2023-01-11T23:08:18","modified_gmt":"2023-01-11T22:08:18","slug":"sources-about-people","status":"publish","type":"page","link":"https:\/\/jewsineastprussia.de\/de\/sources-about-people\/","title":{"rendered":"Quellen und Links zu Personen"},"content":{"rendered":"\n<p><strong>David Suchet<\/strong>&nbsp;erforscht seine Familiengeschichte in der BBC Genealogie Fernsehserie&nbsp;<strong>Who Do You Think You Are<\/strong>, Grenzregion Russland \/ Ostpreussen (heute Litauen) mit der Hilfe unserer Vereinsvositzenden Dr. Ruth Leiserowitz<br><em><strong>(inzwischen sind die Videos gesperrt &#8211; aber sie existieren!)<\/strong><\/em><br>Part 5\/6&nbsp;<a title=\"David Suchet\" href=\"http:\/\/www.youtube.com\/watch?v=H3DdkTPqKtw&amp;NR=1\" target=\"_blank\" rel=\"noopener noreferrer\">&gt;&gt;<\/a><br>Part 6\/6&nbsp;<a title=\"DavidSuchet Last Part\" href=\"http:\/\/www.youtube.com\/watch?v=aY2zqP3g6UU&amp;playnext=1\" target=\"_blank\" rel=\"noopener noreferrer\">&gt;&gt;<\/a><\/p>\n\n\n\n<figure class=\"wp-block-image alignnone\"><a href=\"http:\/\/www.youtube.com\/watch?v=H3DdkTPqKtw&amp;NR=1\" rel=\"noopener noreferrer\"><img fetchpriority=\"high\" decoding=\"async\" width=\"300\" height=\"187\" src=\"https:\/\/jewsineastprussia.de\/wp-content\/uploads\/2018\/05\/Suchet-Video5-300x187.jpg\" alt=\"David Suchet\" class=\"wp-image-545\"\/><\/a><figcaption class=\"wp-element-caption\">Video Who do you think you are Teil 5\/6<\/figcaption><\/figure>\n\n\n\n<figure class=\"wp-block-image alignnone\"><a href=\"http:\/\/www.youtube.com\/watch?v=aY2zqP3g6UU&amp;playnext=1\" rel=\"noopener noreferrer\"><img decoding=\"async\" width=\"300\" height=\"183\" src=\"https:\/\/jewsineastprussia.de\/wp-content\/uploads\/2018\/05\/Suchet-Video-300x183.jpg\" alt=\"\" class=\"wp-image-544\"\/><\/a><figcaption class=\"wp-element-caption\">Video Who do you think you are Teil 6\/6<\/figcaption><\/figure>\n\n\n\n<p><strong>Geschichtsprojekt der Familie Ruby<\/strong><br>Multimedia Reise zu den j\u00fcdisch-amerikanischen Urspr\u00fcngen&nbsp; von Stanley und Helga Ruby. \u00dcber den Grabstein von Wohlgemut (K\u00f6nigsberg).<br><a title=\"Wohlgemuth\" href=\"http:\/\/familyhistorymachine.com\/content\/east-prussia-expert-ruth-leiserowitz-has-wohlgemuth-gravestone-koeningsberg\" target=\"_blank\" rel=\"noopener noreferrer\">http:\/\/familyhistorymachine.com\/content\/east-prussia-expert-ruth-leiserowitz-has-wohlgemuth-gravestone-koeningsberg &gt;&gt;<\/a><\/p>\n\n\n<div class=\"wp-block-image\">\n<figure class=\"alignleft\"><a href=\"http:\/\/www.texsys.com\/Memel\/Memel.html\" target=\"_blank\" rel=\"noopener noreferrer\"><img decoding=\"async\" width=\"136\" height=\"211\" src=\"https:\/\/jewsineastprussia.de\/wp-content\/uploads\/2018\/11\/ttkcover.gif\" alt=\"Cherie Goren Book Cover\" class=\"wp-image-3070\"\/><\/a><\/figure>\n<\/div>\n\n\n<p><strong>Familie Fleischmann aus Memel<\/strong><br>Cherie Goren, A Time to Keep<br>Die Geschichte der Familie <strong>Fleischmann<\/strong> in den 30ger Jahren in <strong>Memel<\/strong>&nbsp;(Litauen) und der Auswanderung in die USA.&nbsp;Moses Golden lebte mit seiner Familie in <strong>Memel<\/strong>. Max Heffler stellte einige Dokumente \u00fcber sein Leben zusammen.&nbsp;<a href=\"http:\/\/www.texsys.com\/Memel\/Memel.html\" target=\"_blank\" rel=\"noopener noreferrer\">Webseite \u00fcber das Buch &gt;&gt;<\/a><br>Enth\u00e4lt Fotos der Famlie Moses&nbsp;<strong>Golden<\/strong>&nbsp;und Leo&nbsp;<strong>Fleischmann<\/strong><br>Orte:&nbsp;<strong>Memel<\/strong>&nbsp;und&nbsp;<strong>Schwarzort<\/strong><\/p>\n\n\n\n<p>Teil der Webseite <a href=\"http:\/\/www.texsys.com\/\" target=\"_blank\" rel=\"noopener noreferrer\">Geschichte der Familie Heffler texsys.com &gt;&gt;<\/a><strong><br><\/strong><\/p>\n\n\n\n<p>Esther (Herschman) Rechtschafner, <strong>Sveksna<\/strong> Our Town in LitvakSIG, mit vielen Erw\u00e4hnungen \u00fcber das Arbeitslager in Heydekrug und dem Prozess dar\u00fcber in West-Deutschland.<br>Link zu einem sehr ausf\u00fchlichen&nbsp;<a href=\"https:\/\/www.litvaksig.org\/information-and-tools\/online-journal\/sveksna-our-town\" target=\"_blank\" rel=\"noopener noreferrer\">Artikel \u00fcber Sveksna, ein Schtetl nahe der Grenze zu Ostpreussen &gt;&gt;<\/a><\/p>\n\n\n\n<p><strong>Memeler<\/strong> Adre\u00dfb\u00fccher,&nbsp;Ein Nachschlagewerk f\u00fcr den Familienforscher&nbsp;(1858, 1866,1898, 1909, 1915, 1926, 1931, 1935). Erstellt von Peter Bork<br><span class=\"moz-txt-link-freetext\"><a href=\"http:\/\/bork-on-line.de\/adressbuecher\" target=\"_blank\" rel=\"noopener noreferrer\">http:\/\/bork-on-line.de\/adressbuecher&nbsp;&gt;&gt;<\/a><\/span><\/p>\n\n\n\n<p>Ortsfamilienbuch Memelland. Erstellt von Ingo Paul<br><a href=\"http:\/\/www.online-ofb.de\/memelland\/\" target=\"_blank\" rel=\"noopener noreferrer\">http:\/\/www.online-ofb.de\/memelland\/ &gt;&gt;<\/a><\/p>\n\n\n\n<p>Bundesarchiv, Gedenkbuch f\u00fcr die Opfer der Verfolgung der Juden unter der nationalsozialistischen Gewaltherrschaft in Deutschland 1933-1945 :<br><a href=\"https:\/\/www.bundesarchiv.de\/gedenkbuch\/de\" target=\"_blank\" rel=\"noopener noreferrer\">Link zur deutschsprachigen Suchseite des Bundesarchivs &gt;&gt;<\/a><\/p>\n","protected":false},"excerpt":{"rendered":"<p>David Suchet&nbsp;erforscht seine Familiengeschichte in der BBC Genealogie Fernsehserie&nbsp;Who Do You Think You Are, Grenzregion Russland \/ Ostpreussen (heute Litauen) mit der Hilfe unserer Vereinsvositzenden Dr. Ruth Leiserowitz(inzwischen sind die Videos gesperrt &#8211; aber sie existieren!)Part 5\/6&nbsp;&gt;&gt;Part 6\/6&nbsp;&gt;&gt; Geschichtsprojekt der Familie RubyMultimedia Reise zu den j\u00fcdisch-amerikanischen Urspr\u00fcngen&nbsp; von Stanley und Helga Ruby. \u00dcber den Grabstein [&hellip;]<\/p>\n","protected":false},"author":1,"featured_media":0,"parent":0,"menu_order":0,"comment_status":"closed","ping_status":"closed","template":"","meta":{"footnotes":""},"categories":[57],"class_list":["post-1155","page","type-page","status-publish","hentry","category-lithuania","entry"],"_links":{"self":[{"href":"https:\/\/jewsineastprussia.de\/de\/wp-json\/wp\/v2\/pages\/1155","targetHints":{"allow":["GET"]}}],"collection":[{"href":"https:\/\/jewsineastprussia.de\/de\/wp-json\/wp\/v2\/pages"}],"about":[{"href":"https:\/\/jewsineastprussia.de\/de\/wp-json\/wp\/v2\/types\/page"}],"author":[{"embeddable":true,"href":"https:\/\/jewsineastprussia.de\/de\/wp-json\/wp\/v2\/users\/1"}],"replies":[{"embeddable":true,"href":"https:\/\/jewsineastprussia.de\/de\/wp-json\/wp\/v2\/comments?post=1155"}],"version-history":[{"count":14,"href":"https:\/\/jewsineastprussia.de\/de\/wp-json\/wp\/v2\/pages\/1155\/revisions"}],"predecessor-version":[{"id":10437,"href":"https:\/\/jewsineastprussia.de\/de\/wp-json\/wp\/v2\/pages\/1155\/revisions\/10437"}],"wp:attachment":[{"href":"https:\/\/jewsineastprussia.de\/de\/wp-json\/wp\/v2\/media?parent=1155"}],"wp:term":[{"taxonomy":"category","embeddable":true,"href":"https:\/\/jewsineastprussia.de\/de\/wp-json\/wp\/v2\/categories?post=1155"}],"curies":[{"name":"wp","href":"https:\/\/api.w.org\/{rel}","templated":true}]}}