{"id":11603,"date":"2019-11-18T02:23:30","date_gmt":"2019-11-18T01:23:30","guid":{"rendered":"https:\/\/jewsineastprussia.de\/a-mikveh-for-kaliningrad\/"},"modified":"2024-05-28T10:41:26","modified_gmt":"2024-05-28T08:41:26","slug":"a-mikveh-for-kaliningrad","status":"publish","type":"page","link":"https:\/\/jewsineastprussia.de\/de\/a-mikveh-for-kaliningrad\/","title":{"rendered":"Eine Mikwe f\u00fcr Kaliningrad"},"content":{"rendered":"\n<h2 class=\"wp-block-heading\">Offizielle Einweihung der Mikwe am 16. Mai 2024<\/h2>\n\n\n\n<p>Die Mikwe wurde im Untergeschoss des Synagogengeb\u00e4udes eingerichtet, das 2018 fertiggestellt wurde. Die Frauen-Mikwe wurde zuerst fertiggestellt, gefolgt von dem Teil f\u00fcr M\u00e4nner und Gegenst\u00e4nde.<\/p>\n\n\n\n<figure class=\"wp-block-gallery has-nested-images columns-default is-cropped wp-block-gallery-1 is-layout-flex wp-block-gallery-is-layout-flex\">\n<figure class=\"wp-block-image size-large\"><img fetchpriority=\"high\" decoding=\"async\" width=\"768\" height=\"1024\" data-id=\"11597\" src=\"https:\/\/jewsineastprussia.de\/wp-content\/uploads\/2024\/05\/WhatsApp-Bild-2024-05-16-um-21.09.29_cdc0597c-768x1024.jpg\" alt=\"male mikwe in Kaliningrad\" class=\"wp-image-11597\" srcset=\"https:\/\/jewsineastprussia.de\/wp-content\/uploads\/2024\/05\/WhatsApp-Bild-2024-05-16-um-21.09.29_cdc0597c-768x1024.jpg 768w, https:\/\/jewsineastprussia.de\/wp-content\/uploads\/2024\/05\/WhatsApp-Bild-2024-05-16-um-21.09.29_cdc0597c-225x300.jpg 225w, https:\/\/jewsineastprussia.de\/wp-content\/uploads\/2024\/05\/WhatsApp-Bild-2024-05-16-um-21.09.29_cdc0597c-1152x1536.jpg 1152w, https:\/\/jewsineastprussia.de\/wp-content\/uploads\/2024\/05\/WhatsApp-Bild-2024-05-16-um-21.09.29_cdc0597c.jpg 1200w\" sizes=\"(max-width: 768px) 100vw, 768px\" \/><figcaption class=\"wp-element-caption\">M\u00e4nner Mikwe<\/figcaption><\/figure>\n\n\n\n<figure class=\"wp-block-image size-large\"><img decoding=\"async\" width=\"565\" height=\"766\" data-id=\"11599\" src=\"https:\/\/jewsineastprussia.de\/wp-content\/uploads\/2024\/05\/Mikwe-Maenner-Umkl.jpg\" alt=\"Men's changing room mikwe Kaliningrad\" class=\"wp-image-11599\" srcset=\"https:\/\/jewsineastprussia.de\/wp-content\/uploads\/2024\/05\/Mikwe-Maenner-Umkl.jpg 565w, https:\/\/jewsineastprussia.de\/wp-content\/uploads\/2024\/05\/Mikwe-Maenner-Umkl-221x300.jpg 221w\" sizes=\"(max-width: 565px) 100vw, 565px\" \/><figcaption class=\"wp-element-caption\">M\u00e4nner Umkleideraum<\/figcaption><\/figure>\n\n\n\n<figure class=\"wp-block-image size-large\"><img decoding=\"async\" width=\"768\" height=\"1024\" data-id=\"11595\" src=\"https:\/\/jewsineastprussia.de\/wp-content\/uploads\/2024\/05\/IMG-20240514-WA0003-768x1024.jpg\" alt=\"Mikwe for items in Kaliningrad\" class=\"wp-image-11595\" srcset=\"https:\/\/jewsineastprussia.de\/wp-content\/uploads\/2024\/05\/IMG-20240514-WA0003-768x1024.jpg 768w, https:\/\/jewsineastprussia.de\/wp-content\/uploads\/2024\/05\/IMG-20240514-WA0003-225x300.jpg 225w, https:\/\/jewsineastprussia.de\/wp-content\/uploads\/2024\/05\/IMG-20240514-WA0003-1152x1536.jpg 1152w, https:\/\/jewsineastprussia.de\/wp-content\/uploads\/2024\/05\/IMG-20240514-WA0003.jpg 1200w\" sizes=\"(max-width: 768px) 100vw, 768px\" \/><figcaption class=\"wp-element-caption\">Mikwe f\u00fcr Gegenst\u00e4nde<\/figcaption><\/figure>\n\n\n\n<figure class=\"wp-block-image size-large\"><img loading=\"lazy\" decoding=\"async\" width=\"1024\" height=\"1024\" data-id=\"11592\" src=\"https:\/\/jewsineastprussia.de\/wp-content\/uploads\/2024\/05\/WhatsApp-Bild-2024-05-17-um-13.14.06_84bc0c53-1024x1024.jpg\" alt=\"inauguration of the mikvah in Kaliningrad\" class=\"wp-image-11592\" srcset=\"https:\/\/jewsineastprussia.de\/wp-content\/uploads\/2024\/05\/WhatsApp-Bild-2024-05-17-um-13.14.06_84bc0c53-1024x1024.jpg 1024w, https:\/\/jewsineastprussia.de\/wp-content\/uploads\/2024\/05\/WhatsApp-Bild-2024-05-17-um-13.14.06_84bc0c53-300x300.jpg 300w, https:\/\/jewsineastprussia.de\/wp-content\/uploads\/2024\/05\/WhatsApp-Bild-2024-05-17-um-13.14.06_84bc0c53-150x150.jpg 150w, https:\/\/jewsineastprussia.de\/wp-content\/uploads\/2024\/05\/WhatsApp-Bild-2024-05-17-um-13.14.06_84bc0c53-768x768.jpg 768w, https:\/\/jewsineastprussia.de\/wp-content\/uploads\/2024\/05\/WhatsApp-Bild-2024-05-17-um-13.14.06_84bc0c53-600x600.jpg 600w, https:\/\/jewsineastprussia.de\/wp-content\/uploads\/2024\/05\/WhatsApp-Bild-2024-05-17-um-13.14.06_84bc0c53.jpg 1280w\" sizes=\"(max-width: 1024px) 100vw, 1024px\" \/><figcaption class=\"wp-element-caption\">Hauptsponsor w\u00e4hrend der Einweihungszeremonie<\/figcaption><\/figure>\n<\/figure>\n\n\n\n<p>An der Veranstaltung nahmen Delegierte aus ganz Russland, der Oberrabbiner von Russland, Herr Berl Lazar, Mitglieder der Gemeinde und die geehrten Sponsoren teil.<br>Der Hauptsponsor, Wladimir Leonidowitsch Katzman, der den gesamten Bau der M\u00e4nner-Mikwe (und davor den Bau des gesamten Synagogengeb\u00e4udes) bezahlt hatte, erhielt einen Dollarschein, der urspr\u00fcnglich aus der Hand des Lubawitscher Rebbe stammte und im Geburtsmonat des Sponsors \u00fcberreicht wurde. Vladimir Leonidovich war ger\u00fchrt von diesem Geschenk und versprach, sich weiterhin f\u00fcr das Wohl der Synagoge und der gesamten Gemeinde einzusetzen.<\/p>\n\n\n\n<hr class=\"wp-block-separator has-alpha-channel-opacity\"\/>\n\n\n\n<p class=\"has-text-align-left\">Am 6. M\u00e4rz 2024 wurde die Mikwe f\u00fcr Frauen  fertiggestellt und feierlich eingeweiht! Seit dem 20. Januar 2020 konnte Rabbiner Deitch einen ersten Blick auf die Baustelle der Mikwe werfen. Doch bis zur Einweihung gab es noch viele H\u00fcrden zu \u00fcberwinden. Ende Februar 2024 wurde die Mikwe abgenommen und f\u00fcr koscher erkl\u00e4rt. Zuerst wurde die Mikwe f\u00fcr Frauen fertiggestellt. Die Freude ist gro\u00df, dass es nach mehr als 80 Jahren wieder eine solche Einrichtung f\u00fcr das j\u00fcdische Leben in der Stadt gibt.<\/p>\n\n\n\n<figure class=\"wp-block-gallery has-nested-images columns-default is-cropped wp-block-gallery-2 is-layout-flex wp-block-gallery-is-layout-flex\">\n<figure class=\"wp-block-image size-large\"><img loading=\"lazy\" decoding=\"async\" width=\"1024\" height=\"682\" data-id=\"11396\" src=\"https:\/\/jewsineastprussia.de\/wp-content\/uploads\/2024\/03\/430034347_18016135532506309_4645814861552149935_n-1024x682.jpg\" alt=\"\" class=\"wp-image-11396\" srcset=\"https:\/\/jewsineastprussia.de\/wp-content\/uploads\/2024\/03\/430034347_18016135532506309_4645814861552149935_n-1024x682.jpg 1024w, https:\/\/jewsineastprussia.de\/wp-content\/uploads\/2024\/03\/430034347_18016135532506309_4645814861552149935_n-300x200.jpg 300w, https:\/\/jewsineastprussia.de\/wp-content\/uploads\/2024\/03\/430034347_18016135532506309_4645814861552149935_n-768x511.jpg 768w, https:\/\/jewsineastprussia.de\/wp-content\/uploads\/2024\/03\/430034347_18016135532506309_4645814861552149935_n.jpg 1440w\" sizes=\"(max-width: 1024px) 100vw, 1024px\" \/><\/figure>\n\n\n\n<figure class=\"wp-block-image size-large\"><img loading=\"lazy\" decoding=\"async\" width=\"493\" height=\"677\" data-id=\"11399\" src=\"https:\/\/jewsineastprussia.de\/wp-content\/uploads\/2024\/03\/Screenshot-2024-03-08-131615.jpg\" alt=\"\" class=\"wp-image-11399\" srcset=\"https:\/\/jewsineastprussia.de\/wp-content\/uploads\/2024\/03\/Screenshot-2024-03-08-131615.jpg 493w, https:\/\/jewsineastprussia.de\/wp-content\/uploads\/2024\/03\/Screenshot-2024-03-08-131615-218x300.jpg 218w\" sizes=\"(max-width: 493px) 100vw, 493px\" \/><\/figure>\n\n\n\n<figure class=\"wp-block-image size-large\"><img loading=\"lazy\" decoding=\"async\" width=\"848\" height=\"631\" data-id=\"11401\" src=\"https:\/\/jewsineastprussia.de\/wp-content\/uploads\/2024\/03\/Mikwe-03-cut.jpg\" alt=\"\" class=\"wp-image-11401\" srcset=\"https:\/\/jewsineastprussia.de\/wp-content\/uploads\/2024\/03\/Mikwe-03-cut.jpg 848w, https:\/\/jewsineastprussia.de\/wp-content\/uploads\/2024\/03\/Mikwe-03-cut-300x223.jpg 300w, https:\/\/jewsineastprussia.de\/wp-content\/uploads\/2024\/03\/Mikwe-03-cut-768x571.jpg 768w\" sizes=\"(max-width: 848px) 100vw, 848px\" \/><\/figure>\n\n\n\n<figure class=\"wp-block-image size-large\"><img loading=\"lazy\" decoding=\"async\" width=\"465\" height=\"711\" data-id=\"11403\" src=\"https:\/\/jewsineastprussia.de\/wp-content\/uploads\/2024\/03\/Screenshot-2024-03-08-132740.jpg\" alt=\"\" class=\"wp-image-11403\" srcset=\"https:\/\/jewsineastprussia.de\/wp-content\/uploads\/2024\/03\/Screenshot-2024-03-08-132740.jpg 465w, https:\/\/jewsineastprussia.de\/wp-content\/uploads\/2024\/03\/Screenshot-2024-03-08-132740-196x300.jpg 196w\" sizes=\"(max-width: 465px) 100vw, 465px\" \/><\/figure>\n\n\n\n<figure class=\"wp-block-image size-large\"><img loading=\"lazy\" decoding=\"async\" width=\"819\" height=\"1024\" data-id=\"11405\" src=\"https:\/\/jewsineastprussia.de\/wp-content\/uploads\/2024\/03\/429658680_18015058781506309_8496966245122805575_n-819x1024.jpg\" alt=\"\" class=\"wp-image-11405\" srcset=\"https:\/\/jewsineastprussia.de\/wp-content\/uploads\/2024\/03\/429658680_18015058781506309_8496966245122805575_n-819x1024.jpg 819w, https:\/\/jewsineastprussia.de\/wp-content\/uploads\/2024\/03\/429658680_18015058781506309_8496966245122805575_n-240x300.jpg 240w, https:\/\/jewsineastprussia.de\/wp-content\/uploads\/2024\/03\/429658680_18015058781506309_8496966245122805575_n-768x960.jpg 768w, https:\/\/jewsineastprussia.de\/wp-content\/uploads\/2024\/03\/429658680_18015058781506309_8496966245122805575_n-1229x1536.jpg 1229w, https:\/\/jewsineastprussia.de\/wp-content\/uploads\/2024\/03\/429658680_18015058781506309_8496966245122805575_n.jpg 1440w\" sizes=\"(max-width: 819px) 100vw, 819px\" \/><\/figure>\n\n\n\n<figure class=\"wp-block-image size-large\"><img loading=\"lazy\" decoding=\"async\" width=\"446\" height=\"596\" data-id=\"11407\" src=\"https:\/\/jewsineastprussia.de\/wp-content\/uploads\/2024\/03\/Screenshot-2024-03-08-131231.jpg\" alt=\"\" class=\"wp-image-11407\" srcset=\"https:\/\/jewsineastprussia.de\/wp-content\/uploads\/2024\/03\/Screenshot-2024-03-08-131231.jpg 446w, https:\/\/jewsineastprussia.de\/wp-content\/uploads\/2024\/03\/Screenshot-2024-03-08-131231-224x300.jpg 224w\" sizes=\"(max-width: 446px) 100vw, 446px\" \/><\/figure>\n<\/figure>\n\n\n<div class=\"wp-block-image\">\n<figure class=\"aligncenter\"><img loading=\"lazy\" decoding=\"async\" width=\"1024\" height=\"724\" src=\"https:\/\/jewsineastprussia.de\/wp-content\/uploads\/2019\/11\/Mikwe-Kaliningrad-1024x724.jpg\" alt=\"Mikwe old and new in Koenigsberg\" class=\"wp-image-4864\" srcset=\"https:\/\/jewsineastprussia.de\/wp-content\/uploads\/2019\/11\/Mikwe-Kaliningrad-1024x724.jpg 1024w, https:\/\/jewsineastprussia.de\/wp-content\/uploads\/2019\/11\/Mikwe-Kaliningrad-300x212.jpg 300w, https:\/\/jewsineastprussia.de\/wp-content\/uploads\/2019\/11\/Mikwe-Kaliningrad-768x543.jpg 768w, https:\/\/jewsineastprussia.de\/wp-content\/uploads\/2019\/11\/Mikwe-Kaliningrad.jpg 1600w\" sizes=\"(max-width: 1024px) 100vw, 1024px\" \/><\/figure>\n<\/div>\n\n\n<p class=\"has-text-align-center\">Oben links: Ausschnitt aus einem Bauantrag f\u00fcr eine Mikwe in K\u00f6nigsberg 1898,<br>oben rechts: Bauzeichnung der heutigen Mikwe<\/p>\n\n\n\n<p>Diese Synagoge wurde im November 2018 in Kaliningrad wieder eingeweiht, sie war fr\u00fcher und ist heute eines der sch\u00f6nsten Gottesh\u00e4user in Europa. Die urspr\u00fcngliche Synagoge, die 1896 in K\u00f6nigsberg erbaut wurde, wurde in der Pogromnacht Nov. 1938 besch\u00e4digt und danach vollst\u00e4ndig abgetragen.<\/p>\n\n\n\n<p>\u21d2 Was ist genau eine Mikwe? <a href=\"https:\/\/de.wikipedia.org\/wiki\/Mikwe\" target=\"_blank\" rel=\"noreferrer noopener\">Link auf Wikipedia >><\/a><\/p>\n","protected":false},"excerpt":{"rendered":"<p>Offizielle Einweihung der Mikwe am 16. Mai 2024 Die Mikwe wurde im Untergeschoss des Synagogengeb\u00e4udes eingerichtet, das 2018 fertiggestellt wurde. Die Frauen-Mikwe wurde zuerst fertiggestellt, gefolgt von dem Teil f\u00fcr M\u00e4nner und Gegenst\u00e4nde. An der Veranstaltung nahmen Delegierte aus ganz Russland, der Oberrabbiner von Russland, Herr Berl Lazar, Mitglieder der Gemeinde und die geehrten Sponsoren [&hellip;]<\/p>\n","protected":false},"author":1,"featured_media":0,"parent":0,"menu_order":0,"comment_status":"closed","ping_status":"closed","template":"","meta":{"footnotes":""},"categories":[76],"class_list":["post-11603","page","type-page","status-publish","hentry","category-nachrichten-von-der-kaliningrader-synagoge","entry"],"_links":{"self":[{"href":"https:\/\/jewsineastprussia.de\/de\/wp-json\/wp\/v2\/pages\/11603","targetHints":{"allow":["GET"]}}],"collection":[{"href":"https:\/\/jewsineastprussia.de\/de\/wp-json\/wp\/v2\/pages"}],"about":[{"href":"https:\/\/jewsineastprussia.de\/de\/wp-json\/wp\/v2\/types\/page"}],"author":[{"embeddable":true,"href":"https:\/\/jewsineastprussia.de\/de\/wp-json\/wp\/v2\/users\/1"}],"replies":[{"embeddable":true,"href":"https:\/\/jewsineastprussia.de\/de\/wp-json\/wp\/v2\/comments?post=11603"}],"version-history":[{"count":6,"href":"https:\/\/jewsineastprussia.de\/de\/wp-json\/wp\/v2\/pages\/11603\/revisions"}],"predecessor-version":[{"id":11668,"href":"https:\/\/jewsineastprussia.de\/de\/wp-json\/wp\/v2\/pages\/11603\/revisions\/11668"}],"wp:attachment":[{"href":"https:\/\/jewsineastprussia.de\/de\/wp-json\/wp\/v2\/media?parent=11603"}],"wp:term":[{"taxonomy":"category","embeddable":true,"href":"https:\/\/jewsineastprussia.de\/de\/wp-json\/wp\/v2\/categories?post=11603"}],"curies":[{"name":"wp","href":"https:\/\/api.w.org\/{rel}","templated":true}]}}