{"id":1168,"date":"2018-05-24T16:24:27","date_gmt":"2018-05-24T15:24:27","guid":{"rendered":"http:\/\/jewsineastprussia.de\/stories-about-people\/"},"modified":"2021-02-07T18:02:59","modified_gmt":"2021-02-07T17:02:59","slug":"stories-about-people","status":"publish","type":"page","link":"https:\/\/jewsineastprussia.de\/de\/stories-about-people\/","title":{"rendered":"Geschichten \u00fcber Menschen"},"content":{"rendered":"<h3>Artikel \u00fcber J\u00fcdische Geschichte in Ostpreu\u00dfen und den benachbarten Gebieten.<\/h3>\n<p>Auf dieser Seite begegnen Ihnen auch Texte aus der Zeit, an der wir zu Beginn Forschungsfragen stellten (vor ca. 20 Jahren) und in den Jahren danach in Archiven und Familienalben auf Spurensuche gingen. Denn die geschichtlichen Prozesse dieser Region zwischen Preu\u00dfen und Russland bzw. der deutschen Provinz und den Nachfolgestaaten Russlands nach dem Ersten Weltkrieg (Polen und Litauen) liegen bisher Abseits des gro\u00dfen Geschichtsinteresses. Aber wir merken, das Menschen \u00fcberrascht sind, wenn sie erfahren, dass hier das Deutsche Reich direkt an das &#8222;Pale of Settlement&#8220; (Ansiedlungsrayon) grenzte und das es sehr interessante Schnittstellen gab. Die geschichtlichen Prozesse dieser &#8222;Schnittstellen-Region&#8220; dauern bis heute an, die Wiedereinweihung einer Synagoge in Kaliningrad im Jahre 2018, die bis vor 80 Jahren in K\u00f6nigsberg stand, ist ein beeindruckendes Symbol daf\u00fcr &#8211; wiederum fast unbemerkt von der Welt\u00f6ffentlichkeit.<\/p>\n<figure id=\"attachment_2921\" aria-describedby=\"caption-attachment-2921\" style=\"width: 1024px\" class=\"wp-caption aligncenter\"><img fetchpriority=\"high\" decoding=\"async\" class=\"wp-image-2921 size-large\" src=\"https:\/\/jewsineastprussia.de\/wp-content\/uploads\/2018\/11\/Synagoge-Schiffe-cut-1024x449.jpg\" alt=\"Russ Synagoge und Schiffsanlegestelle\" width=\"1024\" height=\"449\" srcset=\"https:\/\/jewsineastprussia.de\/wp-content\/uploads\/2018\/11\/Synagoge-Schiffe-cut-1024x449.jpg 1024w, https:\/\/jewsineastprussia.de\/wp-content\/uploads\/2018\/11\/Synagoge-Schiffe-cut-300x132.jpg 300w, https:\/\/jewsineastprussia.de\/wp-content\/uploads\/2018\/11\/Synagoge-Schiffe-cut-768x337.jpg 768w, https:\/\/jewsineastprussia.de\/wp-content\/uploads\/2018\/11\/Synagoge-Schiffe-cut.jpg 1472w\" sizes=\"(max-width: 1024px) 100vw, 1024px\" \/><figcaption id=\"caption-attachment-2921\" class=\"wp-caption-text\">Synagoge und Schiffsanlegestelle &#8211; in Russ, Grenzgebiet Ostpreussens<\/figcaption><\/figure>\n<p>&nbsp;<\/p>\n<p><strong>J\u00fcdischer Identit\u00e4tswandel in Ostpreussen, Paradigmen.\u00a0<\/strong>Wissenschaftliche Ver\u00f6ffentlichung der Universit\u00e4t Klaipeda (Memel),\u00a0<a href=\"https:\/\/jewsineastprussia.de\/wp-content\/uploads\/2018\/05\/Jewish-Identity-Leiserowitz.pdf\" target=\"_blank\" rel=\"noopener noreferrer\">Ruth Leiserowitz, in Deutsch (in Engl. nur Abstract und Summary)\u00a0&gt;&gt;<\/a><\/p>\n<p><strong>J\u00fcdische Migration von Litauen nach Ostpreu\u00dfen (ab 1813)<\/strong><br \/>\nUntersucht man, woher die Zuwanderer kamen, stellt sich \u00fcberraschenderweise heraus, dass es sich vorwiegend um Kurzstreckenmigration handelte. Eine gro\u00dfe Anzahl von Juden, die im 19. Jh. naturalisiert wurden (Naturalisierung nannte man damals in Preu\u00dfen das Einb\u00fcrgerungsverfahren), stammte aus der direkten Grenzregion. Das Geflecht der Beziehungen zwischen den Juden zu beiden Seiten der Grenze ist bisher wenig erforscht worden..\u00a0 <a href=\"http:\/\/jewsineastprussia.de\/jewish-migration-from-lithuania-to-east-prussia\/?lang=de\">Weiter lesen&#8230;&#8230;&#8230;.. &gt;&gt;<\/a><\/p>\n<p><strong>Litvak Migratory Decisions 1860-1885<\/strong><br \/>\n<a href=\"https:\/\/jewsineastprussia.de\/wp-content\/uploads\/2018\/05\/ToGoToOrThroughPrussia.pdf\" target=\"_blank\" rel=\"noopener noreferrer\">from the Conference of the Kaplan Centre in Cape Town JAN07 &gt;&gt;<\/a><\/p>\n<figure id=\"attachment_3119\" aria-describedby=\"caption-attachment-3119\" style=\"width: 400px\" class=\"wp-caption alignnone\"><img decoding=\"async\" class=\"wp-image-3119 size-full\" src=\"https:\/\/jewsineastprussia.de\/wp-content\/uploads\/2018\/11\/Berta-David-Sandelowski400.jpg\" alt=\"\" width=\"400\" height=\"225\" srcset=\"https:\/\/jewsineastprussia.de\/wp-content\/uploads\/2018\/11\/Berta-David-Sandelowski400.jpg 400w, https:\/\/jewsineastprussia.de\/wp-content\/uploads\/2018\/11\/Berta-David-Sandelowski400-300x169.jpg 300w\" sizes=\"(max-width: 400px) 100vw, 400px\" \/><figcaption id=\"caption-attachment-3119\" class=\"wp-caption-text\">Bertha und David Sandelowski aus Tilsit (sie geb. Wyan) beide 49 Jahre alt, deportiert und ermordet bei Minsk<\/figcaption><\/figure>\n<p><strong>&#8222;Wenn doch blo\u00df dieser h\u00e4ssliche Krieg vorbei sei&#8220;<\/strong><br \/>\nJ\u00fcdisches Leben in der ostpreu\u00dfischen Provinz (1939-1943) <a href=\"https:\/\/jewsineastprussia.de\/wp-content\/uploads\/2018\/11\/Juden-OP-Provinz-Holocaust.pdf\" target=\"_blank\" rel=\"noopener noreferrer\">Beitrag von Ruth Leiserowitz \u00fcber den Holocaust in Ostpreussen &gt;&gt;<\/a><br \/>\nErschienen in Tagungsband (Konferenz 2011) \u00bbDas war mal unsere Heimat&#8230;\u00ab\u00a0J\u00fcdische Geschichte im preu\u00dfischen Osten, Bundesstiftung Flucht,\u00a0Vertreibung,\u00a0Vers\u00f6hnung<\/p>\n<p><strong>Reverberations of Kristallnacht in the East Prussian province towns<\/strong><br \/>\n<a href=\"https:\/\/jewsineastprussia.de\/wp-content\/uploads\/2018\/05\/Leiserowitz_Kristallnacht_engl..pdf\" target=\"_blank\" rel=\"noopener noreferrer\">Konferenz in Kaliningrad NOV13, in engl. &gt;&gt;<\/a><\/p>\n<p><strong>Buch: Sabbatleuchter und Kriegerverein: Juden in der ostpreu\u00dfisch-litauischen Grenzregion 1812-1942<\/strong> <a href=\"https:\/\/jewsineastprussia.de\/de\/history-book-about-jews-in-east-prussia\/\" rel=\"noopener\">(Einzelver\u00f6ffentlichungen des Deutschen Historischen Instituts Warschau) 2010, Autorin Ruth Leiserowitz &gt;&gt;<\/a><\/p>\n","protected":false},"excerpt":{"rendered":"<p>Artikel \u00fcber J\u00fcdische Geschichte in Ostpreu\u00dfen und den benachbarten Gebieten. Auf dieser Seite begegnen Ihnen auch Texte aus der Zeit, an der wir zu Beginn Forschungsfragen stellten (vor ca. 20 Jahren) und in den Jahren danach in Archiven und Familienalben auf Spurensuche gingen. Denn die geschichtlichen Prozesse dieser Region zwischen Preu\u00dfen und Russland bzw. der [&hellip;]<\/p>\n","protected":false},"author":1,"featured_media":0,"parent":0,"menu_order":0,"comment_status":"closed","ping_status":"closed","template":"","meta":{"footnotes":""},"categories":[140],"class_list":["post-1168","page","type-page","status-publish","hentry","category-familiengeschichten-de","entry"],"_links":{"self":[{"href":"https:\/\/jewsineastprussia.de\/de\/wp-json\/wp\/v2\/pages\/1168","targetHints":{"allow":["GET"]}}],"collection":[{"href":"https:\/\/jewsineastprussia.de\/de\/wp-json\/wp\/v2\/pages"}],"about":[{"href":"https:\/\/jewsineastprussia.de\/de\/wp-json\/wp\/v2\/types\/page"}],"author":[{"embeddable":true,"href":"https:\/\/jewsineastprussia.de\/de\/wp-json\/wp\/v2\/users\/1"}],"replies":[{"embeddable":true,"href":"https:\/\/jewsineastprussia.de\/de\/wp-json\/wp\/v2\/comments?post=1168"}],"version-history":[{"count":19,"href":"https:\/\/jewsineastprussia.de\/de\/wp-json\/wp\/v2\/pages\/1168\/revisions"}],"predecessor-version":[{"id":8754,"href":"https:\/\/jewsineastprussia.de\/de\/wp-json\/wp\/v2\/pages\/1168\/revisions\/8754"}],"wp:attachment":[{"href":"https:\/\/jewsineastprussia.de\/de\/wp-json\/wp\/v2\/media?parent=1168"}],"wp:term":[{"taxonomy":"category","embeddable":true,"href":"https:\/\/jewsineastprussia.de\/de\/wp-json\/wp\/v2\/categories?post=1168"}],"curies":[{"name":"wp","href":"https:\/\/api.w.org\/{rel}","templated":true}]}}