{"id":1212,"date":"2018-05-23T17:40:39","date_gmt":"2018-05-23T16:40:39","guid":{"rendered":"http:\/\/jewsineastprussia.de\/letters-to-us\/"},"modified":"2023-05-29T01:32:35","modified_gmt":"2023-05-28T23:32:35","slug":"letters-to-us","status":"publish","type":"page","link":"https:\/\/jewsineastprussia.de\/de\/letters-to-us\/","title":{"rendered":"Nachrichten  Echo auf unsere Aktivit\u00e4ten"},"content":{"rendered":"\t\t<div data-elementor-type=\"wp-post\" data-elementor-id=\"1212\" class=\"elementor elementor-1212\" data-elementor-post-type=\"page\">\n\t\t\t\t\t\t<section class=\"elementor-section elementor-top-section elementor-element elementor-element-19cc21a elementor-section-boxed elementor-section-height-default elementor-section-height-default\" data-id=\"19cc21a\" data-element_type=\"section\">\n\t\t\t\t\t\t<div class=\"elementor-container elementor-column-gap-default\">\n\t\t\t\t\t<div class=\"elementor-column elementor-col-100 elementor-top-column elementor-element elementor-element-cabbc5c\" data-id=\"cabbc5c\" data-element_type=\"column\">\n\t\t\t<div class=\"elementor-widget-wrap elementor-element-populated\">\n\t\t\t\t\t\t<div class=\"elementor-element elementor-element-f095164 elementor-widget elementor-widget-heading\" data-id=\"f095164\" data-element_type=\"widget\" data-widget_type=\"heading.default\">\n\t\t\t\t<div class=\"elementor-widget-container\">\n\t\t\t\t\t<h2 class=\"elementor-heading-title elementor-size-default\">R\u00fcckmeldungen<\/h2>\t\t\t\t<\/div>\n\t\t\t\t<\/div>\n\t\t\t\t\t<\/div>\n\t\t<\/div>\n\t\t\t\t\t<\/div>\n\t\t<\/section>\n\t\t\t\t<section class=\"elementor-section elementor-top-section elementor-element elementor-element-112bda6 elementor-section-boxed elementor-section-height-default elementor-section-height-default\" data-id=\"112bda6\" data-element_type=\"section\">\n\t\t\t\t\t\t<div class=\"elementor-container elementor-column-gap-default\">\n\t\t\t\t\t<div class=\"elementor-column elementor-col-100 elementor-top-column elementor-element elementor-element-c623df1\" data-id=\"c623df1\" data-element_type=\"column\">\n\t\t\t<div class=\"elementor-widget-wrap elementor-element-populated\">\n\t\t\t\t\t\t<div class=\"elementor-element elementor-element-a43608e elementor-widget elementor-widget-text-editor\" data-id=\"a43608e\" data-element_type=\"widget\" data-widget_type=\"text-editor.default\">\n\t\t\t\t<div class=\"elementor-widget-container\">\n\t\t\t\t\t\t\t\t\t<p>2023 MAI Facebook &#8211; Reaktion von Dorit Etzion (Israel) \u00fcber den Beitrag <a href=\"https:\/\/jewsineastprussia.de\/kleins-hanger-from-braunsberg\/\"><strong>Kleins Kleiderb\u00fcgel aus Braunsberg<\/strong>\u00a0<\/a><\/p>\t\t\t\t\t\t\t\t<\/div>\n\t\t\t\t<\/div>\n\t\t\t\t\t<\/div>\n\t\t<\/div>\n\t\t\t\t\t<\/div>\n\t\t<\/section>\n\t\t<div class=\"elementor-element elementor-element-2dd5d1c e-flex e-con-boxed e-con e-parent\" data-id=\"2dd5d1c\" data-element_type=\"container\">\n\t\t\t\t\t<div class=\"e-con-inner\">\n\t\t\t\t<div class=\"elementor-element elementor-element-b002f36 elementor-widget elementor-widget-text-editor\" data-id=\"b002f36\" data-element_type=\"widget\" data-widget_type=\"text-editor.default\">\n\t\t\t\t<div class=\"elementor-widget-container\">\n\t\t\t\t\t\t\t\t\t<p><img fetchpriority=\"high\" decoding=\"async\" class=\"alignleft size-medium wp-image-10888\" src=\"https:\/\/jewsineastprussia.de\/wp-content\/uploads\/2023\/05\/Ehepaar-Klein-300x200.jpg\" alt=\"\" width=\"300\" height=\"200\" srcset=\"https:\/\/jewsineastprussia.de\/wp-content\/uploads\/2023\/05\/Ehepaar-Klein-300x200.jpg 300w, https:\/\/jewsineastprussia.de\/wp-content\/uploads\/2023\/05\/Ehepaar-Klein-768x511.jpg 768w, https:\/\/jewsineastprussia.de\/wp-content\/uploads\/2023\/05\/Ehepaar-Klein.jpg 1024w\" sizes=\"(max-width: 300px) 100vw, 300px\" \/>An die sehr lieben Prof. Ruth und Michael Leiserowitz,<br \/>Es ist schwer zu beschreiben, welchen Gef\u00fchlsausbruch ich heute Morgen hatte, als ich Ihren Beitrag \u00fcber meine Gro\u00dfeltern Dr. Walter Klein und seine Frau Herta aus K\u00f6nigsberg und deren Gedenken in Ihrem Projekt im neuen Museum in der restaurierten Synagoge in K\u00f6nigsberg sah.<br \/>Es begann mit Ihren R\u00fcckfragen, die ich in Folge meiner Streifz\u00fcge durch das Internet von Ihnen bekam und ich teilte mit Ihnen die Information \u00fcber meine Gro\u00dfeltern, in Bildern und Briefen, von denen Sie einige f\u00fcr mich \u00fcbersetzt haben. Ihr setztet die Nachforschungen in den Archiven im Ausland fort und reistet am Ende bis in die Geburtsstadt meines Gro\u00dfvaters nach Braunsberg und in das dortige Regional-Museum von Braniewo. Ihr fandet die Kleiderb\u00fcgel und das Foto von dem Modegesch\u00e4ft meines Urgro\u00dfvaters Jacob Klein und seiner Frau Clara.<br \/>Mir fehlen die Worte, um Ihnen zu danken und Ihnen noch einmal f\u00fcr all Ihre Investition in das Gedenken an meine lieben Gro\u00dfeltern zu danken. Meine T\u00f6chter und Enkel freuen sich mit mir sehr \u00fcber jede Information und \u00fcber die Gedenkarbeit die das Museum in K\u00f6nigsberg leistet.<br \/>Ich hoffe die Gelegenheit zu bekommen das Museum in K\u00f6nigsberg und Braniewo (dem ehemaligen Braunsberg) zu besuchen. 28.05.2023<\/p>\t\t\t\t\t\t\t\t<\/div>\n\t\t\t\t<\/div>\n\t\t\t\t\t<\/div>\n\t\t\t\t<\/div>\n\t\t\t\t<section class=\"elementor-section elementor-top-section elementor-element elementor-element-244752a elementor-section-boxed elementor-section-height-default elementor-section-height-default\" data-id=\"244752a\" data-element_type=\"section\">\n\t\t\t\t\t\t<div class=\"elementor-container elementor-column-gap-default\">\n\t\t\t\t\t<div class=\"elementor-column elementor-col-100 elementor-top-column elementor-element elementor-element-180e39e\" data-id=\"180e39e\" data-element_type=\"column\">\n\t\t\t<div class=\"elementor-widget-wrap elementor-element-populated\">\n\t\t\t\t\t\t<div class=\"elementor-element elementor-element-e63ed1b elementor-widget elementor-widget-text-editor\" data-id=\"e63ed1b\" data-element_type=\"widget\" data-widget_type=\"text-editor.default\">\n\t\t\t\t<div class=\"elementor-widget-container\">\n\t\t\t\t\t\t\t\t\t<p>2018 JAN Facebook &#8211; Dank f\u00fcr die Erw\u00e4hnung der <strong>Familie Heymann<\/strong> im Katalog der Ausstellung &#8222;Juden in K\u00f6nigsberg&#8220; &#8211; Link zur Seite <a href=\"https:\/\/jewsineastprussia.de\/jews-in-koenigsberg-catalogue-of-the-exhibition\/?lang=de\">Ausstellungskatalog &gt;&gt;<\/a><\/p>\t\t\t\t\t\t\t\t<\/div>\n\t\t\t\t<\/div>\n\t\t\t\t\t<\/div>\n\t\t<\/div>\n\t\t\t\t\t<\/div>\n\t\t<\/section>\n\t\t\t\t<section class=\"elementor-section elementor-top-section elementor-element elementor-element-a1590c9 elementor-section-boxed elementor-section-height-default elementor-section-height-default\" data-id=\"a1590c9\" data-element_type=\"section\">\n\t\t\t\t\t\t<div class=\"elementor-container elementor-column-gap-default\">\n\t\t\t\t\t<div class=\"elementor-column elementor-col-100 elementor-top-column elementor-element elementor-element-284f494\" data-id=\"284f494\" data-element_type=\"column\">\n\t\t\t<div class=\"elementor-widget-wrap elementor-element-populated\">\n\t\t\t\t\t\t<div class=\"elementor-element elementor-element-b184e7c elementor-widget elementor-widget-image\" data-id=\"b184e7c\" data-element_type=\"widget\" data-widget_type=\"image.default\">\n\t\t\t\t<div class=\"elementor-widget-container\">\n\t\t\t\t\t\t\t\t\t\t\t\t\t\t\t<img decoding=\"async\" width=\"1024\" height=\"516\" src=\"https:\/\/jewsineastprussia.de\/wp-content\/uploads\/2019\/05\/Katalog-dank-1024x516.jpg\" class=\"attachment-large size-large wp-image-3814\" alt=\"Reaction Heyman to catalogue exhibition\" srcset=\"https:\/\/jewsineastprussia.de\/wp-content\/uploads\/2019\/05\/Katalog-dank-1024x516.jpg 1024w, https:\/\/jewsineastprussia.de\/wp-content\/uploads\/2019\/05\/Katalog-dank-300x151.jpg 300w, https:\/\/jewsineastprussia.de\/wp-content\/uploads\/2019\/05\/Katalog-dank-768x387.jpg 768w, https:\/\/jewsineastprussia.de\/wp-content\/uploads\/2019\/05\/Katalog-dank.jpg 1386w\" sizes=\"(max-width: 1024px) 100vw, 1024px\" \/>\t\t\t\t\t\t\t\t\t\t\t\t\t\t\t<\/div>\n\t\t\t\t<\/div>\n\t\t\t\t\t<\/div>\n\t\t<\/div>\n\t\t\t\t\t<\/div>\n\t\t<\/section>\n\t\t\t\t<section class=\"elementor-section elementor-top-section elementor-element elementor-element-c5b4b9f elementor-section-boxed elementor-section-height-default elementor-section-height-default\" data-id=\"c5b4b9f\" data-element_type=\"section\">\n\t\t\t\t\t\t<div class=\"elementor-container elementor-column-gap-default\">\n\t\t\t\t\t<div class=\"elementor-column elementor-col-100 elementor-top-column elementor-element elementor-element-4f096ee\" data-id=\"4f096ee\" data-element_type=\"column\">\n\t\t\t<div class=\"elementor-widget-wrap elementor-element-populated\">\n\t\t\t\t\t\t<div class=\"elementor-element elementor-element-f29b2ef elementor-widget-divider--view-line elementor-widget elementor-widget-divider\" data-id=\"f29b2ef\" data-element_type=\"widget\" data-widget_type=\"divider.default\">\n\t\t\t\t<div class=\"elementor-widget-container\">\n\t\t\t\t\t\t\t<div class=\"elementor-divider\">\n\t\t\t<span class=\"elementor-divider-separator\">\n\t\t\t\t\t\t<\/span>\n\t\t<\/div>\n\t\t\t\t\t\t<\/div>\n\t\t\t\t<\/div>\n\t\t\t\t\t<\/div>\n\t\t<\/div>\n\t\t\t\t\t<\/div>\n\t\t<\/section>\n\t\t\t\t<section class=\"elementor-section elementor-top-section elementor-element elementor-element-48aa745f elementor-section-boxed elementor-section-height-default elementor-section-height-default\" data-id=\"48aa745f\" data-element_type=\"section\">\n\t\t\t\t\t\t<div class=\"elementor-container elementor-column-gap-default\">\n\t\t\t\t\t<div class=\"elementor-column elementor-col-100 elementor-top-column elementor-element elementor-element-1a4ef80c\" data-id=\"1a4ef80c\" data-element_type=\"column\">\n\t\t\t<div class=\"elementor-widget-wrap elementor-element-populated\">\n\t\t\t\t\t\t<div class=\"elementor-element elementor-element-3c5f0e46 elementor-widget elementor-widget-text-editor\" data-id=\"3c5f0e46\" data-element_type=\"widget\" data-widget_type=\"text-editor.default\">\n\t\t\t\t<div class=\"elementor-widget-container\">\n\t\t\t\t\t\t\t\t\t<p>Reactions<\/p><p>Facebook &#8211;\u00a0J. McGovern \/ USA\u00a0 25. Mai 2014<\/p><figure id=\"attachment_753\" aria-describedby=\"caption-attachment-753\" style=\"width: 216px\" class=\"wp-caption alignleft\"><img decoding=\"async\" class=\"size-medium wp-image-753\" src=\"http:\/\/jewsineastprussia.de\/wp-content\/uploads\/2018\/05\/Pollnow-Ferdinand-216x300.jpg\" alt=\"\" width=\"216\" height=\"300\" \/><figcaption id=\"caption-attachment-753\" class=\"wp-caption-text\">Ferdinand Pollnow<\/figcaption><\/figure><p>I want to thank the Administrators of this page. Two years ago I posted an inquiry looking for information on my wife&#8217;s ancestor <strong>Ferdinand Pollnow 1825- 1886<\/strong>, and his family. I listed names of his daughters and their husbands. Ferdinand was born in Ragnit to Samuel, and died in Goldap, before the family moved back to Tilsit. Last month Robert Gregory, our new cousin, found my original post and recognized the names from a handwritten family tree that his mother had in Sydney Australia. The tree was created in stages from 1917 to 1985, started by Hans-Moritz Pollnow of Koenigsberg 1902-1943. Robert sent me the tree and support information and we added almost 150 new names of Pollnow decedents Happy to the few names that we had. The tree added four new generations that proceeded Ferdinand&#8217;s, going back to 1720. It also shows the family dispersed across many countries starting in the 19th century. This Facebook page will have made possible our ability to keep the Pollnow history alive and current.<\/p>\t\t\t\t\t\t\t\t<\/div>\n\t\t\t\t<\/div>\n\t\t\t\t\t<\/div>\n\t\t<\/div>\n\t\t\t\t\t<\/div>\n\t\t<\/section>\n\t\t\t\t<section class=\"elementor-section elementor-top-section elementor-element elementor-element-2aca78e elementor-section-boxed elementor-section-height-default elementor-section-height-default\" data-id=\"2aca78e\" data-element_type=\"section\">\n\t\t\t\t\t\t<div class=\"elementor-container elementor-column-gap-default\">\n\t\t\t\t\t<div class=\"elementor-column elementor-col-100 elementor-top-column elementor-element elementor-element-2cef344\" data-id=\"2cef344\" data-element_type=\"column\">\n\t\t\t<div class=\"elementor-widget-wrap elementor-element-populated\">\n\t\t\t\t\t\t<div class=\"elementor-element elementor-element-05d58c0 elementor-widget-divider--view-line elementor-widget elementor-widget-divider\" data-id=\"05d58c0\" data-element_type=\"widget\" data-widget_type=\"divider.default\">\n\t\t\t\t<div class=\"elementor-widget-container\">\n\t\t\t\t\t\t\t<div class=\"elementor-divider\">\n\t\t\t<span class=\"elementor-divider-separator\">\n\t\t\t\t\t\t<\/span>\n\t\t<\/div>\n\t\t\t\t\t\t<\/div>\n\t\t\t\t<\/div>\n\t\t\t\t\t<\/div>\n\t\t<\/div>\n\t\t\t\t\t<\/div>\n\t\t<\/section>\n\t\t\t\t<section class=\"elementor-section elementor-top-section elementor-element elementor-element-c7b0fc9 elementor-section-boxed elementor-section-height-default elementor-section-height-default\" data-id=\"c7b0fc9\" data-element_type=\"section\">\n\t\t\t\t\t\t<div class=\"elementor-container elementor-column-gap-default\">\n\t\t\t\t\t<div class=\"elementor-column elementor-col-100 elementor-top-column elementor-element elementor-element-bfc5e43\" data-id=\"bfc5e43\" data-element_type=\"column\">\n\t\t\t<div class=\"elementor-widget-wrap elementor-element-populated\">\n\t\t\t\t\t\t<div class=\"elementor-element elementor-element-46f2047 elementor-widget elementor-widget-text-editor\" data-id=\"46f2047\" data-element_type=\"widget\" data-widget_type=\"text-editor.default\">\n\t\t\t\t<div class=\"elementor-widget-container\">\n\t\t\t\t\t\t\t\t\t<p>S<span style=\"font-size: 16px; font-style: normal; font-variant-ligatures: normal; font-variant-caps: normal; font-weight: 400;\">ent: Thursday, 1. February 2007 07:14<\/span><\/p><p style=\"font-variant-ligatures: normal; font-variant-caps: normal; line-height: 22.4px; font-style: normal; font-weight: 400;\">to: Dr. Ruth Leiserowitz<br \/>Suject: <strong>Ashfield calling<\/strong><\/p><p style=\"font-variant-ligatures: normal; font-variant-caps: normal; line-height: 22.4px; font-style: normal; font-weight: 400;\">Dear Dr. Ruth, I thank you so much for your letter keeping me in touch of the work you are doing and where the exhibition re the Jewish community of East Prussia for which I sent you some of our family&#8217;s photos. I wonder if you would be so kind as to let me know when and where the exhibition will be held when it gets to Israel as I have cousins there who would be most interested to see it.\u00a0I also wonder if you will ever come as far as Australia?<br \/>As always, I wish you much success with these exhibitions .. you have put so much work into them, you deserve no less. With kindest regards, Hanna<\/p>\t\t\t\t\t\t\t\t<\/div>\n\t\t\t\t<\/div>\n\t\t\t\t\t<\/div>\n\t\t<\/div>\n\t\t\t\t\t<\/div>\n\t\t<\/section>\n\t\t\t\t<section class=\"elementor-section elementor-top-section elementor-element elementor-element-abb2642 elementor-section-boxed elementor-section-height-default elementor-section-height-default\" data-id=\"abb2642\" data-element_type=\"section\">\n\t\t\t\t\t\t<div class=\"elementor-container elementor-column-gap-default\">\n\t\t\t\t\t<div class=\"elementor-column elementor-col-100 elementor-top-column elementor-element elementor-element-7570dc0\" data-id=\"7570dc0\" data-element_type=\"column\">\n\t\t\t<div class=\"elementor-widget-wrap elementor-element-populated\">\n\t\t\t\t\t\t<div class=\"elementor-element elementor-element-76c52f0 elementor-widget-divider--view-line elementor-widget elementor-widget-divider\" data-id=\"76c52f0\" data-element_type=\"widget\" data-widget_type=\"divider.default\">\n\t\t\t\t<div class=\"elementor-widget-container\">\n\t\t\t\t\t\t\t<div class=\"elementor-divider\">\n\t\t\t<span class=\"elementor-divider-separator\">\n\t\t\t\t\t\t<\/span>\n\t\t<\/div>\n\t\t\t\t\t\t<\/div>\n\t\t\t\t<\/div>\n\t\t\t\t\t<\/div>\n\t\t<\/div>\n\t\t\t\t\t<\/div>\n\t\t<\/section>\n\t\t\t\t<section class=\"elementor-section elementor-top-section elementor-element elementor-element-5c29d2d elementor-section-boxed elementor-section-height-default elementor-section-height-default\" data-id=\"5c29d2d\" data-element_type=\"section\">\n\t\t\t\t\t\t<div class=\"elementor-container elementor-column-gap-default\">\n\t\t\t\t\t<div class=\"elementor-column elementor-col-100 elementor-top-column elementor-element elementor-element-b828c89\" data-id=\"b828c89\" data-element_type=\"column\">\n\t\t\t<div class=\"elementor-widget-wrap elementor-element-populated\">\n\t\t\t\t\t\t<div class=\"elementor-element elementor-element-d458bc5 elementor-widget elementor-widget-text-editor\" data-id=\"d458bc5\" data-element_type=\"widget\" data-widget_type=\"text-editor.default\">\n\t\t\t\t<div class=\"elementor-widget-container\">\n\t\t\t\t\t\t\t\t\t<p>2007 From Breslau via Gdansk to K\u00f6nigsberg Seminar Berlin 31AUG<\/p><p>Dear Dr. Ruth Leiserowitz,<\/p><p>I would like to thank you once again for the invitation to the seminar \u201eFrom Breslau via Gdansk to Koenigsberg\u201c. The participation in the seminar provided me with numerous informations on various research issues which different organisations are currently occupied with. I was also able <strong>to gain a wider insight in the history of Jews in Silesia \u2013 and not only in East Prussia, but also in the whole German territory.<\/strong> Not minor important was for me the possibility to get to know people who are working with similar topics. I am convinced that the contacts I made during the seminar will be useful for the future cooperation. The participation in the seminar gave me motivation for the prospective work in the given range of topics.<\/p><p>With best regards from Gliwic (Poland)<\/p><p>Bozena Kubit<\/p>\t\t\t\t\t\t\t\t<\/div>\n\t\t\t\t<\/div>\n\t\t\t\t\t<\/div>\n\t\t<\/div>\n\t\t\t\t\t<\/div>\n\t\t<\/section>\n\t\t\t\t<section class=\"elementor-section elementor-top-section elementor-element elementor-element-ccd2d4a elementor-section-boxed elementor-section-height-default elementor-section-height-default\" data-id=\"ccd2d4a\" data-element_type=\"section\">\n\t\t\t\t\t\t<div class=\"elementor-container elementor-column-gap-default\">\n\t\t\t\t\t<div class=\"elementor-column elementor-col-100 elementor-top-column elementor-element elementor-element-f3069c6\" data-id=\"f3069c6\" data-element_type=\"column\">\n\t\t\t<div class=\"elementor-widget-wrap elementor-element-populated\">\n\t\t\t\t\t\t<div class=\"elementor-element elementor-element-034a787 elementor-widget elementor-widget-spacer\" data-id=\"034a787\" data-element_type=\"widget\" data-widget_type=\"spacer.default\">\n\t\t\t\t<div class=\"elementor-widget-container\">\n\t\t\t\t\t\t\t<div class=\"elementor-spacer\">\n\t\t\t<div class=\"elementor-spacer-inner\"><\/div>\n\t\t<\/div>\n\t\t\t\t\t\t<\/div>\n\t\t\t\t<\/div>\n\t\t\t\t\t<\/div>\n\t\t<\/div>\n\t\t\t\t\t<\/div>\n\t\t<\/section>\n\t\t\t\t<section class=\"elementor-section elementor-top-section elementor-element elementor-element-416af16 elementor-section-boxed elementor-section-height-default elementor-section-height-default\" data-id=\"416af16\" data-element_type=\"section\">\n\t\t\t\t\t\t<div class=\"elementor-container elementor-column-gap-default\">\n\t\t\t\t\t<div class=\"elementor-column elementor-col-100 elementor-top-column elementor-element elementor-element-2df332d\" data-id=\"2df332d\" data-element_type=\"column\">\n\t\t\t<div class=\"elementor-widget-wrap elementor-element-populated\">\n\t\t\t\t\t\t<div class=\"elementor-element elementor-element-3bd65aa elementor-widget elementor-widget-text-editor\" data-id=\"3bd65aa\" data-element_type=\"widget\" data-widget_type=\"text-editor.default\">\n\t\t\t\t<div class=\"elementor-widget-container\">\n\t\t\t\t\t\t\t\t\t<p><a href=\"https:\/\/jewsineastprussia.de\/de\/donations-for-the-association-jews-in-east-prussia\/\" target=\"_blank\" rel=\"noopener noreferrer\">Link zu Juden in Ostpreussens Spendenseite &gt;&gt;<\/a><\/p>\t\t\t\t\t\t\t\t<\/div>\n\t\t\t\t<\/div>\n\t\t\t\t\t<\/div>\n\t\t<\/div>\n\t\t\t\t\t<\/div>\n\t\t<\/section>\n\t\t\t\t<\/div>\n\t\t","protected":false},"excerpt":{"rendered":"<p>R\u00fcckmeldungen 2023 MAI Facebook &#8211; Reaktion von Dorit Etzion (Israel) \u00fcber den Beitrag Kleins Kleiderb\u00fcgel aus Braunsberg\u00a0 An die sehr lieben Prof. Ruth und Michael Leiserowitz,Es ist schwer zu beschreiben, welchen Gef\u00fchlsausbruch ich heute Morgen hatte, als ich Ihren Beitrag \u00fcber meine Gro\u00dfeltern Dr. Walter Klein und seine Frau Herta aus K\u00f6nigsberg und deren Gedenken [&hellip;]<\/p>\n","protected":false},"author":1,"featured_media":0,"parent":0,"menu_order":0,"comment_status":"closed","ping_status":"closed","template":"","meta":{"footnotes":""},"categories":[25],"class_list":["post-1212","page","type-page","status-publish","hentry","category-unkategorisiert","entry"],"_links":{"self":[{"href":"https:\/\/jewsineastprussia.de\/de\/wp-json\/wp\/v2\/pages\/1212","targetHints":{"allow":["GET"]}}],"collection":[{"href":"https:\/\/jewsineastprussia.de\/de\/wp-json\/wp\/v2\/pages"}],"about":[{"href":"https:\/\/jewsineastprussia.de\/de\/wp-json\/wp\/v2\/types\/page"}],"author":[{"embeddable":true,"href":"https:\/\/jewsineastprussia.de\/de\/wp-json\/wp\/v2\/users\/1"}],"replies":[{"embeddable":true,"href":"https:\/\/jewsineastprussia.de\/de\/wp-json\/wp\/v2\/comments?post=1212"}],"version-history":[{"count":26,"href":"https:\/\/jewsineastprussia.de\/de\/wp-json\/wp\/v2\/pages\/1212\/revisions"}],"predecessor-version":[{"id":10927,"href":"https:\/\/jewsineastprussia.de\/de\/wp-json\/wp\/v2\/pages\/1212\/revisions\/10927"}],"wp:attachment":[{"href":"https:\/\/jewsineastprussia.de\/de\/wp-json\/wp\/v2\/media?parent=1212"}],"wp:term":[{"taxonomy":"category","embeddable":true,"href":"https:\/\/jewsineastprussia.de\/de\/wp-json\/wp\/v2\/categories?post=1212"}],"curies":[{"name":"wp","href":"https:\/\/api.w.org\/{rel}","templated":true}]}}