{"id":12732,"date":"2018-11-26T00:11:29","date_gmt":"2018-11-25T23:11:29","guid":{"rendered":"https:\/\/jewsineastprussia.de\/juden-in-memel-des-20-jahrhunderts\/"},"modified":"2026-04-24T10:52:33","modified_gmt":"2026-04-24T08:52:33","slug":"juden-in-memel-des-20-jahrhunderts","status":"publish","type":"page","link":"https:\/\/jewsineastprussia.de\/de\/juden-in-memel-des-20-jahrhunderts\/","title":{"rendered":"Juden in Memel des 20. Jahrhunderts"},"content":{"rendered":"\n<p>Memel \u2013 fr\u00fcher ein Teil von Ostpreussen, heute in Litauen,\u00a0auf Litauisch: Klaipeda<\/p>\n\n\n\n<div class=\"wp-block-media-text has-media-on-the-right is-stacked-on-mobile is-image-fill-element\" style=\"grid-template-columns:auto 40%\"><div class=\"wp-block-media-text__content\">\n<p>Sch\u00fctzenhaus in Memel\/Klaipeda, \u0160auli\u0173 g. 36, einst die traditionelle Festhalle f\u00fcr Purim- und Chanukafeiern der J\u00fcd. Gemeinde und des Bar Kochba Sportvereins<\/p>\n<\/div><figure class=\"wp-block-media-text__media\"><img fetchpriority=\"high\" decoding=\"async\" width=\"800\" height=\"579\" src=\"https:\/\/jewsineastprussia.de\/wp-content\/uploads\/2018\/11\/Schuetzenhaus.jpg\" alt=\"Memel Schuetzenhaus\" class=\"wp-image-2875 size-full\" style=\"object-position:50% 50%\" srcset=\"https:\/\/jewsineastprussia.de\/wp-content\/uploads\/2018\/11\/Schuetzenhaus.jpg 800w, https:\/\/jewsineastprussia.de\/wp-content\/uploads\/2018\/11\/Schuetzenhaus-300x217.jpg 300w, https:\/\/jewsineastprussia.de\/wp-content\/uploads\/2018\/11\/Schuetzenhaus-768x556.jpg 768w\" sizes=\"(max-width: 800px) 100vw, 800px\" \/><\/figure><\/div>\n\n\n\n<p>Aufsatz<\/p>\n\n\n\n<h3 class=\"wp-block-heading\">Die Illusion der Transmigratorischen Existenz.<br>Juden in Memel des 20. Jahrhunderts<\/h3>\n\n\n\n<p>Publikation Nord Ost Institut (Universit\u00e4t Hamburg): Nordost-Archiv, Kapitel im Band 10<\/p>\n\n\n\n<p>Autor: Ruth Leiserowitz, <a href=\"https:\/\/jewsineastprussia.de\/wp-content\/uploads\/2018\/11\/JewsMemel2003.pdf\" target=\"_blank\" rel=\"noreferrer noopener\">Pdf-Dokument, 30 Seiten, download >><\/a><\/p>\n\n\n\n<div class=\"wp-block-media-text has-media-on-the-right is-stacked-on-mobile\" style=\"grid-template-columns:auto 29%\"><div class=\"wp-block-media-text__content\">\n<p>Kapitel:<\/p>\n\n\n\n<ul class=\"wp-block-list\">\n<li>Einleitung<\/li>\n\n\n\n<li>Quellen<\/li>\n\n\n\n<li>Schnittstelle von Ost und West<\/li>\n\n\n\n<li>Der neue Aufschwung<\/li>\n\n\n\n<li>Statistiken<\/li>\n\n\n\n<li>Wirtschaft<\/li>\n\n\n\n<li>Schule<\/li>\n\n\n\n<li>Sprachgebrauch<\/li>\n\n\n\n<li>Vereinsleben<\/li>\n\n\n\n<li>J\u00fcdisches Leben<\/li>\n\n\n\n<li>Gesellschaftliches Leben<\/li>\n\n\n\n<li>Auf dem Land<\/li>\n\n\n\n<li>Drohende Vorzeichen<\/li>\n\n\n\n<li>Flucht<\/li>\n\n\n\n<li>Flucht auf dem Land<\/li>\n\n\n\n<li>Vergebliche Suche nach Auswegen<\/li>\n\n\n\n<li>Vernichtung<\/li>\n\n\n\n<li>Memel ohne Juden<\/li>\n\n\n\n<li>Heydekrug 1941-1943<\/li>\n\n\n\n<li>Zusammenfassung<br><\/li>\n<\/ul>\n<\/div><figure class=\"wp-block-media-text__media\"><img decoding=\"async\" width=\"308\" height=\"443\" src=\"https:\/\/jewsineastprussia.de\/wp-content\/uploads\/2018\/11\/Memel20JH-cover.jpg\" alt=\"Stadt Memel Nordost-Archiv\" class=\"wp-image-2869 size-full\" srcset=\"https:\/\/jewsineastprussia.de\/wp-content\/uploads\/2018\/11\/Memel20JH-cover.jpg 308w, https:\/\/jewsineastprussia.de\/wp-content\/uploads\/2018\/11\/Memel20JH-cover-209x300.jpg 209w\" sizes=\"(max-width: 308px) 100vw, 308px\" \/><\/figure><\/div>\n\n\n\n<p>Essay in English <a href=\"https:\/\/jewsineastprussia.de\/wp-content\/uploads\/2018\/11\/JewsMemel2003.pdf\">Link to the 1,4 MB Pdf-File for Download &gt;&gt;<\/a><\/p>\n\n\n\n<p>Go to directory <a href=\"https:\/\/jewsineastprussia.de\/a-z-places-in-east-prussia\/\">Places in East Prussia A-Z &gt;&gt;<\/a><\/p>\n\n\n\n<p><\/p>\n\n\n\n<p><\/p>\n\n\n\n<p><\/p>\n","protected":false},"excerpt":{"rendered":"<p>Memel \u2013 fr\u00fcher ein Teil von Ostpreussen, heute in Litauen,\u00a0auf Litauisch: Klaipeda Sch\u00fctzenhaus in Memel\/Klaipeda, \u0160auli\u0173 g. 36, einst die traditionelle Festhalle f\u00fcr Purim- und Chanukafeiern der J\u00fcd. Gemeinde und des Bar Kochba Sportvereins Aufsatz Die Illusion der Transmigratorischen Existenz.Juden in Memel des 20. Jahrhunderts Publikation Nord Ost Institut (Universit\u00e4t Hamburg): Nordost-Archiv, Kapitel im Band [&hellip;]<\/p>\n","protected":false},"author":1,"featured_media":0,"parent":0,"menu_order":0,"comment_status":"closed","ping_status":"closed","template":"","meta":{"footnotes":""},"categories":[372],"class_list":["post-12732","page","type-page","status-publish","hentry","category-memel-klaipeda-de-2","entry"],"_links":{"self":[{"href":"https:\/\/jewsineastprussia.de\/de\/wp-json\/wp\/v2\/pages\/12732","targetHints":{"allow":["GET"]}}],"collection":[{"href":"https:\/\/jewsineastprussia.de\/de\/wp-json\/wp\/v2\/pages"}],"about":[{"href":"https:\/\/jewsineastprussia.de\/de\/wp-json\/wp\/v2\/types\/page"}],"author":[{"embeddable":true,"href":"https:\/\/jewsineastprussia.de\/de\/wp-json\/wp\/v2\/users\/1"}],"replies":[{"embeddable":true,"href":"https:\/\/jewsineastprussia.de\/de\/wp-json\/wp\/v2\/comments?post=12732"}],"version-history":[{"count":3,"href":"https:\/\/jewsineastprussia.de\/de\/wp-json\/wp\/v2\/pages\/12732\/revisions"}],"predecessor-version":[{"id":12737,"href":"https:\/\/jewsineastprussia.de\/de\/wp-json\/wp\/v2\/pages\/12732\/revisions\/12737"}],"wp:attachment":[{"href":"https:\/\/jewsineastprussia.de\/de\/wp-json\/wp\/v2\/media?parent=12732"}],"wp:term":[{"taxonomy":"category","embeddable":true,"href":"https:\/\/jewsineastprussia.de\/de\/wp-json\/wp\/v2\/categories?post=12732"}],"curies":[{"name":"wp","href":"https:\/\/api.w.org\/{rel}","templated":true}]}}