{"id":2538,"date":"2018-11-15T22:05:34","date_gmt":"2018-11-15T22:05:34","guid":{"rendered":"http:\/\/jewsineastprussia.de\/tombstones-at-the-old-jewish-cemetery-in-konigsberg\/"},"modified":"2023-11-11T22:29:52","modified_gmt":"2023-11-11T21:29:52","slug":"tombstones-at-the-old-jewish-cemetery-in-konigsberg","status":"publish","type":"page","link":"https:\/\/jewsineastprussia.de\/de\/tombstones-at-the-old-jewish-cemetery-in-konigsberg\/","title":{"rendered":"Grabsteine im Alten J\u00fcd. Friedhof in K\u00f6nigsberg"},"content":{"rendered":"\n<p><br>Februar 2022 Grabsteinfund in Kaliningrad.<\/p>\n\n\n\n<figure class=\"wp-block-image size-large\"><img fetchpriority=\"high\" decoding=\"async\" width=\"1024\" height=\"960\" src=\"https:\/\/jewsineastprussia.de\/wp-content\/uploads\/2022\/02\/Landsberg-tombstone.jpg\" alt=\"Tombstone Landsberg K\u00f6nigsberg\" class=\"wp-image-9914\" srcset=\"https:\/\/jewsineastprussia.de\/wp-content\/uploads\/2022\/02\/Landsberg-tombstone.jpg 1024w, https:\/\/jewsineastprussia.de\/wp-content\/uploads\/2022\/02\/Landsberg-tombstone-300x281.jpg 300w, https:\/\/jewsineastprussia.de\/wp-content\/uploads\/2022\/02\/Landsberg-tombstone-768x720.jpg 768w\" sizes=\"(max-width: 1024px) 100vw, 1024px\" \/><\/figure>\n\n\n\n<p>Helena <strong>Landsberg <\/strong>geb. <strong>Simonsohn <\/strong>(1810 Lissa &#8211; 1874 K\u00f6nigsberg) war auf dem <strong>Tragheimer Friedhof<\/strong>, dem ersten J\u00fcdischen Friedhof K\u00f6nigsbergs (ab 1704) beerdigt. Er lag bei seiner Gr\u00fcndung damals am Nordrand der Stadt und bestand bis in die 1970er Jahre. Vor Kurzem wurde der Stein an einer anderen Stelle in der Stadt wiederentdeckt. Das Foto wurde einem Mitglied der J\u00fcdischen Gemeinde Kaliningrads \u00fcbersandt. Zwei T\u00f6chter Helenes heirateten in die gro\u00dfe ostpreu\u00dfisch-j\u00fcdische Familie Eichelbaum.<\/p>\n\n\n<div class=\"wp-block-image\">\n<figure class=\"aligncenter\"><img decoding=\"async\" width=\"1024\" height=\"525\" src=\"https:\/\/jewsineastprussia.de\/wp-content\/uploads\/2020\/01\/Friedhof-Koenigstor.jpg\" alt=\"Trees and Tombs at cemetery\" class=\"wp-image-5025\" srcset=\"https:\/\/jewsineastprussia.de\/wp-content\/uploads\/2020\/01\/Friedhof-Koenigstor.jpg 1024w, https:\/\/jewsineastprussia.de\/wp-content\/uploads\/2020\/01\/Friedhof-Koenigstor-300x154.jpg 300w, https:\/\/jewsineastprussia.de\/wp-content\/uploads\/2020\/01\/Friedhof-Koenigstor-768x394.jpg 768w\" sizes=\"(max-width: 1024px) 100vw, 1024px\" \/><\/figure>\n<\/div>\n\n\n<p><br>Bilder von den letzten verbliebenen Grabsteinen des <strong>Alten J\u00fcdischen Friedhof<\/strong>s in Kaliningrad (K\u00f6nigsberg), aufgenommen im M\u00e4rz 2007 von Ruth Leiserowitz, von 2018, Jan 2020 und Jan 2021<\/p>\n\n\n\n<p><a href=\"http:\/\/jewsineastprussia.de\/413-2\/?lang=de\">zur\u00fcck&#8230;. &gt;&gt;<\/a><\/p>\n\n\n<div class=\"wp-block-image\">\n<figure class=\"aligncenter\"><img decoding=\"async\" width=\"300\" height=\"162\" src=\"https:\/\/jewsineastprussia.de\/wp-content\/uploads\/2018\/11\/AlterJFriedh1925-300x162.jpg\" alt=\"\" class=\"wp-image-2854\" srcset=\"https:\/\/jewsineastprussia.de\/wp-content\/uploads\/2018\/11\/AlterJFriedh1925-300x162.jpg 300w, https:\/\/jewsineastprussia.de\/wp-content\/uploads\/2018\/11\/AlterJFriedh1925-768x416.jpg 768w, https:\/\/jewsineastprussia.de\/wp-content\/uploads\/2018\/11\/AlterJFriedh1925.jpg 853w\" sizes=\"(max-width: 300px) 100vw, 300px\" \/><\/figure>\n<\/div>\n\n\n<p>Philippine <strong>Aschkanasy<\/strong>, geb. <strong>Rosenzweig<\/strong>, d. Ador 5616<br>D. Ferdinand, d. 22.11. ?<br>Samuel <strong>Flatow<\/strong>, b. 6.09.1850 d. 15.04.1907<br>Friederike <strong>Goetz<\/strong> geb. <strong>Jsacksohn<\/strong>, b. ??.07.1849 d. ?7.12.1902 (?)<br>Rachel <strong>Halpern<\/strong>, d. 11.2.1917<br>Leo <strong>Henoch<\/strong>, d. 20. 4. 1913<br>Michael und Minna <strong>Keller<\/strong>, d. ?<br>Leo <strong>Klinkowstein<\/strong>, d. 30.8.1913<br>Mina <strong>Oppenheim<\/strong>, b. 18.09.1909, d. 14.09.1912<br>Johanna und Fischel (17.07.1858-18.3.1928) <strong>Rudberg<\/strong>, beide waren bei Synagogener\u00f6ffn. 1896<br>Rabbi Yisrael <strong>Salanter<\/strong>, d. 1883<br>Minna <strong>Schapiro<\/strong>, nee <strong>Gladstein<\/strong> from Suwalki<br>Jossel Chaim <strong>Schummann<\/strong>, d. 20.12.1915<br>Rosa <strong>Segalowski<\/strong><br>Isaak <strong>Wohlgemuth<\/strong>, d. 23.2.1896<br>C\u00e4cilie <strong>Zacharias<\/strong>, geb. <strong>Klenmann<\/strong>, Eduard <strong>Zacharias<\/strong>, d. 28.12.1920<br>2 unleserlich<\/p>\n\n\n\n<p>Philippine <strong>Aschkanasy<\/strong>, geb. <strong>Rosenzweig<\/strong>, d. Ador 5616<br><img loading=\"lazy\" decoding=\"async\" width=\"400\" height=\"533\" class=\"alignnone wp-image-2514 size-full\" src=\"https:\/\/jewsineastprussia.de\/wp-content\/uploads\/2018\/11\/Aschkanasy.jpg\" alt=\"\" style=\"width: 400px;\" srcset=\"https:\/\/jewsineastprussia.de\/wp-content\/uploads\/2018\/11\/Aschkanasy.jpg 300w, https:\/\/jewsineastprussia.de\/wp-content\/uploads\/2018\/11\/Aschkanasy-225x300.jpg 225w\" sizes=\"(max-width: 400px) 100vw, 400px\" \/><\/p>\n\n\n\n<p>D. <strong>Ferdinand<\/strong>, d. 22.11.?<br><img loading=\"lazy\" decoding=\"async\" width=\"400\" height=\"533\" class=\"alignnone wp-image-2516 size-full\" src=\"https:\/\/jewsineastprussia.de\/wp-content\/uploads\/2018\/11\/DFerdinand.jpg\" alt=\"\" style=\"width: 400px;\" srcset=\"https:\/\/jewsineastprussia.de\/wp-content\/uploads\/2018\/11\/DFerdinand.jpg 300w, https:\/\/jewsineastprussia.de\/wp-content\/uploads\/2018\/11\/DFerdinand-225x300.jpg 225w\" sizes=\"(max-width: 400px) 100vw, 400px\" \/><\/p>\n\n\n\n<p>Samuel <strong>Flatow<\/strong>, b. 6.09.1850 d. 15.04.1907<\/p>\n\n\n<div class=\"wp-block-image\">\n<figure class=\"aligncenter size-large is-resized\"><img loading=\"lazy\" decoding=\"async\" src=\"https:\/\/jewsineastprussia.de\/wp-content\/uploads\/2021\/01\/Flatow-Tombstone-cut.jpg\" alt=\"Samuel Flatow Tomb Kaliningrad\" class=\"wp-image-8599\" width=\"437\" height=\"335\" srcset=\"https:\/\/jewsineastprussia.de\/wp-content\/uploads\/2021\/01\/Flatow-Tombstone-cut.jpg 874w, https:\/\/jewsineastprussia.de\/wp-content\/uploads\/2021\/01\/Flatow-Tombstone-cut-300x230.jpg 300w, https:\/\/jewsineastprussia.de\/wp-content\/uploads\/2021\/01\/Flatow-Tombstone-cut-768x588.jpg 768w\" sizes=\"(max-width: 437px) 100vw, 437px\" \/><\/figure>\n<\/div>\n\n\n<p>Friederike <strong>Goetz<\/strong> nee <strong>Jsacksohn<\/strong>, b. ??.07.1849 d. ?7.12.1902 (?)<br><img loading=\"lazy\" decoding=\"async\" class=\"wp-image-5007 alignnone\" src=\"https:\/\/jewsineastprussia.de\/wp-content\/uploads\/2020\/01\/Matzeva-Goetz-1.jpg\" alt=\"Matzeva Goetz Friederike\" width=\"528\" height=\"704\" srcset=\"https:\/\/jewsineastprussia.de\/wp-content\/uploads\/2020\/01\/Matzeva-Goetz-1.jpg 800w, https:\/\/jewsineastprussia.de\/wp-content\/uploads\/2020\/01\/Matzeva-Goetz-1-225x300.jpg 225w, https:\/\/jewsineastprussia.de\/wp-content\/uploads\/2020\/01\/Matzeva-Goetz-1-768x1024.jpg 768w\" sizes=\"(max-width: 528px) 100vw, 528px\" \/><\/p>\n\n\n\n<p>Rachel <strong>Halpern<\/strong>, d. 11.2.1917<br><img loading=\"lazy\" decoding=\"async\" class=\"alignnone wp-image-2522 size-full\" src=\"https:\/\/jewsineastprussia.de\/wp-content\/uploads\/2018\/11\/RahelHalpean.jpg\" alt=\"\" width=\"533\" height=\"400\" srcset=\"https:\/\/jewsineastprussia.de\/wp-content\/uploads\/2018\/11\/RahelHalpean.jpg 533w, https:\/\/jewsineastprussia.de\/wp-content\/uploads\/2018\/11\/RahelHalpean-300x225.jpg 300w\" sizes=\"(max-width: 533px) 100vw, 533px\" \/><\/p>\n\n\n\n<p>Leo <strong>Henoch<\/strong>, d. 20. 4. 1913<br><img loading=\"lazy\" decoding=\"async\" class=\"alignnone wp-image-2518 size-full\" src=\"https:\/\/jewsineastprussia.de\/wp-content\/uploads\/2018\/11\/LeoHenoch.jpg\" alt=\"\" width=\"533\" height=\"400\" srcset=\"https:\/\/jewsineastprussia.de\/wp-content\/uploads\/2018\/11\/LeoHenoch.jpg 533w, https:\/\/jewsineastprussia.de\/wp-content\/uploads\/2018\/11\/LeoHenoch-300x225.jpg 300w\" sizes=\"(max-width: 533px) 100vw, 533px\" \/><\/p>\n\n\n\n<p>Michael und Minna <strong>Keller<\/strong>, d. ?<br><img loading=\"lazy\" decoding=\"async\" class=\"alignnone wp-image-2520 size-full\" src=\"https:\/\/jewsineastprussia.de\/wp-content\/uploads\/2018\/11\/MichaelMinnaKeller.jpg\" alt=\"Keller\" width=\"533\" height=\"400\" srcset=\"https:\/\/jewsineastprussia.de\/wp-content\/uploads\/2018\/11\/MichaelMinnaKeller.jpg 533w, https:\/\/jewsineastprussia.de\/wp-content\/uploads\/2018\/11\/MichaelMinnaKeller-300x225.jpg 300w\" sizes=\"(max-width: 533px) 100vw, 533px\" \/><\/p>\n\n\n\n<p>Leo <strong>Klinkowstein<\/strong>, d. 30.8.1913<br><img loading=\"lazy\" decoding=\"async\" width=\"400\" height=\"533\" class=\"alignnone wp-image-2506 size-full\" src=\"https:\/\/jewsineastprussia.de\/wp-content\/uploads\/2018\/11\/LeaKlinkowstein.jpg\" alt=\"\" style=\"width: 400px;\" srcset=\"https:\/\/jewsineastprussia.de\/wp-content\/uploads\/2018\/11\/LeaKlinkowstein.jpg 300w, https:\/\/jewsineastprussia.de\/wp-content\/uploads\/2018\/11\/LeaKlinkowstein-225x300.jpg 225w\" sizes=\"(max-width: 400px) 100vw, 400px\" \/><\/p>\n\n\n\n<p>Mina <strong>Oppenheim<\/strong>, b. 18.09.1909, d. 14.09.1912<br>400<\/p>\n\n\n\n<p>Johanna und Fischel (17.07.1858-18.3.1928) <strong>Rudberg<\/strong>, beide waren bei Synagogener\u00f6ffn. 1896<br><img loading=\"lazy\" decoding=\"async\" class=\"wp-image-5032 alignnone\" src=\"https:\/\/jewsineastprussia.de\/wp-content\/uploads\/2020\/01\/Matzeva-Rudberg-name.jpg\" alt=\"Name Rudberg on tomb stone\" width=\"396\" height=\"189\" srcset=\"https:\/\/jewsineastprussia.de\/wp-content\/uploads\/2020\/01\/Matzeva-Rudberg-name.jpg 1024w, https:\/\/jewsineastprussia.de\/wp-content\/uploads\/2020\/01\/Matzeva-Rudberg-name-300x143.jpg 300w, https:\/\/jewsineastprussia.de\/wp-content\/uploads\/2020\/01\/Matzeva-Rudberg-name-768x367.jpg 768w\" sizes=\"(max-width: 396px) 100vw, 396px\" \/><\/p>\n\n\n\n<p>Rabbi Yisrael <strong>Salanter<\/strong>, d. 1883<br><img loading=\"lazy\" decoding=\"async\" class=\"alignnone size-full wp-image-2512\" src=\"https:\/\/jewsineastprussia.de\/wp-content\/uploads\/2018\/11\/IsraelSalanter.jpg\" alt=\"\" width=\"533\" height=\"400\" srcset=\"https:\/\/jewsineastprussia.de\/wp-content\/uploads\/2018\/11\/IsraelSalanter.jpg 533w, https:\/\/jewsineastprussia.de\/wp-content\/uploads\/2018\/11\/IsraelSalanter-300x225.jpg 300w\" sizes=\"(max-width: 533px) 100vw, 533px\" \/><\/p>\n\n\n\n<p>Grab des Rabbi <strong>Salanter<\/strong> renoviert 2018<br><img loading=\"lazy\" decoding=\"async\" width=\"400\" height=\"361\" class=\"alignnone size-medium wp-image-2533\" src=\"https:\/\/jewsineastprussia.de\/wp-content\/uploads\/2018\/11\/Salanter-Grab-300x271.jpg\" alt=\"\" style=\"width: 400px;\" srcset=\"https:\/\/jewsineastprussia.de\/wp-content\/uploads\/2018\/11\/Salanter-Grab-300x271.jpg 300w, https:\/\/jewsineastprussia.de\/wp-content\/uploads\/2018\/11\/Salanter-Grab-768x694.jpg 768w, https:\/\/jewsineastprussia.de\/wp-content\/uploads\/2018\/11\/Salanter-Grab.jpg 1000w\" sizes=\"(max-width: 400px) 100vw, 400px\" \/><\/p>\n\n\n\n<p>Minna <strong>Schapira<\/strong>, geb. <strong>Gladstein<\/strong> aus Suwalki<br><img loading=\"lazy\" decoding=\"async\" class=\"alignnone wp-image-2530 size-large\" src=\"https:\/\/jewsineastprussia.de\/wp-content\/uploads\/2018\/11\/Schapiro-Grab-Kombi-1024x684.jpg\" alt=\"Minna Schapira\" width=\"1024\" height=\"684\" srcset=\"https:\/\/jewsineastprussia.de\/wp-content\/uploads\/2018\/11\/Schapiro-Grab-Kombi-1024x684.jpg 1024w, https:\/\/jewsineastprussia.de\/wp-content\/uploads\/2018\/11\/Schapiro-Grab-Kombi-300x200.jpg 300w, https:\/\/jewsineastprussia.de\/wp-content\/uploads\/2018\/11\/Schapiro-Grab-Kombi-768x513.jpg 768w, https:\/\/jewsineastprussia.de\/wp-content\/uploads\/2018\/11\/Schapiro-Grab-Kombi.jpg 1597w\" sizes=\"(max-width: 1024px) 100vw, 1024px\" \/><\/p>\n\n\n\n<p>Jossel Chaim <strong>Schummann<\/strong>, d. 20.12.1915<br><img loading=\"lazy\" decoding=\"async\" width=\"400\" height=\"533\" class=\"alignnone wp-image-2504 size-full\" src=\"https:\/\/jewsineastprussia.de\/wp-content\/uploads\/2018\/11\/JosselSchumann-1.jpg\" alt=\"Schumann\" style=\"width: 400px;\" srcset=\"https:\/\/jewsineastprussia.de\/wp-content\/uploads\/2018\/11\/JosselSchumann-1.jpg 300w, https:\/\/jewsineastprussia.de\/wp-content\/uploads\/2018\/11\/JosselSchumann-1-225x300.jpg 225w\" sizes=\"(max-width: 400px) 100vw, 400px\" \/><\/p>\n\n\n\n<p>Rosa <strong>Segalowski<\/strong> (gefunden Nov. 2023)<\/p>\n\n\n\n<figure class=\"wp-block-image size-full is-resized\"><img loading=\"lazy\" decoding=\"async\" src=\"https:\/\/jewsineastprussia.de\/wp-content\/uploads\/2023\/11\/Segalowski-Rosa.jpg\" alt=\"\" class=\"wp-image-11233\" width=\"512\" height=\"384\" srcset=\"https:\/\/jewsineastprussia.de\/wp-content\/uploads\/2023\/11\/Segalowski-Rosa.jpg 1024w, https:\/\/jewsineastprussia.de\/wp-content\/uploads\/2023\/11\/Segalowski-Rosa-300x225.jpg 300w, https:\/\/jewsineastprussia.de\/wp-content\/uploads\/2023\/11\/Segalowski-Rosa-768x576.jpg 768w\" sizes=\"(max-width: 512px) 100vw, 512px\" \/><\/figure>\n\n\n\n<p>? online <strong>Winkler<\/strong>, d. 1923<br><img loading=\"lazy\" decoding=\"async\" class=\"alignnone wp-image-2524 size-full\" src=\"https:\/\/jewsineastprussia.de\/wp-content\/uploads\/2018\/11\/Winkler-1923.jpg\" alt=\"\" width=\"533\" height=\"400\" srcset=\"https:\/\/jewsineastprussia.de\/wp-content\/uploads\/2018\/11\/Winkler-1923.jpg 533w, https:\/\/jewsineastprussia.de\/wp-content\/uploads\/2018\/11\/Winkler-1923-300x225.jpg 300w\" sizes=\"(max-width: 533px) 100vw, 533px\" \/><\/p>\n\n\n\n<p>Isaak <strong>Wohlgemuth<\/strong>, d. 23.2.1896<br><img loading=\"lazy\" decoding=\"async\" width=\"400\" height=\"533\" class=\"alignnone size-full wp-image-2508\" src=\"https:\/\/jewsineastprussia.de\/wp-content\/uploads\/2018\/11\/IsaakWohlgemuth.jpg\" alt=\"\" style=\"width: 400px;\" srcset=\"https:\/\/jewsineastprussia.de\/wp-content\/uploads\/2018\/11\/IsaakWohlgemuth.jpg 300w, https:\/\/jewsineastprussia.de\/wp-content\/uploads\/2018\/11\/IsaakWohlgemuth-225x300.jpg 225w\" sizes=\"(max-width: 400px) 100vw, 400px\" \/><\/p>\n\n\n\n<p>C\u00e4cilie <strong>Zacharias<\/strong>, geb. <strong>Klenmann<\/strong>, Eduard <strong>Zacharias<\/strong>, d. 28.12.1920<br><img loading=\"lazy\" decoding=\"async\" class=\"alignnone size-full wp-image-2510\" src=\"https:\/\/jewsineastprussia.de\/wp-content\/uploads\/2018\/11\/EduardZacharias.jpg\" alt=\"\" width=\"533\" height=\"400\" srcset=\"https:\/\/jewsineastprussia.de\/wp-content\/uploads\/2018\/11\/EduardZacharias.jpg 533w, https:\/\/jewsineastprussia.de\/wp-content\/uploads\/2018\/11\/EduardZacharias-300x225.jpg 300w\" sizes=\"(max-width: 533px) 100vw, 533px\" \/><\/p>\n\n\n\n<p>unleserlich<br><img loading=\"lazy\" decoding=\"async\" class=\"alignnone wp-image-2528 size-full\" src=\"https:\/\/jewsineastprussia.de\/wp-content\/uploads\/2018\/11\/unlesbar2.jpg\" alt=\"\" width=\"533\" height=\"400\" srcset=\"https:\/\/jewsineastprussia.de\/wp-content\/uploads\/2018\/11\/unlesbar2.jpg 533w, https:\/\/jewsineastprussia.de\/wp-content\/uploads\/2018\/11\/unlesbar2-300x225.jpg 300w\" sizes=\"(max-width: 533px) 100vw, 533px\" \/><\/p>\n\n\n\n<p><a href=\"https:\/\/jewsineastprussia.de\/413-2\/?lang=de\">zur\u00fcck zur \u00dcbersicht Orte &gt;&gt;<\/a><\/p>\n\n\n\n<p><\/p>\n","protected":false},"excerpt":{"rendered":"<p>Februar 2022 Grabsteinfund in Kaliningrad. Helena Landsberg geb. Simonsohn (1810 Lissa &#8211; 1874 K\u00f6nigsberg) war auf dem Tragheimer Friedhof, dem ersten J\u00fcdischen Friedhof K\u00f6nigsbergs (ab 1704) beerdigt. Er lag bei seiner Gr\u00fcndung damals am Nordrand der Stadt und bestand bis in die 1970er Jahre. Vor Kurzem wurde der Stein an einer anderen Stelle in der [&hellip;]<\/p>\n","protected":false},"author":1,"featured_media":0,"parent":0,"menu_order":0,"comment_status":"closed","ping_status":"closed","template":"","meta":{"footnotes":""},"categories":[83,116,136],"class_list":["post-2538","page","type-page","status-publish","hentry","category-familienforschung","category-koenigsberg-kaliningrad-de-2","category-personlichkeiten","entry"],"_links":{"self":[{"href":"https:\/\/jewsineastprussia.de\/de\/wp-json\/wp\/v2\/pages\/2538","targetHints":{"allow":["GET"]}}],"collection":[{"href":"https:\/\/jewsineastprussia.de\/de\/wp-json\/wp\/v2\/pages"}],"about":[{"href":"https:\/\/jewsineastprussia.de\/de\/wp-json\/wp\/v2\/types\/page"}],"author":[{"embeddable":true,"href":"https:\/\/jewsineastprussia.de\/de\/wp-json\/wp\/v2\/users\/1"}],"replies":[{"embeddable":true,"href":"https:\/\/jewsineastprussia.de\/de\/wp-json\/wp\/v2\/comments?post=2538"}],"version-history":[{"count":15,"href":"https:\/\/jewsineastprussia.de\/de\/wp-json\/wp\/v2\/pages\/2538\/revisions"}],"predecessor-version":[{"id":11236,"href":"https:\/\/jewsineastprussia.de\/de\/wp-json\/wp\/v2\/pages\/2538\/revisions\/11236"}],"wp:attachment":[{"href":"https:\/\/jewsineastprussia.de\/de\/wp-json\/wp\/v2\/media?parent=2538"}],"wp:term":[{"taxonomy":"category","embeddable":true,"href":"https:\/\/jewsineastprussia.de\/de\/wp-json\/wp\/v2\/categories?post=2538"}],"curies":[{"name":"wp","href":"https:\/\/api.w.org\/{rel}","templated":true}]}}