{"id":2903,"date":"2018-11-26T14:50:04","date_gmt":"2018-11-26T14:50:04","guid":{"rendered":"https:\/\/jewsineastprussia.de\/gros-kakschen\/"},"modified":"2024-01-01T22:55:20","modified_gmt":"2024-01-01T21:55:20","slug":"gros-kakschen","status":"publish","type":"page","link":"https:\/\/jewsineastprussia.de\/de\/gros-kakschen\/","title":{"rendered":"Gro\u00df Kackschen"},"content":{"rendered":"\n<p><em>Gro\u00df Kackschen, 1938-1945 Birkenhain, heute Sadowo (Russland)<\/em><br><em>Klein Kackschen, 1938-1945 Kleinbirkenhain, heute Alexejewka (Russland)<\/em><\/p>\n\n\n\n<p>In der zweiten H\u00e4lfte des 19. Jahrhunderts gab es in der Region Tilsit-Ragnit eine gro\u00dfe j\u00fcdische Siedlung in den D\u00f6rfern Gro\u00df Kackschen (17 Familien), Klein Kackschen (20 Familien), Abschruten (2 Familien), Lengeninken (1 Familie) und Untereisseln (1 Familie). Dazu kommt das Dorf Ellernthal (8 Familien), das in der Nachbarregion Pillkalen liegt.<\/p>\n\n\n<div class=\"wp-block-image wp-image-2898 size-medium\">\n<figure class=\"aligncenter\"><img fetchpriority=\"high\" decoding=\"async\" width=\"300\" height=\"225\" src=\"https:\/\/jewsineastprussia.de\/wp-content\/uploads\/2018\/11\/ragnit2-300x225.jpg\" alt=\"Gross Kakschen Ragnit Tilsit area\" class=\"wp-image-2898\" srcset=\"https:\/\/jewsineastprussia.de\/wp-content\/uploads\/2018\/11\/ragnit2-300x225.jpg 300w, https:\/\/jewsineastprussia.de\/wp-content\/uploads\/2018\/11\/ragnit2.jpg 640w\" sizes=\"(max-width: 300px) 100vw, 300px\" \/><figcaption class=\"wp-element-caption\">Irgendwo hier muss Gro\u00df Kackschen gewesen sein, f\u00fcr Ostpreussen gab es hier ungew\u00f6hnlich viele Juden, Aufnahme aus dem Jahr 2000<\/figcaption><\/figure>\n<\/div>\n\n\n<p>Leider ist es sehr schwierig, Quellen \u00fcber diese Siedlungen zu finden.<\/p>\n\n\n\n<p>Die B\u00fcrger besch\u00e4ftigten einen j\u00fcdischen Kultusbeamten, der ein russischer Staatsb\u00fcrger war. Wegen der restriktiven Politik wurde er schlie\u00dflich ausgewiesen, wobei viele Mitglieder der Gemeinde gegen seine Ausweisung protestierten.<\/p>\n\n\n\n<p>Zeitzeugeninterview in der USC Shoah Foundation: William (ehemals Werner) Bergmann erz\u00e4hlt, wie er als Kind das h\u00f6lzerne Bethaus der Juden von Gro\u00df und Klein Kakschen in der Pogromnacht 1938 brennen sah. <br><a href=\"https:\/\/vha.usc.edu\/testimony\/40347?from=search&amp;seg=2\" target=\"_blank\" rel=\"noreferrer noopener\">https:\/\/vha.usc.edu\/testimony\/40347?from=search&amp;seg=2<\/a><\/p>\n\n\n\n<p>In der Petition vom 16. M\u00e4rz 1885 an den k\u00f6niglichen Oberpr\u00e4sidenten sind folgende Familien aufgelistet:<\/p>\n\n\n\n<p>Kaufmann W. Lehmann<br>Kaufmann I Finkelstein<br>Kaufmann S. Lehmann<br>D.Reiner, I.Reiner<br>Kaufmann K.Kosetzki<br>Kaufmann Libowske<br>Hirsch Leman<br>Jakob Jakobsohn, Abschruten<br>M. Bloch<br>Restaurantbesitzer Jesersky<br>Restaurantbesitzer Jeschel Guttmann<br>Kaufmann S. Libowski<br>Kaufmann Meyer Reisman<br>Grundbesitzer Leib Finkelstein<br>M. Rubinstein<br>Kaufmann Marus Bergmann<br>Grundbesitzer Meyer Guttmann<br>Grundbesitzer K. Lehmann<br>Grundbesitzer M. Jesersky<br>Kaufmann Israel L\u00f6wenstein<br>Kaufmann Abraham Stargert<br>Kaufmann Kuschel Reinerdt<br>Kaufmann Leopold Meyer<br>Witwe Neumark<br>Grundbesitzer L. Wyjan<br>Kaufmann F. Kelermann<br>H\u00e4ndler I Brelling<br>Marcus Mayer<br>Abraham Baschmann<br>Mose Wyjan<br>W. Lerenskin<br>Kaufmann D. Lehmann<br>Kaufmann Jankel Lehmann<br>B. Joachim<\/p>\n\n\n\n<p><a href=\"http:\/\/jewsineastprussia.de\/de\/413-2\/\">Zum Verzeichnis Orte in Ostpreussen A-Z &gt;&gt;<\/a><\/p>\n","protected":false},"excerpt":{"rendered":"<p>Gro\u00df Kackschen, 1938-1945 Birkenhain, heute Sadowo (Russland)Klein Kackschen, 1938-1945 Kleinbirkenhain, heute Alexejewka (Russland) In der zweiten H\u00e4lfte des 19. Jahrhunderts gab es in der Region Tilsit-Ragnit eine gro\u00dfe j\u00fcdische Siedlung in den D\u00f6rfern Gro\u00df Kackschen (17 Familien), Klein Kackschen (20 Familien), Abschruten (2 Familien), Lengeninken (1 Familie) und Untereisseln (1 Familie). Dazu kommt das Dorf [&hellip;]<\/p>\n","protected":false},"author":1,"featured_media":0,"parent":0,"menu_order":0,"comment_status":"closed","ping_status":"closed","template":"","meta":{"footnotes":""},"categories":[135],"class_list":["post-2903","page","type-page","status-publish","hentry","category-kaliningrad-region-russia-de","entry"],"_links":{"self":[{"href":"https:\/\/jewsineastprussia.de\/de\/wp-json\/wp\/v2\/pages\/2903","targetHints":{"allow":["GET"]}}],"collection":[{"href":"https:\/\/jewsineastprussia.de\/de\/wp-json\/wp\/v2\/pages"}],"about":[{"href":"https:\/\/jewsineastprussia.de\/de\/wp-json\/wp\/v2\/types\/page"}],"author":[{"embeddable":true,"href":"https:\/\/jewsineastprussia.de\/de\/wp-json\/wp\/v2\/users\/1"}],"replies":[{"embeddable":true,"href":"https:\/\/jewsineastprussia.de\/de\/wp-json\/wp\/v2\/comments?post=2903"}],"version-history":[{"count":13,"href":"https:\/\/jewsineastprussia.de\/de\/wp-json\/wp\/v2\/pages\/2903\/revisions"}],"predecessor-version":[{"id":11290,"href":"https:\/\/jewsineastprussia.de\/de\/wp-json\/wp\/v2\/pages\/2903\/revisions\/11290"}],"wp:attachment":[{"href":"https:\/\/jewsineastprussia.de\/de\/wp-json\/wp\/v2\/media?parent=2903"}],"wp:term":[{"taxonomy":"category","embeddable":true,"href":"https:\/\/jewsineastprussia.de\/de\/wp-json\/wp\/v2\/categories?post=2903"}],"curies":[{"name":"wp","href":"https:\/\/api.w.org\/{rel}","templated":true}]}}