{"id":3030,"date":"2018-11-29T00:03:57","date_gmt":"2018-11-29T00:03:57","guid":{"rendered":"https:\/\/jewsineastprussia.de\/vistytis-names-collection-from-german-archives\/"},"modified":"2019-07-05T21:28:53","modified_gmt":"2019-07-05T19:28:53","slug":"vistytis-names-collection-from-german-archives","status":"publish","type":"page","link":"https:\/\/jewsineastprussia.de\/de\/vistytis-names-collection-from-german-archives\/","title":{"rendered":"Wystiten oder Wyschtyten &#8211; Personenregister"},"content":{"rendered":"<p>Das j\u00fcdische Leben in Ostpreu\u00dfen war sehr stark von den Inputs aus der litauischen Nachbarschaft beeinflusst. J\u00fcdische Bewohner aus den Stetls in der N\u00e4he der ehemaligen ostpreu\u00dfischen Grenzregion \u00fcberquerten die Grenze sehr oft. Sie hatten Gesch\u00e4fte in K\u00f6nigsberg, Tilsit und anderen St\u00e4dten oder besuchten Verwandte, die sich nach 1812 hier niederlie\u00dfen. Manchmal folgten sie ihren Nachbarn, Gesch\u00e4ftspartnern oder Verwandten und lie\u00dfen sich auch in ostpreu\u00dfischen Orten nieder. Die Menschen aus Vistytis (Vishtiniec) wurden extrem h\u00e4ufig im ostpreu\u00dfischen Gebiet angetroffen. Sie hatten ein starkes Netzwerk. Hier einige Informationen aus unserer Recherche in mehreren deutschen Archiven.<\/p>\n<figure id=\"attachment_3027\" aria-describedby=\"caption-attachment-3027\" style=\"width: 995px\" class=\"wp-caption aligncenter\"><img fetchpriority=\"high\" decoding=\"async\" class=\"wp-image-3027 size-full\" src=\"https:\/\/jewsineastprussia.de\/wp-content\/uploads\/2018\/11\/Wystiten-Vierlaender.jpg\" alt=\"Vistytis 4 L\u00e4nder \" width=\"995\" height=\"400\" srcset=\"https:\/\/jewsineastprussia.de\/wp-content\/uploads\/2018\/11\/Wystiten-Vierlaender.jpg 995w, https:\/\/jewsineastprussia.de\/wp-content\/uploads\/2018\/11\/Wystiten-Vierlaender-300x121.jpg 300w, https:\/\/jewsineastprussia.de\/wp-content\/uploads\/2018\/11\/Wystiten-Vierlaender-768x309.jpg 768w\" sizes=\"(max-width: 995px) 100vw, 995px\" \/><figcaption id=\"caption-attachment-3027\" class=\"wp-caption-text\">Tri-border area \/ Dreil\u00e4ndereck based on Openstreetmap<\/figcaption><\/figure>\n<p>&nbsp;<\/p>\n<p>*Quelle: Geheimes Staatsarchiv (Berlin), XX. HA, Rep.2I, Tit.Nr.16, Nr.1<br \/>\nJuden ohne Aufenthaltserlaubnis in Tilsit November, Dezember 1807 und Januar 1808<\/p>\n<p>Herkunftsort T\u00e4tigkeit<\/p>\n<ul>\n<li>25. Nov.1807 Itzig <strong>Karpel <\/strong>Wishtitten H\u00e4ndler<\/li>\n<li>2.Dec. 1807 Hiller <strong>Bachr <\/strong>Wishtitten H\u00e4ndler<\/li>\n<li>6.Jan. 1808 Nachim <strong>Jankee <\/strong>Wishtitten H\u00e4ndler<\/li>\n<\/ul>\n<table border=\"0\" width=\"100%\" cellspacing=\"0\">\n<tbody>\n<tr>\n<td>Ort und Datum<\/td>\n<td>Name<\/td>\n<td>* Quelle: Geheimes Staatsarchiv (Berlin), I.HA,Rep.77, Tit.1021, Stallup\u00f6nen, No.1 Einb\u00fcrgerung, 1814-1814<\/td>\n<td><\/td>\n<\/tr>\n<\/tbody>\n<\/table>\n<p>25.5.1814 Antrag auf Staatsb\u00fcrgerschaft von Benjamin <strong>Hirsch<\/strong> aus Wystiten und Erteilung<\/p>\n<p>Quelle: Geheimes Staatsarchiv (Berlin), I. HA, Rep. 89, Nr. 23676 Antrag auf Einb\u00fcrgerung (1829-1840)<\/p>\n<table border=\"0\" width=\"100%\" cellspacing=\"0\">\n<tbody>\n<tr>\n<td>Beer Freitel\u00a0<strong>Weinberg<\/strong><\/td>\n<td>Wystiten<\/td>\n<td>jetzt K\u00f6nigsberg, erteilt 1836<\/td>\n<\/tr>\n<tr>\n<td>Mendel\u00a0<strong>Schmul<\/strong><\/td>\n<td>Wystiten<\/td>\n<td>jetzt Friedland, abgelehnt<\/td>\n<\/tr>\n<\/tbody>\n<\/table>\n<p>*Quelle: Geheimes Staatsarchiv (Berlin), XX. HA, Rep. 2 II, Nr. 2133, Die Staatsb\u00fcrgerrechte der Juden. Aufenthaltsgenehmigungen.1844-1850, 179<\/p>\n<p>Wohnt ohne Aufenthaltsrecht in K\u00f6nigsberg: Moses <strong>Kaminski<\/strong> aus Wystitten<\/p>\n<p>*Quelle: Geheimes Staatsarchiv (Berlin), I. HA, Rep. 89, Nr. 23677 Antrag auf Einb\u00fcrgerung (1841-1846)<\/p>\n<table border=\"0\" width=\"100%\" cellspacing=\"0\">\n<tbody>\n<tr>\n<td>Mendel Seelig\u00a0<strong>Heimann<\/strong><\/td>\n<td>Wystiten<\/td>\n<td>jetzt Berlin, abgelehnt<\/td>\n<\/tr>\n<tr>\n<td>Ruben\u00a0<strong>Levin<\/strong><\/td>\n<td>Wystiten<\/td>\n<td>jetzt Preu\u00dfen<\/td>\n<\/tr>\n<\/tbody>\n<\/table>\n<p>*Quelle: Geheimes Staatsarchiv (Berlin), I. HA, Rep. 89, Nr. 23678 Antrag auf Einb\u00fcrgerung (1847-1848)<\/p>\n<table border=\"0\" width=\"100%\" cellspacing=\"0\">\n<tbody>\n<tr>\n<td>Hirsch Chaim Norwitzky<\/td>\n<td>Wystiten<\/td>\n<td>Labiau<\/td>\n<\/tr>\n<\/tbody>\n<\/table>\n<p>*Quelle: Geheimes Staatsarchiv (Berlin), XX.HA, Rep. 2 II, Nr. 2133, Die Staatsb\u00fcrgerrechte der Juden. Aufenthaltsgenehmigungen.1844-1850, 3.<\/p>\n<p>Hat die Grenze unerlaubt \u00fcberschritten: Levin <strong>Golding<\/strong> und David <strong>Neumann<\/strong> aus Wystitten, bitten um Taufe<\/p>\n<p>*Quelle: Geheimes Staatsarchiv (Berlin), XX.HA, Rep.18, Tilsit XXIV, Nr.3, 19.<\/p>\n<p>Dokument \u00fcber Schlomke <strong>Wion<\/strong> und Selig\u00a0<strong>Neumark<\/strong> aus Wystiten \u00fcber den Erwerb einer heimlichen Einb\u00fcrgerung\u00a01848<\/p>\n<p>*Quelle: Geheimes Staatsarchiv (Berlin), XX.HA, Rep. 18, Tilsit XXIV, Nr.3<\/p>\n<p>Dokument \u00fcber die Abschiebung von Leib Hirsch <strong>Schlo\u00dfberg<\/strong> aus Wystiten 1851<\/p>\n<p>*Quelle: Geheimes Staatsarchiv (Berlin), VIII. HA, J2, Nr. 2<\/p>\n<p>1846 Dokument \u00fcber die Taufe von Isaac <strong>Hirsch<\/strong> (28 Jahre alt) geb\u00fcrtig in Wistiten, wohnt jetzt bei Labiau<\/p>\n<p>1847 Dokument \u00fcber die Taufe von Moses <strong>Kaminski<\/strong> (18 Jahre alt) geb\u00fcrtig in Wisztyten, wohnt jetzt in K\u00f6nigsberg<br \/>\n1847 Dokument \u00fcber die Taufe von Marcus Jankel <strong>Brenner<\/strong> (19 Jahre und 5 Monate alt) geb\u00fcrtig in\u00a0 Wischtitten, wohnt jetzt in Adl. Gut Bothkeim<br \/>\n1848 Dokument \u00fcber die Taufe von Samuel <strong>Bluhm<\/strong> (19 Jahre alt) geb\u00fcrtig in Wisztyten, wohnt jetzt in Pomedien<br \/>\n1848 Dokument \u00fcber die Taufe von Jerochim <strong>Blumenthal<\/strong> (geb. 1817 in Wisztyten), wohnt jetzt in Beyershoff N\u00e4he Darkehmen<\/p>\n<p>*Quelle: Brilling Sammlung, J\u00fcdisches Museum Frankfurt<\/p>\n<p>A 153 Juden in Tilsit. Einb\u00fcrgerung von 1754-1855 und 1872-1905<\/p>\n<table border=\"0\" width=\"100%\" cellspacing=\"0\">\n<tbody>\n<tr>\n<td>Nr.<\/td>\n<td>Name<\/td>\n<td>Vorname<\/td>\n<td>Beruf<\/td>\n<td>Geb. Ort<\/td>\n<td>Geb. Datum<\/td>\n<td>Anschr. in Tilsit<\/td>\n<td>Tag der Einb\u00fcrgerung<\/td>\n<\/tr>\n<tr>\n<td>183<\/td>\n<td>Itzig<\/td>\n<td><strong>Epstein<\/strong><\/td>\n<td>H\u00e4ndler<\/td>\n<td>Wystiten<\/td>\n<td>1852<\/td>\n<td>Fleischerstr.2<\/td>\n<td>20.11.75<\/td>\n<\/tr>\n<tr>\n<td>359<\/td>\n<td>Julius<\/td>\n<td><strong>Michalowsky<\/strong><\/td>\n<td>Pferdeh\u00e4ndler<\/td>\n<td>Wystiten<\/td>\n<td>07.08.1813<\/td>\n<td>Hohe Str. 49<\/td>\n<td>09.03.77<\/td>\n<\/tr>\n<tr>\n<td>2507<\/td>\n<td>Isidor<\/td>\n<td>Michalowsky<\/td>\n<td>H\u00e4ndler<\/td>\n<td>Wystiten<\/td>\n<td>04.07.47<\/td>\n<td>Hohe Str. 86<\/td>\n<td>01.05.87<\/td>\n<\/tr>\n<tr>\n<td>4493<\/td>\n<td>Isaak<\/td>\n<td>Kowalsky<\/td>\n<td>Kaufmann<\/td>\n<td>Wystiten<\/td>\n<td>23.02.1843<\/td>\n<td>Mittelstr.29<\/td>\n<td>11.04.1900<\/td>\n<\/tr>\n<\/tbody>\n<\/table>\n<p>*Quelle: Geheimes Staatsarchiv (Berlin) XX HA, Rep.12, Titel 3, Nr.19, Band 1-12<\/p>\n<p>Folgende Personen (alle geb\u00fcrtig in Vishtiniec\/Wystiten) lebten 1885 in Ostpreussischen D\u00f6rfern in Grenzn\u00e4he, aber ohne deutsche Staatsb\u00fcrgerschaft:<br \/>\nFriede\u00a0<strong>Janus<\/strong> geb. Barkowski (*1862)<br \/>\nIsidor\u00a0<strong>Janus<\/strong> (*1875)<br \/>\nLuise\u00a0<strong>Barkowski<\/strong> (*1865)<br \/>\nBertha\u00a0<strong>Sternfeld<\/strong> (*1864)<br \/>\nLaser\u00a0<strong>Dominski<\/strong> (*1850)<br \/>\nHulda\u00a0<strong>Sandelofski<\/strong> (*1866)<br \/>\nTherese geb. Pariser heiratet <strong>Sallisohn<\/strong> (*1856)<br \/>\nBertha geb. Halpat verwitwete <strong>Sternfeld<\/strong> (*1842)<br \/>\nIsidor\u00a0<strong>Detomischkowski<\/strong> (*1878)<br \/>\nMax\u00a0<strong>Sternfeld<\/strong> (*1866)<br \/>\nHulda geb. Sandelowitz <strong>Demant<\/strong> (*1853)<br \/>\nPescha\u00a0<strong>Falk<\/strong> (*1886)<br \/>\nSara\u00a0<strong>Silberberg<\/strong> (*1836)<br \/>\nElske geb. Alariansky <strong>Jordan<\/strong> (*1857)<br \/>\nJeanette geb. Meserowitz <strong>Liebermann<\/strong> (*1872)<br \/>\nJankel\u00a0<strong>Sandelowski<\/strong> (*1862)<\/p>\n<p>Lebte 1885 in Eydtkuhnen:<br \/>\nHenriette geb. Kaminski <strong>Freidberg<\/strong> (*1860)<\/p>\n<p>Lebte 1885 in Stallup\u00f6nen:<br \/>\nSarah geb. Neumann <strong>Gelberg<\/strong> (*1860)<br \/>\nRebekka\u00a0<strong>Gelberg<\/strong> (*1882)<\/p>\n<p>*Quelle: Bundesarchiv, Lichterfelde<\/p>\n<p>Juden, (alle geb\u00fcrtig in Vishtiniec\/Wystiten) die \u00e1m 17.05.1939 in Ostpreussen wohnten.<\/p>\n<table border=\"0\" width=\"100%\" cellspacing=\"0\">\n<tbody>\n<tr>\n<td>Name<\/td>\n<td><strong>Vorname<\/strong><\/td>\n<td>Geb. Jahr<\/td>\n<td>Geb. Ort<\/td>\n<td>Wohnort<\/td>\n<\/tr>\n<tr>\n<td>Koppel<\/td>\n<td><strong>Klimowski<\/strong><\/td>\n<td>1879<\/td>\n<td>Wystiten<\/td>\n<td>Gerdauen<\/td>\n<\/tr>\n<tr>\n<td>Adolf<\/td>\n<td><strong>Britz<\/strong><\/td>\n<td>1868<\/td>\n<td>Wystiten<\/td>\n<td>Kuckerneese<\/td>\n<\/tr>\n<tr>\n<td>Flora<\/td>\n<td><strong>Jankowski<\/strong> geb. Lewinski<\/td>\n<td>1865<\/td>\n<td>Wystiten<\/td>\n<td>Tilsit<\/td>\n<\/tr>\n<tr>\n<td>Dina<\/td>\n<td><strong>Demburky<\/strong> geb. Benkmann<\/td>\n<td>1858<\/td>\n<td>Wystiten<\/td>\n<td>Tilsit<\/td>\n<\/tr>\n<tr>\n<td>Lina<\/td>\n<td><strong>Joachim<\/strong> geb. Silberstein<\/td>\n<td>1878<\/td>\n<td>Wystiten<\/td>\n<td>Tilsit<\/td>\n<\/tr>\n<tr>\n<td>Rahel<\/td>\n<td><strong>Epstein<\/strong> geb. Eserbein<\/td>\n<td>1854<\/td>\n<td>Wystiten<\/td>\n<td>Tilsit<\/td>\n<\/tr>\n<tr>\n<td>Henriette<\/td>\n<td><strong>Joachim<\/strong><\/td>\n<td>1876<\/td>\n<td>Wystiten<\/td>\n<td>Altschrangenkrug<\/td>\n<\/tr>\n<tr>\n<td>Leib<\/td>\n<td><strong>Direktor<\/strong><\/td>\n<td>03.04.1867<\/td>\n<td>Wystiten<\/td>\n<td>Gumbinnen<\/td>\n<\/tr>\n<\/tbody>\n<\/table>\n<p>&nbsp;<\/p>\n<p><a href=\"https:\/\/jewsineastprussia.de\/413-2\/?lang=de\">zur\u00fcck zu \u00dcbersicht Orte<\/a><\/p>\n<p><a href=\"https:\/\/jewsineastprussia.de\/other-places-related-to-esat-prussia\/?lang=de\">zur\u00fcck zu Orte au\u00dferhalb Ostpreu\u00dfens<\/a><\/p>\n","protected":false},"excerpt":{"rendered":"<p>Das j\u00fcdische Leben in Ostpreu\u00dfen war sehr stark von den Inputs aus der litauischen Nachbarschaft beeinflusst. J\u00fcdische Bewohner aus den Stetls in der N\u00e4he der ehemaligen ostpreu\u00dfischen Grenzregion \u00fcberquerten die Grenze sehr oft. Sie hatten Gesch\u00e4fte in K\u00f6nigsberg, Tilsit und anderen St\u00e4dten oder besuchten Verwandte, die sich nach 1812 hier niederlie\u00dfen. Manchmal folgten sie ihren [&hellip;]<\/p>\n","protected":false},"author":1,"featured_media":0,"parent":0,"menu_order":0,"comment_status":"closed","ping_status":"closed","template":"","meta":{"footnotes":""},"categories":[],"class_list":["post-3030","page","type-page","status-publish","hentry","entry"],"_links":{"self":[{"href":"https:\/\/jewsineastprussia.de\/de\/wp-json\/wp\/v2\/pages\/3030","targetHints":{"allow":["GET"]}}],"collection":[{"href":"https:\/\/jewsineastprussia.de\/de\/wp-json\/wp\/v2\/pages"}],"about":[{"href":"https:\/\/jewsineastprussia.de\/de\/wp-json\/wp\/v2\/types\/page"}],"author":[{"embeddable":true,"href":"https:\/\/jewsineastprussia.de\/de\/wp-json\/wp\/v2\/users\/1"}],"replies":[{"embeddable":true,"href":"https:\/\/jewsineastprussia.de\/de\/wp-json\/wp\/v2\/comments?post=3030"}],"version-history":[{"count":11,"href":"https:\/\/jewsineastprussia.de\/de\/wp-json\/wp\/v2\/pages\/3030\/revisions"}],"predecessor-version":[{"id":4051,"href":"https:\/\/jewsineastprussia.de\/de\/wp-json\/wp\/v2\/pages\/3030\/revisions\/4051"}],"wp:attachment":[{"href":"https:\/\/jewsineastprussia.de\/de\/wp-json\/wp\/v2\/media?parent=3030"}],"wp:term":[{"taxonomy":"category","embeddable":true,"href":"https:\/\/jewsineastprussia.de\/de\/wp-json\/wp\/v2\/categories?post=3030"}],"curies":[{"name":"wp","href":"https:\/\/api.w.org\/{rel}","templated":true}]}}