{"id":413,"date":"2018-05-23T11:47:26","date_gmt":"2018-05-23T10:47:26","guid":{"rendered":"http:\/\/jewsineastprussia.de\/?page_id=413"},"modified":"2025-10-21T12:04:44","modified_gmt":"2025-10-21T10:04:44","slug":"413-2","status":"publish","type":"page","link":"https:\/\/jewsineastprussia.de\/de\/413-2\/","title":{"rendered":"Orte in Ostpreussen A-Z"},"content":{"rendered":"\t\t<div data-elementor-type=\"wp-page\" data-elementor-id=\"413\" class=\"elementor elementor-413\" data-elementor-post-type=\"page\">\n\t\t\t\t<div class=\"elementor-element elementor-element-e4de451 e-flex e-con-boxed e-con e-parent\" data-id=\"e4de451\" data-element_type=\"container\">\n\t\t\t\t\t<div class=\"e-con-inner\">\n\t\t\t\t<div class=\"elementor-element elementor-element-f1378b8 elementor-widget elementor-widget-heading\" data-id=\"f1378b8\" data-element_type=\"widget\" data-widget_type=\"heading.default\">\n\t\t\t\t<div class=\"elementor-widget-container\">\n\t\t\t\t\t<h2 class=\"elementor-heading-title elementor-size-default\">Friedh\u00f6fe Ostreu\u00dfens in Polen<\/h2>\t\t\t\t<\/div>\n\t\t\t\t<\/div>\n\t\t\t\t<div class=\"elementor-element elementor-element-5dbf2c2 elementor-widget elementor-widget-text-editor\" data-id=\"5dbf2c2\" data-element_type=\"widget\" data-widget_type=\"text-editor.default\">\n\t\t\t\t<div class=\"elementor-widget-container\">\n\t\t\t\t\t\t\t\t\t<p><a href=\"https:\/\/jewsineastprussia.de\/de\/initiatives-in-poland\/\"><span style=\"font-size: 16px; font-style: normal; font-variant-ligatures: normal; font-variant-caps: normal; font-weight: 400; color: var( --e-global-color-text ); text-align: var(--text-align);\">Liste der bearbeiteten Friedh\u00f6fe in Kooperation mit cmetarz-zydowski.pl &gt;&gt;<\/span><\/a><\/p>\t\t\t\t\t\t\t\t<\/div>\n\t\t\t\t<\/div>\n\t\t\t\t<div class=\"elementor-element elementor-element-fd3b48d elementor-widget elementor-widget-heading\" data-id=\"fd3b48d\" data-element_type=\"widget\" data-widget_type=\"heading.default\">\n\t\t\t\t<div class=\"elementor-widget-container\">\n\t\t\t\t\t<h2 class=\"elementor-heading-title elementor-size-default\">Orte (alle)<\/h2>\t\t\t\t<\/div>\n\t\t\t\t<\/div>\n\t\t\t\t<div class=\"elementor-element elementor-element-1c8699c6 elementor-widget elementor-widget-text-editor\" data-id=\"1c8699c6\" data-element_type=\"widget\" data-widget_type=\"text-editor.default\">\n\t\t\t\t<div class=\"elementor-widget-container\">\n\t\t\t\t\t\t\t\t\t\n<h3 class=\"wp-block-heading\">A<\/h3>\n\n<p>Allenstein \/ Olsztyn &#8211; <a href=\"https:\/\/jewsineastprussia.de\/de\/cemetery-olsztyn-allenstein\/\">J\u00fcdischer Friedhof &gt;&gt;<\/a><br \/>Allenstein \/ Olsztyn &#8211;\u00a0<a href=\"https:\/\/jewsineastprussia.de\/stories-from-allenstein\/?lang=de\">Geschichten aus Allenstein &gt;&gt;<\/a><\/p>\n\n<h3 class=\"wp-block-heading\">B<\/h3>\n\n<p>Braunsberg \/ Braniewo &#8211; <a href=\"https:\/\/jewsineastprussia.de\/wp-content\/uploads\/2018\/11\/Heberollen-Ergebnis_Braunsberg2.pdf\" target=\"_blank\" rel=\"noopener noreferrer\">Stadt, Namen 1873\u00a0&gt;&gt;<\/a><br \/>Braunsberg \/ Braniewo &#8211; <a href=\"https:\/\/jewsineastprussia.de\/wp-content\/uploads\/2018\/11\/LKrBraunsbergHeberollen.pdf\" rel=\"noopener\">Landkreis, Zusammenf. 1855-73\u00a0&gt;&gt;<\/a><\/p>\n\n<h3 class=\"wp-block-heading\">C<\/h3>\n\n<p>Christburg \/ Dzierzgo\u0144 &#8211; <a href=\"https:\/\/jewsineastprussia.de\/de\/the-jewish-cemetery-of-christburg-today-dzierzgon\/\">Zum j\u00fcdischen Friedhof &gt;&gt;<\/a><\/p>\n\n<h3 class=\"wp-block-heading\">D<\/h3>\n\n<p>Darkehmen \/ Ozjersk \u2013\u00a0<a href=\"https:\/\/jewsineastprussia.de\/de\/darkehmen-search-for-traces\/\">Exkursion in 2024 &gt;&gt;<\/a><\/p>\n<p>Deutsch Eylau \/ I\u0142awa &#8211; <a href=\"https:\/\/jewsineastprussia.de\/de\/cemetery-ilawa-deutsch-eylau\/\">J\u00fcdischer Friedhof &gt;&gt;\u00a0<\/a><\/p>\n\n<h3 class=\"wp-block-heading\">E<\/h3>\n\n<p>Elbing \/ Elbl\u0105g &#8211; <a href=\"https:\/\/jewsineastprussia.de\/de\/cemetery-elblag-elbing\/\">J\u00fcdische Geschichte und Friedhof &gt;&gt;<\/a><br \/>Eydtkuhnen \/ Tschernyschewskoje &#8211; <a href=\"https:\/\/jewsineastprussia.de\/wp-content\/uploads\/2018\/11\/Eydtkuhnen_community_1873.pdf\" target=\"_blank\" rel=\"noopener noreferrer\">Mitglieder der J\u00fcdischen Gemeinde\u00a01872-1873\u00a0&gt;&gt;<\/a><br \/>Eydtkuhnen \/ Tschernyschewskoje &#8211; <a href=\"https:\/\/jewsineastprussia.de\/de\/looking-for-a-photographer\/\" data-type=\"post\" data-id=\"9464\">Suchen nach Fotografin aus Eydtkuhnen in New York &gt;&gt;<\/a><\/p>\n\n<h3 class=\"wp-block-heading\">F<\/h3>\n\n<p>Frauenburg\u00a0 \/ Frombork &#8211; <a href=\"https:\/\/jewsineastprussia.de\/de\/cemetery-frombork-frauenburg\/\">J\u00fcdischer Friedhof &gt;&gt;<\/a><\/p>\n\n<h3 class=\"wp-block-heading\">G<\/h3>\n\n<p>Goldap \/ Go\u0142dap &#8211;<a href=\"https:\/\/jewsineastprussia.de\/de\/cemetery-goldap-goldap\/\"> J\u00fcdischer Friedhof &gt;&gt;<\/a><br \/>Gro\u00df Kakschen \/ Sadowo\u00a0(auch Klein Kakschen \/ Alexejewka) &#8211; <a href=\"https:\/\/jewsineastprussia.de\/gros-kakschen\/?lang=de\">Familiennamen &gt;&gt;<\/a><br \/>Gumbinnen \/ Gussew &#8211; <a href=\"https:\/\/jewsineastprussia.de\/gumbinnen\/?lang=de\">Einb\u00fcrgerungen 1803-52 &gt;&gt;<\/a><br \/>Guttstadt \/\u00a0Dobre Miasto\u00a0&#8211; <a title=\"Guttstadt Heberollen Auswertung\" href=\"http:\/\/www.judeninostpreussen.de\/upload\/pdf\/Heberollen-Ergebnis02.pdf\" target=\"_blank\" rel=\"noopener noreferrer\">Namen 1876-1900 &gt;&gt;<\/a><\/p>\n\n<h3 class=\"wp-block-heading\">H<\/h3>\n\n<p>Heilsberg \/ Lidzbark Warmi\u0144ski \u2013 <a href=\"https:\/\/jewsineastprussia.de\/de\/cemetery-lidzbark-warminski-heilsberg\/\">J\u00fcdischer Friedhof &gt;&gt;<\/a><br \/>Heinrichswalde \/ Slawsk \u2013\u00a0<a href=\"https:\/\/jewsineastprussia.de\/wp-content\/uploads\/2018\/11\/Heinrichswalde-district-Jews.pdf\" target=\"_blank\" rel=\"noopener noreferrer\">Namen 1880 &gt;&gt;<\/a><br \/>Heydekrug \/ \u0160ilut\u0117 &#8211; <a href=\"https:\/\/jewsineastprussia.de\/heydekrug-eng\/?lang=de\">Zeit 1815-1919 &gt;&gt;<\/a><br \/>Heydekrug \/ \u0160ilut\u0117 &#8211; <a href=\"https:\/\/jewsineastprussia.de\/heydekrug-1941-1943\/?lang=de\">1941-1943\u00a0&gt;&gt;<\/a><br \/>Heydekrug \/ \u0160ilut\u0117\u00a0 &#8211; <a href=\"https:\/\/jewsineastprussia.de\/de\/heiny-ellerts-testimony-heydekrug\/\">Arbeitslager &#8211; \u00a0Zeugenaussage von Heiny Ellert &gt;&gt;\u00a0<\/a><br \/>Heydekrug \/ \u0160ilut\u0117\u00a0 &#8211; Arbeitslager &#8211; bei &#8222;Sveksna Our Town&#8220;, (engl.) <a href=\"https:\/\/www.litvaksig.org\/information-and-tools\/online-journal\/sveksna-our-town\" target=\"_blank\" rel=\"noopener noreferrer\">&#8222;Sveksna Our Town&#8220; (engl.) &gt;&gt;<\/a><br \/>Hohenstein \/ Olsztynek <a href=\"https:\/\/jewsineastprussia.de\/de\/cemetery-olsztynek-hohenstein\/\">\u2013 J\u00fcdischer Friedhof &gt;&gt;\u00a0<\/a><\/p>\n\n<h3 class=\"wp-block-heading\">I<\/h3>\n\n<p>Iwanken \/ Janowo\u00a0 <a href=\"https:\/\/jewsineastprussia.de\/de\/cemetery-janowo-iwanken\/\">&#8211; J\u00fcdischer Friedhof &gt;&gt;<\/a><\/p>\n\n<h3 class=\"wp-block-heading\">J<\/h3>\n<p>Johannisburg \/ Pisz &#8211; <a href=\"https:\/\/jewsineastprussia.de\/de\/gedenken-am-friedhof-in-johannisburg-pisz\/\">Gedenken am Friedhof &gt;&gt;\u00a0<\/a><\/p>\n<h3>K<\/h3>\n\n<p>Klaipeda und Kaliningrad &#8211; <a href=\"https:\/\/jewsineastprussia.de\/neue-juedische-gemeinden-in-klaipeda-und-kaliningrad\/?lang=de\">Neue j\u00fcdische Gemeinden in&gt;&gt;<\/a><br \/>K\u00f6nigsberg \/ Kaliningrad &#8211; <a href=\"https:\/\/jewsineastprussia.de\/tombstones-at-the-old-jewish-cemetery-in-konigsberg\/?lang=de\">Grabsteine\u00a0&gt;&gt;<\/a><br \/>K\u00f6nigsberg \/ Kaliningrad &#8211; <a href=\"https:\/\/jewsineastprussia.de\/de\/jewish-births-in-konigsberg-in-1859\/\" target=\"_blank\" rel=\"noopener noreferrer\">J\u00fcdische Geburten 1859 &gt;&gt;<\/a><br \/>K\u00f6nigsberg \/ Kaliningrad &#8211; <a href=\"https:\/\/jewsineastprussia.de\/wp-content\/uploads\/2018\/11\/Marriage_Koenigsberg_1856-1864.pdf\" target=\"_blank\" rel=\"noopener noreferrer\">J\u00fcdische Eheschliessungen 1856-1864\u00a0&gt;&gt;<\/a><br \/>K\u00f6nigsberg \/ Kaliningrad &#8211; <a href=\"https:\/\/jewsineastprussia.de\/wp-content\/uploads\/2018\/11\/Marriage_Koenigsberg_1869-1872.pdf\" target=\"_blank\" rel=\"noopener noreferrer\">J\u00fcdische Eheschliessungen 1869-1872\u00a0&gt;&gt;<\/a><\/p>\n<h3>L<\/h3>\n<p>Lyck \/ E\u0142k &#8211; Familie Rosenthal &gt;&gt; wird \u00fcberarbeitet<\/p>\n\n<h3 class=\"wp-block-heading\">M<\/h3>\n\n<p>Marienburg \/ Malbork <a href=\"https:\/\/jewsineastprussia.de\/de\/cemetery-malbork-marienburg\/\">&#8211; J\u00fcdischer Friedhof &gt;&gt;<\/a><br \/>Marienwerder \/ Kwidzyn &#8211; <a href=\"https:\/\/jewsineastprussia.de\/cemetery-kwidzyn-marienwerder\/\">J\u00fcdischer Friedhof &gt;&gt;<\/a><br \/>Mehlsack \/ Pieni\u0119\u017cno &#8211; <a href=\"https:\/\/jewsineastprussia.de\/de\/mehlsack-pieniezno\/\">Suche nach Synagoge und Friedhof &gt;&gt;<\/a><br \/>Memel \/ Klaipeda und Kaliningrad \/ K\u00f6nigsberg &#8211; <a href=\"https:\/\/jewsineastprussia.de\/neue-juedische-gemeinden-in-klaipeda-und-kaliningrad\/?lang=de\">Neue j\u00fcdische Gemeinden &gt;&gt;<\/a><br \/>Memel \/ Klaipeda &#8211; <a href=\"https:\/\/jewsineastprussia.de\/juden-in-klaipeda\/?lang=de\">Geschichte 1910-1941\u00a0&gt;&gt;<\/a><br \/>Memel \/ Klaipeda &#8211; Konferenz 24. M\u00e4rz 2019 <a href=\"https:\/\/jewsineastprussia.de\/einmarsch-in-memel-80-jahrestag\/?lang=de\">zu 80 Jahre deutsche Invasion &gt;&gt;<\/a><br \/>Memel \/ Klaipeda &#8211; <a href=\"https:\/\/jewsineastprussia.de\/juden-in-memel-des-20-jahrhunderts\/?lang=de\">Artikel Juden im 20. Jahrhundert\u00a0&gt;&gt;<\/a><br \/>Memel \/ Klaipeda &#8211; <a href=\"https:\/\/jewsineastprussia.de\/wp-content\/uploads\/2018\/11\/Memel_records_1885-01.pdf\" target=\"_blank\" rel=\"noopener noreferrer\">Listen 1885-1901\u00a0&gt;&gt;<\/a><br \/>Memel \/ Klaipeda &#8211; <a href=\"https:\/\/jewsineastprussia.de\/wp-content\/uploads\/2018\/11\/Memel-Register-1910.pdf\" target=\"_blank\" rel=\"noopener noreferrer\">Liste 1910\u00a0&gt;&gt;<\/a><br \/>Mohrungen \/ Mor\u0105g<a href=\"https:\/\/jewsineastprussia.de\/de\/cemetery-morag-mohrungen\/\"> &#8211; J\u00fcdischer Friedhof&gt;&gt;<\/a><\/p>\n\n<h3 class=\"wp-block-heading\">N<\/h3>\n\n<p>Neidenburg \/ Nidzica <a href=\"https:\/\/jewsineastprussia.de\/de\/cemetery-nidzica-neidenburg\/\">&#8211; J\u00fcdischer Friedhof &gt;&gt;<\/a><br \/>Neuh\u00e4user \/ Metschnikowo &#8211; <a href=\"https:\/\/jewsineastprussia.de\/de\/10-years-jewish-holiday-home-neuhauser\/\">Jugend Ferienheim &gt;&gt;<\/a><br \/>Nikolaiken \/ Miko\u0142ajki <a href=\"https:\/\/jewsineastprussia.de\/de\/cemetery-mikolajki-nikolaiken\/\">&#8211; J\u00fcdischer Friedhof mit Namensliste &gt;&gt;<\/a><br \/>Nikolaiken \/ Miko\u0142ajki &#8211; <a href=\"https:\/\/jewsineastprussia.de\/de\/operation-in-nikolaiken-mikolajki\/\">Einsatzbericht vom j\u00fcdischen Friedhof 2019 &gt;&gt;<\/a><br \/>Nordenburg \/ Krylowo &#8211; <a href=\"https:\/\/jewsineastprussia.de\/de\/jews-in-nordenburg\/\">J\u00fcdische Familien in der Zwischenkriegszeit &gt;&gt;<\/a><\/p>\n\n<h3 class=\"wp-block-heading\">O<\/h3>\n\n<p>Ortelsburg \/ Szczytno &#8211; <a href=\"https:\/\/jewsineastprussia.de\/de\/family-grunberg-in-ortelsburg\/\" data-type=\"post\" data-id=\"9486\">Klassenfoto 1886 &gt;&gt;\u00a0<\/a><br \/>Osterode \/ Ostr\u00f3da <a href=\"https:\/\/jewsineastprussia.de\/de\/cemetery-ostroda-osterode\/\">&#8211; J\u00fcdischer Friedhof &gt;&gt;<\/a><\/p>\n\n<h3 class=\"wp-block-heading\">P<\/h3>\n\n<p>Palmnicken \/ Yantarny &#8211; <a href=\"https:\/\/jewsineastprussia.de\/de\/massacre-1945\/\">Massaker 1945 Namensliste &gt;&gt;<\/a><br \/>Preussisch Holland \/ Pas\u0142ek <a href=\"https:\/\/jewsineastprussia.de\/de\/cemetry-paslek-preusisch-holland\/\">&#8211; J\u00fcdischer Friedhof &gt;&gt;<\/a><br \/>Preussisch Holland \/ Pas\u0142ek &#8211; <a href=\"https:\/\/jewsineastprussia.de\/cemetery-of-preussisch-holland\/?lang=de\">Friedhofsregister 1851\u20131907 &gt;&gt;<\/a><br \/>Prostken \/ Postki \u2013\u00a0<a href=\"https:\/\/jewsineastprussia.de\/de\/straight-through-prostken\/\">Diverses zu einem Grenzort &gt;&gt;<\/a><\/p>\n\n<h3 class=\"wp-block-heading\">R<\/h3>\n\n<p>Ragnit \/ Neman &#8211; das r\u00e4tselhafte j\u00fcdische Dorf; <a href=\"https:\/\/jewsineastprussia.de\/gros-kakschen\/?lang=de\">Familien in Gro\u00df Kakschen\u00a0&gt;&gt;<\/a><br \/>Rastenburg \/ K\u0119trzyn &#8211; <a href=\"https:\/\/jewsineastprussia.de\/de\/cemetery-ketrzyn-rastenburg\/\">J\u00fcdischer Friedhof &gt;&gt;<\/a><br \/>Rastenburg \/ K\u0119trzyn &#8211; <a href=\"https:\/\/jewsineastprussia.de\/de\/the-history-of-the-jews-in-rastenburg\/\">Die Geschichte der Juden in Rastenburg &gt;&gt;<\/a><br \/>Rhein \/ Ryn \u2013\u00a0 <a href=\"https:\/\/jewsineastprussia.de\/de\/cemetery-ryn-rhein\/\">J\u00fcdischer Friedhof &gt;&gt;<\/a><br \/>Rosenberg \/ Susz &#8211; <a href=\"https:\/\/jewsineastprussia.de\/de\/synagogue-rosenberg-news\/\">Heimatmuseum im Synagogengeb\u00e4ude &gt;&gt;<\/a><br \/>Rosenberg \/ Susz &#8211; <a href=\"https:\/\/jewsineastprussia.de\/de\/synagogue-rosenberg-archive-berlin\/\">Synagoge, aus den Archiven &gt;&gt;<\/a><br \/>Rosenberg \/ Susz \u2013\u00a0<a href=\"https:\/\/jewsineastprussia.de\/de\/cemetery-susz-rosenberg\/\">J\u00fcdischer Friedhof und Synagogengeb\u00e4ude &gt;&gt;<\/a><br \/>Russ \/ Rusn\u0117 &#8211; <a href=\"https:\/\/jewsineastprussia.de\/juden-in-russ\/?lang=de\">Bericht des Landarzt Arthur Kittel &gt;&gt;<\/a><br \/>Russ \/ Rusn\u0117 &#8211; <a href=\"https:\/\/jewsineastprussia.de\/wp-content\/uploads\/2018\/11\/Russ.pdf\" target=\"_blank\" rel=\"noopener noreferrer\">Steuerlisten 1880-1911 &gt;&gt;<\/a><\/p>\n\n<h3 class=\"wp-block-heading\">S<\/h3>\n\n<p>Saalfeld \/ Zalewo &#8211; <a href=\"https:\/\/jewsineastprussia.de\/de\/history-of-the-jews-in-saalfeld-is-not-forgotten\/\">Geschichte der Juden &gt;&gt;<\/a><br \/>Schmalleningken \/ Smalininkai &#8211; <a href=\"https:\/\/jewsineastprussia.de\/de\/schmalleningken-smalininkai\/\">Ortsbeschreibung<\/a> <br \/>Schmalleningken \/ Smalininkai &#8211; <a href=\"https:\/\/jewsineastprussia.de\/de\/schmalleningken-in-jerusalem\/\">Liederbuch Fund<\/a> <br \/>Seckenburg \/ Sapowednoje &#8211; <a href=\"https:\/\/jewsineastprussia.de\/de\/hermann-lapidas-alias-hosias-rischmann\/\">Der Kantor und Sch\u00e4chter &gt;&gt;<\/a><br \/>Sensburg \/ Mr\u0105gowo <a href=\"https:\/\/jewsineastprussia.de\/de\/cemetery-mragowo-sensburg\/\">&#8211; J\u00fcdischer Friedhof &gt;&gt;<\/a><br \/>Soldau \/ Dzia\u0142dowo &#8211; <a href=\"https:\/\/jewsineastprussia.de\/de\/cemetery-dzialdowo-soldau\/\">J\u00fcdische Geschichte und Friedhof &gt;&gt;<\/a><\/p>\n\n<h3 class=\"wp-block-heading\">T<\/h3>\n\n<p>Tilsit \/ Sowetsk &#8211; <a href=\"https:\/\/jewsineastprussia.de\/tilsit-eng\/?lang=de\">geschichtlicher \u00dcberblick &gt;&gt;<\/a><br \/>Tilsit \/ Sowetsk &#8211; <a href=\"https:\/\/jewsineastprussia.de\/wp-content\/uploads\/2018\/11\/SterbelisteTilsit1813-25.pdf\" target=\"_blank\" rel=\"noopener noreferrer\">Sterbelisten 1813-25\u00a0&gt;&gt;<\/a><br \/>Tilsit \/ Sowetsk &#8211; <a href=\"https:\/\/jewsineastprussia.de\/tilsit-1938\/?lang=de\">1938 Novemberpogrom, Isaak Rutman Bericht &gt;&gt;<\/a><br \/>Tilsit \/ Sowetsk &#8211; <a href=\"https:\/\/jewsineastprussia.de\/tilsit-1939\/?lang=de\">1939 Volksz\u00e4hlung Auflistung 311 Personen &gt;&gt;<\/a><\/p>\n\n<h3 class=\"wp-block-heading\">W<\/h3>\n\n<p>Wartenburg \/ Barczewo &#8211; <a href=\"https:\/\/jewsineastprussia.de\/de\/cemetery-barczewo-wartenburg\/\">J\u00fcdischer Friedhof &gt;&gt;<\/a><br \/>Wartenburg \/ Barczewo &#8211; <a href=\"https:\/\/jewsineastprussia.de\/de\/wartenburg-traces-of-the-pollnow-family\/\">Spuren der Familie Pollnow &gt;&gt;<\/a><br \/>Westpreussen &#8211; <a href=\"https:\/\/jewsineastprussia.de\/de\/travels-to-the-sources-2020\/\">teilweise auch Ostpreussen, Excursionen 2020 &gt;&gt;<\/a> <br \/>Wormditt \/ Orneta &#8211; <a href=\"https:\/\/jewsineastprussia.de\/de\/cemetery-orneta-wormditt\/\">J\u00fcdischer Friedhof &gt;&gt;<\/a><br \/>Wormditt \/ Orneta <a href=\"https:\/\/jewsineastprussia.de\/wp-content\/uploads\/2018\/11\/Wormditt-2.pdf\" target=\"_blank\" rel=\"noopener noreferrer\">Namen 1838 &gt;&gt;<\/a><\/p>\n\n<h3 class=\"wp-block-heading\">V<\/h3>\n\n<p>Vystitis \/ Wysztyten \/ Wischtiten &#8211; <a href=\"https:\/\/jewsineastprussia.de\/wp-content\/uploads\/2018\/11\/Vistytis_Trader.pdf\" target=\"_blank\" rel=\"noopener noreferrer\">Aufsatz \u00fcber Kurzstrecken-Migration\u00a0&gt;&gt;<\/a><br \/>Vystitis \/ Wysztyten \/ Wischtiten &#8211; <a href=\"https:\/\/jewsineastprussia.de\/vistytis-names-collection-from-german-archives\/?lang=de\" target=\"_blank\" rel=\"noopener noreferrer\">Namenslisten aus Archiven &gt;&gt;<\/a><br \/>Vystitis \/ Vishtinetz &#8211; &#8222;Auf nach Vishtinetz&#8220; <a href=\"http:\/\/howard.sandys.ca\/03.html\" target=\"_blank\" rel=\"noopener noreferrer\">Howard Sandys Reisebericht 2005 (Eng.) &gt;&gt;<\/a><\/p>\n\t\t\t\t\t\t\t\t<\/div>\n\t\t\t\t<\/div>\n\t\t\t\t\t<\/div>\n\t\t\t\t<\/div>\n\t\t<div class=\"elementor-element elementor-element-cc72a97 e-flex e-con-boxed e-con e-parent\" data-id=\"cc72a97\" data-element_type=\"container\">\n\t\t\t\t\t<div class=\"e-con-inner\">\n\t\t\t\t\t<\/div>\n\t\t\t\t<\/div>\n\t\t\t\t<\/div>\n\t\t","protected":false},"excerpt":{"rendered":"<p>Friedh\u00f6fe Ostreu\u00dfens in Polen Liste der bearbeiteten Friedh\u00f6fe in Kooperation mit cmetarz-zydowski.pl &gt;&gt; Orte (alle) A Allenstein \/ Olsztyn &#8211; J\u00fcdischer Friedhof &gt;&gt;Allenstein \/ Olsztyn &#8211;\u00a0Geschichten aus Allenstein &gt;&gt; B Braunsberg \/ Braniewo &#8211; Stadt, Namen 1873\u00a0&gt;&gt;Braunsberg \/ Braniewo &#8211; Landkreis, Zusammenf. 1855-73\u00a0&gt;&gt; C Christburg \/ Dzierzgo\u0144 &#8211; Zum j\u00fcdischen Friedhof &gt;&gt; D Darkehmen \/ [&hellip;]<\/p>\n","protected":false},"author":1,"featured_media":0,"parent":0,"menu_order":0,"comment_status":"closed","ping_status":"closed","template":"","meta":{"footnotes":""},"categories":[135,72,74,73],"class_list":["post-413","page","type-page","status-publish","hentry","category-kaliningrad-region-russia-de","category-kaliningrader-region-russland","category-litauen","category-polen","entry"],"_links":{"self":[{"href":"https:\/\/jewsineastprussia.de\/de\/wp-json\/wp\/v2\/pages\/413","targetHints":{"allow":["GET"]}}],"collection":[{"href":"https:\/\/jewsineastprussia.de\/de\/wp-json\/wp\/v2\/pages"}],"about":[{"href":"https:\/\/jewsineastprussia.de\/de\/wp-json\/wp\/v2\/types\/page"}],"author":[{"embeddable":true,"href":"https:\/\/jewsineastprussia.de\/de\/wp-json\/wp\/v2\/users\/1"}],"replies":[{"embeddable":true,"href":"https:\/\/jewsineastprussia.de\/de\/wp-json\/wp\/v2\/comments?post=413"}],"version-history":[{"count":146,"href":"https:\/\/jewsineastprussia.de\/de\/wp-json\/wp\/v2\/pages\/413\/revisions"}],"predecessor-version":[{"id":12568,"href":"https:\/\/jewsineastprussia.de\/de\/wp-json\/wp\/v2\/pages\/413\/revisions\/12568"}],"wp:attachment":[{"href":"https:\/\/jewsineastprussia.de\/de\/wp-json\/wp\/v2\/media?parent=413"}],"wp:term":[{"taxonomy":"category","embeddable":true,"href":"https:\/\/jewsineastprussia.de\/de\/wp-json\/wp\/v2\/categories?post=413"}],"curies":[{"name":"wp","href":"https:\/\/api.w.org\/{rel}","templated":true}]}}