{"id":4361,"date":"2019-10-12T19:02:31","date_gmt":"2019-10-12T17:02:31","guid":{"rendered":"https:\/\/jewsineastprussia.de\/cemetery-of-preussisch-holland\/"},"modified":"2020-03-15T08:43:59","modified_gmt":"2020-03-15T07:43:59","slug":"cemetery-of-preussisch-holland","status":"publish","type":"page","link":"https:\/\/jewsineastprussia.de\/de\/cemetery-of-preussisch-holland\/","title":{"rendered":"Friedhofsregister von Preu\u00dfisch Holland"},"content":{"rendered":"<p><strong>Diese Seite enth\u00e4lt das Friedhofsregister des j\u00fcdischen Friedhofs von Preu\u00dfisch Holland <\/strong><strong> (heute Pas\u0142ek, Polen) 1851 to 1907 \u2013 vom Staatsarchiv Leipzig<br \/>\n(von Bettina M\u00fcller)<\/strong><\/p>\n<p>Unsere zweite Seite Cmentarze-zydowskie umfasst detailliert die Geschichte der j\u00fcdischen Gemeinde des Ortes, eine\u00a0 Beschreibung des Friedhofs mit einer kurzen Liste der Namen der verbliebenen Grabsteine mit einer Auflistung der Pflanzenwelt <a href=\"https:\/\/jewsineastprussia.de\/de\/cemetry-paslek-preusisch-holland\/\">auf dem Gel\u00e4nde, eine polnische Studie von 1996 &gt;&gt;<\/a><\/p>\n<p><img fetchpriority=\"high\" decoding=\"async\" class=\"aligncenter wp-image-4347 size-large\" src=\"https:\/\/jewsineastprussia.de\/wp-content\/uploads\/2019\/10\/Preuss-Holland-1024x619.jpg\" alt=\"City Wall of Preussisch Holland\" width=\"1024\" height=\"619\" srcset=\"https:\/\/jewsineastprussia.de\/wp-content\/uploads\/2019\/10\/Preuss-Holland.jpg 1024w, https:\/\/jewsineastprussia.de\/wp-content\/uploads\/2019\/10\/Preuss-Holland-300x181.jpg 300w, https:\/\/jewsineastprussia.de\/wp-content\/uploads\/2019\/10\/Preuss-Holland-768x464.jpg 768w\" sizes=\"(max-width: 1024px) 100vw, 1024px\" \/><\/p>\n<p>Der Friedhof mit einer Fl\u00e4che von ca. 100 x 50 Metern geh\u00f6rt zu den am besten erhaltenen j\u00fcdischen Friedh\u00f6fen in dieser Gegend.<br \/>\nDas Staatsarchiv Leipzig bietet unter der Signatur AS 3590-1 ein Verzeichnis der auf dem j\u00fcdischen Friedhof von Preu\u00dfisch Holland begrabenen Gemeindemitglieder der Jahre 1851 bis 1907.<\/p>\n<p><img decoding=\"async\" class=\"alignnone size-medium wp-image-4349\" src=\"https:\/\/jewsineastprussia.de\/wp-content\/uploads\/2019\/10\/Mazeva-Wohl-300x154.jpg\" alt=\"Mazeva Erstine Wohl\" width=\"300\" height=\"154\" srcset=\"https:\/\/jewsineastprussia.de\/wp-content\/uploads\/2019\/10\/Mazeva-Wohl-300x154.jpg 300w, https:\/\/jewsineastprussia.de\/wp-content\/uploads\/2019\/10\/Mazeva-Wohl-768x393.jpg 768w, https:\/\/jewsineastprussia.de\/wp-content\/uploads\/2019\/10\/Mazeva-Wohl-1024x524.jpg 1024w, https:\/\/jewsineastprussia.de\/wp-content\/uploads\/2019\/10\/Mazeva-Wohl.jpg 1280w\" sizes=\"(max-width: 300px) 100vw, 300px\" \/><\/p>\n<p>Erst ab 1874 \u2013 durch die Einf\u00fchrung des amtlichen Personenstandswesen \u2013 lassen sich Geburts-, Heirats- und Sterbef\u00e4lle nachweisen, vor 1874 existieren f\u00fcr einige Orte im ehe\u00admaligen Ostpreu\u00dfen noch Personenstandslisten der ehemaligen j\u00fcdischen Gemeinden, f\u00fcr Preu\u00dfisch Holland sind das nur noch die Sterbef\u00e4lle der Jahre 1817 bis 1847.\u00a0 (&#8230;.. Forts. s. weiter unten)<\/p>\n<p>(Abk\u00fcrzungen: FN = Fu\u00dfnote; o.G. = ohne Geburtsdatum, o.L. = ohne Lebensdaten)<\/p>\n<ul>\n<li>Alexander Sohn Zewi\u2019s (38); o.G.; + 5607 [1847]<\/li>\n<li>Aris; reserviert (107)<\/li>\n<li>Aris, Blanka (41), * 12.8.1863; + 14.9.1867<\/li>\n<li>Aris, Jacob (17); * 3. [o. 8.]10.1790; + 6.3.1862<\/li>\n<li>Aris, Jacob S\u00f6hnchen (72); o.L.<\/li>\n<li>Aris Jacob S\u00f6hnchen (73); o.L.<\/li>\n<\/ul>\n<p><img decoding=\"async\" class=\"size-medium wp-image-4351 alignnone\" src=\"https:\/\/jewsineastprussia.de\/wp-content\/uploads\/2019\/10\/Mazeva-Aris-300x138.jpg\" alt=\"Mazeva Jacob Aris\" width=\"300\" height=\"138\" srcset=\"https:\/\/jewsineastprussia.de\/wp-content\/uploads\/2019\/10\/Mazeva-Aris-300x138.jpg 300w, https:\/\/jewsineastprussia.de\/wp-content\/uploads\/2019\/10\/Mazeva-Aris-768x353.jpg 768w, https:\/\/jewsineastprussia.de\/wp-content\/uploads\/2019\/10\/Mazeva-Aris-1024x471.jpg 1024w, https:\/\/jewsineastprussia.de\/wp-content\/uploads\/2019\/10\/Mazeva-Aris.jpg 1280w\" sizes=\"(max-width: 300px) 100vw, 300px\" \/><\/p>\n<ul>\n<li>Aris, Johanna (104); * 1.4.1856; + 31.5.1900<\/li>\n<li>Aris, Johanna (104); * 1.4.1856; + 31.5.1900<\/li>\n<li>Aris, Julius (105); * 16.10.1856\u00a0; + 18.2.1902<\/li>\n<li>Aris, Louis (106)\u00a0; * 8.11.1835\u00a0; 7.4.1906<\/li>\n<li>Aris, Meta (84); * 24.4.1879; + 7.10.1899<\/li>\n<li>Aris, Pauline, geb. L\u00f6wenstein (1); * 4.9.1834; + 24.2.1869<\/li>\n<li>Aris, Rebekka, geb. Hirschfeld (2); * 26.9.1834; + 18.11.1865<\/li>\n<li>Aris, Simon (43); o.G.; o.Todesdatum<\/li>\n<li>Aris, Therese, geb. Kirstein (12); * 3.5.1799; + 21.7.1851<\/li>\n<li>Aron Sohn Joseph\u2019s (35); o.G.; + 19. Sh\u2019vat 5591 [2.2.1831]<\/li>\n<li>B\u00e4r Sohn Johseph\u2019s (37); o.G.; + 10. Tewet 5606 [8.1.1846]<\/li>\n<li>Chajim Sohn Nachmans (33); o.G.; + [unleserlich]<\/li>\n<li>Cohn; 133 reserviert<\/li>\n<li>Cohn, Henriette, geb. Aris (3); * 26.4.1834; + 19.10.1869<\/li>\n<li>Cohn, Max (134); * 6.11.1869; + 26.2.1905<\/li>\n<li>Cohn, Salomon (132); * 4.12.1832; + 16.3.1902<\/li>\n<li>Flatow, Johanne, geb. Jacoby (79); * 1.5.1822; + 25.12.1882<\/li>\n<li>Flatow, Lina (57); * 28.10.1843; + 3.2.1894<\/li>\n<li>Flatow, Seelig (32); * 21.12.1817; + 12.2.1870<\/li>\n<li>Fr\u00fcmet [?] Tochter Jacobs (45); o.G.; + 24. Kislev 5606 [5.12.1844]<\/li>\n<li>F\u00fcrst; 131 reserviert<\/li>\n<li>F\u00fcrst, Gerson (30), * 30.10.1815; + 24.2.1868<\/li>\n<li>F\u00fcrst, Henriette, geb. Flatow (56); * 22.3.1823; + 28.4.1891<\/li>\n<li>F\u00fcrst, Johsef (31); * 28. Tishrei 5548 [10.10.1787]; + 14. Tamuz 5628 [4.7.1868]<\/li>\n<li>F\u00fcrst, Veile, geb. Laserstein (FN <a href=\"#_ftn1\" name=\"_ftnref1\">[1]<\/a>) (29); * 24.2.1797; + 14.7.1869<\/li>\n<li>F\u00fcrst, Simon (130); * 18.7.1845; + 30.9.1896<\/li>\n<li>Gerber, Abraham; 92 reserviert<\/li>\n<li>Gerber, Doris, geb. Grau (91); * 21.12.1841; + 24.2.1905<\/li>\n<li>Goldstandt, Minna, geb. Isacheim (27); o.G.; + 23. Tevet 5627 [31.12.1866]<\/li>\n<li>Grau, David (20); o.G. + 2. Cheschwan 5627 [12.10.1866]<\/li>\n<li>Grau, Lona (51); o.G.; + 21. Iyyar 5646 [26.5.1886]<\/li>\n<li>Grumach, Lewin (101); * 13.1.1822; + 6.4.1890<\/li>\n<li>Gutel, Gattin des S\u00fcsskind, Tochter des Zewi (47); o.G.; 29. Adar 5609 [23.3.1849]<\/li>\n<li>Hirschfeld, Anna (89); * 8.12.1865; + 17.1.1905<\/li>\n<li>Hirschfeld, Heimann (88); * 22.1.1835; + 17.5.1907<\/li>\n<li>Hirschfeld, Hirsch (76); o.G.; + 25.5.1877; * 1796 Krojanke (Westpreu\u00dfen),<\/li>\n<li>Hirschfeld, Jacob (19); o.G.; + 28. Elul 5626 [8.12.1866]<\/li>\n<li>Hirschfeld, Karoline (50); o.L.<\/li>\n<li>Hirschfeld, Lewin (39); o.G.; + 13. Sivan 5611 [13.6.1851]<\/li>\n<li>Hirschfeld, Rosa \u2013 Grabst\u00e4tte 90 reserviert<\/li>\n<li>Hoffmann, Bertha, geb. Hirschberg (137); o.L.<\/li>\n<li>Hoffmann, Eduard (112); * 11.5.1839; + 5.3.1892<\/li>\n<li>Hoffmann, Georg (70); o.L.<\/li>\n<li>Hoffmann, Herrmann (71); o.L.<\/li>\n<li>Isaksohn, J.B. (40); * Februar 1793; + 4.4.1871<\/li>\n<li>Isenstein, Itzig (49); o.G.; + 20. Nisan 5634 [* 7.4.1874]<\/li>\n<li>Jacob, Ernestine, geb. Braunstein (5); * 17.12.1847; + 8.7.1879<\/li>\n<li>Jacob, Rebekka (97); o.G.; + 2. Av 5644 [24.7.1884]<\/li>\n<li>Jacobi, Gutel, Tochter Joseph\u2019s (46); o.G.; + 20. Iyyar 5606 [16.5.1846]<\/li>\n<li>Jacobsohn, Pauline, geb. L\u00f6wenthal (52); * 1.8.1829; + [?]1.1885<\/li>\n<li>Jacobsohn, Bendix (65); \u201e77 Jahre alt\u201c [* 1830]; + 19.7.1907<\/li>\n<li>Jontofsohn, Rebekka, geb. Flatow (83); * 1814; + 19.10.1895<\/li>\n<li>Jontofsohn, Salomon (113); * 15.11.1814; + 1.11.1893<\/li>\n<li>Joseph Sohn Zewi\u2019s (36); o.G.; + 5. Adar 5602 [12.2.1842]<\/li>\n<li>Katz, Ida, geb. Liedemann (6); * 25.12.1828; + 10.8.1869<\/li>\n<li>Katz, Hirsch (16); o.G.; + 12.3.5621<\/li>\n<li>Katz, Tobine, geb. Conrad (7); o.G.; + 2.10.1869<\/li>\n<li>Katzenfu\u00df, Marie, geb. Weinberg (108); * 6.8.1856; + 29.7.1883<\/li>\n<li>Korn, Auguste, geb. Lehmann (103); * 7.4.1816; + 28.12.1895<\/li>\n<li>Korn, Fabian (102); * 23.9.1815; + 13.7.1893<\/li>\n<li>Korn, Mindel, geb. Weiss (25); o.G.; + 18.11.1865<\/li>\n<li>Ladendorff, Ernestine, geb. Hirschberg (75); * 15.10.1814; + 24.1.1876<\/li>\n<li>Ladendorff, Hermann (127); * 27.1.1838; + 10.7.1897<\/li>\n<li>Ladendorff, Meyer (18); * 23.12.1826; + 24.12.1863<\/li>\n<li>Ladendorff, Ruben (74); o.G.; + 26. Adar 5635 [+ 5.3.1875]<\/li>\n<li>Laserstein, Agnes (42); * 1.12.1857; 22.9.1860<\/li>\n<li>Laserstein, Leopold (48); * 1.8.1828; + 10.7.1873<\/li>\n<li>Lehmann, Hanna, geb. Hammerstein (28); o.G.; + 26. Iyyar 5628 [18.5.1868]<\/li>\n<li>Lehmann, Johanna, geb. Bernstein (87); * 27.11.1850; + 29.8.1901<\/li>\n<li>Lehmann, Seelig (114)\u00a0; * 15.1.1827\u00a0; + 4.7.1893<\/li>\n<li>Lesser, Ernst (122)\u00a0;\u00a0 o.L.<\/li>\n<li>Lesser, Louis (55); * 10.12.1825; + 20.4.1890<\/li>\n<li>Lesser, Sara, geb. Isacsohn (8); * 7.12.1826; + 4.6.1870<\/li>\n<li>Lewin, Henriette, geb. Jacob (86); * 5.11.1839; + 25.6.1901<\/li>\n<li>Lewin, Jacob (63); * o.G.; + 26.4.1903<\/li>\n<li>Lewin, Salomon (85); * 28.4.1852; + 15.9.1905<\/li>\n<li>Lindenheim, Aron (77); * 8.2.1797 (FN <a href=\"#_ftn2\" name=\"_ftnref2\">[2]<\/a>); + 17.5.1879<\/li>\n<li>Lindenheim, Eduard (59); o.G.; + 10. Sh\u2019vat 5663 [7.2.1903]<\/li>\n<li>Lindenheim, Henriette, geb. L\u00f6wenthal (58); * o.G.; + 14.2.1899<\/li>\n<li>Lindenheim, Henriette (111); o.G., + Februar 1892<\/li>\n<li>Lindenheim, Julie, geb. Caspary (4); o.G.; + 24.3.1835<\/li>\n<li>L\u00f6wenthal, C\u00e4cilie (110); * 15.5.1860; + 30.12.1890<\/li>\n<li>L\u00f6wenthal, Eva, geb. Zredell (100); o.G.; + 11.6.1889<\/li>\n<li>L\u00f6wenthal, Jacob (126); * 13.4.1820; + 10.10.1896<\/li>\n<li>Lorenz, Minna, geb. Stein (82); * 20.7.1859; + 15.5.1895<\/li>\n<li>Marcus (69); Weiteres unlesbar, o.L.<\/li>\n<li>Marcus, Aron; 116 reserviert<\/li>\n<li>Marcus, Helene, geb. Jacob (115); * 29.11.1828; + 4.2.1900<\/li>\n<li>Marcus, Johanna (96); * 21.1.1829; + 29.4.1882<\/li>\n<li>Michaelis, Henriette (95); * 13.3.1838; + 8.10.1876<\/li>\n<li>Michaelis, Sara, geb. Wigdor (11); o.G.; + 9. Nissan 5622\u00a0 [9.4.1862]<\/li>\n<li>M\u00fcller, Sara, geb. Loewinsohn (13); o.G.; + 9. Kislev 5613 [20.11.1852]<\/li>\n<li>Nathan, Sohn des Matitjahn (9), o.G., + 2. Nissan 5608 [5.4.1848]<\/li>\n<li>Oppenheim, Moritz (21); * 18.10.5573 [Montag, 24. Tischri (September\/Oktober) 1813], + 1.7.5627 [Montag, 28. Sivan (Mai\/Juni) 1867]<\/li>\n<li>Rawitscher, Henriette (81); o.G.; + 1. Sivan [11.5.] 1888<\/li>\n<li>Ratischer, Marie (129); o.G.; + 9. Aw [4.8. oder 5.8.] 1900<\/li>\n<li>Rehfeld, Berta, geb. Ruhm (136); o.L.<\/li>\n<li>Rehfeld, Jacob (135); * 14.4.1836; + 1.2.1907<\/li>\n<li>Rehfeld, Johanna (24); o.G.; + 25. Tamuz 5623 [12.7.1863]<\/li>\n<li>Rosenthal, Therese (98); o.G.; + 15.12.1885<\/li>\n<li>Ruhm, Ruben (22); o.G.; + 25. Nissan 5628 [17.4.1868]<\/li>\n<li>Stolpin, Jontof (61); * 22.8.1822; + 1.4.1902<\/li>\n<li>Stolpin, Wilhelmine, geb. Laudon (60); * 2.5.1832; + 17.9.1900<\/li>\n<li>Weinberg, Abbo (FN <a href=\"#_ftn3\" name=\"_ftnref3\">[3]<\/a>) (78); * 15.12.1814; + 11.11.1881<\/li>\n<li>Weinberg, Rebekka, geb. Moses (109); + 4.10.1893, 77 Jahre alt<\/li>\n<li>\u00a0Wittenberg, Lina, geb. Rehfeld (138); o.L.<\/li>\n<li>Wohl, Aron (99); o.L.<\/li>\n<li>Wohl, Ernestine, geb. Jacoby (93); * 7.10.1814; + 7.1.1873<\/li>\n<li>Wohl, Simon (94); o.G.; + 17.6.1875<\/li>\n<li>Unleserlich (44)<\/li>\n<\/ul>\n<p><a href=\"#_ftnref1\" name=\"_ftn1\">[1]<\/a> \u00a0 \u00a0\u00a0\u00a0\u00a0 Im Friedhofsregister ist der M\u00e4dchenname nicht vermerkt. Er wurde dem noch lesbaren Grabstein entnommen.<\/p>\n<p><a href=\"#_ftnref2\" name=\"_ftn2\">[2]<\/a> \u00a0 \u00a0\u00a0\u00a0\u00a0 Geburtsdatum auf dem noch erhaltenen Grabstein. Das Friedhofregister nennt f\u00e4lschlich 1779.<\/p>\n<p><a href=\"#_ftnref3\" name=\"_ftn3\">[3]<\/a> \u00a0 \u00a0\u00a0\u00a0\u00a0 Von mindestens 1856 bis 1868 Kantor und Rabbiner.<\/p>\n<p><img loading=\"lazy\" decoding=\"async\" class=\"alignnone size-medium wp-image-4353\" src=\"https:\/\/jewsineastprussia.de\/wp-content\/uploads\/2019\/10\/Mazeva-3-300x225.jpg\" alt=\"Cemetery Preussisch Holland\" width=\"300\" height=\"225\" srcset=\"https:\/\/jewsineastprussia.de\/wp-content\/uploads\/2019\/10\/Mazeva-3-300x225.jpg 300w, https:\/\/jewsineastprussia.de\/wp-content\/uploads\/2019\/10\/Mazeva-3-768x576.jpg 768w, https:\/\/jewsineastprussia.de\/wp-content\/uploads\/2019\/10\/Mazeva-3.jpg 1024w\" sizes=\"(max-width: 300px) 100vw, 300px\" \/><\/p>\n<p>Das vorliegende Friedhofs-Verzeichnis ist Teil des Bestandes \u201e22310 Familien\u00adgeschicht\u00adliche Samm\u00adlungen des Reichs\u00adsippenamtes, J\u00fcdische Personen\u00adstandsunterlagen 1851\u20131907\u201c. Das Ver\u00adzeichnis enth\u00e4lt insgesamt 14 Seiten Register sowie ein alpha\u00adbetisches Re\u00adgister mit ins\u00adgesamt 16 Seiten. Die Anzahl der Gr\u00e4ber im Verzeichnis betr\u00e4gt insgesamt 139. Laut j\u00fcdischem Verst\u00e4ndnis ist eine Grabst\u00e4tte Eigentum des Toten bis zur Auf\u00ader\u00adstehung und darf deshalb auch nicht eingeebnet werden. Die Anlage der Gr\u00e4ber folgte der Gebetsrichtung, die Toten wurden mit den F\u00fc\u00dfen in Richtung Osten (Jerusalem) bestattet. Seit dem Beginn des 19. Jahrhunderts nahmen deutsche Inschriften immer mehr zu. Wie bei den christlichen Kirchen war eine Reservierung einer Grabst\u00e4tte m\u00f6glich, wie auch das Friedhofsregister belegt, insbesondere galt dies f\u00fcr Personen, die zu Lebzeiten ein Bett teilten, also Ehepartner oder auch kleine Geschwister.<\/p>\n<p>. Die Grabst\u00e4tten Nr. 10\/14\/15\/23\/26\/34\/53\/54\/66\/80\/121 sind als \u201eunbekannt\u201c be\u00adzeichnet, die Nr. 117\u2013120 und 123\u2013125 als \u201eunbekannte Kindergr\u00e4ber\u201c. Nr. 128\/139 sind reserviert ohne Namens\u00adnennung. Die Nummer 62 enth\u00e4lt eine inte\u00adressante Kuriosit\u00e4t: \u201cUnbekannter Gefangener. R\u00e4uber aus Bojanow\u201c, Lebensdaten sind nicht genannt. Die Nr. 64 nennt lediglich \u201eGe\u00adfan\u00adgener Unbekannt\u201c.<\/p>\n<p>Das Fried\u00adhofsregister selber ist nicht alphabetisch sortiert, stellenweise aber auch nicht eindeutig chronologisch, die Grabst\u00e4tten sind durch\u00adnu\u00admeriert. F\u00fcr eine bessere und schnellere \u00dcbersicht \u00fcber Familien\u00adzu\u00adsammen\u00adh\u00e4nge wurde im Fried\u00adhofs\u00adregister eine alphabetische Sortierung vor\u00adgenommen, die urspr\u00fcng\u00adliche Grab\u00adst\u00e4tten-Nummer jedoch in runden Klammern ver\u00admerkt, damit auch erkennbar ist, welche mit\u00adeinander verwandten Personen neben\u00adeinander beerdigt worden waren. Au\u00dfer den Namen der Verstorbenen sind die Lebensdaten ver\u00adzeichnet, jedoch durchgehend keine Geburts\u00adorte (gelegentlich wurde das Sterbe\u00addatum in Form des j\u00fcdischen Kalenders erfasst, dies ist vermerkt und eine Umrechung vorgenommen worden<a href=\"#_ftn1\" name=\"_ftnref1\">[1]<\/a>. Dennoch ist es \u2013 gerade auch f\u00fcr Suchende au\u00dferhalb Deutschlands mit j\u00fcdischen Wurzeln \u2013 sicherlich ein guter \u00dcberblick \u00fcber das j\u00fcdische Namensvorkommen in der Stadt und es begegnen dem Leser Fa\u00admi\u00adliennamen der ersten Einwanderer wieder, die bereits seit Anfang des 19. Jahr\u00adhunderts in der Stadt kontinuierlich ans\u00e4ssig waren. Als prominenteste Familie erscheint anhand der H\u00e4ufigkeit ihres Namens\u00advor\u00adkommens im Register die Familie Aris.<\/p>\n<p>In einer Aktion des Bundes Junge Ostpreu\u00dfen reisten einige Jugendliche im Jahr 2003 unter der Devise: \u201eDenkmalschutz in Preu\u00dfisch Holland \u2013 Arbeit gegen die Patina des Vergessens\u201c, u.a. auch nach Pas\u0142ek, wie die Stadt heute hei\u00dft, um sich dort mit Hilfe eines polnischen Jugendlichen zwei Tage lang um den Friedhof zu k\u00fcmmern. Gemeinsam ent\u00adfernten sie Wildwuchs, versuchten, um\u00adgest\u00fcrzte Grabsteine wieder aufzurichten und f\u00fcgten zer\u00adschlagene Steine zusammen. Das Entfernen von antisemitischen Graffitis ge\u00adstaltete sich jedoch als sehr schwierig, sie konnten nicht vollst\u00e4ndig entfernt werden.<\/p>\n<p>Grabsteine mit deutscher Inschrift, die seit Be\u00adginn des 19. Jhts. im Zuge der Assimilation immer \u00f6fters auf j\u00fcdischen Friedh\u00f6fen verwendet wurden, sind in mehr oder wenigem gu\u00adten Zustand vorhanden von: Jacob Aris; Pauline Aris geb. L\u00f6wenstein; Re\u00adbecca Aris; Seelig Flatow; Gerson F\u00fcrst; Veile F\u00fcrst; Goldbaum ?; Minna Goldstand; Lona Grau; Itzig Isenheim\u00a0; Ida Katz; Tobine Katz geb. Conrad; Minna Korn; Ernestine La\u00adden\u00addorff geb. Hirschberg; Ruben Ladendorff; Agnes Laserstein; Leopold Laserstein; Lehman; Sarah Lesser geb. Isacsohn; Salomon Lewin; Aron Lindenheim; L\u00f6wenthal; Mo\u00adritz Oppenheim; Ruben Ruhm; Ernestine Wohl geb. Jacoby. Die noch erhaltenen Grab\u00adsteine sind wenig opulent gestaltet und mit sparsamen Symbolen und Ornamenten ver\u00adziert. Grunds\u00e4tzlich erscheinen die noch vorhandenen Grabsteine eher einheitlich und gleich\u00adf\u00f6rmig, was der j\u00fcdischen Tradition entspricht.<\/p>\n<p><img loading=\"lazy\" decoding=\"async\" class=\"alignnone wp-image-4355\" src=\"https:\/\/jewsineastprussia.de\/wp-content\/uploads\/2019\/10\/Mazeva-Lessner-300x233.jpg\" alt=\"Mazeva Sara Lessner\" width=\"395\" height=\"307\" srcset=\"https:\/\/jewsineastprussia.de\/wp-content\/uploads\/2019\/10\/Mazeva-Lessner-300x233.jpg 300w, https:\/\/jewsineastprussia.de\/wp-content\/uploads\/2019\/10\/Mazeva-Lessner-768x596.jpg 768w, https:\/\/jewsineastprussia.de\/wp-content\/uploads\/2019\/10\/Mazeva-Lessner-1024x794.jpg 1024w, https:\/\/jewsineastprussia.de\/wp-content\/uploads\/2019\/10\/Mazeva-Lessner.jpg 1280w\" sizes=\"(max-width: 395px) 100vw, 395px\" \/><\/p>\n<p>(Original ver\u00f6ffentlicht als Teil eines Artikels im \u201cHeimatbrief des Kreises Pr. Holland\u201d Nr. 35 \u2013 2018\/2019)<\/p>\n<hr \/>\n<p>Unsere zweite Seite Cmentarze-zydowskie umfasst detailliert die Geschichte der j\u00fcdischen Gemeinde des Ortes, eine\u00a0 Beschreibung des Friedhofs mit einer kurzen Liste der Namen der verbliebenen Grabsteine mit einer Auflistung der Pflanzenwelt <a href=\"https:\/\/jewsineastprussia.de\/de\/cemetry-paslek-preusisch-holland\/\">auf dem Gel\u00e4nde, eine polnische Studie von 1996 &gt;&gt;<\/a><\/p>\n<p><a href=\"http:\/\/jewsineastprussia.de\/de\/413-2\/\">Zum Verzeichnis Orte in Ostpreussen A-Z &gt;&gt;<\/a><\/p>\n","protected":false},"excerpt":{"rendered":"<p>Diese Seite enth\u00e4lt das Friedhofsregister des j\u00fcdischen Friedhofs von Preu\u00dfisch Holland (heute Pas\u0142ek, Polen) 1851 to 1907 \u2013 vom Staatsarchiv Leipzig (von Bettina M\u00fcller) Unsere zweite Seite Cmentarze-zydowskie umfasst detailliert die Geschichte der j\u00fcdischen Gemeinde des Ortes, eine\u00a0 Beschreibung des Friedhofs mit einer kurzen Liste der Namen der verbliebenen Grabsteine mit einer Auflistung der Pflanzenwelt [&hellip;]<\/p>\n","protected":false},"author":1,"featured_media":0,"parent":0,"menu_order":0,"comment_status":"closed","ping_status":"closed","template":"","meta":{"footnotes":""},"categories":[93,95],"class_list":["post-4361","page","type-page","status-publish","hentry","category-preussisch-holland-paslek","category-preussisch-holland-paslek-2-de","entry"],"_links":{"self":[{"href":"https:\/\/jewsineastprussia.de\/de\/wp-json\/wp\/v2\/pages\/4361","targetHints":{"allow":["GET"]}}],"collection":[{"href":"https:\/\/jewsineastprussia.de\/de\/wp-json\/wp\/v2\/pages"}],"about":[{"href":"https:\/\/jewsineastprussia.de\/de\/wp-json\/wp\/v2\/types\/page"}],"author":[{"embeddable":true,"href":"https:\/\/jewsineastprussia.de\/de\/wp-json\/wp\/v2\/users\/1"}],"replies":[{"embeddable":true,"href":"https:\/\/jewsineastprussia.de\/de\/wp-json\/wp\/v2\/comments?post=4361"}],"version-history":[{"count":11,"href":"https:\/\/jewsineastprussia.de\/de\/wp-json\/wp\/v2\/pages\/4361\/revisions"}],"predecessor-version":[{"id":5537,"href":"https:\/\/jewsineastprussia.de\/de\/wp-json\/wp\/v2\/pages\/4361\/revisions\/5537"}],"wp:attachment":[{"href":"https:\/\/jewsineastprussia.de\/de\/wp-json\/wp\/v2\/media?parent=4361"}],"wp:term":[{"taxonomy":"category","embeddable":true,"href":"https:\/\/jewsineastprussia.de\/de\/wp-json\/wp\/v2\/categories?post=4361"}],"curies":[{"name":"wp","href":"https:\/\/api.w.org\/{rel}","templated":true}]}}