{"id":4546,"date":"2019-10-20T00:02:30","date_gmt":"2019-10-19T22:02:30","guid":{"rendered":"https:\/\/jewsineastprussia.de\/jews-in-nordenburg\/"},"modified":"2019-10-20T01:24:07","modified_gmt":"2019-10-19T23:24:07","slug":"jews-in-nordenburg","status":"publish","type":"page","link":"https:\/\/jewsineastprussia.de\/de\/jews-in-nordenburg\/","title":{"rendered":"Juden in Nordenburg"},"content":{"rendered":"<p><strong><img fetchpriority=\"high\" decoding=\"async\" class=\"alignnone wp-image-4532\" src=\"https:\/\/jewsineastprussia.de\/wp-content\/uploads\/2019\/10\/Syn-cut1-300x112.jpg\" alt=\"Synagoge Nordenburg Postkarte\" width=\"405\" height=\"151\" srcset=\"https:\/\/jewsineastprussia.de\/wp-content\/uploads\/2019\/10\/Syn-cut1-300x112.jpg 300w, https:\/\/jewsineastprussia.de\/wp-content\/uploads\/2019\/10\/Syn-cut1-768x287.jpg 768w, https:\/\/jewsineastprussia.de\/wp-content\/uploads\/2019\/10\/Syn-cut1.jpg 796w\" sizes=\"(max-width: 405px) 100vw, 405px\" \/><br \/>\nNordenburg, heute Krylowo <\/strong>in der Kaliningrader Region (Russ. F\u00f6rderation), der Ort befindet sich direkt an der Grenze zu Polen.<br \/>\n<img decoding=\"async\" class=\"alignnone wp-image-4535\" src=\"https:\/\/jewsineastprussia.de\/wp-content\/uploads\/2019\/10\/Syn-cut2-300x91.jpg\" alt=\"Synagoge Nordenburg Teil 2\" width=\"405\" height=\"123\" srcset=\"https:\/\/jewsineastprussia.de\/wp-content\/uploads\/2019\/10\/Syn-cut2-300x91.jpg 300w, https:\/\/jewsineastprussia.de\/wp-content\/uploads\/2019\/10\/Syn-cut2-768x233.jpg 768w, https:\/\/jewsineastprussia.de\/wp-content\/uploads\/2019\/10\/Syn-cut2.jpg 796w\" sizes=\"(max-width: 405px) 100vw, 405px\" \/><\/p>\n<figure id=\"attachment_4537\" aria-describedby=\"caption-attachment-4537\" style=\"width: 488px\" class=\"wp-caption alignnone\"><img decoding=\"async\" class=\"size-full wp-image-4537\" src=\"https:\/\/jewsineastprussia.de\/wp-content\/uploads\/2019\/10\/Krylowolokal.jpg\" alt=\"\" width=\"488\" height=\"243\" srcset=\"https:\/\/jewsineastprussia.de\/wp-content\/uploads\/2019\/10\/Krylowolokal.jpg 488w, https:\/\/jewsineastprussia.de\/wp-content\/uploads\/2019\/10\/Krylowolokal-300x149.jpg 300w\" sizes=\"(max-width: 488px) 100vw, 488px\" \/><figcaption id=\"caption-attachment-4537\" class=\"wp-caption-text\">Abbildung: commons wikimedia (en:User:PMelvilleAustin)<\/figcaption><\/figure>\n<p>Herr Rolf Dyckerhoff forscht sehr intensiv \u00fcber die ostpreu\u00dfische Kleinstadt und hat schon viele Geschichten \u00fcber die Schicksale der j\u00fcdischen Familien des Ortes gesammelt. Freundlicher Weise hat er uns die komplette Liste der j\u00fcdischen Familien aus der Zwischenkriegszeit zur Verf\u00fcgung gestellt und hofft noch weitere Informationen \u00fcber das Schicksal dieser Familien zu bekommen.<img loading=\"lazy\" decoding=\"async\" class=\"alignnone wp-image-4539\" src=\"https:\/\/jewsineastprussia.de\/wp-content\/uploads\/2019\/10\/Syn-cut3.jpg\" alt=\"Synagoge Nordenburg Teil 3\" width=\"406\" height=\"208\" srcset=\"https:\/\/jewsineastprussia.de\/wp-content\/uploads\/2019\/10\/Syn-cut3.jpg 1404w, https:\/\/jewsineastprussia.de\/wp-content\/uploads\/2019\/10\/Syn-cut3-300x153.jpg 300w, https:\/\/jewsineastprussia.de\/wp-content\/uploads\/2019\/10\/Syn-cut3-768x393.jpg 768w, https:\/\/jewsineastprussia.de\/wp-content\/uploads\/2019\/10\/Syn-cut3-1024x524.jpg 1024w\" sizes=\"(max-width: 406px) 100vw, 406px\" \/><\/p>\n<p>In Nordenburg lebten in der Zwischenkriegszeit <strong>13 j\u00fcdische Familien<\/strong>, vermutlich ist die Liste vollst\u00e4ndig. <strong>Die Gemeinde hatte eine kleine Synagoge.<\/strong><\/p>\n<p><img loading=\"lazy\" decoding=\"async\" class=\"size-medium wp-image-4541 alignright\" src=\"https:\/\/jewsineastprussia.de\/wp-content\/uploads\/2019\/10\/Eisenstaedt-Drogerie-228x300.jpg\" alt=\"Eisenstaedt Drogerie\" width=\"228\" height=\"300\" srcset=\"https:\/\/jewsineastprussia.de\/wp-content\/uploads\/2019\/10\/Eisenstaedt-Drogerie-228x300.jpg 228w, https:\/\/jewsineastprussia.de\/wp-content\/uploads\/2019\/10\/Eisenstaedt-Drogerie-768x1012.jpg 768w, https:\/\/jewsineastprussia.de\/wp-content\/uploads\/2019\/10\/Eisenstaedt-Drogerie-777x1024.jpg 777w, https:\/\/jewsineastprussia.de\/wp-content\/uploads\/2019\/10\/Eisenstaedt-Drogerie.jpg 859w\" sizes=\"(max-width: 228px) 100vw, 228px\" \/><\/p>\n<ul>\n<li>Familie <strong>Eisenst\u00e4dt<\/strong>: Erich Eisenst\u00e4dt hatte eine Drogerie in Nordenburg,<\/li>\n<li>Familie <strong>Iserski<\/strong>: Moses Leib Iserski hatte in kleines Gesch\u00e4ft in Langenfeld, einem Dorf in der N\u00e4he von Nordenburg, und geh\u00f6rte der j\u00fcdischen Gemeinde in Nordenburg an.<\/li>\n<li>Familie <strong>Jablonski<\/strong>, Pferdeh\u00e4ndler in Nordenburg: Richard Jablonski wanderte vermutlich 1926 nach Schottland aus, eine Frau Jablonski (Vorname unbekannt, m\u00f6glicherweise die Mutter von Richard) ist noch 1921 in Nordenburg nachgewiesen, ihr Todesdatum ist unbekannt.<\/li>\n<li>Familie <strong>Kanowitz<\/strong>: Es gab zwei Familien Kanowitz in Nordenburg: 1) Adolf Kanowitz, er hatte ein Bekleidungsgesch\u00e4ft 2) Abraham Chaim Kanowitz, fahrender H\u00e4ndler, verheiratet mit Jenta, geb. <strong>Klimowski.<\/strong><\/li>\n<li>Familie <strong>Landecker<\/strong>: Essigfabrik und Bahnspedition in Nordenburg.<\/li>\n<li>Familie <strong>Lehmann<\/strong>: Es gab zwei Br\u00fcder Lehmann in Nordenburg, beide waren Pferdeh\u00e4ndler.<br \/>\n1) Louis Lehmann 2) Isidor Lehmann; Die Lehmanns kamen erst in den zwanziger Jahren nach Nordenburg, sie waren in Pillkallen geboren, aber urspr\u00fcnglich kam diese Familie aus Kakschen.<\/li>\n<li><strong>Lewy<\/strong>, Selma;\u00a0 sie war Dentistin in Nordenburg.<\/li>\n<li>Familie <strong>Malligson<\/strong>: Georg Malligson war Getreideh\u00e4ndler in Nordenburg und seine Frau hatte dort ein Bekleidungsgesch\u00e4ft.<\/li>\n<li>Familie <strong>Sandelowsky<\/strong>: Getreidehandel in Nordenburg<\/li>\n<li>Familie <strong>Schelasnitzki<\/strong>: Isidor Schelasnitzki hatte ein Gesch\u00e4ft in Nordenburg.<\/li>\n<li>Lea <strong>Stank<\/strong>, geb. Sandelowitz<\/li>\n<\/ul>\n<p>Die Sandelowsky und die Kanowitz stammen mit Sicherheit aus Wistyten, sie werden schon in den Judenregistern der Nordenburger Kirchenb\u00fccher erw\u00e4hnt.<\/p>\n<p>Wenn Sie glauben Herrn Dyckerhoff helfen zu k\u00f6nnen, w\u00fcrden wir uns \u00fcber eine Nachricht freuen<\/p>\n<p><a href=\"mailto:nordenburg@jewsineastprussia.de\">nordenburg@jewsineastprussia.de<\/a><\/p>\n<figure id=\"attachment_4543\" aria-describedby=\"caption-attachment-4543\" style=\"width: 250px\" class=\"wp-caption alignnone\"><img loading=\"lazy\" decoding=\"async\" class=\"wp-image-4543\" src=\"https:\/\/jewsineastprussia.de\/wp-content\/uploads\/2019\/10\/SynagogeAusschn-227x300.jpg\" alt=\"\" width=\"250\" height=\"330\" srcset=\"https:\/\/jewsineastprussia.de\/wp-content\/uploads\/2019\/10\/SynagogeAusschn-227x300.jpg 227w, https:\/\/jewsineastprussia.de\/wp-content\/uploads\/2019\/10\/SynagogeAusschn-768x1014.jpg 768w, https:\/\/jewsineastprussia.de\/wp-content\/uploads\/2019\/10\/SynagogeAusschn-776x1024.jpg 776w, https:\/\/jewsineastprussia.de\/wp-content\/uploads\/2019\/10\/SynagogeAusschn.jpg 800w\" sizes=\"(max-width: 250px) 100vw, 250px\" \/><figcaption id=\"caption-attachment-4543\" class=\"wp-caption-text\">Sammlung Rolf Dyckerhoff<\/figcaption><\/figure>\n<p>&nbsp;<\/p>\n<p class=\"elementor-heading-title elementor-size-default\"><a href=\"https:\/\/jewsineastprussia.de\/de\/413-2\/\">Zum Verzeichnis Orte in Ostpreussen A-Z &gt;&gt;<\/a><\/p>\n","protected":false},"excerpt":{"rendered":"<p>Nordenburg, heute Krylowo in der Kaliningrader Region (Russ. F\u00f6rderation), der Ort befindet sich direkt an der Grenze zu Polen. Herr Rolf Dyckerhoff forscht sehr intensiv \u00fcber die ostpreu\u00dfische Kleinstadt und hat schon viele Geschichten \u00fcber die Schicksale der j\u00fcdischen Familien des Ortes gesammelt. Freundlicher Weise hat er uns die komplette Liste der j\u00fcdischen Familien aus [&hellip;]<\/p>\n","protected":false},"author":1,"featured_media":0,"parent":0,"menu_order":0,"comment_status":"closed","ping_status":"closed","template":"","meta":{"footnotes":""},"categories":[],"class_list":["post-4546","page","type-page","status-publish","hentry","entry"],"_links":{"self":[{"href":"https:\/\/jewsineastprussia.de\/de\/wp-json\/wp\/v2\/pages\/4546","targetHints":{"allow":["GET"]}}],"collection":[{"href":"https:\/\/jewsineastprussia.de\/de\/wp-json\/wp\/v2\/pages"}],"about":[{"href":"https:\/\/jewsineastprussia.de\/de\/wp-json\/wp\/v2\/types\/page"}],"author":[{"embeddable":true,"href":"https:\/\/jewsineastprussia.de\/de\/wp-json\/wp\/v2\/users\/1"}],"replies":[{"embeddable":true,"href":"https:\/\/jewsineastprussia.de\/de\/wp-json\/wp\/v2\/comments?post=4546"}],"version-history":[{"count":4,"href":"https:\/\/jewsineastprussia.de\/de\/wp-json\/wp\/v2\/pages\/4546\/revisions"}],"predecessor-version":[{"id":4562,"href":"https:\/\/jewsineastprussia.de\/de\/wp-json\/wp\/v2\/pages\/4546\/revisions\/4562"}],"wp:attachment":[{"href":"https:\/\/jewsineastprussia.de\/de\/wp-json\/wp\/v2\/media?parent=4546"}],"wp:term":[{"taxonomy":"category","embeddable":true,"href":"https:\/\/jewsineastprussia.de\/de\/wp-json\/wp\/v2\/categories?post=4546"}],"curies":[{"name":"wp","href":"https:\/\/api.w.org\/{rel}","templated":true}]}}