{"id":5143,"date":"2020-02-11T16:42:49","date_gmt":"2020-02-11T15:42:49","guid":{"rendered":"https:\/\/jewsineastprussia.de\/the-jewish-cemetery-of-christburg-today-dzierzgon\/"},"modified":"2022-08-16T23:00:00","modified_gmt":"2022-08-16T21:00:00","slug":"the-jewish-cemetery-of-christburg-today-dzierzgon","status":"publish","type":"page","link":"https:\/\/jewsineastprussia.de\/de\/the-jewish-cemetery-of-christburg-today-dzierzgon\/","title":{"rendered":"Friedhof Dzierzgo\u0144 &#8211; Christburg"},"content":{"rendered":"<p>In Kooperation 2020 mit cmentarze-zydowskie.pl<\/p>\n<p>Der j\u00fcdische Friedhof von Dzierzgo\u0144 (zu Deutsch: Christburg), Woiwodschaft Pommern<br \/>\n(Anm.: Die Stadt geh\u00f6rte von 1922-1945 zu Ostpreussen, davor, seit den polnischen Teilungen von 1772, geh\u00f6rte sie zu Westpreussen).<\/p>\n<p><img fetchpriority=\"high\" decoding=\"async\" class=\"alignnone wp-image-5112 size-medium\" src=\"https:\/\/jewsineastprussia.de\/wp-content\/uploads\/2020\/02\/Kaminski-Ausschnitt-300x238.jpg\" alt=\"\" width=\"300\" height=\"238\" srcset=\"https:\/\/jewsineastprussia.de\/wp-content\/uploads\/2020\/02\/Kaminski-Ausschnitt-300x238.jpg 300w, https:\/\/jewsineastprussia.de\/wp-content\/uploads\/2020\/02\/Kaminski-Ausschnitt-1024x812.jpg 1024w, https:\/\/jewsineastprussia.de\/wp-content\/uploads\/2020\/02\/Kaminski-Ausschnitt-768x609.jpg 768w, https:\/\/jewsineastprussia.de\/wp-content\/uploads\/2020\/02\/Kaminski-Ausschnitt.jpg 1081w\" sizes=\"(max-width: 300px) 100vw, 300px\" \/><\/p>\n<p>Der j\u00fcdische Friedhof befindet sich auf der rechten Seite der Stra\u00dfe von Dzierzgon in Richtung des Dorfes Tyw\u0119za. Er ist einer der \u00e4ltesten und am besten erhaltenen in der Pommerschen Provinz.<\/p>\n<p><img decoding=\"async\" class=\"aligncenter wp-image-5136\" src=\"https:\/\/jewsineastprussia.de\/wp-content\/uploads\/2020\/02\/Christburg-Dzierzgon-300x127.jpg\" alt=\"\" width=\"600\" height=\"253\" srcset=\"https:\/\/jewsineastprussia.de\/wp-content\/uploads\/2020\/02\/Christburg-Dzierzgon-300x127.jpg 300w, https:\/\/jewsineastprussia.de\/wp-content\/uploads\/2020\/02\/Christburg-Dzierzgon-1024x432.jpg 1024w, https:\/\/jewsineastprussia.de\/wp-content\/uploads\/2020\/02\/Christburg-Dzierzgon-768x324.jpg 768w, https:\/\/jewsineastprussia.de\/wp-content\/uploads\/2020\/02\/Christburg-Dzierzgon.jpg 1298w\" sizes=\"(max-width: 600px) 100vw, 600px\" \/><\/p>\n<p>Er wurde wahrscheinlich Ende des 18. Jahrhunderts auf einer rechteckigen Gemarkung gegr\u00fcndet. Zun\u00e4chst wurden dort auch die Bewohner von Sztum (Stuhm), Malbork (Marienburg), Kwidzyn (Marienwerder) und sogar Elbl\u0105g (Elbing) begraben, wo die j\u00fcdischen Gemeinden noch keine eigenen Friedh\u00f6fe hatten. Er nimmt eine Fl\u00e4che von etwa 40 Hektar ein und ist von einer fast einen Meter hohen Mauer aus Feldsteinen und roten Ziegeln umgeben. In den sechziger Jahren des zwanzigsten Jahrhunderts war die umgebende Hecke noch sichtbar, die heute nur noch von Lindenreihen umgeben ist.<\/p>\n<p>Die Gr\u00e4ber sind in Reihen angeordnet, wobei die Front nach S\u00fcdosten ausgerichtet ist. Die \u00e4lteren sind nur in hebr\u00e4ischer Sprache beschrieben, die neueren Inschriften sind bereits zweisprachig &#8211; sowohl in Hebr\u00e4isch als auch in Deutsch. Grabsteine aus Sandstein oder Granit haben die Form von Stelen mit verschiedenen Oberfl\u00e4chen, S\u00e4ulen, Baumst\u00e4mmen. Es gibt eine Vielfalt der Formen und Verzierungen, die wir unter den Gr\u00e4sern erblicken k\u00f6nnen. Die \u00e4ltesten erhaltenen Grabsteine stammen aus der Mitte des 19. Jahrhunderts.<\/p>\n<div><\/div>\n<div><\/div>\n<div>\n<p>&nbsp;<\/p>\n<p>In der Stadt gab es eine Synagoge und ein j\u00fcdisches Badehaus, die heute nicht mehr existieren. Um 1830 war die j\u00fcdische Gemeinde in Christburg am gr\u00f6\u00dften &#8211; etwa mit 300 Mitgliedern &#8211; und seitdem nimmt sie stetig ab. Im Jahr 1913 gab es nur 77 Mitglieder, 1937 etwa 20 Personen, die schlie\u00dflich ein Jahr sp\u00e4ter aufgrund der zunehmenden Repressionen durch die Nazis die Region verlie\u00dfen. Die letzte Bestattung fand 1931 statt. Der Friedhof wurde im Zweiten Weltkrieg verw\u00fcstet.<\/p>\n<p>Der Friedhof wurde 1988 in das Denkmalregister eingetragen. Trotz der F\u00fcrsorge der Sch\u00fcler der Johannes-Paul-II-Schule aus Dzierzgon werden jedes Jahr immer mehr Matzevot (Grabsteine) zerst\u00f6rt &#8211; durch abgebrochene \u00c4ste, gefrierendem Wasser und einer Vegetation, die nach und nach die letzten Spuren der Erinnerung an die ehemaligen Bewohner verwischt.<\/p>\n<p><strong>Namensliste auf allen vorhandenen Grabsteinen in Christburg \/ Dzierzgo\u0144<\/strong>, Status 2018, weitere Details und Bilder gibt es auf der <a href=\"http:\/\/www.cmentarze-zydowskie.pl\/dzierzgon.htm\" target=\"_blank\" rel=\"noopener noreferrer\">Webseite Cmentarze \u017cydowskie.pl &gt;&gt;<\/a><\/p>\n<ul>\n<li>Behrend, Tamre Therese, Tamara, daughter of Moses Dov Ber, gest. 12.08.1861<\/li>\n<li>Bluhm, Ernestine, Ester, Tochter von Shmuel, geb. Pattlitzer, gest. 22.10.1893, geb. 18.10.1841<\/li>\n<li>Cohn, gest. 1885,<\/li>\n<li>Cohn, Julius Judel Jehuda, Sohn von Moshe Katz, gest. 24.08.1879, geb. 15.04.1858 Kohen<\/li>\n<li>Hammerstein, Emma, geb. Simonetty, gest. 27.09.1877, geb. Jul 1797,<\/li>\n<li>Hammerstein, Marcus Kaaser, gest. 15.01.1871, geb. 4.05.1795<\/li>\n<li>Hammerstein, Shlomo, Sohn von Eliasar, gest. 4.11.1862<\/li>\n<li>Itzig, Barbara, kein Stein 2018<\/li>\n<li>Jontofsohn, Hirsch Zvi, Sohn von Josef, gest. 28.10.1875, Alter 41, kein Stein 2018<\/li>\n<li>Kaminski, Josephine Feigel, Tochter von Jakow Nachum, geb. Jontofsohn, gest. 21.08.1876, geb. 4.05.1834<\/li>\n<li>Laserstein, Samuel Sanvil, Sohn von Moshe, gest. 31.05.1881, geb. Aug 1798<\/li>\n<li>Rosenthal, Dorothea, gest. 27.11.1865, geb. 20.12.1818<\/li>\n<li>Sandman, Sara, Tochter von Michel Munet (?), gest. hebr. Datum 4.08.1889, gest. dt. Datum: 15.07.1888,<\/li>\n<li>Warszawski, Leo, gest. 8.10.(\u2026), geb. 20.08.187(.), kein Stein 2018<\/li>\n<li>Schneider<\/li>\n<li>Sommerfeld, Ernestine, geb. Jontofsohn, gest. 12.04.1892, geb. 1.10.1836<\/li>\n<li>(\u2026.)ochstein, gest. 1855<\/li>\n<li>Sohn von oder Vorname: Josef Halevi<\/li>\n<li>M\u00e4dchen, gest. 5.9.1865, Alter 4<\/li>\n<li>Frau, gest. 5.9.1865<\/li>\n<\/ul>\n<p>Der Text und die Bilder kommen freundlicherweise von der Facebookseite Oberlandzki W\u0142\u00f3czykij (Oberl\u00e4nder Troll). 9. Februar 2020. \u00dcbersetzt aus dem Polnischen von Juden in Ostpreussen e.V.<br \/>\nund<br \/>\nKrzysztof Bielawski<br \/>\nBibliographie: L. Sarnowski, Gmina \u017cydowska w Dzierzgoniu, [in:] \u201cProwincja\u201d 2013, no. 2 (12),<br \/>\nHerausg. L. Sarnowski, Dierzgo\u0144 2013.<\/p>\n<p>In Kooperation 2020 mit cmentarze-zydowskie.pl<br \/>\n<img decoding=\"async\" class=\"alignleft size-full wp-image-5171\" src=\"https:\/\/jewsineastprussia.de\/wp-content\/uploads\/2020\/02\/Cmentarz-Zyd-logo.jpg\" alt=\"Logo Jewish cemeteries in Poland\" width=\"223\" height=\"148\" \/><\/p>\n<\/div>\n","protected":false},"excerpt":{"rendered":"<p>In Kooperation 2020 mit cmentarze-zydowskie.pl Der j\u00fcdische Friedhof von Dzierzgo\u0144 (zu Deutsch: Christburg), Woiwodschaft Pommern (Anm.: Die Stadt geh\u00f6rte von 1922-1945 zu Ostpreussen, davor, seit den polnischen Teilungen von 1772, geh\u00f6rte sie zu Westpreussen). Der j\u00fcdische Friedhof befindet sich auf der rechten Seite der Stra\u00dfe von Dzierzgon in Richtung des Dorfes Tyw\u0119za. Er ist einer [&hellip;]<\/p>\n","protected":false},"author":1,"featured_media":0,"parent":0,"menu_order":0,"comment_status":"closed","ping_status":"closed","template":"","meta":{"footnotes":""},"categories":[73],"class_list":["post-5143","page","type-page","status-publish","hentry","category-polen","entry"],"_links":{"self":[{"href":"https:\/\/jewsineastprussia.de\/de\/wp-json\/wp\/v2\/pages\/5143","targetHints":{"allow":["GET"]}}],"collection":[{"href":"https:\/\/jewsineastprussia.de\/de\/wp-json\/wp\/v2\/pages"}],"about":[{"href":"https:\/\/jewsineastprussia.de\/de\/wp-json\/wp\/v2\/types\/page"}],"author":[{"embeddable":true,"href":"https:\/\/jewsineastprussia.de\/de\/wp-json\/wp\/v2\/users\/1"}],"replies":[{"embeddable":true,"href":"https:\/\/jewsineastprussia.de\/de\/wp-json\/wp\/v2\/comments?post=5143"}],"version-history":[{"count":7,"href":"https:\/\/jewsineastprussia.de\/de\/wp-json\/wp\/v2\/pages\/5143\/revisions"}],"predecessor-version":[{"id":10138,"href":"https:\/\/jewsineastprussia.de\/de\/wp-json\/wp\/v2\/pages\/5143\/revisions\/10138"}],"wp:attachment":[{"href":"https:\/\/jewsineastprussia.de\/de\/wp-json\/wp\/v2\/media?parent=5143"}],"wp:term":[{"taxonomy":"category","embeddable":true,"href":"https:\/\/jewsineastprussia.de\/de\/wp-json\/wp\/v2\/categories?post=5143"}],"curies":[{"name":"wp","href":"https:\/\/api.w.org\/{rel}","templated":true}]}}