{"id":5275,"date":"2020-03-02T00:57:03","date_gmt":"2020-03-01T23:57:03","guid":{"rendered":"https:\/\/jewsineastprussia.de\/cemetery-elblag-elbing\/"},"modified":"2020-03-02T01:25:18","modified_gmt":"2020-03-02T00:25:18","slug":"cemetery-elblag-elbing","status":"publish","type":"page","link":"https:\/\/jewsineastprussia.de\/de\/cemetery-elblag-elbing\/","title":{"rendered":"Friedhof Elbl\u0105g &#8211; Elbing"},"content":{"rendered":"<p>In Kooperation 2020 mit cmentarze-zydowskie.pl<br \/>\n<img fetchpriority=\"high\" decoding=\"async\" class=\"alignleft size-full wp-image-5277\" src=\"https:\/\/jewsineastprussia.de\/wp-content\/uploads\/2020\/03\/Zigarettenfabrik.jpg\" alt=\"\" width=\"1190\" height=\"751\" srcset=\"https:\/\/jewsineastprussia.de\/wp-content\/uploads\/2020\/03\/Zigarettenfabrik.jpg 1190w, https:\/\/jewsineastprussia.de\/wp-content\/uploads\/2020\/03\/Zigarettenfabrik-300x189.jpg 300w, https:\/\/jewsineastprussia.de\/wp-content\/uploads\/2020\/03\/Zigarettenfabrik-1024x646.jpg 1024w, https:\/\/jewsineastprussia.de\/wp-content\/uploads\/2020\/03\/Zigarettenfabrik-768x485.jpg 768w\" sizes=\"(max-width: 1190px) 100vw, 1190px\" \/><br \/>\nElbl\u0105g (Elbing) war eine der \u00e4ltesten j\u00fcdischen Gemeinden in Ostpreu\u00dfen. Die ersten Juden lie\u00dfen sich 1783 in der Stadt nieder. Es ist bekannt, dass 1812 33 j\u00fcdische Familien in Elbl\u0105g (Elbing) lebten und 1880 die J\u00fcdische Gemeinde 549 Mitglieder in der Stadt hatte. Im Jahr 1812 wurde ein j\u00fcdischer Friedhof eingerichtet und 1824 eine Synagoge errichtet. Im Jahr 1844 wurde ein Ratsmitglied j\u00fcdischer Herkunft in den Stadtrat von Elbl\u0105g (Elbing) gew\u00e4hlt. Eines der gr\u00f6\u00dften Konzerne in Ostdeutschland, die Zigarrenfabrik Loeser &amp; Wolff, wurde 1874 von einem Juden von Elbl\u0105g (Elbing) gegr\u00fcndet. Im Jahr 1926 besch\u00e4ftigte das Unternehmen bis zu 4.000 Mitarbeiter.<\/p>\n<p>Sicherlich ging es nicht allen Juden von Elbl\u0105g gut. An der Wende vom 19. zum 20. Jahrhundert veranlassten schwierige wirtschaftliche Bedingungen viele von ihnen, das Land auf der Suche nach Arbeit und besseren Perspektiven zu verlassen. Ihre Abwanderung wurde durch Migrationsbewegungen von Menschen aus kleineren St\u00e4dten kompensiert. Im Jahr 1905 lebten 445 Personen j\u00fcdischer Herkunft in Elbl\u0105g, bis 1925 blieb diese Zahl fast unver\u00e4ndert (434).<\/p>\n<p>Als die Nazis die Macht \u00fcbernahmen, bestand die j\u00fcdische Gemeinde von Elbl\u0105g aus 367 Personen. Die Repressionen f\u00fchrten zu einem raschen, allm\u00e4hlichen R\u00fcckgang der Zahl der \u00f6rtlichen Juden: 1936 auf 207 und im Mai 1939 auf 53. Angeblich verblieben noch im Oktober 1942 &#8211; dank der Mischehen &#8211; sieben Personen j\u00fcdischer Herkunft in der Stadt. Leider haben wir keine genauen Kenntnisse \u00fcber das Schicksal der Juden von Elbl\u0105g w\u00e4hrend des Holocausts (Shoah).<\/p>\n<p><img decoding=\"async\" class=\"alignleft size-full wp-image-5273\" src=\"https:\/\/jewsineastprussia.de\/wp-content\/uploads\/2020\/03\/elblag1.jpg\" alt=\"Cemetery Elbing\" width=\"550\" height=\"351\" srcset=\"https:\/\/jewsineastprussia.de\/wp-content\/uploads\/2020\/03\/elblag1.jpg 550w, https:\/\/jewsineastprussia.de\/wp-content\/uploads\/2020\/03\/elblag1-300x191.jpg 300w\" sizes=\"(max-width: 550px) 100vw, 550px\" \/><\/p>\n<p><strong>Der j\u00fcdische Friedhof in Elbl\u0105g (Elbing)<\/strong> befindet sich an der Kreuzung der Brzeska- und Browarna-Stra\u00dfe. An seine Existenz erinnert heute ein kleines, 2001 errichtetes Denkmal, auf dem eine Inschrift mit dem Inhalt eingraviert ist: &#8222;Zum Gedenken an die Juden von Elbl\u0105g. Ehemaliger j\u00fcdischer Friedhof 1812-1945&#8220;. Einer der Nutzer des Forum Marienburg beschreibt das Nachkriegsschicksal dieser Nekropole wie folgt: &#8222;Der Friedhof hat &#8211; wie die meisten j\u00fcdischen Friedh\u00f6fe &#8211; den Krieg in einem teilweise zerst\u00f6rten Zustand, aber mit Matzevot (Grabsteinen), \u00fcberstanden. In den Jahren 1965-70 wurde an der Ostseite des Friedhofs ein HYDROSTER-Geb\u00e4ude errichtet &#8211; ein Geb\u00e4ude, das noch heute als Werkstatt mit Teilen f\u00fcr Boote und Motoren existiert. Der Platz vor dem Gesch\u00e4ft erhielt einen Betonboden. Matzevot wurden verwendet, um den Bereich zu h\u00e4rten. Um 1990 begann der Beton abzufallen und die alten Steine erschienen. Es wurden Reinigungsarbeiten durchgef\u00fchrt und die Grabsteine entfernt.<\/p>\n<p>\u00dcbersetzt aus\u00a0 <a href=\"http:\/\/cmentarze-zydowskie.pl\/elblag.htm\" target=\"_blank\" rel=\"noopener noreferrer\">Cmentarze-Zydowski &gt;&gt;<\/a><\/p>\n<p>In Kooperation 2020 mit cmentarze-zydowskie.pl<br \/>\n<img decoding=\"async\" class=\"alignleft size-full wp-image-5172\" src=\"https:\/\/jewsineastprussia.de\/wp-content\/uploads\/2020\/02\/Cmentarz-Zyd-logo.jpg\" alt=\"Logo\" width=\"223\" height=\"148\" \/><\/p>\n","protected":false},"excerpt":{"rendered":"<p>In Kooperation 2020 mit cmentarze-zydowskie.pl Elbl\u0105g (Elbing) war eine der \u00e4ltesten j\u00fcdischen Gemeinden in Ostpreu\u00dfen. Die ersten Juden lie\u00dfen sich 1783 in der Stadt nieder. Es ist bekannt, dass 1812 33 j\u00fcdische Familien in Elbl\u0105g (Elbing) lebten und 1880 die J\u00fcdische Gemeinde 549 Mitglieder in der Stadt hatte. Im Jahr 1812 wurde ein j\u00fcdischer Friedhof [&hellip;]<\/p>\n","protected":false},"author":1,"featured_media":0,"parent":0,"menu_order":0,"comment_status":"closed","ping_status":"closed","template":"","meta":{"footnotes":""},"categories":[73],"class_list":["post-5275","page","type-page","status-publish","hentry","category-polen","entry"],"_links":{"self":[{"href":"https:\/\/jewsineastprussia.de\/de\/wp-json\/wp\/v2\/pages\/5275","targetHints":{"allow":["GET"]}}],"collection":[{"href":"https:\/\/jewsineastprussia.de\/de\/wp-json\/wp\/v2\/pages"}],"about":[{"href":"https:\/\/jewsineastprussia.de\/de\/wp-json\/wp\/v2\/types\/page"}],"author":[{"embeddable":true,"href":"https:\/\/jewsineastprussia.de\/de\/wp-json\/wp\/v2\/users\/1"}],"replies":[{"embeddable":true,"href":"https:\/\/jewsineastprussia.de\/de\/wp-json\/wp\/v2\/comments?post=5275"}],"version-history":[{"count":2,"href":"https:\/\/jewsineastprussia.de\/de\/wp-json\/wp\/v2\/pages\/5275\/revisions"}],"predecessor-version":[{"id":5279,"href":"https:\/\/jewsineastprussia.de\/de\/wp-json\/wp\/v2\/pages\/5275\/revisions\/5279"}],"wp:attachment":[{"href":"https:\/\/jewsineastprussia.de\/de\/wp-json\/wp\/v2\/media?parent=5275"}],"wp:term":[{"taxonomy":"category","embeddable":true,"href":"https:\/\/jewsineastprussia.de\/de\/wp-json\/wp\/v2\/categories?post=5275"}],"curies":[{"name":"wp","href":"https:\/\/api.w.org\/{rel}","templated":true}]}}