{"id":5303,"date":"2020-03-04T00:02:43","date_gmt":"2020-03-03T23:02:43","guid":{"rendered":"https:\/\/jewsineastprussia.de\/cemetery-frombork-frauenburg\/"},"modified":"2020-03-04T00:10:18","modified_gmt":"2020-03-03T23:10:18","slug":"cemetery-frombork-frauenburg","status":"publish","type":"page","link":"https:\/\/jewsineastprussia.de\/de\/cemetery-frombork-frauenburg\/","title":{"rendered":"Friedhof Frombork &#8211; Frauenburg"},"content":{"rendered":"<p>In Kooperation 2020 mit cmentarze-zydowskie.pl<br \/>\n<img fetchpriority=\"high\" decoding=\"async\" class=\"size-full wp-image-5293 aligncenter\" src=\"https:\/\/jewsineastprussia.de\/wp-content\/uploads\/2020\/03\/Frombork800.jpg\" alt=\"Frauenburg Stadt\" width=\"800\" height=\"600\" data-wp-editing=\"1\" srcset=\"https:\/\/jewsineastprussia.de\/wp-content\/uploads\/2020\/03\/Frombork800.jpg 800w, https:\/\/jewsineastprussia.de\/wp-content\/uploads\/2020\/03\/Frombork800-300x225.jpg 300w, https:\/\/jewsineastprussia.de\/wp-content\/uploads\/2020\/03\/Frombork800-768x576.jpg 768w\" sizes=\"(max-width: 800px) 100vw, 800px\" \/><\/p>\n<p>Im Folgenden pr\u00e4sentieren wir Fotos, die auf dem zerst\u00f6rten j\u00fcdischen Friedhof in Frombork (Frauenburg) aufgenommen wurden. Wir suchen alle Informationen \u00fcber die Juden aus Frombork (Frauenburg) und ihre Grabst\u00e4tten. Wir suchen auch auf Berichte von Menschen, die sich an diesen Friedhof aus der Zeit vor dem Zweiten Weltkrieg erinnern.<\/p>\n<p><img decoding=\"async\" class=\"alignleft size-medium wp-image-5295\" src=\"https:\/\/jewsineastprussia.de\/wp-content\/uploads\/2020\/03\/frombork02-225x300.jpg\" alt=\"Frauenburg Friedhof Cemetery\" width=\"225\" height=\"300\" srcset=\"https:\/\/jewsineastprussia.de\/wp-content\/uploads\/2020\/03\/frombork02-225x300.jpg 225w, https:\/\/jewsineastprussia.de\/wp-content\/uploads\/2020\/03\/frombork02.jpg 413w\" sizes=\"(max-width: 225px) 100vw, 225px\" \/><\/p>\n<p><img decoding=\"async\" class=\"size-medium wp-image-5299 alignnone\" src=\"https:\/\/jewsineastprussia.de\/wp-content\/uploads\/2020\/03\/frombork04-225x300.jpg\" alt=\"Frauenburg Cemetery\" width=\"225\" height=\"300\" srcset=\"https:\/\/jewsineastprussia.de\/wp-content\/uploads\/2020\/03\/frombork04-225x300.jpg 225w, https:\/\/jewsineastprussia.de\/wp-content\/uploads\/2020\/03\/frombork04.jpg 413w\" sizes=\"(max-width: 225px) 100vw, 225px\" \/><\/p>\n<p>&nbsp;<\/p>\n<p><img loading=\"lazy\" decoding=\"async\" class=\"size-medium wp-image-5297 alignnone\" src=\"https:\/\/jewsineastprussia.de\/wp-content\/uploads\/2020\/03\/frombork03-300x225.jpg\" alt=\"Cemetery Frauenburg\" width=\"300\" height=\"225\" srcset=\"https:\/\/jewsineastprussia.de\/wp-content\/uploads\/2020\/03\/frombork03-300x225.jpg 300w, https:\/\/jewsineastprussia.de\/wp-content\/uploads\/2020\/03\/frombork03.jpg 550w\" sizes=\"(max-width: 300px) 100vw, 300px\" \/><\/p>\n<p><a href=\"http:\/\/www.cmentarze-zydowskie.pl\/frombork.htm\" target=\"_blank\" rel=\"noopener noreferrer\">f\u00fcr weitere Bilder hier die Original Webseite &gt;&gt;<\/a><\/p>\n<p>Fotos Friedhof: Aleksander Schwarz<\/p>\n<p>In Kooperation 2020 mit cmentarze-zydowskie.pl<br \/>\n<img loading=\"lazy\" decoding=\"async\" class=\"size-full wp-image-5172 alignnone\" src=\"https:\/\/jewsineastprussia.de\/wp-content\/uploads\/2020\/02\/Cmentarz-Zyd-logo.jpg\" alt=\"Logo\" width=\"223\" height=\"148\" \/><\/p>\n","protected":false},"excerpt":{"rendered":"<p>In Kooperation 2020 mit cmentarze-zydowskie.pl Im Folgenden pr\u00e4sentieren wir Fotos, die auf dem zerst\u00f6rten j\u00fcdischen Friedhof in Frombork (Frauenburg) aufgenommen wurden. Wir suchen alle Informationen \u00fcber die Juden aus Frombork (Frauenburg) und ihre Grabst\u00e4tten. Wir suchen auch auf Berichte von Menschen, die sich an diesen Friedhof aus der Zeit vor dem Zweiten Weltkrieg erinnern. &nbsp; [&hellip;]<\/p>\n","protected":false},"author":1,"featured_media":0,"parent":0,"menu_order":0,"comment_status":"closed","ping_status":"closed","template":"","meta":{"footnotes":""},"categories":[73],"class_list":["post-5303","page","type-page","status-publish","hentry","category-polen","entry"],"_links":{"self":[{"href":"https:\/\/jewsineastprussia.de\/de\/wp-json\/wp\/v2\/pages\/5303","targetHints":{"allow":["GET"]}}],"collection":[{"href":"https:\/\/jewsineastprussia.de\/de\/wp-json\/wp\/v2\/pages"}],"about":[{"href":"https:\/\/jewsineastprussia.de\/de\/wp-json\/wp\/v2\/types\/page"}],"author":[{"embeddable":true,"href":"https:\/\/jewsineastprussia.de\/de\/wp-json\/wp\/v2\/users\/1"}],"replies":[{"embeddable":true,"href":"https:\/\/jewsineastprussia.de\/de\/wp-json\/wp\/v2\/comments?post=5303"}],"version-history":[{"count":2,"href":"https:\/\/jewsineastprussia.de\/de\/wp-json\/wp\/v2\/pages\/5303\/revisions"}],"predecessor-version":[{"id":5305,"href":"https:\/\/jewsineastprussia.de\/de\/wp-json\/wp\/v2\/pages\/5303\/revisions\/5305"}],"wp:attachment":[{"href":"https:\/\/jewsineastprussia.de\/de\/wp-json\/wp\/v2\/media?parent=5303"}],"wp:term":[{"taxonomy":"category","embeddable":true,"href":"https:\/\/jewsineastprussia.de\/de\/wp-json\/wp\/v2\/categories?post=5303"}],"curies":[{"name":"wp","href":"https:\/\/api.w.org\/{rel}","templated":true}]}}