{"id":5321,"date":"2020-03-04T01:32:42","date_gmt":"2020-03-04T00:32:42","guid":{"rendered":"https:\/\/jewsineastprussia.de\/cemetery-goldap-goldap\/"},"modified":"2020-03-06T15:35:01","modified_gmt":"2020-03-06T14:35:01","slug":"cemetery-goldap-goldap","status":"publish","type":"page","link":"https:\/\/jewsineastprussia.de\/de\/cemetery-goldap-goldap\/","title":{"rendered":"Friedhof Go\u0142dap &#8211; Goldap"},"content":{"rendered":"<p>In Kooperation 2020 mit cmentarze-zydowskie.pl<br \/>\n<img fetchpriority=\"high\" decoding=\"async\" class=\"aligncenter size-full wp-image-5312\" src=\"https:\/\/jewsineastprussia.de\/wp-content\/uploads\/2020\/03\/Goldap-Synagoge-.jpg\" alt=\"Goldap synagogue square\" width=\"800\" height=\"515\" srcset=\"https:\/\/jewsineastprussia.de\/wp-content\/uploads\/2020\/03\/Goldap-Synagoge-.jpg 800w, https:\/\/jewsineastprussia.de\/wp-content\/uploads\/2020\/03\/Goldap-Synagoge--300x193.jpg 300w, https:\/\/jewsineastprussia.de\/wp-content\/uploads\/2020\/03\/Goldap-Synagoge--768x494.jpg 768w\" sizes=\"(max-width: 800px) 100vw, 800px\" \/><\/p>\n<p>Die j\u00fcdische Gemeinde in Goldap hatte zwei Friedh\u00f6fe. Der \u00e4lteste wurde zu Beginn des 19. Jahrhunderts an der Darkehmer Chaussee, der heutigen Cmentarna-Stra\u00dfe, auf einem Grundst\u00fcck von etwa 0,1 ha errichtet. Die geringe Gr\u00f6\u00dfe des Friedhofs machte es wahrscheinlich notwendig, in den ersten Jahren des 20. Jahrhunderts eine weitere Grabst\u00e4tte zu organisieren. Der neue Friedhof wurde etwa 200 m weiter, zwischen der Darkehmer Chaussee und der Eisenbahnlinie, in unmittelbarer N\u00e4he des evangelischen Friedhofs angelegt.<\/p>\n<p><img decoding=\"async\" class=\"aligncenter wp-image-5314\" src=\"https:\/\/jewsineastprussia.de\/wp-content\/uploads\/2020\/03\/Goldap-Fridh03.jpg\" alt=\"Cemetery Goldap\" width=\"600\" height=\"450\" srcset=\"https:\/\/jewsineastprussia.de\/wp-content\/uploads\/2020\/03\/Goldap-Fridh03.jpg 1000w, https:\/\/jewsineastprussia.de\/wp-content\/uploads\/2020\/03\/Goldap-Fridh03-300x225.jpg 300w, https:\/\/jewsineastprussia.de\/wp-content\/uploads\/2020\/03\/Goldap-Fridh03-768x576.jpg 768w\" sizes=\"(max-width: 600px) 100vw, 600px\" \/><\/p>\n<p>Beide Friedh\u00f6fe wurden w\u00e4hrend des Zweiten Weltkriegs und in sp\u00e4teren Jahren verw\u00fcstet. Mehrere Dutzend Grabsteine oder Fragmente von Grabsteinen sind auf dem alten Friedhof bis heute erhalten geblieben. Auf der Grundlage des zur Verf\u00fcgung gestellten ikonographischen Materials war es m\u00f6glich, pers\u00f6nliche Daten von einigen der Verstorbenen zu lesen:<\/p>\n<ul>\n<li>Friedlaender, Doris, geb. Henoch<\/li>\n<li>Friedlaender, Joachim, gest. 25. Juni 1870<\/li>\n<li>Lando (?), Rachel, Tochter des David Lando<\/li>\n<li>Levin, David (Hebr. Jehuda Lejb, Sohn des Solomon), gest. 13. March 1872<\/li>\n<li>Pollnow, Ferdinand, gest. 4. May 1886<\/li>\n<li>S\u00fcsskind, Max (Hebr. Mordechai, Sohn des Zvi), gest. 12. August 1907<\/li>\n<\/ul>\n<p><img decoding=\"async\" class=\"aligncenter wp-image-5316\" src=\"https:\/\/jewsineastprussia.de\/wp-content\/uploads\/2020\/03\/Goldap-Fridh02.jpg\" alt=\"Jewish Cemetery Goldap\" width=\"600\" height=\"450\" srcset=\"https:\/\/jewsineastprussia.de\/wp-content\/uploads\/2020\/03\/Goldap-Fridh02.jpg 1000w, https:\/\/jewsineastprussia.de\/wp-content\/uploads\/2020\/03\/Goldap-Fridh02-300x225.jpg 300w, https:\/\/jewsineastprussia.de\/wp-content\/uploads\/2020\/03\/Goldap-Fridh02-768x576.jpg 768w\" sizes=\"(max-width: 600px) 100vw, 600px\" \/><\/p>\n<p>Im Jahr 2001 wurde der Friedhof dank der Bem\u00fchungen der Familienstiftung Nissenbaum, der Beh\u00f6rden von Go\u0142dap und der israelischen Stadt Giwat Szmuel ges\u00e4ubert. Das Objekt ist eingez\u00e4unt, der Zugang ist durch ein unverschlossenes Tor m\u00f6glich. Es w\u00e4re w\u00fcnschenswert, eine detaillierte Liste von Grabsteinen zu erstellen und auf der Website zu platzieren.<\/p>\n<p><img loading=\"lazy\" decoding=\"async\" class=\"size-medium wp-image-5318 alignnone\" src=\"https:\/\/jewsineastprussia.de\/wp-content\/uploads\/2020\/03\/Goldap-Fridh01-300x175.jpg\" alt=\"Nissenbaum Goldap\" width=\"300\" height=\"175\" srcset=\"https:\/\/jewsineastprussia.de\/wp-content\/uploads\/2020\/03\/Goldap-Fridh01-300x175.jpg 300w, https:\/\/jewsineastprussia.de\/wp-content\/uploads\/2020\/03\/Goldap-Fridh01-1024x597.jpg 1024w, https:\/\/jewsineastprussia.de\/wp-content\/uploads\/2020\/03\/Goldap-Fridh01-768x447.jpg 768w, https:\/\/jewsineastprussia.de\/wp-content\/uploads\/2020\/03\/Goldap-Fridh01.jpg 1500w\" sizes=\"(max-width: 300px) 100vw, 300px\" \/><\/p>\n<p>Auf dem zweiten Friedhof sind nur Fragmente von zerbrochenen Grabsteinen und Relikte des Zauns erhalten geblieben. Das Gebiet ist vernachl\u00e4ssigt und allgemein zug\u00e4nglich.<\/p>\n<p>weitere Bilder auf der <a href=\"http:\/\/www.cmentarze-zydowskie.pl\/goldap.htm\" target=\"_blank\" rel=\"noopener noreferrer\">\u00a0original Webseite Cmentarze Zydowski &gt;&gt;<\/a><br \/>\nText: Krzysztof Bielawski<br \/>\nWir empfehlen den <a href=\"https:\/\/sztetl.org.pl\/de\/stadte\/g\/494-goldap-goldap\" target=\"_blank\" rel=\"noopener noreferrer\">Besuch des Virtual Shtetl-Portals &gt;&gt;<\/a><\/p>\n<p>In Kooperation 2020 mit cmentarze-zydowskie.pl<br \/>\n<img loading=\"lazy\" decoding=\"async\" class=\"size-full wp-image-5172 alignnone\" src=\"https:\/\/jewsineastprussia.de\/wp-content\/uploads\/2020\/02\/Cmentarz-Zyd-logo.jpg\" alt=\"Logo\" width=\"223\" height=\"148\" \/><\/p>\n","protected":false},"excerpt":{"rendered":"<p>In Kooperation 2020 mit cmentarze-zydowskie.pl Die j\u00fcdische Gemeinde in Goldap hatte zwei Friedh\u00f6fe. Der \u00e4lteste wurde zu Beginn des 19. Jahrhunderts an der Darkehmer Chaussee, der heutigen Cmentarna-Stra\u00dfe, auf einem Grundst\u00fcck von etwa 0,1 ha errichtet. Die geringe Gr\u00f6\u00dfe des Friedhofs machte es wahrscheinlich notwendig, in den ersten Jahren des 20. Jahrhunderts eine weitere Grabst\u00e4tte [&hellip;]<\/p>\n","protected":false},"author":1,"featured_media":0,"parent":0,"menu_order":0,"comment_status":"closed","ping_status":"closed","template":"","meta":{"footnotes":""},"categories":[73],"class_list":["post-5321","page","type-page","status-publish","hentry","category-polen","entry"],"_links":{"self":[{"href":"https:\/\/jewsineastprussia.de\/de\/wp-json\/wp\/v2\/pages\/5321","targetHints":{"allow":["GET"]}}],"collection":[{"href":"https:\/\/jewsineastprussia.de\/de\/wp-json\/wp\/v2\/pages"}],"about":[{"href":"https:\/\/jewsineastprussia.de\/de\/wp-json\/wp\/v2\/types\/page"}],"author":[{"embeddable":true,"href":"https:\/\/jewsineastprussia.de\/de\/wp-json\/wp\/v2\/users\/1"}],"replies":[{"embeddable":true,"href":"https:\/\/jewsineastprussia.de\/de\/wp-json\/wp\/v2\/comments?post=5321"}],"version-history":[{"count":4,"href":"https:\/\/jewsineastprussia.de\/de\/wp-json\/wp\/v2\/pages\/5321\/revisions"}],"predecessor-version":[{"id":5341,"href":"https:\/\/jewsineastprussia.de\/de\/wp-json\/wp\/v2\/pages\/5321\/revisions\/5341"}],"wp:attachment":[{"href":"https:\/\/jewsineastprussia.de\/de\/wp-json\/wp\/v2\/media?parent=5321"}],"wp:term":[{"taxonomy":"category","embeddable":true,"href":"https:\/\/jewsineastprussia.de\/de\/wp-json\/wp\/v2\/categories?post=5321"}],"curies":[{"name":"wp","href":"https:\/\/api.w.org\/{rel}","templated":true}]}}