{"id":5338,"date":"2020-03-06T15:26:47","date_gmt":"2020-03-06T14:26:47","guid":{"rendered":"https:\/\/jewsineastprussia.de\/cemetery-ilawa-deutsch-eylau\/"},"modified":"2020-03-06T15:33:45","modified_gmt":"2020-03-06T14:33:45","slug":"cemetery-ilawa-deutsch-eylau","status":"publish","type":"page","link":"https:\/\/jewsineastprussia.de\/de\/cemetery-ilawa-deutsch-eylau\/","title":{"rendered":"Friedhof I\u0142awa &#8211; Deutsch Eylau"},"content":{"rendered":"<p>In Kooperation 2020 mit cmentarze-zydowskie.pl<\/p>\n<figure id=\"attachment_5333\" aria-describedby=\"caption-attachment-5333\" style=\"width: 909px\" class=\"wp-caption aligncenter\"><img fetchpriority=\"high\" decoding=\"async\" class=\"wp-image-5333 size-full\" src=\"https:\/\/jewsineastprussia.de\/wp-content\/uploads\/2020\/03\/Eylau_Gruss.jpg\" alt=\"\" width=\"909\" height=\"580\" srcset=\"https:\/\/jewsineastprussia.de\/wp-content\/uploads\/2020\/03\/Eylau_Gruss.jpg 909w, https:\/\/jewsineastprussia.de\/wp-content\/uploads\/2020\/03\/Eylau_Gruss-300x191.jpg 300w, https:\/\/jewsineastprussia.de\/wp-content\/uploads\/2020\/03\/Eylau_Gruss-768x490.jpg 768w\" sizes=\"(max-width: 909px) 100vw, 909px\" \/><figcaption id=\"caption-attachment-5333\" class=\"wp-caption-text\">Wikimedia Commons CC BY-SA 3.0<\/figcaption><\/figure>\n<p>Der j\u00fcdische Friedhof in I\u0142awa (Deutsch-Eylau) wurde wahrscheinlich in der ersten H\u00e4lfte des 19. Jahrhunderts aufgrund des k\u00f6niglichen Erlasses vom 24. Mai 1814 eingerichtet, der den j\u00fcdischen Gemeinden befahl, ihre eigenen Grabst\u00e4tten in der N\u00e4he der Stadt zu schaffen. Die Regelung zielte unter anderem darauf ab, den Transport von Leichen \u00fcber gro\u00dfe Entfernungen zu begrenzen.<\/p>\n<p>Der Friedhof wurde au\u00dferhalb der Stadt, an der Westseite des Geserich Sees (Kleine Seenplatte), in einer Kurve der Bischofswerderstra\u00dfe (heutige Biskupska Stra\u00dfe), auf einem Grundst\u00fcck mit einer Fl\u00e4che von 0,22 ha auf einem Plan in der N\u00e4he eines Dreiecks angelegt.<\/p>\n<figure id=\"attachment_5335\" aria-describedby=\"caption-attachment-5335\" style=\"width: 637px\" class=\"wp-caption aligncenter\"><img decoding=\"async\" class=\"wp-image-5335 size-full\" src=\"https:\/\/jewsineastprussia.de\/wp-content\/uploads\/2020\/03\/ilawa_plan.jpg\" alt=\"\" width=\"637\" height=\"181\" srcset=\"https:\/\/jewsineastprussia.de\/wp-content\/uploads\/2020\/03\/ilawa_plan.jpg 637w, https:\/\/jewsineastprussia.de\/wp-content\/uploads\/2020\/03\/ilawa_plan-300x85.jpg 300w\" sizes=\"(max-width: 637px) 100vw, 637px\" \/><figcaption id=\"caption-attachment-5335\" class=\"wp-caption-text\">Ein Ausschnitt aus dem Plan von I\u0142awa aus dem Jahr 1918 mit einem markierten j\u00fcdischen Friedhof. Quelle: www.mapywig.org<\/figcaption><\/figure>\n<p>Keine weiteren Informationen \u00fcber die Geschichte des Friedhofs. W\u00e4hrend der Volksrepublik Polen bildeten einige der Grabsteine die Befestigung der Jeziorak-Bank Ma\u0142y von der Mickiewicza-Stra\u00dfe aus. Der verw\u00fcstete Friedhof \u00fcberlebte bis Mitte der 1970er Jahre, als der H\u00fcgel eingeebnet wurde. An der Stelle des Friedhofs richtete die Stadtverwaltung ein Schlackenfeld und dann einen Parkplatz ein.<\/p>\n<p>In einem Brief an unsere Redaktion, I\u0142awian, beschrieb F. R. die Verw\u00fcstung des Friedhofs als solche: &#8222;Ich pers\u00f6nlich erinnere mich an den H\u00fcgel zu meiner Linken&#8230; Am Rande des Hangs hing ein altes deutsches Haus, das einst\u00fcrzte, als die DOMAR-Bulldozer den ganzen H\u00fcgel zerstreuten und den Friedhof mit ihren Knochen und der Erde in das restaurierte alte deutsche Stadion, das heutige IKS Jezioraka, brachten. Wir wussten, dass es auf dem H\u00fcgel zwischen dem alten Friedhofsbaum Gr\u00e4ber gab, die man von der Seite der Stra\u00dfe in Richtung Wikielc, Kara\u015b und Biskupiec Pomorskie sehen konnte. Wir wussten jedoch nicht, dass es sich um einen j\u00fcdischen Friedhof handelt. Ich war bereits 1975-78 Zeuge der Beseitigung von Friedhofsfl\u00e4chen vom Hang bis zu den heutigen St\u00e4nden, auf denen St\u00fchle aufgestellt wurden. Ich sah, wie ein Bulldozer den Boden mit dem erhaltenen menschlichen Skelett abkippte. Es war erschreckend f\u00fcr mich.<\/p>\n<p>Alle irdischen Spuren des Friedhofs wurden verwischt. Es w\u00e4re w\u00fcnschenswert, dem Friedhof zu gedenken und sich um die Suche nach Grabsteinen zu bem\u00fchen.<\/p>\n<p>Link zur <a href=\"http:\/\/www.cmentarze-zydowskie.pl\/ilawa.htm\" target=\"_blank\" rel=\"noopener noreferrer\">original Webseite Cmentarze Zydowski &gt;&gt;<\/a><br \/>\nText: Krzysztof Bielawski<\/p>\n<p>Quellen:<br \/>\nSzczepa\u0144ski, \u017bydowskie domy modlitwy oraz cmentarze na Warmii i Mazurach &#8211; stan obecny (na tle dziej\u00f3w \u017byd\u00f3w w Prusach Wschodnich i Zachodnich) [online] https:\/\/rocznikziemzachodnich.pl\/rzz\/article\/view\/165\/107 [dost\u0119p: 15.10.2019].<br \/>\nSzczepa\u0144ski, Cmentarze w I\u0142awie na przestrzeni dziej\u00f3w &#8211; zapomniany fragment pami\u0119ci lokalnej, [w:] I\u0142awianie<br \/>\no historii miasta i okolic, red. A. B\u0142\u0119dowska, M. Czerny, I\u0142awa 2005.<\/p>\n<p><span style=\"color: #ff6600;\">Wir suchen nach allen Einzelheiten \u00fcber diesen Friedhof, einschlie\u00dflich seines Erscheinungsbildes in der Vergangenheit und des Verw\u00fcstungsprozesses. Wir garantieren unseren Gespr\u00e4chspartnern Anonymit\u00e4t.<\/span><\/p>\n<p>In Kooperation 2020 mit cmentarze-zydowskie.pl<br \/>\n<img decoding=\"async\" class=\"size-full wp-image-5172 alignnone\" src=\"https:\/\/jewsineastprussia.de\/wp-content\/uploads\/2020\/02\/Cmentarz-Zyd-logo.jpg\" alt=\"Logo\" width=\"223\" height=\"148\" \/><\/p>\n","protected":false},"excerpt":{"rendered":"<p>In Kooperation 2020 mit cmentarze-zydowskie.pl Der j\u00fcdische Friedhof in I\u0142awa (Deutsch-Eylau) wurde wahrscheinlich in der ersten H\u00e4lfte des 19. Jahrhunderts aufgrund des k\u00f6niglichen Erlasses vom 24. Mai 1814 eingerichtet, der den j\u00fcdischen Gemeinden befahl, ihre eigenen Grabst\u00e4tten in der N\u00e4he der Stadt zu schaffen. Die Regelung zielte unter anderem darauf ab, den Transport von Leichen [&hellip;]<\/p>\n","protected":false},"author":1,"featured_media":0,"parent":0,"menu_order":0,"comment_status":"closed","ping_status":"closed","template":"","meta":{"footnotes":""},"categories":[73],"class_list":["post-5338","page","type-page","status-publish","hentry","category-polen","entry"],"_links":{"self":[{"href":"https:\/\/jewsineastprussia.de\/de\/wp-json\/wp\/v2\/pages\/5338","targetHints":{"allow":["GET"]}}],"collection":[{"href":"https:\/\/jewsineastprussia.de\/de\/wp-json\/wp\/v2\/pages"}],"about":[{"href":"https:\/\/jewsineastprussia.de\/de\/wp-json\/wp\/v2\/types\/page"}],"author":[{"embeddable":true,"href":"https:\/\/jewsineastprussia.de\/de\/wp-json\/wp\/v2\/users\/1"}],"replies":[{"embeddable":true,"href":"https:\/\/jewsineastprussia.de\/de\/wp-json\/wp\/v2\/comments?post=5338"}],"version-history":[{"count":2,"href":"https:\/\/jewsineastprussia.de\/de\/wp-json\/wp\/v2\/pages\/5338\/revisions"}],"predecessor-version":[{"id":5340,"href":"https:\/\/jewsineastprussia.de\/de\/wp-json\/wp\/v2\/pages\/5338\/revisions\/5340"}],"wp:attachment":[{"href":"https:\/\/jewsineastprussia.de\/de\/wp-json\/wp\/v2\/media?parent=5338"}],"wp:term":[{"taxonomy":"category","embeddable":true,"href":"https:\/\/jewsineastprussia.de\/de\/wp-json\/wp\/v2\/categories?post=5338"}],"curies":[{"name":"wp","href":"https:\/\/api.w.org\/{rel}","templated":true}]}}