{"id":5356,"date":"2020-03-08T01:01:35","date_gmt":"2020-03-08T00:01:35","guid":{"rendered":"https:\/\/jewsineastprussia.de\/cemetery-kwidzyn-marienwerder\/"},"modified":"2020-03-08T01:10:32","modified_gmt":"2020-03-08T00:10:32","slug":"cemetery-kwidzyn-marienwerder","status":"publish","type":"page","link":"https:\/\/jewsineastprussia.de\/de\/cemetery-kwidzyn-marienwerder\/","title":{"rendered":"Friedhof Kwidzyn &#8211; Marienwerder"},"content":{"rendered":"<p>In Kooperation 2020 mit cmentarze-zydowskie.pl<img fetchpriority=\"high\" decoding=\"async\" class=\"wp-image-5347 size-full\" src=\"https:\/\/jewsineastprussia.de\/wp-content\/uploads\/2020\/03\/Kwidzyn_ul_Braterstwa_Narodow.jpg\" alt=\"Marienwerder Jewish\" width=\"960\" height=\"720\" srcset=\"https:\/\/jewsineastprussia.de\/wp-content\/uploads\/2020\/03\/Kwidzyn_ul_Braterstwa_Narodow.jpg 960w, https:\/\/jewsineastprussia.de\/wp-content\/uploads\/2020\/03\/Kwidzyn_ul_Braterstwa_Narodow-300x225.jpg 300w, https:\/\/jewsineastprussia.de\/wp-content\/uploads\/2020\/03\/Kwidzyn_ul_Braterstwa_Narodow-768x576.jpg 768w\" sizes=\"(max-width: 960px) 100vw, 960px\" \/><span style=\"font-size: 14px;\">Wikimedia Commons von Pko CC BY-SA 3.0,<\/span><\/p>\n<p>Nach der &#8222;The Encyclopedia of Jewish Life Before and During the Holocaust&#8220; stammen die ersten Aufzeichnungen \u00fcber die j\u00fcdische Besiedlung in Kwidzyn (Marienwerder) aus dem Jahr Jahr 1798. Im Jahr 1815 wurde ein j\u00fcdischer Friedhof eingerichtet, und 1830 und 1930 wurden zwei Synagogen errichtet. 1846 lebten 220 Anh\u00e4nger des Judentums in Kwidzyn (Marienwerder). Die Zahl der Juden in der Stadt stieg 1880 auf 295. Ein bekannter, in Kwidzyn (Marienwerder) geborener Jude war Paul Hirsch &#8211; Ministerpr\u00e4sident von Preu\u00dfen in der Weimarer Republik.<\/p>\n<p>Im Jahr 1933 bestand die Gemeinde der Kwidzyner (Marienwerder) Juden aus etwa zweihundert Personen. Durch die Repressionen der Nazis sank die Zahl der Juden in Kwidzyn (Marienwerder) 1937 auf dreizehn. W\u00e4hrend der Kristallnacht wurde die \u00f6rtliche Synagoge niedergebrannt und einige wenige Juden wurden verhaftet. Im Mai 1939 gab es keine Juden mehr in der Stadt.<\/p>\n<p><img decoding=\"async\" class=\"wp-image-5349 size-medium alignleft\" src=\"https:\/\/jewsineastprussia.de\/wp-content\/uploads\/2020\/03\/kwidzyn5-300x225.jpg\" alt=\"Gedenkstein J\u00fcdischer Friedhof\" width=\"300\" height=\"225\" srcset=\"https:\/\/jewsineastprussia.de\/wp-content\/uploads\/2020\/03\/kwidzyn5-300x225.jpg 300w, https:\/\/jewsineastprussia.de\/wp-content\/uploads\/2020\/03\/kwidzyn5.jpg 550w\" sizes=\"(max-width: 300px) 100vw, 300px\" \/> <img decoding=\"async\" class=\"size-medium wp-image-5351 alignnone\" src=\"https:\/\/jewsineastprussia.de\/wp-content\/uploads\/2020\/03\/kwidzyn6-300x212.jpg\" alt=\"\" width=\"300\" height=\"212\" srcset=\"https:\/\/jewsineastprussia.de\/wp-content\/uploads\/2020\/03\/kwidzyn6-300x212.jpg 300w, https:\/\/jewsineastprussia.de\/wp-content\/uploads\/2020\/03\/kwidzyn6.jpg 550w\" sizes=\"(max-width: 300px) 100vw, 300px\" \/><\/p>\n<p>Der j\u00fcdische Friedhof in Kwidzyn wurde im neunzehnten Jahrhundert angelegt, die heutige Ko\u015bciuszki Stra\u00dfe. Infolge der Sch\u00e4den sind bis heute keine Grabsteine erhalten geblieben. Ein Stein mit einer Gedenktafel daran erinnert an die hier begrabenen Toten.<\/p>\n<figure id=\"attachment_5353\" aria-describedby=\"caption-attachment-5353\" style=\"width: 300px\" class=\"wp-caption alignnone\"><img loading=\"lazy\" decoding=\"async\" class=\"wp-image-5353 size-medium\" src=\"https:\/\/jewsineastprussia.de\/wp-content\/uploads\/2020\/03\/kwidzyn2-300x225.jpg\" alt=\"Jewish cemetery Marienwerder\" width=\"300\" height=\"225\" srcset=\"https:\/\/jewsineastprussia.de\/wp-content\/uploads\/2020\/03\/kwidzyn2-300x225.jpg 300w, https:\/\/jewsineastprussia.de\/wp-content\/uploads\/2020\/03\/kwidzyn2.jpg 550w\" sizes=\"(max-width: 300px) 100vw, 300px\" \/><figcaption id=\"caption-attachment-5353\" class=\"wp-caption-text\">J\u00fcdisches Friedhofsgel\u00e4nde in Kwidzyn (Marienwerder)<\/figcaption><\/figure>\n<p><a href=\"http:\/\/cmentarze-zydowskie.pl\/kwidzyn.htm\" target=\"_blank\" rel=\"noopener noreferrer\">Link zur original Webseite Cmentarze-Zydowski pl &gt;&gt;<\/a><br \/>\nText: K. Bielawski<br \/>\nPhotos: Aleksander Schwarz, Jacek Kmie\u0107<br \/>\nDie Website \u00fcber Kwidzyn wird in Zusammenarbeit mit dem Internetforum www.marienburg.pl entwickelt.<\/p>\n<p><span style=\"color: #ff6600;\">Wir suchen alle Informationen \u00fcber Juden aus Kwidzyn (Marienwerder) und ihre Gr\u00e4berst\u00e4tten. Wir warten auch auf Berichte von Menschen, die sich an diesen Friedhof aus der Zeit vor dem Zweiten Weltkrieg erinnern.<\/span><\/p>\n<p>In Kooperation 2020 mit cmentarze-zydowskie.pl<br \/>\n<img loading=\"lazy\" decoding=\"async\" class=\"alignleft size-full wp-image-5172\" src=\"https:\/\/jewsineastprussia.de\/wp-content\/uploads\/2020\/02\/Cmentarz-Zyd-logo.jpg\" alt=\"Logo\" width=\"223\" height=\"148\" \/><\/p>\n","protected":false},"excerpt":{"rendered":"<p>In Kooperation 2020 mit cmentarze-zydowskie.plWikimedia Commons von Pko CC BY-SA 3.0, Nach der &#8222;The Encyclopedia of Jewish Life Before and During the Holocaust&#8220; stammen die ersten Aufzeichnungen \u00fcber die j\u00fcdische Besiedlung in Kwidzyn (Marienwerder) aus dem Jahr Jahr 1798. Im Jahr 1815 wurde ein j\u00fcdischer Friedhof eingerichtet, und 1830 und 1930 wurden zwei Synagogen errichtet. [&hellip;]<\/p>\n","protected":false},"author":1,"featured_media":0,"parent":0,"menu_order":0,"comment_status":"closed","ping_status":"closed","template":"","meta":{"footnotes":""},"categories":[73],"class_list":["post-5356","page","type-page","status-publish","hentry","category-polen","entry"],"_links":{"self":[{"href":"https:\/\/jewsineastprussia.de\/de\/wp-json\/wp\/v2\/pages\/5356","targetHints":{"allow":["GET"]}}],"collection":[{"href":"https:\/\/jewsineastprussia.de\/de\/wp-json\/wp\/v2\/pages"}],"about":[{"href":"https:\/\/jewsineastprussia.de\/de\/wp-json\/wp\/v2\/types\/page"}],"author":[{"embeddable":true,"href":"https:\/\/jewsineastprussia.de\/de\/wp-json\/wp\/v2\/users\/1"}],"replies":[{"embeddable":true,"href":"https:\/\/jewsineastprussia.de\/de\/wp-json\/wp\/v2\/comments?post=5356"}],"version-history":[{"count":2,"href":"https:\/\/jewsineastprussia.de\/de\/wp-json\/wp\/v2\/pages\/5356\/revisions"}],"predecessor-version":[{"id":5358,"href":"https:\/\/jewsineastprussia.de\/de\/wp-json\/wp\/v2\/pages\/5356\/revisions\/5358"}],"wp:attachment":[{"href":"https:\/\/jewsineastprussia.de\/de\/wp-json\/wp\/v2\/media?parent=5356"}],"wp:term":[{"taxonomy":"category","embeddable":true,"href":"https:\/\/jewsineastprussia.de\/de\/wp-json\/wp\/v2\/categories?post=5356"}],"curies":[{"name":"wp","href":"https:\/\/api.w.org\/{rel}","templated":true}]}}