{"id":5385,"date":"2020-03-09T00:39:41","date_gmt":"2020-03-08T23:39:41","guid":{"rendered":"https:\/\/jewsineastprussia.de\/cemetery-mikolajki-nikolaiken\/"},"modified":"2020-03-09T01:16:42","modified_gmt":"2020-03-09T00:16:42","slug":"cemetery-mikolajki-nikolaiken","status":"publish","type":"page","link":"https:\/\/jewsineastprussia.de\/de\/cemetery-mikolajki-nikolaiken\/","title":{"rendered":"Friedhof Miko\u0142ajki \u2013 Nikolaiken"},"content":{"rendered":"<p>In Kooperation 2020 mit cmentarze-zydowskie.pl<br \/>\n<img fetchpriority=\"high\" decoding=\"async\" class=\"aligncenter wp-image-5372 size-full\" src=\"https:\/\/jewsineastprussia.de\/wp-content\/uploads\/2020\/03\/Nikolaiken-see.jpg\" alt=\"Jewish Miko\u0142ajki\" width=\"1024\" height=\"578\" srcset=\"https:\/\/jewsineastprussia.de\/wp-content\/uploads\/2020\/03\/Nikolaiken-see.jpg 1024w, https:\/\/jewsineastprussia.de\/wp-content\/uploads\/2020\/03\/Nikolaiken-see-300x169.jpg 300w, https:\/\/jewsineastprussia.de\/wp-content\/uploads\/2020\/03\/Nikolaiken-see-768x434.jpg 768w\" sizes=\"(max-width: 1024px) 100vw, 1024px\" \/><\/p>\n<p>Der j\u00fcdische Friedhof in Miko\u0142ajki (deutsch: Nikolaiken) liegt etwa 1,1 km s\u00fcd\u00f6stlich des Dorfzentrums, auf der westlichen Seite der Dybowska-Stra\u00dfe. Der Friedhof nimmt eine rhombusartige geod\u00e4tische Parzelle Nr. 281002 4.0001.465 mit einer Fl\u00e4che von 583 Quadratmetern ein.<\/p>\n<p>Es gibt keine detaillierten Informationen \u00fcber die Geschichte des Objekts und \u00fcber seine Verw\u00fcstung w\u00e4hrend des Zweiten Weltkriegs und in sp\u00e4teren Jahren. In verschiedenen Publikationen wurde der Friedhof 1881 angelegt, die erhaltenen Grabsteine aus den Jahren 1862 und 1847\/1848 beweisen jedoch, dass der Friedhof viel fr\u00fcher angelegt wurde.<\/p>\n<p><img decoding=\"async\" class=\"aligncenter wp-image-5374 size-full\" src=\"https:\/\/jewsineastprussia.de\/wp-content\/uploads\/2020\/03\/Nikolaiken-cemetery-1.jpg\" alt=\"\" width=\"912\" height=\"535\" srcset=\"https:\/\/jewsineastprussia.de\/wp-content\/uploads\/2020\/03\/Nikolaiken-cemetery-1.jpg 912w, https:\/\/jewsineastprussia.de\/wp-content\/uploads\/2020\/03\/Nikolaiken-cemetery-1-300x176.jpg 300w, https:\/\/jewsineastprussia.de\/wp-content\/uploads\/2020\/03\/Nikolaiken-cemetery-1-768x451.jpg 768w\" sizes=\"(max-width: 912px) 100vw, 912px\" \/><\/p>\n<p>Im Jahr 2016 wurden 27 Matzevot in verschiedenen Erhaltungszust\u00e4nden und 20 Gr\u00e4ber ohne Grabsteine oder ohne lesbare Epitaphien auf dem Friedhof identifiziert. Einige der Matzevot sind gegen\u00fcber der eigentlichen Begr\u00e4bnisst\u00e4tte versetzt.<\/p>\n<h3>Auszug aus der Liste der Grabstein-Inschriften in Miko\u0142ajki (Nikolaiken)<\/h3>\n<p>erstellt AUG 2016 von Krzysztof Bielawski \u2013 \u00a9 Copyright.<br \/>\nNachname, weiterer Familienname, Vorname(n), Geburtsdatum, Sterbedatum (gregorianisch), Sterbealter, hebr\u00e4ischer Name, Name des Ehepartners, Name des Vaters, Anmerkungen<\/p>\n<ul>\n<li><strong>Alexander, auch Neuman<\/strong>, Bertha,\u00a0 gest. 29 Dec 1887, Alter 71, Yidd. Beila,\u00a0 Vater Eliezer Lipman<\/li>\n<li><strong>Aronsohn, auch Cohn<\/strong>, Frederike, geb. 8 Nov 1826, gest. 12 Sept 1885,\u00a0 Yidd. Freida, husb. Shalom, Vater Mordechai,<\/li>\n<li><strong>Aronsohn<\/strong>, Salomon, geb. 8 Nov 1826, gest. 12 Nov 1894, Heb. Shalom, Vater Shlomo,<\/li>\n<li><strong>Chodorowski<\/strong>, Ephraim, geb. 1 Aug 1851, gest. 1 March 1893, Hebr. Efraim, Vater Chaim,<\/li>\n<li><strong>Cingelbach<\/strong>, Sara, , gest. 18 April 1885, Hebr. Sara, Vater Ezvriah,<\/li>\n<li><strong>Demant<\/strong>, Rosalie, gest. 13 Jan 1888, Hebr. Rachel, Vater Yehoshua ha-Levi, m\u00f6gl. Fehler im Datum<\/li>\n<li><strong>Friedlaender<\/strong>, Salomon, gest. 7 Febr 1889, Alter 76, , Hebr. Shlomo, Vater Yom Tov,<\/li>\n<li><strong>Kamnitzer<\/strong>, Lydia, geb. 7 Febr 1849, gest. 9 Nov 1880, Yidd. Liba, Vater Natan, mistake, \u00a06 Cheshvan 5641 &#8211; 11 Oct 1880<\/li>\n<li><strong>Krohn<\/strong>, Nathan Meyer, geb. Jan 1811, gest. 24 March 1881, Hebr. Natan, Vater Meir,<\/li>\n<li><strong>Krohn<\/strong>, also Jaruslawsky, Wilhelmine, geb. 24 May 1815, gest. 14 Feb 1883, Yidd. Mirel, Vater Zeev<\/li>\n<li><strong>Leopold, auch Heymann<\/strong>, Jeanette, gest. 24 Nov 1891, Alter 72, Hebr. Nechla, Vater Tzvi,<\/li>\n<li><strong>Orzolkowski<\/strong>, Aharon, geb. 4 Dec 1848, gest. 18 Feb 1892, Vater Gershon Leib, cantor (chazan)<\/li>\n<li><strong>Pfingst, auch Wieberk<\/strong> (?), Henriette, geb. 25 Nov 1824, gest. 30 Nov 1885, Ita, husb. Yehuda,<\/li>\n<li><strong>Pfingst<\/strong>, Emilie, geb. 11 Aug 1869, gest. 9 June 1898, Hebr. Esther, Vater Yehuda Leib,<\/li>\n<li><strong>Pfingst<\/strong>, Leib, geb. 24 Nov 1821, gest. 6 Oct 1899, Hebr. Yehuda Leib, Fehler, \u00a03 Cheshvan 5659 &#8211; 19 October 1898<\/li>\n<li><strong>Podbielski<\/strong>, Rosalie, geb. 1864, gest. 14 Jan 1911, Hebr. Rachel, Vater Eliezer Meretzky,<\/li>\n<li><strong>Rosenberg<\/strong>, Eugen, geb. 30 Oct 1871, gest. 16 June 1881, Hebr. Eliahu, Vater Eliezer ha-Kohen, Kohen<\/li>\n<li><strong>Rosenberg<\/strong>, Elieser, , gest. 12 Jan 1912, Alter 80, Hebr. Eliezer, Vater Moshe ha-Kohen, Kohen<\/li>\n<li><strong>Schetzer<\/strong>, Georg, geb. 14 Feb 1890, gest. 30 Dec 1931, Hebr. Yehuda, Vater Yaakov,<\/li>\n<li><strong>Silbermann<\/strong>, Berech, gest. 5 Febr 1890, Alter 42, Hebr. Tzvi Dov, , Vater Leib,<\/li>\n<li><strong>Wohlgemuth<\/strong>, Julius, gest. 8 March 1886, Hebr. Natan, , Vater Josef,<\/li>\n<li>(NN), Aleksander, gest. 3 May 1868, Vater Moshe ha-Levi, Levite<\/li>\n<li>(NN), Sara, gest. 2 April 1881, Vater Eliezer ha-Levi,<\/li>\n<li>(NN), Yitzhak, gest. 23 March 1862, Hebr. Yitzhak, Vater Meir ha-Levi, Levite<\/li>\n<li>(NN), gest. 1847\/1848 (?), Hebr. Yitzhak<\/li>\n<\/ul>\n<p style=\"padding-left: 40px;\">Die vollst\u00e4ndige Liste der erhaltenen Grabsteine ist als Excel-Liste verf\u00fcgbar<br \/>\n<a href=\"http:\/\/www.cmentarze-zydowskie.pl\/mikolajki_macewy.xls\" target=\"_blank\" rel=\"noopener noreferrer\">unter www.kirkuty.xip.pl\/mikolajki_macewy.xls &gt;&gt;<\/a><br \/>\nViele Abbildungen der Grabsteine von Miko\u0142ajki (Nikolaiken) gibt es auf der <a href=\"http:\/\/www.cmentarze-zydowskie.pl\/mikolajki.htm\" target=\"_blank\" rel=\"noopener noreferrer\"> Original Webseite Cmentarze Zydowski pl \u00a0&gt;&gt;<\/a><\/p>\n<p style=\"padding-left: 40px;\"><a href=\"https:\/\/youtu.be\/g2UPkc1PEMI\" target=\"_blank\" rel=\"noopener noreferrer\">Hier anklicken f\u00fcr eine Videoaufnahme des Friedhofs &gt;&gt;<\/a><\/p>\n<p><img decoding=\"async\" class=\"alignleft size-medium wp-image-5376\" src=\"https:\/\/jewsineastprussia.de\/wp-content\/uploads\/2020\/03\/Nikolaiken-cemetery-4-300x169.jpg\" alt=\"Jewish Cemetery Nikolaiken\" width=\"300\" height=\"169\" srcset=\"https:\/\/jewsineastprussia.de\/wp-content\/uploads\/2020\/03\/Nikolaiken-cemetery-4-300x169.jpg 300w, https:\/\/jewsineastprussia.de\/wp-content\/uploads\/2020\/03\/Nikolaiken-cemetery-4-768x432.jpg 768w, https:\/\/jewsineastprussia.de\/wp-content\/uploads\/2020\/03\/Nikolaiken-cemetery-4.jpg 1024w\" sizes=\"(max-width: 300px) 100vw, 300px\" \/><\/p>\n<p>Der \u00e4lteste Grabstein ist ein \u00dcberrest, mit dem Namen Yitzhak und dem Todesdatum 12 [&#8230;] 5608. (1847\/1848 nach dem Gregorianischen Kalender). Der j\u00fcngste Matzeva steht auf dem Grab von Georg Schetzer (Jehuda, Sohn von Jakow), der am 30. Dezember 1931 starb.<\/p>\n<p>&nbsp;<\/p>\n<p>Die Bestattungen wurden in einer Reihenanordnung durchgef\u00fchrt, jedoch ohne die h\u00e4ufige Aufteilung in M\u00e4nner- und Frauenquartiere auf j\u00fcdischen Friedh\u00f6fen. Die chronologische Reihenfolge der Bestattungen ist nur in den beiden \u00e4u\u00dfersten Reihen im westlichen Teil des Friedhofs zu erkennen, wo sich die Gr\u00e4ber der zwischen 1880 und 1894 Verstorbenen befinden. Die \u00e4ltesten vier Matzevot aus den Jahren 1847\/48, 1862 und 1868 stehen im zentralen Teil in relativ geringem Abstand zueinander, wobei die Zerst\u00f6rung des Grabsteins von 1847\/1848 h\u00f6chstwahrscheinlich im Verh\u00e4ltnis zum Grab verschoben ist. Die drei j\u00fcngsten Grabsteine aus den Jahren 1911, 1912, 1931 sind in verschiedenen Sektoren des Friedhofs verstreut.<img loading=\"lazy\" decoding=\"async\" class=\"aligncenter wp-image-5378 size-full\" src=\"https:\/\/jewsineastprussia.de\/wp-content\/uploads\/2020\/03\/Nikolaiken-cemetery-2.jpg\" alt=\"Juedischer Friedhof Nikolaiken\" width=\"1024\" height=\"453\" srcset=\"https:\/\/jewsineastprussia.de\/wp-content\/uploads\/2020\/03\/Nikolaiken-cemetery-2.jpg 1024w, https:\/\/jewsineastprussia.de\/wp-content\/uploads\/2020\/03\/Nikolaiken-cemetery-2-300x133.jpg 300w, https:\/\/jewsineastprussia.de\/wp-content\/uploads\/2020\/03\/Nikolaiken-cemetery-2-768x340.jpg 768w\" sizes=\"(max-width: 1024px) 100vw, 1024px\" \/><\/p>\n<p>Grabsteine sind in der Regel Stelen in Form vertikal stehender Rechtecke, die in hufeisenf\u00f6rmigen B\u00f6gen enden, die konkav-konvex mit einem Ausweichmantel versehen sind. Die einzelnen Grabsteine haben die Form von Obelisken. Die meisten Grabsteine stehen auf Podesten und Sockeln, und die Gr\u00e4ber sind gerahmt. Als Material f\u00fcr die Grabsteine wurden Sandstein und Beton (letzterer haupts\u00e4chlich f\u00fcr die Grabeinfassungen), seltener Granit, verwendet.<\/p>\n<p><img loading=\"lazy\" decoding=\"async\" class=\"alignleft size-medium wp-image-5380\" src=\"https:\/\/jewsineastprussia.de\/wp-content\/uploads\/2020\/03\/Nikolaiken-cemetery-3-300x169.jpg\" alt=\"\" width=\"300\" height=\"169\" srcset=\"https:\/\/jewsineastprussia.de\/wp-content\/uploads\/2020\/03\/Nikolaiken-cemetery-3-300x169.jpg 300w, https:\/\/jewsineastprussia.de\/wp-content\/uploads\/2020\/03\/Nikolaiken-cemetery-3-768x432.jpg 768w, https:\/\/jewsineastprussia.de\/wp-content\/uploads\/2020\/03\/Nikolaiken-cemetery-3.jpg 1024w\" sizes=\"(max-width: 300px) 100vw, 300px\" \/>Die Inschriften wurden mit der konkaven Methode erstellt. Gemischte Inschriften, in Hebr\u00e4isch und Deutsch, sind am h\u00e4ufigsten, wobei die Priorit\u00e4t der hebr\u00e4ischen Sprache sichtbar ist. Die hebr\u00e4ische Version wurde oft auf der Vorderseite des Grabsteins eingraviert, w\u00e4hrend die deutsche Version auf der R\u00fcckseite oder die hebr\u00e4ische Version auf der Oberseite und die deutsche Version auf der Unterseite der Matzeva (Grabsteine) eingraviert wurde.<\/p>\n<p>Im Vergleich zu Epitaphien von j\u00fcdischen Friedh\u00f6fen in Mittelpolen sind die Inschriften aus Mikolajki relativ kurz und lakonisch, sie beschr\u00e4nken sich auf den Vor- und Nachnamen des Verstorbenen, den Vor- und Nachnamen des Vaters und, seltener, den Ehemann oder M\u00e4dchennamen, das Geburts- und Sterbedatum.<\/p>\n<p>&nbsp;<\/p>\n<p>Die Verzierung der Matzevot beschr\u00e4nkt sich auf die Trennung des Feldes oder der Inschriftenplatte und das Abschneiden der Inschriftenplatte vom Untergrund. Aus der reichen Reihe von Symbolen, die f\u00fcr die j\u00fcdische Grabkunst charakteristisch sind, erscheinen nur bei der Krone eines Grabsteins die H\u00e4nde in einer Geste des Segens. Andere Grabsteine waren mit geometrischen und floralen Motiven verziert.<\/p>\n<p>Der Friedhof ist von einem Zaun aus Metallgitter umgeben. Kein Friedhofstor, vor einigen Jahren gestohlen. Entlang der Grenzen des Friedhofs stehen etwa ein Dutzend Linden und Eschen, die wahrscheinlich in der Zwischenkriegszeit gepflanzt wurden.<\/p>\n<p>Im Jahr 2006 wurde der Friedhof dank der Bem\u00fchungen der Einwohner von Miko\u0142ajek in Zusammenarbeit mit der Stiftung zur Erhaltung des j\u00fcdischen Erbes in Polen ges\u00e4ubert. Sie wird von Mitgliedern der Pfingstkirche &#8222;Emaus&#8220; in Miko\u0142ajki betreut.<\/p>\n<p>Text: Krzysztof Bielawski<\/p>\n<p><a href=\"https:\/\/jewsineastprussia.de\/operation-in-nikolaiken-mikolajki\/72964312_10221323084050453_1151674503802126336_n\/\"><img loading=\"lazy\" decoding=\"async\" class=\"alignleft wp-image-4667 size-medium\" src=\"https:\/\/jewsineastprussia.de\/wp-content\/uploads\/2019\/10\/72964312_10221323084050453_1151674503802126336_n-225x300.jpg\" alt=\"Class 3 D from ZS No. 2 from Mr\u0105gowo\" width=\"225\" height=\"300\" srcset=\"https:\/\/jewsineastprussia.de\/wp-content\/uploads\/2019\/10\/72964312_10221323084050453_1151674503802126336_n-225x300.jpg 225w, https:\/\/jewsineastprussia.de\/wp-content\/uploads\/2019\/10\/72964312_10221323084050453_1151674503802126336_n.jpg 720w\" sizes=\"(max-width: 225px) 100vw, 225px\" \/><\/a>Oktober 2019 Sch\u00fclerinnen und Sch\u00fcler aus der masurischen Stadt Mr\u0105gowo (Sensburg) hatten hier eine praktische Lerneinheit, verbunden mit einem Hilfseinsatz <a href=\"https:\/\/jewsineastprussia.de\/de\/operation-in-nikolaiken-mikolajki\/\" target=\"_blank\" rel=\"noopener noreferrer\">mit der Geschichtslehrerin und Lokalpolitikerin Magda Lewkowicz &gt;&gt;<\/a><\/p>\n<p>&nbsp;<\/p>\n<p>Der Friedhof wird in touristischen Publikationen als eine der Attraktionen von Miko\u0142ajki erw\u00e4hnt.<\/p>\n<p>&nbsp;<\/p>\n<p>Das Objekt ist im Register der Immobiliendenkm\u00e4ler der Woiwodschaft Masuren (Warmi\u0144sko) eingetragen (Reg.-Nr.: A-882 vom 22.11.1991).<\/p>\n<p>In Kooperation 2020 mit cmentarze-zydowskie.pl<br \/>\n<img loading=\"lazy\" decoding=\"async\" class=\"alignleft size-full wp-image-5172\" src=\"https:\/\/jewsineastprussia.de\/wp-content\/uploads\/2020\/02\/Cmentarz-Zyd-logo.jpg\" alt=\"Logo\" width=\"223\" height=\"148\" \/><\/p>\n","protected":false},"excerpt":{"rendered":"<p>In Kooperation 2020 mit cmentarze-zydowskie.pl Der j\u00fcdische Friedhof in Miko\u0142ajki (deutsch: Nikolaiken) liegt etwa 1,1 km s\u00fcd\u00f6stlich des Dorfzentrums, auf der westlichen Seite der Dybowska-Stra\u00dfe. Der Friedhof nimmt eine rhombusartige geod\u00e4tische Parzelle Nr. 281002 4.0001.465 mit einer Fl\u00e4che von 583 Quadratmetern ein. Es gibt keine detaillierten Informationen \u00fcber die Geschichte des Objekts und \u00fcber seine [&hellip;]<\/p>\n","protected":false},"author":1,"featured_media":0,"parent":0,"menu_order":0,"comment_status":"closed","ping_status":"closed","template":"","meta":{"footnotes":""},"categories":[103,73],"class_list":["post-5385","page","type-page","status-publish","hentry","category-nikolaiken-mikolajki-d-de","category-polen","entry"],"_links":{"self":[{"href":"https:\/\/jewsineastprussia.de\/de\/wp-json\/wp\/v2\/pages\/5385","targetHints":{"allow":["GET"]}}],"collection":[{"href":"https:\/\/jewsineastprussia.de\/de\/wp-json\/wp\/v2\/pages"}],"about":[{"href":"https:\/\/jewsineastprussia.de\/de\/wp-json\/wp\/v2\/types\/page"}],"author":[{"embeddable":true,"href":"https:\/\/jewsineastprussia.de\/de\/wp-json\/wp\/v2\/users\/1"}],"replies":[{"embeddable":true,"href":"https:\/\/jewsineastprussia.de\/de\/wp-json\/wp\/v2\/comments?post=5385"}],"version-history":[{"count":3,"href":"https:\/\/jewsineastprussia.de\/de\/wp-json\/wp\/v2\/pages\/5385\/revisions"}],"predecessor-version":[{"id":5388,"href":"https:\/\/jewsineastprussia.de\/de\/wp-json\/wp\/v2\/pages\/5385\/revisions\/5388"}],"wp:attachment":[{"href":"https:\/\/jewsineastprussia.de\/de\/wp-json\/wp\/v2\/media?parent=5385"}],"wp:term":[{"taxonomy":"category","embeddable":true,"href":"https:\/\/jewsineastprussia.de\/de\/wp-json\/wp\/v2\/categories?post=5385"}],"curies":[{"name":"wp","href":"https:\/\/api.w.org\/{rel}","templated":true}]}}