{"id":5393,"date":"2020-03-09T15:10:30","date_gmt":"2020-03-09T14:10:30","guid":{"rendered":"https:\/\/jewsineastprussia.de\/?page_id=5393"},"modified":"2020-03-09T16:00:50","modified_gmt":"2020-03-09T15:00:50","slug":"cemetery-morag-mohrungen","status":"publish","type":"page","link":"https:\/\/jewsineastprussia.de\/de\/cemetery-morag-mohrungen\/","title":{"rendered":"Friedhof Mor\u0105g &#8211; Mohrungen"},"content":{"rendered":"<p>In Kooperation 2020 mit cmentarze-zydowskie.pl<\/p>\n<figure id=\"attachment_5394\" aria-describedby=\"caption-attachment-5394\" style=\"width: 1024px\" class=\"wp-caption aligncenter\"><img fetchpriority=\"high\" decoding=\"async\" class=\"size-full wp-image-5394\" src=\"https:\/\/jewsineastprussia.de\/wp-content\/uploads\/2020\/03\/Mohrungen1912-kleiner.jpg\" alt=\"City Mohrungen Jewish shops\" width=\"1024\" height=\"659\" srcset=\"https:\/\/jewsineastprussia.de\/wp-content\/uploads\/2020\/03\/Mohrungen1912-kleiner.jpg 1024w, https:\/\/jewsineastprussia.de\/wp-content\/uploads\/2020\/03\/Mohrungen1912-kleiner-300x193.jpg 300w, https:\/\/jewsineastprussia.de\/wp-content\/uploads\/2020\/03\/Mohrungen1912-kleiner-768x494.jpg 768w\" sizes=\"(max-width: 1024px) 100vw, 1024px\" \/><figcaption id=\"caption-attachment-5394\" class=\"wp-caption-text\">Mohrungen 1912 J\u00fcdische Unternehmen<\/figcaption><\/figure>\n<p>Der j\u00fcdische Friedhof in Mor\u0105g (Mohrungen) wurde 1835 angelegt, heute Jagiello\u0144czyka Stra\u00dfe. Es ist anzunehmen, dass die Nekropole von den Nazis verw\u00fcstet wurde und die Jahre der Nachkriegsvergessenheit der weiteren Zerst\u00f6rung f\u00f6rderlich waren. Wie Erwin Kruk in seinem Artikel \u00fcber die preu\u00dfischen Juden schreibt, der in der &#8222;Gazeta Olszty\u0144ska&#8220; ver\u00f6ffentlicht wurde. (Nr. 55 vom 19-21.03.1999), noch Mitte der 1950er Jahre war der Friedhof gut erhalten, es gab zahlreiche Grabsteine.<\/p>\n<p><img decoding=\"async\" class=\"alignleft size-medium wp-image-5396\" src=\"https:\/\/jewsineastprussia.de\/wp-content\/uploads\/2020\/03\/morag3-300x225.jpg\" alt=\"Jewish cemetery Mohrungen\" width=\"300\" height=\"225\" srcset=\"https:\/\/jewsineastprussia.de\/wp-content\/uploads\/2020\/03\/morag3-300x225.jpg 300w, https:\/\/jewsineastprussia.de\/wp-content\/uploads\/2020\/03\/morag3.jpg 550w\" sizes=\"(max-width: 300px) 100vw, 300px\" \/>Heute haben nur noch wenige stehende Matzevot in der Nekropole und den Betonrahmen der zerst\u00f6rten Gr\u00e4ber \u00fcberlebt. Die Verw\u00fcstung wurde von einem einheimischen Lehrer, Krzysztof Piotrowski, beendet, der sich Ende der 1990er Jahre zusammen mit seinen Sch\u00fclern um den Friedhof k\u00fcmmerte. Im Jahr 2002 wurde eine Tafel mit einer Inschrift an der S\u00e4ule des ehemaligen Friedhofstors angebracht: &#8222;Dreimal starb der j\u00fcdische Friedhof: Tod, zertr\u00fcmmerter Grabstein, Vergessen. Friedhof der j\u00fcdischen Gemeinde in Mor\u0105g (Mohrungen) von 1835 bis 1933&#8220;.<\/p>\n<p><img decoding=\"async\" class=\"alignright size-medium wp-image-5398\" src=\"https:\/\/jewsineastprussia.de\/wp-content\/uploads\/2020\/03\/morag1-300x225.jpg\" alt=\"Juedischer Friedhof Mohrungen\" width=\"300\" height=\"225\" srcset=\"https:\/\/jewsineastprussia.de\/wp-content\/uploads\/2020\/03\/morag1-300x225.jpg 300w, https:\/\/jewsineastprussia.de\/wp-content\/uploads\/2020\/03\/morag1.jpg 550w\" sizes=\"(max-width: 300px) 100vw, 300px\" \/><\/p>\n<p>&nbsp;<\/p>\n<p>Text: K. Bielawski<br \/>\nBilder: BZ<br \/>\nWeitere Bilder auf der <a href=\"http:\/\/www.cmentarze-zydowskie.pl\/morag.htm\" target=\"_blank\" rel=\"noopener noreferrer\">Original Webseite cmentarze-zydowskie &gt;&gt;<\/a><\/p>\n<p>Weitere Bilder dieses Friedhofs gibt es auch <a href=\"https:\/\/sztetl.org.pl\/de\/stadte\/m\/522-mohrungen-morag\" target=\"_blank\" rel=\"noopener noreferrer\">auf der Webseite Virtual Shtetl &gt;&gt;<\/a><\/p>\n<p><span style=\"color: #ff6600;\">Wir suchen alle Informationen \u00fcber die Juden von Mor\u0105g (Mohrungen) und ihre Nekropole.\u00a0<\/span><br \/>\n<span style=\"color: #ff6600;\">Wir interessieren uns auch f\u00fcr Berichte von Menschen, die sich an diesen Friedhof aus der Zeit vor dem Zweiten Weltkrieg erinnern.<\/span><\/p>\n<p>In Kooperation 2020 mit cmentarze-zydowskie.pl<br \/>\n<img loading=\"lazy\" decoding=\"async\" class=\"alignleft wp-image-5171 size-full\" src=\"https:\/\/jewsineastprussia.de\/wp-content\/uploads\/2020\/02\/Cmentarz-Zyd-logo.jpg\" alt=\"Logo Jewish cemeteries in Poland\" width=\"223\" height=\"148\" \/><\/p>\n","protected":false},"excerpt":{"rendered":"<p>In Kooperation 2020 mit cmentarze-zydowskie.pl Der j\u00fcdische Friedhof in Mor\u0105g (Mohrungen) wurde 1835 angelegt, heute Jagiello\u0144czyka Stra\u00dfe. Es ist anzunehmen, dass die Nekropole von den Nazis verw\u00fcstet wurde und die Jahre der Nachkriegsvergessenheit der weiteren Zerst\u00f6rung f\u00f6rderlich waren. Wie Erwin Kruk in seinem Artikel \u00fcber die preu\u00dfischen Juden schreibt, der in der &#8222;Gazeta Olszty\u0144ska&#8220; ver\u00f6ffentlicht [&hellip;]<\/p>\n","protected":false},"author":1,"featured_media":0,"parent":0,"menu_order":0,"comment_status":"closed","ping_status":"closed","template":"","meta":{"footnotes":""},"categories":[73],"class_list":["post-5393","page","type-page","status-publish","hentry","category-polen","entry"],"_links":{"self":[{"href":"https:\/\/jewsineastprussia.de\/de\/wp-json\/wp\/v2\/pages\/5393","targetHints":{"allow":["GET"]}}],"collection":[{"href":"https:\/\/jewsineastprussia.de\/de\/wp-json\/wp\/v2\/pages"}],"about":[{"href":"https:\/\/jewsineastprussia.de\/de\/wp-json\/wp\/v2\/types\/page"}],"author":[{"embeddable":true,"href":"https:\/\/jewsineastprussia.de\/de\/wp-json\/wp\/v2\/users\/1"}],"replies":[{"embeddable":true,"href":"https:\/\/jewsineastprussia.de\/de\/wp-json\/wp\/v2\/comments?post=5393"}],"version-history":[{"count":4,"href":"https:\/\/jewsineastprussia.de\/de\/wp-json\/wp\/v2\/pages\/5393\/revisions"}],"predecessor-version":[{"id":5411,"href":"https:\/\/jewsineastprussia.de\/de\/wp-json\/wp\/v2\/pages\/5393\/revisions\/5411"}],"wp:attachment":[{"href":"https:\/\/jewsineastprussia.de\/de\/wp-json\/wp\/v2\/media?parent=5393"}],"wp:term":[{"taxonomy":"category","embeddable":true,"href":"https:\/\/jewsineastprussia.de\/de\/wp-json\/wp\/v2\/categories?post=5393"}],"curies":[{"name":"wp","href":"https:\/\/api.w.org\/{rel}","templated":true}]}}