{"id":5425,"date":"2020-03-09T18:55:51","date_gmt":"2020-03-09T17:55:51","guid":{"rendered":"https:\/\/jewsineastprussia.de\/cemetery-nidzica-neidenburg\/"},"modified":"2020-03-09T19:09:11","modified_gmt":"2020-03-09T18:09:11","slug":"cemetery-nidzica-neidenburg","status":"publish","type":"page","link":"https:\/\/jewsineastprussia.de\/de\/cemetery-nidzica-neidenburg\/","title":{"rendered":"Friedhof Nidzica &#8211; Neidenburg"},"content":{"rendered":"<p>In Kooperation 2020 mit cmentarze-zydowskie.pl<br \/>\n<img fetchpriority=\"high\" decoding=\"async\" class=\"aligncenter size-full wp-image-5418\" src=\"https:\/\/jewsineastprussia.de\/wp-content\/uploads\/2020\/03\/Synagoge-Neidenburg.jpg\" alt=\"Neidenburg Jewish\" width=\"636\" height=\"310\" srcset=\"https:\/\/jewsineastprussia.de\/wp-content\/uploads\/2020\/03\/Synagoge-Neidenburg.jpg 636w, https:\/\/jewsineastprussia.de\/wp-content\/uploads\/2020\/03\/Synagoge-Neidenburg-300x146.jpg 300w\" sizes=\"(max-width: 636px) 100vw, 636px\" \/><\/p>\n<p>Die j\u00fcdische Gemeinde in Nidzica (Neidenburg) hatte zwei Grabst\u00e4tten, die sich in der N\u00e4he der heutigen Stra\u00dfen Spokojna und Nowomiejska befanden. Infolge der Zerst\u00f6rungen w\u00e4hrend des Zweiten Weltkriegs und Jahre nach der Befreiung sind auf beiden Friedh\u00f6fen nur noch Fragmente von verw\u00fcsteten Grabsteinen erhalten geblieben.<\/p>\n<p>Fotos: S\u0142awomir Topolewski<\/p>\n<p><strong>Alter Friedhof in der Spokojna Stra\u00dfe<br \/>\n<img decoding=\"async\" class=\"aligncenter size-full wp-image-5420\" src=\"https:\/\/jewsineastprussia.de\/wp-content\/uploads\/2020\/03\/Neidenburg-Alter-Friedhof.jpg\" alt=\"Old cemetery Neidenburg\" width=\"781\" height=\"364\" srcset=\"https:\/\/jewsineastprussia.de\/wp-content\/uploads\/2020\/03\/Neidenburg-Alter-Friedhof.jpg 781w, https:\/\/jewsineastprussia.de\/wp-content\/uploads\/2020\/03\/Neidenburg-Alter-Friedhof-300x140.jpg 300w, https:\/\/jewsineastprussia.de\/wp-content\/uploads\/2020\/03\/Neidenburg-Alter-Friedhof-768x358.jpg 768w\" sizes=\"(max-width: 781px) 100vw, 781px\" \/><br \/>\n<\/strong><\/p>\n<p><strong>Neuer Friedhof in der Nowomiejska Stra\u00dfe<\/strong><br \/>\n<img decoding=\"async\" class=\"aligncenter size-full wp-image-5422\" src=\"https:\/\/jewsineastprussia.de\/wp-content\/uploads\/2020\/03\/Neidenburg-Neuer-Friedhof.jpg\" alt=\"New Cemetery Neidenburg\" width=\"1024\" height=\"310\" srcset=\"https:\/\/jewsineastprussia.de\/wp-content\/uploads\/2020\/03\/Neidenburg-Neuer-Friedhof.jpg 1024w, https:\/\/jewsineastprussia.de\/wp-content\/uploads\/2020\/03\/Neidenburg-Neuer-Friedhof-300x91.jpg 300w, https:\/\/jewsineastprussia.de\/wp-content\/uploads\/2020\/03\/Neidenburg-Neuer-Friedhof-768x233.jpg 768w\" sizes=\"(max-width: 1024px) 100vw, 1024px\" \/><\/p>\n<p>Weitere Bilder auf \u00a0<a href=\"http:\/\/www.cmentarze-zydowskie.pl\/nidzica.htm\" target=\"_blank\" rel=\"noopener noreferrer\">der Original Webseite cmentarze-zydowskie &gt;&gt;<\/a><\/p>\n<p>Mehr Bilder vom Friedhof auch auf dem <a href=\"https:\/\/sztetl.org.pl\/pl\/miejscowosci\/n\/533-nidzica\/114-cmentarze\" target=\"_blank\" rel=\"noopener noreferrer\">Webauftritt des Virtual Shtetl &gt;&gt;<\/a><\/p>\n<p><span style=\"color: #ff6600;\">Wir suchen alle Informationen \u00fcber die Juden aus Nidzica (Neidenburg) und ihre Friedh\u00f6fe.<\/span><br \/>\n<span style=\"color: #ff6600;\">Wir freuen uns auch \u00fcber Berichte von Menschen, die sich an diese Friedh\u00f6fe aus der Zeit vor dem Zweiten Weltkrieg erinnern.<\/span><\/p>\n<p>In Kooperation 2020 mit cmentarze-zydowskie.pl<br \/>\n<img loading=\"lazy\" decoding=\"async\" class=\"size-full wp-image-5172 alignnone\" src=\"https:\/\/jewsineastprussia.de\/wp-content\/uploads\/2020\/02\/Cmentarz-Zyd-logo.jpg\" alt=\"Logo\" width=\"223\" height=\"148\" \/><\/p>\n","protected":false},"excerpt":{"rendered":"<p>In Kooperation 2020 mit cmentarze-zydowskie.pl Die j\u00fcdische Gemeinde in Nidzica (Neidenburg) hatte zwei Grabst\u00e4tten, die sich in der N\u00e4he der heutigen Stra\u00dfen Spokojna und Nowomiejska befanden. Infolge der Zerst\u00f6rungen w\u00e4hrend des Zweiten Weltkriegs und Jahre nach der Befreiung sind auf beiden Friedh\u00f6fen nur noch Fragmente von verw\u00fcsteten Grabsteinen erhalten geblieben. Fotos: S\u0142awomir Topolewski Alter Friedhof [&hellip;]<\/p>\n","protected":false},"author":1,"featured_media":0,"parent":0,"menu_order":0,"comment_status":"closed","ping_status":"closed","template":"","meta":{"footnotes":""},"categories":[73],"class_list":["post-5425","page","type-page","status-publish","hentry","category-polen","entry"],"_links":{"self":[{"href":"https:\/\/jewsineastprussia.de\/de\/wp-json\/wp\/v2\/pages\/5425","targetHints":{"allow":["GET"]}}],"collection":[{"href":"https:\/\/jewsineastprussia.de\/de\/wp-json\/wp\/v2\/pages"}],"about":[{"href":"https:\/\/jewsineastprussia.de\/de\/wp-json\/wp\/v2\/types\/page"}],"author":[{"embeddable":true,"href":"https:\/\/jewsineastprussia.de\/de\/wp-json\/wp\/v2\/users\/1"}],"replies":[{"embeddable":true,"href":"https:\/\/jewsineastprussia.de\/de\/wp-json\/wp\/v2\/comments?post=5425"}],"version-history":[{"count":3,"href":"https:\/\/jewsineastprussia.de\/de\/wp-json\/wp\/v2\/pages\/5425\/revisions"}],"predecessor-version":[{"id":5428,"href":"https:\/\/jewsineastprussia.de\/de\/wp-json\/wp\/v2\/pages\/5425\/revisions\/5428"}],"wp:attachment":[{"href":"https:\/\/jewsineastprussia.de\/de\/wp-json\/wp\/v2\/media?parent=5425"}],"wp:term":[{"taxonomy":"category","embeddable":true,"href":"https:\/\/jewsineastprussia.de\/de\/wp-json\/wp\/v2\/categories?post=5425"}],"curies":[{"name":"wp","href":"https:\/\/api.w.org\/{rel}","templated":true}]}}