{"id":5463,"date":"2020-03-10T12:47:23","date_gmt":"2020-03-10T11:47:23","guid":{"rendered":"https:\/\/jewsineastprussia.de\/cemetery-olsztynek-hohenstein\/"},"modified":"2020-03-10T13:12:50","modified_gmt":"2020-03-10T12:12:50","slug":"cemetery-olsztynek-hohenstein","status":"publish","type":"page","link":"https:\/\/jewsineastprussia.de\/de\/cemetery-olsztynek-hohenstein\/","title":{"rendered":"Friedhof Olsztynek \u2013 Hohenstein"},"content":{"rendered":"<p>In Kooperation 2020 mit cmentarze-zydowskie.pl<br \/>\n<img fetchpriority=\"high\" decoding=\"async\" class=\"aligncenter size-full wp-image-5460\" src=\"https:\/\/jewsineastprussia.de\/wp-content\/uploads\/2020\/03\/olsztynek001.jpg\" alt=\"Hohenstein J\u00fcdischer Friedhof\" width=\"550\" height=\"365\" srcset=\"https:\/\/jewsineastprussia.de\/wp-content\/uploads\/2020\/03\/olsztynek001.jpg 550w, https:\/\/jewsineastprussia.de\/wp-content\/uploads\/2020\/03\/olsztynek001-300x199.jpg 300w\" sizes=\"(max-width: 550px) 100vw, 550px\" \/><\/p>\n<p>Die Anf\u00e4nge der j\u00fcdischen Besiedlung in Olsztynek (deutscher Ortsname: Hohenstein) gehen auf den Beginn des 19. Jahrhunderts zur\u00fcck. Es ist bekannt, dass 1831 acht Anh\u00e4nger des Judentums in der Stadt lebten. Bis 1880 stieg ihre Zahl auf 111 Personen. St\u00fcrme der Geschichte f\u00fchrten dazu, dass die Zahl der Menschen j\u00fcdischer Herkunft in Olsztynek (Hohenstein) um die Jahrhundertwende zur\u00fcckging. Sicherlich sind viele von ihnen im Rahmen der damals \u00fcblichen Wirtschaftsemigration nach Amerika gegangen. Im Jahr 1933 lebten nur 33 Juden in Olsztynek (Hohenstein). Zwei Jahre sp\u00e4ter wurde die \u00f6rtliche Synagoge verkauft. Wir haben keine Informationen \u00fcber das Schicksal der j\u00fcdischen Bev\u00f6lkerung von Olsztynek (Hohenstein) nach der Macht\u00fcbernahme durch die Nazi-Partei. Wahrscheinlich als Folge der wachsenden Repressionen verlie\u00dfen einige die Stadt, andere wurden von den Nazis get\u00f6tet.<\/p>\n<p>Nach der &#8222;Enzyklop\u00e4die des j\u00fcdischen Lebens vor und w\u00e4hrend des Holocaust&#8220; (The Encyclopedia of Jewish Life before and during the Holocaust), wurde der j\u00fcdische Friedhof in Olsztynek (Hohenstein) Mitte des 19. Jh. angelegt und befindet sich an der Kreuzung der Stra\u00dfe Jagie\u0142\u0142y mit der Stra\u00dfe in Richtung Jemio\u0142\u00f3w (Mispelsee). Infolge der Zerst\u00f6rungen sind heute keinerlei Spuren von Grabsteinen erhalten geblieben.<\/p>\n<p>Nach den von S\u0142awomir Micha\u0142 Nieciecki gesammelten Informationen gab es in Olsztynek (Hohenstein), auf der H\u00f6he der heutigen Szkolna-Stra\u00dfe, einen weiteren j\u00fcdischen Friedhof; an der Stelle, an der die Siedlung &#8222;Farmer&#8220; gebaut wurde.<\/p>\n<p>Text: K. Bielawski<br \/>\nFoto: S\u0142awomir Topolewski<\/p>\n<p>Link zu original <a href=\"http:\/\/www.cmentarze-zydowskie.pl\/olsztynek.htm\" target=\"_blank\" rel=\"noopener noreferrer\">Webseite cmentarze-zydowskie &gt;&gt;<\/a><br \/>\nWeitere Aufnahmen von diesem Friedhof \u00a0<a href=\"https:\/\/sztetl.org.pl\/de\/stadte\/h\/880-hohenstein-olsztynek\" target=\"_blank\" rel=\"noopener noreferrer\">bei Virtual Shtetl &gt;&gt;<\/a><\/p>\n<p><span style=\"color: #ff6600;\">Wir suchen alle Informationen \u00fcber die Juden aus Olsztynek und ihren Grabst\u00e4tten. Wir freuen uns auch \u00fcber Berichte von Menschen, die sich an diese Friedh\u00f6fe aus der Zeit vor dem Zweiten Weltkrieg erinnern.<\/span><\/p>\n<p>In Kooperation 2020 mit cmentarze-zydowskie.pl<br \/>\n<img decoding=\"async\" class=\"alignleft size-full wp-image-5172\" src=\"https:\/\/jewsineastprussia.de\/wp-content\/uploads\/2020\/02\/Cmentarz-Zyd-logo.jpg\" alt=\"Logo\" width=\"223\" height=\"148\" \/><\/p>\n","protected":false},"excerpt":{"rendered":"<p>In Kooperation 2020 mit cmentarze-zydowskie.pl Die Anf\u00e4nge der j\u00fcdischen Besiedlung in Olsztynek (deutscher Ortsname: Hohenstein) gehen auf den Beginn des 19. Jahrhunderts zur\u00fcck. Es ist bekannt, dass 1831 acht Anh\u00e4nger des Judentums in der Stadt lebten. Bis 1880 stieg ihre Zahl auf 111 Personen. St\u00fcrme der Geschichte f\u00fchrten dazu, dass die Zahl der Menschen j\u00fcdischer [&hellip;]<\/p>\n","protected":false},"author":1,"featured_media":0,"parent":0,"menu_order":0,"comment_status":"closed","ping_status":"closed","template":"","meta":{"footnotes":""},"categories":[73],"class_list":["post-5463","page","type-page","status-publish","hentry","category-polen","entry"],"_links":{"self":[{"href":"https:\/\/jewsineastprussia.de\/de\/wp-json\/wp\/v2\/pages\/5463","targetHints":{"allow":["GET"]}}],"collection":[{"href":"https:\/\/jewsineastprussia.de\/de\/wp-json\/wp\/v2\/pages"}],"about":[{"href":"https:\/\/jewsineastprussia.de\/de\/wp-json\/wp\/v2\/types\/page"}],"author":[{"embeddable":true,"href":"https:\/\/jewsineastprussia.de\/de\/wp-json\/wp\/v2\/users\/1"}],"replies":[{"embeddable":true,"href":"https:\/\/jewsineastprussia.de\/de\/wp-json\/wp\/v2\/comments?post=5463"}],"version-history":[{"count":3,"href":"https:\/\/jewsineastprussia.de\/de\/wp-json\/wp\/v2\/pages\/5463\/revisions"}],"predecessor-version":[{"id":5466,"href":"https:\/\/jewsineastprussia.de\/de\/wp-json\/wp\/v2\/pages\/5463\/revisions\/5466"}],"wp:attachment":[{"href":"https:\/\/jewsineastprussia.de\/de\/wp-json\/wp\/v2\/media?parent=5463"}],"wp:term":[{"taxonomy":"category","embeddable":true,"href":"https:\/\/jewsineastprussia.de\/de\/wp-json\/wp\/v2\/categories?post=5463"}],"curies":[{"name":"wp","href":"https:\/\/api.w.org\/{rel}","templated":true}]}}