{"id":5484,"date":"2020-03-11T01:12:56","date_gmt":"2020-03-11T00:12:56","guid":{"rendered":"https:\/\/jewsineastprussia.de\/cemetery-ostroda-osterode\/"},"modified":"2023-09-14T22:22:53","modified_gmt":"2023-09-14T20:22:53","slug":"cemetery-ostroda-osterode","status":"publish","type":"page","link":"https:\/\/jewsineastprussia.de\/de\/cemetery-ostroda-osterode\/","title":{"rendered":"Friedhof Ostr\u00f3da \u2013 Osterode"},"content":{"rendered":"\n<p>In Kooperation 2020 mit cmentarze-zydowskie.pl<\/p>\n\n\n<div class=\"wp-block-image size-full wp-image-5477\">\n<figure class=\"aligncenter\"><img fetchpriority=\"high\" decoding=\"async\" width=\"900\" height=\"363\" src=\"https:\/\/jewsineastprussia.de\/wp-content\/uploads\/2020\/03\/Ostroda-Antekbojar-Cut.jpg\" alt=\"\" class=\"wp-image-5477\" srcset=\"https:\/\/jewsineastprussia.de\/wp-content\/uploads\/2020\/03\/Ostroda-Antekbojar-Cut.jpg 900w, https:\/\/jewsineastprussia.de\/wp-content\/uploads\/2020\/03\/Ostroda-Antekbojar-Cut-300x121.jpg 300w, https:\/\/jewsineastprussia.de\/wp-content\/uploads\/2020\/03\/Ostroda-Antekbojar-Cut-768x310.jpg 768w\" sizes=\"(max-width: 900px) 100vw, 900px\" \/><figcaption class=\"wp-element-caption\">Ostr\u00f3da \u2013 Osterode (Bild Auschnitt Wikipedia Commons Antekbojar \/ CC BY-SA)<\/figcaption><\/figure>\n<\/div>\n\n\n<p>Die Juden lie\u00dfen sich in Ostr\u00f3da (Osterode) schon recht fr\u00fch nieder. Im Jahr 1707 wird nur ein Bewohner des mosaischen Glaubens erw\u00e4hnt, die n\u00e4chste Erw\u00e4hnung der Juden stammt aus dem Jahr 1716. Im Jahr 1735 gab es in Ostr\u00f3da (Osterode) bereits etwa zehn Juden, die einen ziemlich gro\u00dfen Wohlstand erreichten. Eine der bedeutendsten j\u00fcdischen Familien in Ostr\u00f3da (Osterode) war zweifellos die <strong>Familie Samulon<\/strong>. Deren Urahn war <strong>Samuel (Samulon) Abraham Ascher<\/strong>. Die Samulons, die mit Porzellan und Tuchmacherei handelten, machten im Laufe der Zeit ein betr\u00e4chtliches Verm\u00f6gen und genossen unter den H\u00e4ndlern ein hohes Ansehen. In Ostr\u00f3da (Osterode) war der Reichsbund j\u00fcdischer Frontsoldaten t\u00e4tig. Andere wichtigere Verb\u00e4nde waren: Verein f\u00fcr j\u00fcdische Geschichte und Literatur, zusammen mit der Hauptbibliothek und dem Deutsch-J\u00fcdischen Wanderverein &#8222;Kameraden&#8220; von Ostr\u00f3da (Osterode).<\/p>\n\n\n\n<p>Die j\u00fcdische Gemeinde in Ostr\u00f3da vergr\u00f6\u00dferte sich allm\u00e4hlich &#8211; 1735 lebten dort etwa zehn Personen, 1812 &#8211; 15, 1846 &#8211; 108 (3,8% der Bev\u00f6lkerung), 1858 &#8211; 160 (4,9%), 1880 &#8211; 222. 1900 &#8211; 242 stellten sie damals fast 10% der Sch\u00fcler der \u00f6rtlichen Realschule und 16% der Stadtr\u00e4te. Seit 1835 befand sich das Gebetshaus in der heutigen Stra\u00dfe Pu\u0142awskiego. Eine neue Synagoge im maurischen Stil wurde 1893 in der Gartenstra\u00dfe, der heutigen Stra\u00dfe Olszty\u0144ska, gebaut.<\/p>\n\n\n<div class=\"wp-block-image size-full wp-image-5479\">\n<figure class=\"aligncenter\"><img decoding=\"async\" width=\"780\" height=\"260\" src=\"https:\/\/jewsineastprussia.de\/wp-content\/uploads\/2020\/03\/Synagoge-Osterode.jpg\" alt=\"\" class=\"wp-image-5479\" srcset=\"https:\/\/jewsineastprussia.de\/wp-content\/uploads\/2020\/03\/Synagoge-Osterode.jpg 780w, https:\/\/jewsineastprussia.de\/wp-content\/uploads\/2020\/03\/Synagoge-Osterode-300x100.jpg 300w, https:\/\/jewsineastprussia.de\/wp-content\/uploads\/2020\/03\/Synagoge-Osterode-768x256.jpg 768w\" sizes=\"(max-width: 780px) 100vw, 780px\" \/><figcaption class=\"wp-element-caption\">Archivfotos der Synagoge in Ostr\u00f3da (Osterode) (Quelle: R. Kabus, Juden in Ostpreussen)<\/figcaption><\/figure>\n<\/div>\n\n\n<p>In den ersten beiden Jahrzehnten des 20. Jahrhunderts schien Ostr\u00f3da (Osterode) eine Oase der Toleranz zu sein, diese Situation \u00e4nderte sich in den 1930er Jahren grundlegend. Bereits 1930 wurde der j\u00fcdische Friedhof abgerissen und Versuche unternommen, die Synagoge in Brand zu setzen, und 1932 wurde in der Firma des Kaufmanns Lonky am Marktplatz eine Bombe gelegt. Im Jahr 1933, nachdem Hitler an die Macht gekommen war, lebten 123 Menschen j\u00fcdischer Herkunft in Ostr\u00f3da (Osterode). Die ersten Pogrome fanden bereits 1935 statt, und w\u00e4hrend der &#8222;Kristallnacht&#8220; am 9.\/10. November 1938 wurden die Synagoge, das Leichenhaus und der Friedhof dem Erdboden gleichgemacht. Im Jahr 1937 lebten in Ostr\u00f3da (Osterode) 75 Juden und laut der Volksz\u00e4hlung vom 17. Mai 1939 nur sieben Juden und siebzehn Personen aus gemischten Ehen.<\/p>\n\n\n<div class=\"wp-block-image wp-image-5481 size-medium\">\n<figure class=\"alignleft\"><img decoding=\"async\" width=\"300\" height=\"225\" src=\"https:\/\/jewsineastprussia.de\/wp-content\/uploads\/2020\/03\/ostroda1-300x225.jpg\" alt=\"Jewish cemetery Osterode\" class=\"wp-image-5481\" srcset=\"https:\/\/jewsineastprussia.de\/wp-content\/uploads\/2020\/03\/ostroda1-300x225.jpg 300w, https:\/\/jewsineastprussia.de\/wp-content\/uploads\/2020\/03\/ostroda1.jpg 550w\" sizes=\"(max-width: 300px) 100vw, 300px\" \/><figcaption class=\"wp-element-caption\">Die letzten Grabsteine auf dem j\u00fcdischen Friedhof in Ostr\u00f3da (Osterode)<\/figcaption><\/figure>\n<\/div>\n\n\n<p>Der j\u00fcdische Friedhof in Ostr\u00f3da wurde 1735 angelegt, aus diesem Jahr stammen die Informationen \u00fcber den Kauf von Liegenschaften f\u00fcr diese Nutzung. Er umfasste eine Fl\u00e4che von etwa 0,2 ha. Gleichzeitig wurde ein Gebetshaus er\u00f6ffnet. Der Osteroder Friedhof befindet sich in der heutigen Armii Ludowej Stra\u00dfe, auf dem sogenannten &#8222;Polnischen H\u00fcgel&#8220;, in der N\u00e4he des katholischen Friedhofs. Er existiert heute nicht mehr, es gab Zerst\u00f6rungen w\u00e4hrend der &#8222;Kristallnacht&#8220; und in den 1950er Jahren weitere Verw\u00fcstungen. Nur die Reste der Ziegelmauer und zwei Grabsteine, die zuf\u00e4llig in dem Bereich gefunden wurden, haben die St\u00fcrme der Geschichte \u00fcberstanden. Diese geh\u00f6ren <strong>Justine Samulon geb. Rautenberg<\/strong> und <strong>T. Samulon<\/strong>. Im Jahr 2002 wurde das Gel\u00e4nde des Friedhofs durch den Ostr\u00f3daer Kulturverein &#8222;Sasinia&#8220; ges\u00e4ubert.<\/p>\n\n\n\n<p>Text: Seweryn Szczepa\u0144ski &#8211; seweryn.szczepanski@op.pl<br>Foto: Ryszard Bogucki<\/p>\n\n\n\n<hr class=\"wp-block-separator has-css-opacity\"\/>\n\n\n\n<p>Auszug aus dem Brief von David Mannheim Chairman der &#8222;Union of Former Teachers, Cantors and Community Officials from Germany. Haifa-Kirjath Bialik IV, Palestine, vom 10. Apr. 1945, Er war 15 Jahre lang bis zu seiner Pension Okt 1935 als Kantor und Religionslehrer in Osterode fest angestellt.<\/p>\n\n\n\n<p>&#8222;F\u00fcr heute m\u00f6chte ich meinen Bericht \u00fcber die Sch\u00e4den in 0sterode \/ 0stpr. (nicht zu verwechseln mit Osterode am Harz) dahin erg\u00e4nzen, dass dort auch ein sch\u00f6n angelegter Friedhof vorhanden war, von einer grossen steinernen Mauer umgeben und mit einer imposanten Leichenhalle &#8211; massiv gebaut mit einer grossen Kuppel.<br>Die Halle und die Steinmauer wurden 1900 von einer aus Osterode nach Amerika ausgewanderten reichen Familie Krause mit einem Kostenaufwand von etwa 12000 Goldmark errichtet.&#8220;<\/p>\n\n\n\n<figure class=\"wp-block-image size-large\"><img loading=\"lazy\" decoding=\"async\" width=\"1024\" height=\"204\" src=\"https:\/\/jewsineastprussia.de\/wp-content\/uploads\/2022\/07\/Mannheim-David-Unterschrift-1024x204.jpg\" alt=\"Unterschrift David Mannheim\" class=\"wp-image-10123\" srcset=\"https:\/\/jewsineastprussia.de\/wp-content\/uploads\/2022\/07\/Mannheim-David-Unterschrift-1024x204.jpg 1024w, https:\/\/jewsineastprussia.de\/wp-content\/uploads\/2022\/07\/Mannheim-David-Unterschrift-300x60.jpg 300w, https:\/\/jewsineastprussia.de\/wp-content\/uploads\/2022\/07\/Mannheim-David-Unterschrift-768x153.jpg 768w, https:\/\/jewsineastprussia.de\/wp-content\/uploads\/2022\/07\/Mannheim-David-Unterschrift.jpg 1027w\" sizes=\"(max-width: 1024px) 100vw, 1024px\" \/><figcaption class=\"wp-element-caption\">Brief an die AMERICAN FEDERATION OF JEWS FROM CENTRAL EUROPE in New York<br>East Prussia, 1944-1945, Box: 1, Folder: 6. American Federation of Jews from Central Europe Collection, AR 4420. Leo Baeck Institute.<br><\/figcaption><\/figure>\n\n\n\n<hr class=\"wp-block-separator has-css-opacity\"\/>\n\n\n\n<p>Link zur <a href=\"https:\/\/www.ahnen-spuren.de\/ostpreussen\/friedhoefe\/kreis-osterode\/osterode-alter-evangelischer-friedhof\" target=\"_blank\" rel=\"noopener noreferrer\">deutschen Webseite f\u00fcr weitere Infos auf ahnen-suche.de &gt;&gt;<\/a><\/p>\n\n\n\n<p>Link zur original <a href=\"http:\/\/www.cmentarze-zydowskie.pl\/ostroda.htm\" target=\"_blank\" rel=\"noopener noreferrer\">Webseite cmentarze-zydowskie &gt;&gt;<\/a><\/p>\n\n\n\n<p>Bibliographie:<\/p>\n\n\n\n<ul class=\"wp-block-list\">\n<li>M\u00fcller, Zur Geschichte der Juden in Osterode Ostpr , &#8222;Oberl\u00e4ndische Geschichte Blatt&#8220;, 1903, Heft 5<\/li>\n\n\n\n<li>Kabus, Juden in Ostpreussen, Husum 1998<\/li>\n\n\n\n<li>B. Koz\u0142owski, Dawna Ostr\u00f3da. Obrazy z \u017cycia wschodniopruskiego miasteczka , D\u0105br\u00f3wno-Warszawa 2006<\/li>\n\n\n\n<li>Skrobot, Z dziej\u00f3w \u017byd\u00f3w ostr\u00f3dzkich , &#8222;Raptularz Ostr\u00f3dzki. Gazeta Zamkowa&#8220;, nr 2, stycze\u0144-luty 1998<\/li>\n\n\n\n<li>Deutsches St\u00e4dtebuch. Handbuch statistischer Geschichte, Bd. I: Nordostdeutschland, hrsg.: E. Keyser, Stuttgart-Berlin 1939<\/li>\n\n\n\n<li>Statistik des Deutschen Reichs, Bd. 552: Volks-, Berufs- und Betriebsz\u00e4hlung vom 17. Mai 1939, Heft 4: Die Juden und j\u00fcdischen Mischlinge im Deutschen Reich, Berlin 1944<\/li>\n<\/ul>\n\n\n<div class=\"wp-block-image\">\n<figure class=\"alignleft\"><img loading=\"lazy\" decoding=\"async\" width=\"223\" height=\"148\" src=\"https:\/\/jewsineastprussia.de\/wp-content\/uploads\/2020\/02\/Cmentarz-Zyd-logo.jpg\" alt=\"Logo\" class=\"wp-image-5172\"\/><\/figure>\n<\/div>\n\n\n<p>In Kooperation 2020 mit cmentarze-zydowskie.pl<br><\/p>\n\n\n\n<p><\/p>\n","protected":false},"excerpt":{"rendered":"<p>In Kooperation 2020 mit cmentarze-zydowskie.pl Die Juden lie\u00dfen sich in Ostr\u00f3da (Osterode) schon recht fr\u00fch nieder. Im Jahr 1707 wird nur ein Bewohner des mosaischen Glaubens erw\u00e4hnt, die n\u00e4chste Erw\u00e4hnung der Juden stammt aus dem Jahr 1716. Im Jahr 1735 gab es in Ostr\u00f3da (Osterode) bereits etwa zehn Juden, die einen ziemlich gro\u00dfen Wohlstand erreichten. [&hellip;]<\/p>\n","protected":false},"author":1,"featured_media":0,"parent":0,"menu_order":0,"comment_status":"closed","ping_status":"closed","template":"","meta":{"footnotes":""},"categories":[73],"class_list":["post-5484","page","type-page","status-publish","hentry","category-polen","entry"],"_links":{"self":[{"href":"https:\/\/jewsineastprussia.de\/de\/wp-json\/wp\/v2\/pages\/5484","targetHints":{"allow":["GET"]}}],"collection":[{"href":"https:\/\/jewsineastprussia.de\/de\/wp-json\/wp\/v2\/pages"}],"about":[{"href":"https:\/\/jewsineastprussia.de\/de\/wp-json\/wp\/v2\/types\/page"}],"author":[{"embeddable":true,"href":"https:\/\/jewsineastprussia.de\/de\/wp-json\/wp\/v2\/users\/1"}],"replies":[{"embeddable":true,"href":"https:\/\/jewsineastprussia.de\/de\/wp-json\/wp\/v2\/comments?post=5484"}],"version-history":[{"count":5,"href":"https:\/\/jewsineastprussia.de\/de\/wp-json\/wp\/v2\/pages\/5484\/revisions"}],"predecessor-version":[{"id":11121,"href":"https:\/\/jewsineastprussia.de\/de\/wp-json\/wp\/v2\/pages\/5484\/revisions\/11121"}],"wp:attachment":[{"href":"https:\/\/jewsineastprussia.de\/de\/wp-json\/wp\/v2\/media?parent=5484"}],"wp:term":[{"taxonomy":"category","embeddable":true,"href":"https:\/\/jewsineastprussia.de\/de\/wp-json\/wp\/v2\/categories?post=5484"}],"curies":[{"name":"wp","href":"https:\/\/api.w.org\/{rel}","templated":true}]}}