{"id":5553,"date":"2020-03-16T14:27:30","date_gmt":"2020-03-16T13:27:30","guid":{"rendered":"https:\/\/jewsineastprussia.de\/cemetery-susz-rosenberg\/"},"modified":"2020-07-12T00:25:17","modified_gmt":"2020-07-11T22:25:17","slug":"cemetery-susz-rosenberg","status":"publish","type":"page","link":"https:\/\/jewsineastprussia.de\/de\/cemetery-susz-rosenberg\/","title":{"rendered":"Friedhof Susz \u2013 Rosenberg"},"content":{"rendered":"\n<p>In Kooperation 2020 mit cmentarze-zydowskie.pl<\/p>\n\n\n\n<div class=\"wp-block-image wp-image-5545 size-full\"><figure class=\"aligncenter\"><img fetchpriority=\"high\" decoding=\"async\" width=\"932\" height=\"629\" src=\"https:\/\/jewsineastprussia.de\/wp-content\/uploads\/2020\/03\/Synagoga-Museum.jpg\" alt=\"Museum Synagoge Rosenberg\" class=\"wp-image-5545\" srcset=\"https:\/\/jewsineastprussia.de\/wp-content\/uploads\/2020\/03\/Synagoga-Museum.jpg 932w, https:\/\/jewsineastprussia.de\/wp-content\/uploads\/2020\/03\/Synagoga-Museum-300x202.jpg 300w, https:\/\/jewsineastprussia.de\/wp-content\/uploads\/2020\/03\/Synagoga-Museum-768x518.jpg 768w\" sizes=\"(max-width: 932px) 100vw, 932px\" \/><figcaption>Ein Regional-Museum f\u00fcr Susz (Rosenberg) wird in das erhaltene Geb\u00e4ude der Synagoge einziehen<\/figcaption><\/figure><\/div>\n\n\n\n<p><strong>Aus dem Jahr 1793 ist nur eine j\u00fcdische Familie bekannt, die in Susz (Rosenberg) lebte<\/strong>, 1799 zwei. Die Zahl der Juden in Susz (Rosenberg) stieg erst nach dem Emanzipationsedikt von 1812. Im Jahr 1817 lebten hier 81 Personen j\u00fcdischer Herkunft, in den Jahren 1855 &#8211; 153. 1861 lebten noch 181 Juden in Susz (Rosenberg), aber 1885 &#8211; nur noch 126, und ihre Zahl war immer noch r\u00fcckl\u00e4ufig, was eine Folge der wirtschaftlichen Abwanderung war. Im Jahr 1895 lebten 105 Personen j\u00fcdischer Nationalit\u00e4t in der Stadt, im Jahr 1900. &#8211; Es ist erw\u00e4hnenswert, dass 1932 die Zahl der in Susz (Rosenberg) lebenden Juden 50 &#8222;Seelen&#8220; betrug, w\u00e4hrend sie interessanterweise 1937 auf 72 anstieg.<\/p>\n\n\n\n<div class=\"wp-block-image wp-image-5549 size-full\"><figure class=\"aligncenter\"><img decoding=\"async\" width=\"550\" height=\"412\" src=\"https:\/\/jewsineastprussia.de\/wp-content\/uploads\/2020\/03\/susz2.jpg\" alt=\"Map Roseberg Jewish site\" class=\"wp-image-5549\" srcset=\"https:\/\/jewsineastprussia.de\/wp-content\/uploads\/2020\/03\/susz2.jpg 550w, https:\/\/jewsineastprussia.de\/wp-content\/uploads\/2020\/03\/susz2-300x225.jpg 300w\" sizes=\"(max-width: 550px) 100vw, 550px\" \/><figcaption>Lage des j\u00fcdischen Friedhofs in Susz (Rosenberg)<\/figcaption><\/figure><\/div>\n\n\n\n<p><strong>Pl\u00e4ne zur Einrichtung eines j\u00fcdischen Friedhofs in Susz (Rosenberg) wurden bereits 1803 aufgegriffen.<\/strong> Damals kaufte Josef Elias Hirsch f\u00fcr 6 Taler das Land an der Stra\u00dfe zu Micha\u0142\u00f3w, zwischen Ro\u017cno und den Tannenbruch-S\u00fcmpfen. Doch erst mit der \u00dcbergabe des Friedhofslandes an Hirschs Erben im Jahr 1853 begann die Nutzung des Friedhofs. Im gleichen Jahr 1853 wurde noch etwas mehr Land gekauft, um die Bestattungsfl\u00e4che zu vergr\u00f6\u00dfern. Letztendlich betrug die Fl\u00e4che etwa 0,1 &#8211; 0,15 ha.<\/p>\n\n\n\n<div class=\"wp-block-image wp-image-5547 size-medium\"><figure class=\"alignleft\"><img decoding=\"async\" width=\"225\" height=\"300\" src=\"https:\/\/jewsineastprussia.de\/wp-content\/uploads\/2020\/03\/susz1-225x300.jpg\" alt=\"Jewish Cemetery Rosenberg\" class=\"wp-image-5547\" srcset=\"https:\/\/jewsineastprussia.de\/wp-content\/uploads\/2020\/03\/susz1-225x300.jpg 225w, https:\/\/jewsineastprussia.de\/wp-content\/uploads\/2020\/03\/susz1.jpg 412w\" sizes=\"(max-width: 225px) 100vw, 225px\" \/><figcaption>Allee auf dem j\u00fcdischen Friedhof in Susz (Rosenberg)<\/figcaption><\/figure><\/div>\n\n\n\n<p><strong>Es ist schwierig eine Aussage zu treffen, ob er w\u00e4hrend der Kristallnacht verw\u00fcstet wurde.<\/strong> Die Strukturen der NSDAP in Susz (Rosenberg) waren ziemlich stark, aber wie einer der Vorkriegsbewohner der Stadt erw\u00e4hnte, waren die Beziehungen zwischen den einfachen B\u00fcrgern und der j\u00fcdischen Bev\u00f6lkerung gut. Die Synagoge in Susz (Rosenberg) wurde nicht niedergebrannt.<\/p>\n\n\n\n<p><strong>Leider gibt heute es fast keine Spur vom j\u00fcdischen Friedhof.<\/strong> Zurzeit gibt es in diesem Gebiet das Anwesen Osiedle Le\u015bne. Nur eine Allee und der Umriss der Einz\u00e4unung sind dort erhalten geblieben. Augenzeugen berichteten, dass viele Grabm\u00e4ler in den 1950er Jahren und danach von den Neuank\u00f6mmlingen vom Friedhof weggenommen wurden.<\/p>\n\n\n\n<p><strong>Es gab auch ein Bethaus in Susz (Rosenberg).<\/strong> Es existierte schon viel fr\u00fcher, vor 1821. Die Synagoge wurde hier erst 1868 auf zwei Grundst\u00fccken in der N\u00e4he der damaligen Schmalestra\u00dfe (heute W\u0105ska), Ecke der ehemaligen Kirchenstra\u00dfe, errichtet. Das Synagogengeb\u00e4ude ist bis heute in relativ gutem Zustand erhalten geblieben. Mitte der 1990er Jahre wurde es der j\u00fcdischen Gemeinde in Gda\u0144sk \u00fcbergeben und ist seither leider verfallen. Zuvor beherbergte es den Sitz der Suskie O\u015brodek Kultury.<\/p>\n\n\n\n<p>Text &amp; Bilder: Seweryn Szczepa\u0144ski und Bilder von Webseite Museum Susz (<span class=\"highlight\">Sebastian<\/span> Zieli\u0144ski)<\/p>\n\n\n\n<div class=\"wp-block-image\"><figure class=\"aligncenter\"><img loading=\"lazy\" decoding=\"async\" width=\"300\" height=\"71\" src=\"https:\/\/jewsineastprussia.de\/wp-content\/uploads\/2020\/03\/Synagogenstrasse-300x71.jpg\" alt=\"Rosenberg Synagoge\" class=\"wp-image-5555\" srcset=\"https:\/\/jewsineastprussia.de\/wp-content\/uploads\/2020\/03\/Synagogenstrasse-300x71.jpg 300w, https:\/\/jewsineastprussia.de\/wp-content\/uploads\/2020\/03\/Synagogenstrasse-768x182.jpg 768w, https:\/\/jewsineastprussia.de\/wp-content\/uploads\/2020\/03\/Synagogenstrasse.jpg 900w\" sizes=\"(max-width: 300px) 100vw, 300px\" \/><\/figure><\/div>\n\n\n\n<p><strong>Neuigkeiten<\/strong>: Das Regionalmuseum in dem Geb\u00e4ude der Synagoge von Susz (Rosenberg) wurde 2019 vom Geschichts- und Forschungsverein &#8222;Galea&#8220; gegr\u00fcndet. Die Satzung wurde im November 2019 genehmigt und im Dezember desselben Jahres wurde das Museum in die Liste der Museen des Kulturministeriums aufgenommen. Am 19. Januar 2020 wurde Sylwia Zieli\u0144ska durch den Beschluss der Mitgliederversammlung des Vereins &#8222;Galea&#8220; zur Direktorin des Regionalmuseums in Susz ernannt.<\/p>\n\n\n\n<ul class=\"wp-block-list\"><li>Deutsches St\u00e4dtebuch. Handbuch statistischer Geschichte, Bd. I: Nordostdeutschland, hrsg.: E. Keyser, Stuttgart-Berlin 1939.<\/li><li>F\u00fchrer durch die j\u00fcdische Gemeindeverwaltung und Wohlfahrtspflege in Deutschland, Zentralwohlfahrtsstelle der deutschen Juden, Berlin 1933.<\/li><li>K. J. Kaufmann, Geschichte der Stadt Rosenberg in Westpreu\u00dfen, Rosenberg in Wpr. 1937.<\/li><li>S. Szczepa\u0144ski, Spo\u0142ecze\u0144stwo Susza na przestrzeni dziej\u00f3w, [w:] Susz. Z dziej\u00f3w miasta i okolic, Olsztyn 2006.<\/li><\/ul>\n\n\n\n<p>Link zur Original Webseite J\u00fcdische Friedh\u00f6fe (polnisch)  <a rel=\"noopener noreferrer\" href=\"http:\/\/www.cmentarze-zydowskie.pl\/susz.htm\" target=\"_blank\"> cmentarze-zydowskie.pl &gt;&gt;<\/a><\/p>\n\n\n\n<p>Link zum Museumsverein (poln.) <a rel=\"noopener noreferrer\" href=\"http:\/\/muzeumsusz.pl\/\" target=\"_blank\">website of the emerging regional museum in Sush (Polish) &gt;&gt;<\/a><\/p>\n\n\n\n<p>Link zu Juden in Ostpreussen <a href=\"https:\/\/jewsineastprussia.de\/de\/synagogue-rosenberg-news\/\">Neues zur Synagoge Rosenberg &gt;&gt;<\/a><\/p>\n\n\n\n<p>Link zu Juden in Ostpreussen <a href=\"https:\/\/jewsineastprussia.de\/de\/synagogue-rosenberg-archive-berlin\/\">Synagoge Rosenberg, aus den Archiven >><\/a><\/p>\n\n\n\n<figure class=\"wp-block-image alignnone wp-image-5559 size-full\"><img loading=\"lazy\" decoding=\"async\" width=\"550\" height=\"413\" src=\"https:\/\/jewsineastprussia.de\/wp-content\/uploads\/2020\/03\/Renovierung-MAR20.jpg\" alt=\"Renovierung Synagoge Susz\" class=\"wp-image-5559\" srcset=\"https:\/\/jewsineastprussia.de\/wp-content\/uploads\/2020\/03\/Renovierung-MAR20.jpg 550w, https:\/\/jewsineastprussia.de\/wp-content\/uploads\/2020\/03\/Renovierung-MAR20-300x225.jpg 300w\" sizes=\"(max-width: 550px) 100vw, 550px\" \/><figcaption>Renovierungsarbeiten in der Synagoge im M\u00e4rz 2020<\/figcaption><\/figure>\n\n\n\n<div class=\"wp-block-image\"><figure class=\"alignleft\"><img loading=\"lazy\" decoding=\"async\" width=\"223\" height=\"148\" src=\"https:\/\/jewsineastprussia.de\/wp-content\/uploads\/2020\/02\/Cmentarz-Zyd-logo.jpg\" alt=\"Logo\" class=\"wp-image-5172\"\/><\/figure><\/div>\n\n\n\n<p>In Kooperation 2020 mit cmentarze-zydowskie.pl<br><\/p>\n","protected":false},"excerpt":{"rendered":"<p>In Kooperation 2020 mit cmentarze-zydowskie.pl Aus dem Jahr 1793 ist nur eine j\u00fcdische Familie bekannt, die in Susz (Rosenberg) lebte, 1799 zwei. Die Zahl der Juden in Susz (Rosenberg) stieg erst nach dem Emanzipationsedikt von 1812. Im Jahr 1817 lebten hier 81 Personen j\u00fcdischer Herkunft, in den Jahren 1855 &#8211; 153. 1861 lebten noch 181 [&hellip;]<\/p>\n","protected":false},"author":1,"featured_media":0,"parent":0,"menu_order":0,"comment_status":"closed","ping_status":"closed","template":"","meta":{"footnotes":""},"categories":[73,149],"class_list":["post-5553","page","type-page","status-publish","hentry","category-polen","category-westpreussen","entry"],"_links":{"self":[{"href":"https:\/\/jewsineastprussia.de\/de\/wp-json\/wp\/v2\/pages\/5553","targetHints":{"allow":["GET"]}}],"collection":[{"href":"https:\/\/jewsineastprussia.de\/de\/wp-json\/wp\/v2\/pages"}],"about":[{"href":"https:\/\/jewsineastprussia.de\/de\/wp-json\/wp\/v2\/types\/page"}],"author":[{"embeddable":true,"href":"https:\/\/jewsineastprussia.de\/de\/wp-json\/wp\/v2\/users\/1"}],"replies":[{"embeddable":true,"href":"https:\/\/jewsineastprussia.de\/de\/wp-json\/wp\/v2\/comments?post=5553"}],"version-history":[{"count":8,"href":"https:\/\/jewsineastprussia.de\/de\/wp-json\/wp\/v2\/pages\/5553\/revisions"}],"predecessor-version":[{"id":7853,"href":"https:\/\/jewsineastprussia.de\/de\/wp-json\/wp\/v2\/pages\/5553\/revisions\/7853"}],"wp:attachment":[{"href":"https:\/\/jewsineastprussia.de\/de\/wp-json\/wp\/v2\/media?parent=5553"}],"wp:term":[{"taxonomy":"category","embeddable":true,"href":"https:\/\/jewsineastprussia.de\/de\/wp-json\/wp\/v2\/categories?post=5553"}],"curies":[{"name":"wp","href":"https:\/\/api.w.org\/{rel}","templated":true}]}}