{"id":5594,"date":"2020-03-17T01:10:20","date_gmt":"2020-03-17T00:10:20","guid":{"rendered":"https:\/\/jewsineastprussia.de\/cemetery-ryn-rhein\/"},"modified":"2020-03-17T01:21:23","modified_gmt":"2020-03-17T00:21:23","slug":"cemetery-ryn-rhein","status":"publish","type":"page","link":"https:\/\/jewsineastprussia.de\/de\/cemetery-ryn-rhein\/","title":{"rendered":"Friedhof Ryn \u2013 Rhein"},"content":{"rendered":"<p>In Kooperation 2020 mit cmentarze-zydowskie.pl<\/p>\n<figure id=\"attachment_5587\" aria-describedby=\"caption-attachment-5587\" style=\"width: 920px\" class=\"wp-caption aligncenter\"><img fetchpriority=\"high\" decoding=\"async\" class=\"wp-image-5587 size-full\" src=\"https:\/\/jewsineastprussia.de\/wp-content\/uploads\/2020\/03\/Ryn-Wikimedia-Commons.jpg\" alt=\"Rhein J\u00fcdisch Friedhof\" width=\"920\" height=\"376\" srcset=\"https:\/\/jewsineastprussia.de\/wp-content\/uploads\/2020\/03\/Ryn-Wikimedia-Commons.jpg 920w, https:\/\/jewsineastprussia.de\/wp-content\/uploads\/2020\/03\/Ryn-Wikimedia-Commons-300x123.jpg 300w, https:\/\/jewsineastprussia.de\/wp-content\/uploads\/2020\/03\/Ryn-Wikimedia-Commons-768x314.jpg 768w\" sizes=\"(max-width: 920px) 100vw, 920px\" \/><figcaption id=\"caption-attachment-5587\" class=\"wp-caption-text\">Wikimedia Commons Pic. Rimantas Lazdynas CC BY-SA 3.0<\/figcaption><\/figure>\n<p>Der j\u00fcdische Friedhof in Ryn (Rhein) liegt auf einem H\u00fcgel \u00fcber dem Rynskie-See, an der Ratuszowa-Stra\u00dfe 38 (ehemalige Nikolaikenstra\u00dfe). Die Nekropole wurde wahrscheinlich in der zweiten H\u00e4lfte des 19. Jahrhunderts errichtet, als die \u00f6rtliche j\u00fcdische Gemeinde gegr\u00fcndet wurde.<\/p>\n<p>\u00dcber die Geschichte dieses Ortes ist bis 1945 wenig bekannt. In den Jahren der Volksrepublik Polen befand sich die Friedhofsfl\u00e4che auf dem Gel\u00e4nde der Suwa\u0142ki Waldproduktionsfirma &#8222;Las&#8220;. Auf dem Friedhof wurde eine Latrine f\u00fcr die Angestellten des Werks gebaut. In den siebziger Jahren stellte Przedsi\u0119biorstwo &#8222;Las&#8220; einen Antrag an das B\u00fcro der Denomination um die Erlaubnis, den Friedhof zu liquidieren. Die Beh\u00f6rden gaben diesem Antrag nicht statt und ordneten gleichzeitig an, das Gebiet zu umz\u00e4unen und eine fotografische Dokumentation anzufertigen.<\/p>\n<p>Mitte der neunziger Jahre kaufte Jadwiga C., die Ehefrau von Leon \u017b., dem Besitzer eines der G\u00e4steh\u00e4user in Ryn, nach dem Zusammenbruch der Fabrik &#8222;Las&#8220; ein mehrere Hektar gro\u00dfes Grundst\u00fcck. Das Land sollte f\u00fcr Freizeit- und Touristenzwecke genutzt werden. Im April 1995 beantragte der neue Eigent\u00fcmer beim Stadtrat in Ryn die Genehmigung zur Liquidierung des Friedhofs. Dieser Antrag wurde jedoch abgelehnt.<\/p>\n<p>Im Mai 1995 interessierte sich Konrad Zbro\u017cek, Herausgeber der &#8222;Gazeta Warmii i Mazur&#8220;, f\u00fcr die Angelegenheit. W\u00e4hrend seines Besuchs in Ryn besuchte er den Friedhof, auf dem sich etwa 10 Grabsteine mit Inschriften in deutscher und hebr\u00e4ischer Sprache befanden, die u.a. an Mitglieder der Familien Goldstein und Podbielski erinnerten. Zu dieser Zeit machte Konrad Zbro\u017cek einige Fotos. Eine der Fotografien &#8211; sie zeigt den gut erhaltenen Matzeva Miriam der Tochter Moshe &#8211; wurde als Illustration f\u00fcr den Artikel &#8222;Gesch\u00e4fte mit Ahnengeistern&#8220; ver\u00f6ffentlicht. (Gazeta Warmii i Mazur, Nr. 118 vom 23.05.1995).<\/p>\n<p style=\"text-align: center;\"><img decoding=\"async\" class=\"aligncenter size-full wp-image-5589\" src=\"https:\/\/jewsineastprussia.de\/wp-content\/uploads\/2020\/03\/ryn002.jpg\" alt=\"Tomb stone Rhein\" width=\"600\" height=\"404\" srcset=\"https:\/\/jewsineastprussia.de\/wp-content\/uploads\/2020\/03\/ryn002.jpg 600w, https:\/\/jewsineastprussia.de\/wp-content\/uploads\/2020\/03\/ryn002-300x202.jpg 300w\" sizes=\"(max-width: 600px) 100vw, 600px\" \/>Der j\u00fcdische Friedhof in Ryn (Rhein) im Fr\u00fchjahr 1995.<br \/>\n(Foto: Konrad Zbro\u017cek, Gazeta Warmii i Mazur, no. 118 of 23.05.1995)<\/p>\n<p>Im Herbst 1995 verkaufte Jadwiga C. das Grundst\u00fcck an Piotr J., den Besitzer eines bekannten Fensterherstellers. Wenige Tage nach der katholischen Welt der Toten begannen die Piotr J. unterstellten Arbeiter, die letzten Spuren des j\u00fcdischen Friedhofs zu verwischen. Die Grabsteine wurden auf eine M\u00fclldeponie gebracht, in der Grube vergraben und mit einer M\u00fcllschicht bedeckt. Die Angelegenheit konnte jedoch nicht geheim gehalten werden. Die Stadtverwaltung und die Staatsanwaltschaft griffen ein, die Medien interessierten sich f\u00fcr die Verw\u00fcstungen, unter anderem die Gazeta Warmii i Mazur und der Kurier Poranny.<\/p>\n<p>Am 7. November 1995 erkl\u00e4rten die Beamten der Stadt in Begleitung eines Polizisten, dass 7 Matzevot entfernt, 5 Gr\u00e4ber ohne Grabsteine ausgehoben und der Friedhofszaun zerst\u00f6rt worden seien. Einige der auf der M\u00fclldeponie gefundenen Grabsteine wurden in den Lagerh\u00e4usern des Rathauses gesichert. Das von der Staatsanwaltschaft eingeleitete Verfahren im Falle der Zerst\u00f6rung der historischen Grabst\u00e4tte wurde nach einigen Monaten eingestellt.<\/p>\n<p>Der Friedhof befindet sich innerhalb des Unternehmens Jocz in der Ratuszowa-Stra\u00dfe 38. Der Zugang zum Friedhof ist unm\u00f6glich. Nach den von den Mitarbeitern des Unternehmens erhaltenen Informationen ist es auch verboten, Fotos von der verw\u00fcsteten Nekropole zu machen.<\/p>\n<p>Text: K. Bielawski<br \/>\nein Bild: Ewa Grossm<\/p>\n<p><img decoding=\"async\" class=\"size-full wp-image-5591 alignnone\" src=\"https:\/\/jewsineastprussia.de\/wp-content\/uploads\/2020\/03\/Grossm-Ewa-Ausschnitt.jpg\" alt=\"Trees in Rhein Ryn Cemetery\" width=\"550\" height=\"168\" srcset=\"https:\/\/jewsineastprussia.de\/wp-content\/uploads\/2020\/03\/Grossm-Ewa-Ausschnitt.jpg 550w, https:\/\/jewsineastprussia.de\/wp-content\/uploads\/2020\/03\/Grossm-Ewa-Ausschnitt-300x92.jpg 300w\" sizes=\"(max-width: 550px) 100vw, 550px\" \/><\/p>\n<p><span style=\"color: #ff6600;\">Wir suchen jede Information \u00fcber die Juden aus Ryn (Rhein) und ihre Gr\u00e4bst\u00e4tten. Wir suchen auch Berichte von Menschen, die sich an diesen Friedhof aus der Zeit vor dem Zweiten Weltkrieg erinnern.<\/span><\/p>\n<p>In Kooperation 2020 mit cmentarze-zydowskie.pl<br \/>\n<img loading=\"lazy\" decoding=\"async\" class=\"alignleft size-full wp-image-5172\" src=\"https:\/\/jewsineastprussia.de\/wp-content\/uploads\/2020\/02\/Cmentarz-Zyd-logo.jpg\" alt=\"Logo\" width=\"223\" height=\"148\" \/><\/p>\n","protected":false},"excerpt":{"rendered":"<p>In Kooperation 2020 mit cmentarze-zydowskie.pl Der j\u00fcdische Friedhof in Ryn (Rhein) liegt auf einem H\u00fcgel \u00fcber dem Rynskie-See, an der Ratuszowa-Stra\u00dfe 38 (ehemalige Nikolaikenstra\u00dfe). Die Nekropole wurde wahrscheinlich in der zweiten H\u00e4lfte des 19. Jahrhunderts errichtet, als die \u00f6rtliche j\u00fcdische Gemeinde gegr\u00fcndet wurde. \u00dcber die Geschichte dieses Ortes ist bis 1945 wenig bekannt. In den [&hellip;]<\/p>\n","protected":false},"author":1,"featured_media":0,"parent":0,"menu_order":0,"comment_status":"closed","ping_status":"closed","template":"","meta":{"footnotes":""},"categories":[73],"class_list":["post-5594","page","type-page","status-publish","hentry","category-polen","entry"],"_links":{"self":[{"href":"https:\/\/jewsineastprussia.de\/de\/wp-json\/wp\/v2\/pages\/5594","targetHints":{"allow":["GET"]}}],"collection":[{"href":"https:\/\/jewsineastprussia.de\/de\/wp-json\/wp\/v2\/pages"}],"about":[{"href":"https:\/\/jewsineastprussia.de\/de\/wp-json\/wp\/v2\/types\/page"}],"author":[{"embeddable":true,"href":"https:\/\/jewsineastprussia.de\/de\/wp-json\/wp\/v2\/users\/1"}],"replies":[{"embeddable":true,"href":"https:\/\/jewsineastprussia.de\/de\/wp-json\/wp\/v2\/comments?post=5594"}],"version-history":[{"count":3,"href":"https:\/\/jewsineastprussia.de\/de\/wp-json\/wp\/v2\/pages\/5594\/revisions"}],"predecessor-version":[{"id":5597,"href":"https:\/\/jewsineastprussia.de\/de\/wp-json\/wp\/v2\/pages\/5594\/revisions\/5597"}],"wp:attachment":[{"href":"https:\/\/jewsineastprussia.de\/de\/wp-json\/wp\/v2\/media?parent=5594"}],"wp:term":[{"taxonomy":"category","embeddable":true,"href":"https:\/\/jewsineastprussia.de\/de\/wp-json\/wp\/v2\/categories?post=5594"}],"curies":[{"name":"wp","href":"https:\/\/api.w.org\/{rel}","templated":true}]}}