{"id":5613,"date":"2020-03-17T14:04:48","date_gmt":"2020-03-17T13:04:48","guid":{"rendered":"https:\/\/jewsineastprussia.de\/cemetery-janowo-iwanken\/"},"modified":"2020-03-17T14:07:36","modified_gmt":"2020-03-17T13:07:36","slug":"cemetery-janowo-iwanken","status":"publish","type":"page","link":"https:\/\/jewsineastprussia.de\/de\/cemetery-janowo-iwanken\/","title":{"rendered":"Friedhof Janowo &#8211; Iwanken"},"content":{"rendered":"<p>In Kooperation 2020 mit cmentarze-zydowskie.pl<br \/>\n<img fetchpriority=\"high\" decoding=\"async\" class=\"aligncenter wp-image-5604 size-full\" src=\"https:\/\/jewsineastprussia.de\/wp-content\/uploads\/2020\/03\/janowo_nidz001.jpg\" alt=\"Iwanken Jews Juden Cemetery\" width=\"550\" height=\"368\" srcset=\"https:\/\/jewsineastprussia.de\/wp-content\/uploads\/2020\/03\/janowo_nidz001.jpg 550w, https:\/\/jewsineastprussia.de\/wp-content\/uploads\/2020\/03\/janowo_nidz001-300x201.jpg 300w\" sizes=\"(max-width: 550px) 100vw, 550px\" \/><\/p>\n<p>Hier sind einige Fotos, die auf dem j\u00fcdischen Friedhof in Jan\u00f3w aufgenommen wurden. Bald werden wir versuchen, mehr Informationen \u00fcber diese Nekropole zu ver\u00f6ffentlichen.<\/p>\n<p><img decoding=\"async\" class=\"wp-image-5608 size-full alignnone\" src=\"https:\/\/jewsineastprussia.de\/wp-content\/uploads\/2020\/03\/janowo_nidz003.jpg\" alt=\"Friedhof Janowo Iwanken\" width=\"550\" height=\"368\" srcset=\"https:\/\/jewsineastprussia.de\/wp-content\/uploads\/2020\/03\/janowo_nidz003.jpg 550w, https:\/\/jewsineastprussia.de\/wp-content\/uploads\/2020\/03\/janowo_nidz003-300x201.jpg 300w\" sizes=\"(max-width: 550px) 100vw, 550px\" \/><\/p>\n<p><img decoding=\"async\" class=\"alignnone wp-image-5606 size-full\" src=\"https:\/\/jewsineastprussia.de\/wp-content\/uploads\/2020\/03\/janowo_nidz002.jpg\" alt=\"Iwanen Janowo Tomb Stone\" width=\"550\" height=\"368\" srcset=\"https:\/\/jewsineastprussia.de\/wp-content\/uploads\/2020\/03\/janowo_nidz002.jpg 550w, https:\/\/jewsineastprussia.de\/wp-content\/uploads\/2020\/03\/janowo_nidz002-300x201.jpg 300w\" sizes=\"(max-width: 550px) 100vw, 550px\" \/><\/p>\n<p><img loading=\"lazy\" decoding=\"async\" class=\"alignnone wp-image-5610 size-full\" src=\"https:\/\/jewsineastprussia.de\/wp-content\/uploads\/2020\/03\/janowo_nidz004.jpg\" alt=\"Janowo Tomb Stone\" width=\"368\" height=\"550\" srcset=\"https:\/\/jewsineastprussia.de\/wp-content\/uploads\/2020\/03\/janowo_nidz004.jpg 368w, https:\/\/jewsineastprussia.de\/wp-content\/uploads\/2020\/03\/janowo_nidz004-201x300.jpg 201w\" sizes=\"(max-width: 368px) 100vw, 368px\" \/><\/p>\n<p>Fotos: Zbigniew Nizi\u0144ski<\/p>\n<p><span style=\"color: #ff6600;\">Wir suchen jede Information \u00fcber die Juden aus Jan\u00f3w und ihre Nekropole. Wir hoffen auch auf die Berichte von Menschen, die sich an diesen Friedhof aus der Zeit vor dem Zweiten Weltkrieg erinnern.<\/span><\/p>\n<p>In Kooperation 2020 mit cmentarze-zydowskie.pl<br \/>\n<img loading=\"lazy\" decoding=\"async\" class=\"alignleft size-full wp-image-5172\" src=\"https:\/\/jewsineastprussia.de\/wp-content\/uploads\/2020\/02\/Cmentarz-Zyd-logo.jpg\" alt=\"Logo\" width=\"223\" height=\"148\" \/><\/p>\n","protected":false},"excerpt":{"rendered":"<p>In Kooperation 2020 mit cmentarze-zydowskie.pl Hier sind einige Fotos, die auf dem j\u00fcdischen Friedhof in Jan\u00f3w aufgenommen wurden. Bald werden wir versuchen, mehr Informationen \u00fcber diese Nekropole zu ver\u00f6ffentlichen. Fotos: Zbigniew Nizi\u0144ski Wir suchen jede Information \u00fcber die Juden aus Jan\u00f3w und ihre Nekropole. Wir hoffen auch auf die Berichte von Menschen, die sich an [&hellip;]<\/p>\n","protected":false},"author":1,"featured_media":0,"parent":0,"menu_order":0,"comment_status":"closed","ping_status":"closed","template":"","meta":{"footnotes":""},"categories":[73],"class_list":["post-5613","page","type-page","status-publish","hentry","category-polen","entry"],"_links":{"self":[{"href":"https:\/\/jewsineastprussia.de\/de\/wp-json\/wp\/v2\/pages\/5613","targetHints":{"allow":["GET"]}}],"collection":[{"href":"https:\/\/jewsineastprussia.de\/de\/wp-json\/wp\/v2\/pages"}],"about":[{"href":"https:\/\/jewsineastprussia.de\/de\/wp-json\/wp\/v2\/types\/page"}],"author":[{"embeddable":true,"href":"https:\/\/jewsineastprussia.de\/de\/wp-json\/wp\/v2\/users\/1"}],"replies":[{"embeddable":true,"href":"https:\/\/jewsineastprussia.de\/de\/wp-json\/wp\/v2\/comments?post=5613"}],"version-history":[{"count":2,"href":"https:\/\/jewsineastprussia.de\/de\/wp-json\/wp\/v2\/pages\/5613\/revisions"}],"predecessor-version":[{"id":5615,"href":"https:\/\/jewsineastprussia.de\/de\/wp-json\/wp\/v2\/pages\/5613\/revisions\/5615"}],"wp:attachment":[{"href":"https:\/\/jewsineastprussia.de\/de\/wp-json\/wp\/v2\/media?parent=5613"}],"wp:term":[{"taxonomy":"category","embeddable":true,"href":"https:\/\/jewsineastprussia.de\/de\/wp-json\/wp\/v2\/categories?post=5613"}],"curies":[{"name":"wp","href":"https:\/\/api.w.org\/{rel}","templated":true}]}}