{"id":5666,"date":"2020-03-22T21:39:05","date_gmt":"2020-03-22T20:39:05","guid":{"rendered":"https:\/\/jewsineastprussia.de\/cemetery-lidzbark-warminski-heilsberg\/"},"modified":"2020-03-22T23:08:25","modified_gmt":"2020-03-22T22:08:25","slug":"cemetery-lidzbark-warminski-heilsberg","status":"publish","type":"page","link":"https:\/\/jewsineastprussia.de\/de\/cemetery-lidzbark-warminski-heilsberg\/","title":{"rendered":"Friedhof Lidzbark Warmi\u0144ski \u2013 Heilsberg"},"content":{"rendered":"<p>Serie Kooperation mit polnischen Webseiten zu j\u00fcdischen Friedh\u00f6fen<\/p>\n<figure id=\"attachment_5653\" aria-describedby=\"caption-attachment-5653\" style=\"width: 1024px\" class=\"wp-caption aligncenter\"><img fetchpriority=\"high\" decoding=\"async\" class=\"wp-image-5653 size-full\" src=\"https:\/\/jewsineastprussia.de\/wp-content\/uploads\/2020\/03\/Burg-Heilsberg.jpg\" alt=\"Castle Heilsberg\" width=\"1024\" height=\"691\" srcset=\"https:\/\/jewsineastprussia.de\/wp-content\/uploads\/2020\/03\/Burg-Heilsberg.jpg 1024w, https:\/\/jewsineastprussia.de\/wp-content\/uploads\/2020\/03\/Burg-Heilsberg-300x202.jpg 300w, https:\/\/jewsineastprussia.de\/wp-content\/uploads\/2020\/03\/Burg-Heilsberg-768x518.jpg 768w\" sizes=\"(max-width: 1024px) 100vw, 1024px\" \/><figcaption id=\"caption-attachment-5653\" class=\"wp-caption-text\">Die Burg von Lidzbark Warmi\u0144ski (Heilsberg)<\/figcaption><\/figure>\n<figure id=\"attachment_5655\" aria-describedby=\"caption-attachment-5655\" style=\"width: 300px\" class=\"wp-caption alignright\"><img decoding=\"async\" class=\"wp-image-5655 size-medium\" src=\"https:\/\/jewsineastprussia.de\/wp-content\/uploads\/2020\/03\/Judendarstellung-300x137.jpg\" alt=\"Fresco with the image of Jews in the castle\" width=\"300\" height=\"137\" srcset=\"https:\/\/jewsineastprussia.de\/wp-content\/uploads\/2020\/03\/Judendarstellung-300x137.jpg 300w, https:\/\/jewsineastprussia.de\/wp-content\/uploads\/2020\/03\/Judendarstellung-768x351.jpg 768w, https:\/\/jewsineastprussia.de\/wp-content\/uploads\/2020\/03\/Judendarstellung.jpg 800w\" sizes=\"(max-width: 300px) 100vw, 300px\" \/><figcaption id=\"caption-attachment-5655\" class=\"wp-caption-text\">Fresko mit der Darstellung von Juden in der Burg<\/figcaption><\/figure>\n<p>Im 19. Jahrhundert wuchs die j\u00fcdische Gemeinde von Heilsberg (Lidzbark Warmi\u0144ski) bis zu 164 Personen im Jahr 1871, seitdem begann ihre Zahl zu sinken &#8211; 1905 auf 88 Personen. Seit Mitte des 19. Jahrhunderts gab es im Bereich des alten Stadtzentrums, an der damaligen Fleischerstra\u00dfe 10 (heute ul. Kajki), eine mehrst\u00f6ckige Synagoge. In der Pogromnacht 1938 wurde nach einem Mord an dem Ehepaar Selig die Synagoge in Brand gesteckt (mit den zur\u00fcckgelassenen Angeschossen). Sp\u00e4ter wurde der obere Teil des Synagogengeb\u00e4udes abgerissen, und der endg\u00fcltige Abriss erfolgte in den 1960er Jahren. Derzeit gibt es hier ein leeres, nicht markiertes Grundst\u00fcck. W\u00e4hrend der &#8222;Kristallnacht&#8220; wurden viele j\u00fcdische H\u00e4user und Gesch\u00e4fte in der Stadt angegriffen. Es ist m\u00f6glich, dass auch die Friedh\u00f6fe der Gemeinde gesch\u00e4ndet wurden.<\/p>\n<figure id=\"attachment_5663\" aria-describedby=\"caption-attachment-5663\" style=\"width: 300px\" class=\"wp-caption alignleft\"><img decoding=\"async\" class=\"wp-image-5663 size-medium\" src=\"https:\/\/jewsineastprussia.de\/wp-content\/uploads\/2020\/03\/Heilsberg-Geschaeftshaus-2-300x219.jpg\" alt=\"Old shops of Heilsberg\" width=\"300\" height=\"219\" srcset=\"https:\/\/jewsineastprussia.de\/wp-content\/uploads\/2020\/03\/Heilsberg-Geschaeftshaus-2-300x219.jpg 300w, https:\/\/jewsineastprussia.de\/wp-content\/uploads\/2020\/03\/Heilsberg-Geschaeftshaus-2-768x560.jpg 768w, https:\/\/jewsineastprussia.de\/wp-content\/uploads\/2020\/03\/Heilsberg-Geschaeftshaus-2.jpg 920w\" sizes=\"(max-width: 300px) 100vw, 300px\" \/><figcaption id=\"caption-attachment-5663\" class=\"wp-caption-text\">Umgebung der fr\u00fcheren Synagogue in Heilsberg<\/figcaption><\/figure>\n<p>Der erste \u201eAlte\u201c Friedhof wurde bereits in den ersten Jahren des 19. Jahrhunderts angelegt. Er lag in den s\u00fcdlichen Vororten, an der Stra\u00dfe zum Szubieniczna-Tor (Galgentor), in der Verl\u00e4ngerung der heutigen Le\u015bna Stra\u00dfe. H\u00f6chstwahrscheinlich wurde der Friedhof ab Mitte des 19. Jahrhunderts nicht mehr genutzt, als eine neue Nekropole er\u00f6ffnet wurde. Der neue Friedhof begann etwa Mitte des 19. Jahrhunderts seine Funktion. Er wurde am Hang eines mit Kiefernwald bewachsenen H\u00fcgels an der damaligen Gebirgestra\u00dfe (heute ul. Grunwaldzka) die zum Strzelce-Gebirge (Schiess-Berge) f\u00fchrte, errichtet und von einer Mauer mit einem eisernen, verschlie\u00dfbaren Tor umgeben. In der N\u00e4he befanden sich eine Aufbahrungshalle und ein Schuppen mit einem Leichenwagen. Derzeit sind auf beiden Friedh\u00f6fen keine Spuren von Grabsteinen erhalten geblieben.<\/p>\n<p><strong>Curt Rosenberg<\/strong> schrieb das Buch <strong>\u201eBilder aus einem Leben, Erinnerungen eines ostpreu\u00dfischen Juden\u201c<\/strong> In dem Buch beschreibt er den Ort seiner Kindheit.<br \/>\n<img loading=\"lazy\" decoding=\"async\" class=\"alignleft size-medium wp-image-5659\" src=\"https:\/\/jewsineastprussia.de\/wp-content\/uploads\/2020\/03\/Cover-Rosenberg-Curt-219x300.jpg\" alt=\"Buchtitel Curt Rosenberg\" width=\"219\" height=\"300\" srcset=\"https:\/\/jewsineastprussia.de\/wp-content\/uploads\/2020\/03\/Cover-Rosenberg-Curt-219x300.jpg 219w, https:\/\/jewsineastprussia.de\/wp-content\/uploads\/2020\/03\/Cover-Rosenberg-Curt.jpg 640w\" sizes=\"(max-width: 219px) 100vw, 219px\" \/>Diese Szene vom Friedhof handelt in der Zeit vor dem Ersten Weltkrieg. Sp\u00e4ter war er Rechtsanwalt in Hamburg und emigrierte in die USA. Hier ein Zitat (Seite 120):<\/p>\n<p><em>\u201eFast w\u00e4hrend des ganzen Jahres kamen Menschen, deren Angeh\u00f6rige auf dem j\u00fcdischen Friedhof unserer Stadt lagen, zum Besuch der Gr\u00e4ber. Mitten in einem herrlichen Wald, umgeben von duftenden Tannen, lag die Begr\u00e4bnisst\u00e4tte. Die Gr\u00e4ber waren gleichsam von Blumen eingebettet; der Gottesacker war von einer Mauer mit einem verschlossenen Tor umgeben. Der Schl\u00fcssel zu diesem Eingang musste von meinem Vater geholt werden. Dabei war es nun meine Aufgabe, der ich mich gern unterzog, da zuweilen Besucher aus fernen Gegenden, ja selbst aus dem Ausland kamen und manch Interessantes zu berichten wu\u00dften. So kam eines Tages ein Herr Adler aus der Reichshauptstadt, um die Gr\u00e4ber seiner Eltern zu besuchen. \u2026\u2026\u2026\u201c<\/em><\/p>\n<p>&nbsp;<\/p>\n<p>Quellen f\u00fcr diesen Artikel:<\/p>\n<ul>\n<li>Beschreibung der j\u00fcdischen Gebetsh\u00e4user und Friedh\u00f6fe innerhalb der Grenzen der heutigen Verwaltungsregion Ermland-Masuren (in polnischer Sprache). Seweryn Szczepa\u0144ski, Rocznik Ziem Zachodnich <a href=\"https:\/\/doi.org\/10.26774\/rzz.165\" target=\"_blank\" rel=\"noopener noreferrer\">01\/2017 (Yearbook of the Western Lands) &gt;&gt;<\/a><\/li>\n<li>\u00dcber den Friedhof auf der <a href=\"http:\/\/sztetl.org.pl\/en\/towns\/l\/1012-lidzbark-warminski\/114-cemeteries\" target=\"_blank\" rel=\"noopener noreferrer\">Webseite Wirtualny Sztetl Polin Museum &gt;&gt;<\/a><\/li>\n<li>Curt Rosenberg \u201eBilder aus einem Leben, Erinnerungen eines ostpreu\u00dfischen Juden\u201c, W\u00fcrzburg 1962<\/li>\n<\/ul>\n<p>&nbsp;<\/p>\n<p>Serie Kooperation mit polnischen Webseiten zu j\u00fcdischen Friedh\u00f6fen<br \/>\n<img loading=\"lazy\" decoding=\"async\" class=\"alignleft size-full wp-image-5172\" src=\"https:\/\/jewsineastprussia.de\/wp-content\/uploads\/2020\/02\/Cmentarz-Zyd-logo.jpg\" alt=\"Logo\" width=\"223\" height=\"148\" \/><\/p>\n","protected":false},"excerpt":{"rendered":"<p>Serie Kooperation mit polnischen Webseiten zu j\u00fcdischen Friedh\u00f6fen Im 19. Jahrhundert wuchs die j\u00fcdische Gemeinde von Heilsberg (Lidzbark Warmi\u0144ski) bis zu 164 Personen im Jahr 1871, seitdem begann ihre Zahl zu sinken &#8211; 1905 auf 88 Personen. Seit Mitte des 19. Jahrhunderts gab es im Bereich des alten Stadtzentrums, an der damaligen Fleischerstra\u00dfe 10 (heute [&hellip;]<\/p>\n","protected":false},"author":1,"featured_media":0,"parent":0,"menu_order":0,"comment_status":"closed","ping_status":"closed","template":"","meta":{"footnotes":""},"categories":[73],"class_list":["post-5666","page","type-page","status-publish","hentry","category-polen","entry"],"_links":{"self":[{"href":"https:\/\/jewsineastprussia.de\/de\/wp-json\/wp\/v2\/pages\/5666","targetHints":{"allow":["GET"]}}],"collection":[{"href":"https:\/\/jewsineastprussia.de\/de\/wp-json\/wp\/v2\/pages"}],"about":[{"href":"https:\/\/jewsineastprussia.de\/de\/wp-json\/wp\/v2\/types\/page"}],"author":[{"embeddable":true,"href":"https:\/\/jewsineastprussia.de\/de\/wp-json\/wp\/v2\/users\/1"}],"replies":[{"embeddable":true,"href":"https:\/\/jewsineastprussia.de\/de\/wp-json\/wp\/v2\/comments?post=5666"}],"version-history":[{"count":4,"href":"https:\/\/jewsineastprussia.de\/de\/wp-json\/wp\/v2\/pages\/5666\/revisions"}],"predecessor-version":[{"id":5674,"href":"https:\/\/jewsineastprussia.de\/de\/wp-json\/wp\/v2\/pages\/5666\/revisions\/5674"}],"wp:attachment":[{"href":"https:\/\/jewsineastprussia.de\/de\/wp-json\/wp\/v2\/media?parent=5666"}],"wp:term":[{"taxonomy":"category","embeddable":true,"href":"https:\/\/jewsineastprussia.de\/de\/wp-json\/wp\/v2\/categories?post=5666"}],"curies":[{"name":"wp","href":"https:\/\/api.w.org\/{rel}","templated":true}]}}