{"id":5730,"date":"2020-03-26T12:56:55","date_gmt":"2020-03-26T11:56:55","guid":{"rendered":"https:\/\/jewsineastprussia.de\/cemetery-mragowo-sensburg\/"},"modified":"2022-09-06T11:50:33","modified_gmt":"2022-09-06T09:50:33","slug":"cemetery-mragowo-sensburg","status":"publish","type":"page","link":"https:\/\/jewsineastprussia.de\/de\/cemetery-mragowo-sensburg\/","title":{"rendered":"Friedhof Mr\u0105gowo \u2013 Sensburg"},"content":{"rendered":"\n<p>Serie Kooperation 2020 mit polnischen Webseiten zu j\u00fcdischen Friedh\u00f6fen<\/p>\n\n\n\n<div class=\"wp-block-image is-style-default\"><figure class=\"aligncenter\"><img fetchpriority=\"high\" decoding=\"async\" width=\"898\" height=\"586\" src=\"https:\/\/jewsineastprussia.de\/wp-content\/uploads\/2020\/03\/Synagoga-pupils.jpg\" alt=\"Synagogue Sensburg\" class=\"wp-image-5716\" srcset=\"https:\/\/jewsineastprussia.de\/wp-content\/uploads\/2020\/03\/Synagoga-pupils.jpg 898w, https:\/\/jewsineastprussia.de\/wp-content\/uploads\/2020\/03\/Synagoga-pupils-300x196.jpg 300w, https:\/\/jewsineastprussia.de\/wp-content\/uploads\/2020\/03\/Synagoga-pupils-768x501.jpg 768w\" sizes=\"(max-width: 898px) 100vw, 898px\" \/><\/figure><\/div>\n\n\n\n<div class=\"wp-block-image is-style-default\"><figure class=\"alignleft\"><img decoding=\"async\" width=\"300\" height=\"225\" src=\"https:\/\/jewsineastprussia.de\/wp-content\/uploads\/2020\/03\/Mragowo_Cerkiew-Synag-300x225.jpg\" alt=\"Synagogue Sensburg\" class=\"wp-image-5714\" srcset=\"https:\/\/jewsineastprussia.de\/wp-content\/uploads\/2020\/03\/Mragowo_Cerkiew-Synag-300x225.jpg 300w, https:\/\/jewsineastprussia.de\/wp-content\/uploads\/2020\/03\/Mragowo_Cerkiew-Synag-1024x768.jpg 1024w, https:\/\/jewsineastprussia.de\/wp-content\/uploads\/2020\/03\/Mragowo_Cerkiew-Synag-768x576.jpg 768w, https:\/\/jewsineastprussia.de\/wp-content\/uploads\/2020\/03\/Mragowo_Cerkiew-Synag-1536x1152.jpg 1536w, https:\/\/jewsineastprussia.de\/wp-content\/uploads\/2020\/03\/Mragowo_Cerkiew-Synag-2048x1536.jpg 2048w\" sizes=\"(max-width: 300px) 100vw, 300px\" \/><\/figure><\/div>\n\n\n\n<p>Von Beginn ihrer Existenz an hatte die Gemeinde ein eigenes Gebetshaus. Im Jahr 1847 legte die j\u00fcdische Gemeinde das Synagogenstatut zur Genehmigung vor, aber die Synagoge selbst und die Schule wurden erst 1896 an der damaligen Gartenstra\u00dfe (heute Roosevelta Stra\u00dfe) er\u00f6ffnet. Das neugotische Geb\u00e4ude wurde w\u00e4hrend der &#8222;Kristallnacht&#8220; gepl\u00fcndert, aber nicht in Brand gesteckt.<br> Nach Kriegsende wurde das Geb\u00e4ude der Synagoge an die entstehende orthodoxe Kirche \u00fcbergeben. Gegenw\u00e4rtig beherbergt es die Polnische Orthodoxe Kirche.<\/p>\n\n\n\n<p><strong>Der j\u00fcdische Friedhof in Mr\u0105gowo (Sensburg) wurde 1859 an der heutigen Brzozowa-Stra\u00dfe 2 angelegt.<\/strong> Die Nekropole befand sich am Ende des katholischen Friedhofs, auf dem Land, das Justyna Timnik, die Witwe des B\u00fcrgermeisters, der j\u00fcdischen Gemeinde geschenkt hatte.<\/p>\n\n\n\n<figure class=\"wp-block-image size-large is-style-default\"><img decoding=\"async\" width=\"1024\" height=\"636\" src=\"https:\/\/jewsineastprussia.de\/wp-content\/uploads\/2022\/09\/Sensburg-Fredhof-von-Strasse-1024x636.jpg\" alt=\"Friedhof Sensburg j\u00fcdisch\" class=\"wp-image-10209\" srcset=\"https:\/\/jewsineastprussia.de\/wp-content\/uploads\/2022\/09\/Sensburg-Fredhof-von-Strasse-1024x636.jpg 1024w, https:\/\/jewsineastprussia.de\/wp-content\/uploads\/2022\/09\/Sensburg-Fredhof-von-Strasse-300x186.jpg 300w, https:\/\/jewsineastprussia.de\/wp-content\/uploads\/2022\/09\/Sensburg-Fredhof-von-Strasse-768x477.jpg 768w, https:\/\/jewsineastprussia.de\/wp-content\/uploads\/2022\/09\/Sensburg-Fredhof-von-Strasse.jpg 1200w\" sizes=\"(max-width: 1024px) 100vw, 1024px\" \/><\/figure>\n\n\n\n<p>Bis zur Einrichtung des Friedhofs bestatteten die Juden aus Mr\u0105gowo (Sensburg) ihre Toten in Ryn (Rhein) oder M\u0142yn\u00f3w (Ober M\u00fchlenthal). Noch vor der &#8222;Kristallnacht&#8220; wurde der Friedhof verw\u00fcstet. Im Jahr 1936 legten \u00f6rtliche Mitglieder der NSDAP und der Gestapo Sprengladungen unter die Grabsteine der prominenten Mitglieder der Gemeinde Mr\u0105gowo (Sensburg). Matzevot der \u00e4rmeren Juden aus der Stadt verblieben auf dem Friedhof. <strong><\/strong>Teilweise zerst\u00f6rt \u00fcberstand er den Krieg &#8211; und <strong>wurde 1946 oder 1947 offiziell liquidiert,<\/strong> auf Anordnung der damaligen Bezirksbeh\u00f6rden, h\u00f6chstwahrscheinlich durch die Entscheidung des Landrats Krzewo\u0144ski. Alle oberirdischen Strukturen der Gr\u00e4ber wurden entfernt. Einzelne Grabsteine sollen sich in den Treppen des protestantischen&nbsp; Friedhofstors und in den Fundamenten einiger nach dem Krieg errichteter H\u00e4user befinden. Heute steht an der Stelle des Friedhofs ein modernes Geb\u00e4ude der chemischen W\u00e4scherei Tara.<\/p>\n\n\n\n<p><strong>Im Oktober 2009 wurde ein Wettbewerb f\u00fcr Kinder und Jugendliche f\u00fcr den Entwurf eines Denkmals zum Gedenken an den j\u00fcdischen Friedhof in Mragowo (Sensburg) ausgeschrieben.<\/strong> (Soziale Kooperative PROFIT in Mr\u0105gowo, in Partnerschaft mit dem Verein f\u00fcr \u00f6kologische und kulturelle Bildung &#8222;SEEiK&#8220;, organisiert den Prof.-Abraham-Joshua-Heschel-Wettbewerb f\u00fcr Kinder und Jugendliche unter dem Motto: &#8222;Toleranz und Zivilgesellschaft&#8220;. Die Stellung der Juden in der Kultur und Geschichte von Ermland und Masuren&#8220;).<\/p>\n\n\n\n<p><strong>Projekt \u201cDom Rabina&#8220; (Haus des Rabbis)&nbsp; (Apr 2013) .<\/strong><\/p>\n\n\n\n<div class=\"wp-block-image is-style-default\"><figure class=\"aligncenter\"><img loading=\"lazy\" decoding=\"async\" width=\"1024\" height=\"357\" src=\"https:\/\/jewsineastprussia.de\/wp-content\/uploads\/2020\/03\/Mragowo-Activities.jpg\" alt=\"collage of activities Mragowo\" class=\"wp-image-5721\" srcset=\"https:\/\/jewsineastprussia.de\/wp-content\/uploads\/2020\/03\/Mragowo-Activities.jpg 1024w, https:\/\/jewsineastprussia.de\/wp-content\/uploads\/2020\/03\/Mragowo-Activities-300x105.jpg 300w, https:\/\/jewsineastprussia.de\/wp-content\/uploads\/2020\/03\/Mragowo-Activities-768x268.jpg 768w\" sizes=\"(max-width: 1024px) 100vw, 1024px\" \/><\/figure><\/div>\n\n\n\n<p>Eine Ausstellung mit Bildern von Pl\u00e4tzen in Mr\u0105gowo (Sensburg), die mit der J\u00fcdischen Gemeinde in Verbindung stehen, und Plakaten zum Gedenken an den Holocaust. Die Ausstellung war so popul\u00e4r, dass sie im Mai von den milit\u00e4rischen Ausbildungstruppen in Mr\u0105gowo angemietet wurde. Diese Ma\u00dfnahmen sollten den Einwohnern und Jugendlichen die Multikulturalit\u00e4t des kleinen Heimatlandes &#8211; Mr\u0105gowo &#8211; zeigen.<\/p>\n\n\n\n<p>Das Projekt wurde von Sch\u00fclern unter der Geschichtslehrerin Magdalena Lewkowicz durchgef\u00fchrt. <strong>Auch die Eigent\u00fcmerin des Grundst\u00fccks des ehemaligen j\u00fcdischen Friedhofs bot ihre Hilfe an.<\/strong><\/p>\n\n\n\n<p>Die Hauptziele des Projekts waren:<\/p>\n\n\n\n<ul class=\"wp-block-list\"><li>Spielen und Lernen bei Outdoor-Aktivit\u00e4ten in der Altstadt von Mr\u0105gowo (Sensburg),<\/li><li>Vermittlung von Wissen \u00fcber die J\u00fcdische Gemeinde Sensburg und die Pr\u00e4senz der Juden unter den Bewohnern von Mr\u0105gowo (Sensburg),<\/li><li>die \u00dcberbleibsel j\u00fcdischer Objekte aus der Vergangenheit zu retten,<\/li><li>den Bewohnern und G\u00e4sten den Multikulturcharakter von Mr\u0105gowo (Sensburg) zu zeigen,<\/li><li>Vermittlung von Wissen \u00fcber die j\u00fcdischen Br\u00e4uche und die j\u00fcdische Kultur.<\/li><\/ul>\n\n\n\n<div class=\"wp-block-image is-style-default\"><figure class=\"alignleft\"><img loading=\"lazy\" decoding=\"async\" width=\"300\" height=\"231\" src=\"https:\/\/jewsineastprussia.de\/wp-content\/uploads\/2020\/03\/Gedenkstein-Sensburg-300x231.jpg\" alt=\"Memorial for the Jewish cemetery in Sensburg\" class=\"wp-image-5723\" srcset=\"https:\/\/jewsineastprussia.de\/wp-content\/uploads\/2020\/03\/Gedenkstein-Sensburg-300x231.jpg 300w, https:\/\/jewsineastprussia.de\/wp-content\/uploads\/2020\/03\/Gedenkstein-Sensburg-1024x787.jpg 1024w, https:\/\/jewsineastprussia.de\/wp-content\/uploads\/2020\/03\/Gedenkstein-Sensburg-768x590.jpg 768w, https:\/\/jewsineastprussia.de\/wp-content\/uploads\/2020\/03\/Gedenkstein-Sensburg.jpg 1168w\" sizes=\"(max-width: 300px) 100vw, 300px\" \/><\/figure><\/div>\n\n\n\n<p>Gleichzeitig informierte Magdalena Lewkowicz die \u00d6ffentlichkeit \u00fcber den <strong>Fund eines Fragmentes des einzigen j\u00fcdischen Grabsteins in Mr\u0105gowo (Sensburg).<\/strong> Es stellte sich heraus, dass er von den Soldaten bei den zuf\u00e4lligen Ausgrabungen geborgen worden war. Er wurde im Geb\u00e4ude der ehemaligen Armeeeinheit in Mr\u0105gowo aufbewahrt und dann vergessen. Vielleicht wollte das Schicksal einfach nur, dass er darauf wartete, dass jemand ihn findet und der Erinnerung an die Geschichte der J\u00fcdischen Gemeinde im Bezirk Mr\u0105gowo gedenkt. Die Fotos und der eingravierte hebr\u00e4ische Text des Grabsteins wurden nach Yad Vaschem zur Bestimmung geschickt. Dieses Grabstein-Fragment befindet sich seit 2018 im Museum von Mr\u0105gowo (Sensburg). Das Denkmal auf dem Friedhof ist aus Stein. Dank der Sponsoren wurde die Gedenktafel am Denkmal angefertigt und am 19. April 2018 enth\u00fcllt.<\/p>\n\n\n\n<div class=\"wp-block-image is-style-default\"><figure class=\"aligncenter\"><img loading=\"lazy\" decoding=\"async\" width=\"804\" height=\"680\" src=\"https:\/\/jewsineastprussia.de\/wp-content\/uploads\/2020\/03\/Gedenktafel.jpg\" alt=\"\" class=\"wp-image-5727\" srcset=\"https:\/\/jewsineastprussia.de\/wp-content\/uploads\/2020\/03\/Gedenktafel.jpg 804w, https:\/\/jewsineastprussia.de\/wp-content\/uploads\/2020\/03\/Gedenktafel-300x254.jpg 300w, https:\/\/jewsineastprussia.de\/wp-content\/uploads\/2020\/03\/Gedenktafel-768x650.jpg 768w\" sizes=\"(max-width: 804px) 100vw, 804px\" \/><\/figure><\/div>\n\n\n\n<div class=\"wp-block-image is-style-default\"><figure class=\"alignleft\"><img loading=\"lazy\" decoding=\"async\" width=\"150\" height=\"150\" src=\"https:\/\/jewsineastprussia.de\/wp-content\/uploads\/2020\/03\/Polin-Award-2018-150x150.jpg\" alt=\"Polin Award for Lewkowicz\" class=\"wp-image-5726\"\/><\/figure><\/div>\n\n\n\n<p>Bis Ende 2015 haben bereits sieben Ausgaben des Wettbewerbs stattgefunden, in denen die Erinnerung an die j\u00fcdische Pr\u00e4senz in Ermland und Masuren und in Mr\u0105gowo (Sensburg) selbst wiederbelebt wird. Die erste Veranstaltung des Wettbewerbs umfasste Aufgabenstellungen: &#8222;Das gemeinsame Erbe von Juden und Polen im Landkreis Mragowo (Sensburg) &#8211; Arbeit mit einer beliebigen Technik&#8220; und &#8222;Entwerfen, malen, beschreiben Sie, wie Ihrer Meinung nach das Denkmal zum Gedenken an den j\u00fcdischen Friedhof in Mragowo (Sensburg) aussehen sollte&#8220;. In der siebten Auflage des Wettbewerbs bestand eine der Aufgaben darin, einen Aufsatz mit dem Titel &#8222;Synagoge &#8211; meine Stadt war einst mit einem sch\u00f6nen Geb\u00e4ude geschm\u00fcckt&#8220; zu schreiben.<\/p>\n\n\n\n<p>Frau Magda Lewkowicz wurde im Dezember 2018 in Warschau mit dem POLIN Award f\u00fcr ihre Leistungen geehrt.<\/p>\n\n\n\n<p>Quellen f\u00fcr diese Webseite:<\/p>\n\n\n\n<ul class=\"wp-block-list\"><li>Projekt &#8222;Dom Rabina&#8220; (Rabbinerhaus) entwickelt und durchgef\u00fchrt von Magdalena Lewkowicz<\/li><li>Beschreibung der j\u00fcdischen Kultst\u00e4tten und Friedh\u00f6fe innerhalb der Grenzen der heutigen Verwaltungsregion Ermland-Masuren (in polnischer Sprache). Seweryn Szczepa\u0144ski, Rocznik <a href=\"https:\/\/rocznikziemzachodnich.pl\/rzz\/article\/view\/165\" target=\"_blank\" rel=\"noopener noreferrer\">Ziem Zachodnich 01\/2017 (Jahrbuch der Westl\u00e4nder) &gt;&gt;<\/a><\/li><li>Artikel \u00fcber den Friedhof von der <a href=\"https:\/\/sztetl.org.pl\/de\/stadte\/m\/342-mragowo\/114-friedhofe\/22470-juedischer-friedhof-mragowo-sensburg-brzozowa-str-2\" target=\"_blank\" rel=\"noopener noreferrer\">Webseite Wirtualny Sztetl Polin Museum &gt;&gt;<\/a><\/li><li>Bilder aus dem Projekt Dom Rabina, Wikimedia Commons Autor TBA, Google maps, M. Leiserowitz<\/li><\/ul>\n\n\n\n<div class=\"wp-block-image is-style-default\"><figure class=\"alignleft\"><img loading=\"lazy\" decoding=\"async\" width=\"223\" height=\"148\" src=\"https:\/\/jewsineastprussia.de\/wp-content\/uploads\/2020\/02\/Cmentarz-Zyd-logo.jpg\" alt=\"Logo\" class=\"wp-image-5172\"\/><\/figure><\/div>\n\n\n\n<p>Serie Kooperation 2020 mit polnischen Webseiten zu j\u00fcdischen Friedh\u00f6fen<br><\/p>\n","protected":false},"excerpt":{"rendered":"<p>Serie Kooperation 2020 mit polnischen Webseiten zu j\u00fcdischen Friedh\u00f6fen Von Beginn ihrer Existenz an hatte die Gemeinde ein eigenes Gebetshaus. Im Jahr 1847 legte die j\u00fcdische Gemeinde das Synagogenstatut zur Genehmigung vor, aber die Synagoge selbst und die Schule wurden erst 1896 an der damaligen Gartenstra\u00dfe (heute Roosevelta Stra\u00dfe) er\u00f6ffnet. Das neugotische Geb\u00e4ude wurde w\u00e4hrend [&hellip;]<\/p>\n","protected":false},"author":1,"featured_media":0,"parent":0,"menu_order":0,"comment_status":"closed","ping_status":"closed","template":"","meta":{"footnotes":""},"categories":[73],"class_list":["post-5730","page","type-page","status-publish","hentry","category-polen","entry"],"_links":{"self":[{"href":"https:\/\/jewsineastprussia.de\/de\/wp-json\/wp\/v2\/pages\/5730","targetHints":{"allow":["GET"]}}],"collection":[{"href":"https:\/\/jewsineastprussia.de\/de\/wp-json\/wp\/v2\/pages"}],"about":[{"href":"https:\/\/jewsineastprussia.de\/de\/wp-json\/wp\/v2\/types\/page"}],"author":[{"embeddable":true,"href":"https:\/\/jewsineastprussia.de\/de\/wp-json\/wp\/v2\/users\/1"}],"replies":[{"embeddable":true,"href":"https:\/\/jewsineastprussia.de\/de\/wp-json\/wp\/v2\/comments?post=5730"}],"version-history":[{"count":6,"href":"https:\/\/jewsineastprussia.de\/de\/wp-json\/wp\/v2\/pages\/5730\/revisions"}],"predecessor-version":[{"id":10212,"href":"https:\/\/jewsineastprussia.de\/de\/wp-json\/wp\/v2\/pages\/5730\/revisions\/10212"}],"wp:attachment":[{"href":"https:\/\/jewsineastprussia.de\/de\/wp-json\/wp\/v2\/media?parent=5730"}],"wp:term":[{"taxonomy":"category","embeddable":true,"href":"https:\/\/jewsineastprussia.de\/de\/wp-json\/wp\/v2\/categories?post=5730"}],"curies":[{"name":"wp","href":"https:\/\/api.w.org\/{rel}","templated":true}]}}