{"id":7807,"date":"2020-07-11T10:03:01","date_gmt":"2020-07-11T08:03:01","guid":{"rendered":"https:\/\/jewsineastprussia.de\/synagogue-rosenberg-archive-berlin\/"},"modified":"2022-08-09T22:34:27","modified_gmt":"2022-08-09T20:34:27","slug":"synagogue-rosenberg-archive-berlin","status":"publish","type":"page","link":"https:\/\/jewsineastprussia.de\/de\/synagogue-rosenberg-archive-berlin\/","title":{"rendered":"Synagoge Rosenberg, aus den Archiven"},"content":{"rendered":"\n<p class=\"has-text-align-right\"><a href=\"https:\/\/jewsineastprussia.de\/de\/synagoga-rosenberga-z-archiwum\/\">Po polsku &#8211; Polnische Version &gt;&gt;<\/a><\/p>\n\n\n\n<div class=\"wp-block-image is-style-rounded\"><figure class=\"aligncenter size-full\"><img fetchpriority=\"high\" decoding=\"async\" width=\"896\" height=\"419\" src=\"https:\/\/jewsineastprussia.de\/wp-content\/uploads\/2020\/07\/Titel-Akte-Rosenberg-2.jpg\" alt=\"Kehila Rosenberg West Prussia\" class=\"wp-image-7758\" srcset=\"https:\/\/jewsineastprussia.de\/wp-content\/uploads\/2020\/07\/Titel-Akte-Rosenberg-2.jpg 896w, https:\/\/jewsineastprussia.de\/wp-content\/uploads\/2020\/07\/Titel-Akte-Rosenberg-2-300x140.jpg 300w, https:\/\/jewsineastprussia.de\/wp-content\/uploads\/2020\/07\/Titel-Akte-Rosenberg-2-768x359.jpg 768w\" sizes=\"(max-width: 896px) 100vw, 896px\" \/><\/figure><\/div>\n\n\n\n<p class=\"has-medium-font-size\">Notizen zur Entstehung der Synagoge Rosenberg, dem heutigen Susz in Polen, fr\u00fcher zu West- und Ostpreu\u00dfen in Deutschland geh\u00f6rend &#8211; zusammengestellt aus Dokumenten aus dem Archiv des Centrum Judaicum in Berlin<\/p>\n\n\n\n<div class=\"wp-block-image\"><figure class=\"aligncenter size-full\"><img decoding=\"async\" width=\"1024\" height=\"658\" src=\"https:\/\/jewsineastprussia.de\/wp-content\/uploads\/2020\/07\/Synagoge-Rosenb-04.jpg\" alt=\"Rosenberg Susz Synagogue\" class=\"wp-image-7746\" srcset=\"https:\/\/jewsineastprussia.de\/wp-content\/uploads\/2020\/07\/Synagoge-Rosenb-04.jpg 1024w, https:\/\/jewsineastprussia.de\/wp-content\/uploads\/2020\/07\/Synagoge-Rosenb-04-300x193.jpg 300w, https:\/\/jewsineastprussia.de\/wp-content\/uploads\/2020\/07\/Synagoge-Rosenb-04-768x494.jpg 768w\" sizes=\"(max-width: 1024px) 100vw, 1024px\" \/><\/figure><\/div>\n\n\n\n<p>Aus einem Bittbrief des Gemeindevorstands an den Preussischen K\u00f6nig erfahren wir, dass die Gemeinde aus 158 Menschen in 26 Familien bestand und dass nur 3\/8 davon Betragsf\u00e4hig waren und 5\/8 als arm galten.<\/p>\n\n\n\n<p>Eine Spenderliste listet Gemeindemitglieder auf, die f\u00fcr die Synagoge Beitr\u00e4ge gezeichnet haben. Nachdem in einem Testament ein gro\u00dfer Betrag f\u00fcr den Fall des Synagogenbaus hinzukam, war die H\u00e4lfte der veranschlagten Gesamt-Bausumme \u00fcber 2650 Thaler beisammen und l\u00f6ste die weiteren Aktivit\u00e4ten zum Bau der Synagoge aus. Dies war im Jahr 1862.<\/p>\n\n\n\n<figure class=\"wp-block-gallery columns-3 wp-block-gallery-1 is-layout-flex wp-block-gallery-is-layout-flex\"><ul class=\"blocks-gallery-grid\"><li class=\"blocks-gallery-item\"><figure><img decoding=\"async\" width=\"194\" height=\"300\" src=\"https:\/\/jewsineastprussia.de\/wp-content\/uploads\/2020\/07\/Zeichnung1-Ansicht-194x300.jpg\" alt=\"\" data-id=\"7765\" data-full-url=\"https:\/\/jewsineastprussia.de\/wp-content\/uploads\/2020\/07\/Zeichnung1-Ansicht.jpg\" data-link=\"https:\/\/jewsineastprussia.de\/?attachment_id=7765\" class=\"wp-image-7765\" srcset=\"https:\/\/jewsineastprussia.de\/wp-content\/uploads\/2020\/07\/Zeichnung1-Ansicht-194x300.jpg 194w, https:\/\/jewsineastprussia.de\/wp-content\/uploads\/2020\/07\/Zeichnung1-Ansicht.jpg 335w\" sizes=\"(max-width: 194px) 100vw, 194px\" \/><figcaption class=\"blocks-gallery-item__caption\">Ansicht<\/figcaption><\/figure><\/li><li class=\"blocks-gallery-item\"><figure><img loading=\"lazy\" decoding=\"async\" width=\"276\" height=\"139\" src=\"https:\/\/jewsineastprussia.de\/wp-content\/uploads\/2020\/07\/Zeichnung-\u00dcberschrift.jpg\" alt=\"\" data-id=\"7774\" data-full-url=\"https:\/\/jewsineastprussia.de\/wp-content\/uploads\/2020\/07\/Zeichnung-\u00dcberschrift.jpg\" data-link=\"https:\/\/jewsineastprussia.de\/?attachment_id=7774\" class=\"wp-image-7774\"\/><\/figure><\/li><li class=\"blocks-gallery-item\"><figure><img loading=\"lazy\" decoding=\"async\" width=\"258\" height=\"300\" src=\"https:\/\/jewsineastprussia.de\/wp-content\/uploads\/2020\/07\/Zeichnung2-Profil-258x300.jpg\" alt=\"\" data-id=\"7768\" data-full-url=\"https:\/\/jewsineastprussia.de\/wp-content\/uploads\/2020\/07\/Zeichnung2-Profil.jpg\" data-link=\"https:\/\/jewsineastprussia.de\/?attachment_id=7768\" class=\"wp-image-7768\" srcset=\"https:\/\/jewsineastprussia.de\/wp-content\/uploads\/2020\/07\/Zeichnung2-Profil-258x300.jpg 258w, https:\/\/jewsineastprussia.de\/wp-content\/uploads\/2020\/07\/Zeichnung2-Profil.jpg 459w\" sizes=\"(max-width: 258px) 100vw, 258px\" \/><figcaption class=\"blocks-gallery-item__caption\">Profil<\/figcaption><\/figure><\/li><li class=\"blocks-gallery-item\"><figure><img loading=\"lazy\" decoding=\"async\" width=\"212\" height=\"300\" src=\"https:\/\/jewsineastprussia.de\/wp-content\/uploads\/2020\/07\/Zeichnung3-Grundriss-212x300.jpg\" alt=\"\" data-id=\"7771\" data-full-url=\"https:\/\/jewsineastprussia.de\/wp-content\/uploads\/2020\/07\/Zeichnung3-Grundriss.jpg\" data-link=\"https:\/\/jewsineastprussia.de\/?attachment_id=7771\" class=\"wp-image-7771\" srcset=\"https:\/\/jewsineastprussia.de\/wp-content\/uploads\/2020\/07\/Zeichnung3-Grundriss-212x300.jpg 212w, https:\/\/jewsineastprussia.de\/wp-content\/uploads\/2020\/07\/Zeichnung3-Grundriss.jpg 280w\" sizes=\"(max-width: 212px) 100vw, 212px\" \/><figcaption class=\"blocks-gallery-item__caption\">Grundriss<\/figcaption><\/figure><\/li><li class=\"blocks-gallery-item\"><figure><img loading=\"lazy\" decoding=\"async\" width=\"206\" height=\"300\" src=\"https:\/\/jewsineastprussia.de\/wp-content\/uploads\/2020\/07\/Zeichnung4-Balkenlage-206x300.jpg\" alt=\"\" data-id=\"7777\" data-full-url=\"https:\/\/jewsineastprussia.de\/wp-content\/uploads\/2020\/07\/Zeichnung4-Balkenlage.jpg\" data-link=\"https:\/\/jewsineastprussia.de\/?attachment_id=7777\" class=\"wp-image-7777\" srcset=\"https:\/\/jewsineastprussia.de\/wp-content\/uploads\/2020\/07\/Zeichnung4-Balkenlage-206x300.jpg 206w, https:\/\/jewsineastprussia.de\/wp-content\/uploads\/2020\/07\/Zeichnung4-Balkenlage.jpg 264w\" sizes=\"(max-width: 206px) 100vw, 206px\" \/><figcaption class=\"blocks-gallery-item__caption\">Balkenlage<\/figcaption><\/figure><\/li><li class=\"blocks-gallery-item\"><figure><img loading=\"lazy\" decoding=\"async\" width=\"300\" height=\"277\" src=\"https:\/\/jewsineastprussia.de\/wp-content\/uploads\/2020\/07\/Liste-Spender-gezeichnet-300x277.jpg\" alt=\"\" data-id=\"7762\" data-full-url=\"https:\/\/jewsineastprussia.de\/wp-content\/uploads\/2020\/07\/Liste-Spender-gezeichnet.jpg\" data-link=\"https:\/\/jewsineastprussia.de\/?attachment_id=7762\" class=\"wp-image-7762\" srcset=\"https:\/\/jewsineastprussia.de\/wp-content\/uploads\/2020\/07\/Liste-Spender-gezeichnet-300x277.jpg 300w, https:\/\/jewsineastprussia.de\/wp-content\/uploads\/2020\/07\/Liste-Spender-gezeichnet.jpg 613w\" sizes=\"(max-width: 300px) 100vw, 300px\" \/><figcaption class=\"blocks-gallery-item__caption\">Spenderliste<\/figcaption><\/figure><\/li><\/ul><\/figure>\n\n\n\n<p>Weitere Listen zeigen, dass s\u00e4mtliche Netzwerke zu ehemaligen Gemeinde-Mitgliedern, Verwandten und Gesch\u00e4ftspartnern und auch Synagogenbau-Zulieferern aktiviert wurden. Diese reichten von Orten in Ostpreu\u00dfen und Nachbarorten Rosenbergs bis hin nach Hamburg-Altona. Auch christliche Prominente und Unternehmen haben gespendet.<\/p>\n\n\n\n<p>Einen eigenen Rabbiner hatte die Gemeinde vermutlich nicht, es wurde 1864 schon eine Stelle f\u00fcr Kultusbeamten ausgeschrieben, der Kantor (Vors\u00e4nger in der Liturgie), Sch\u00e4chter und Lehrer sein sollte. Das Jahresgrundgehalt sollte 200 Thaler sein, hinzu k\u00e4men \u00fcbliche Nebeneink\u00fcnfte in \u00e4hnlicher H\u00f6he.<\/p>\n\n\n\n<p>Die Einweihung der Synagoge fand 1868 mit dem Rabbiner Dr. Friedeberg aus Tilsit und dem Kantor Tuerk aus Thorn statt.<\/p>\n\n\n\n<p>Am Ende dieser Webseite befindet sich eine Liste der Rosenberger Handwerker die wesentlich am Bau der Synagoge beteiligt waren.<\/p>\n\n\n\n<h3 class=\"wp-block-heading\">Spenderliste von 1862 (Prominente Spender, darunter auch Nichtjuden)<\/h3>\n\n\n\n<p>Landrat des Kreises Regierungsbezirk Siegfried von Br\u00fcnneck-Belschwitz<\/p>\n\n\n\n<p>Graf Otto von Hindenburg in Langenau<\/p>\n\n\n\n<p>Graf Rodrigo zu Dohna-Finckensein vom Schlo\u00df Finckenstein (wurde sp\u00e4ter Reichstagsabgeordneter)<\/p>\n\n\n\n<p><strong>Aus Finckenstein: <\/strong>Blaske; Schemnitz<\/p>\n\n\n\n<p><strong>Aus Rosenberg: <\/strong>Rechtsanwalt Nauen; Rechtanwalt Goldstand; Pfarrer Hammer; Rechtsanwalt Baumann; Dr. Rogge; Witwe Huenecke; Zimmermeister Deutschendorf; Brauereibesitzer Hancke; Kreisgerichtsdirektor Tourbie; Maurermeister Hanne; Zimmermeister Werner; Rittmeister Wertemeister; Kaufmann Schinckel; Kupferschmiedemeister Hecht; Apotheker Kuhnert; Geld von Reisenden (Name unleserlich); Jacob Eyck<\/p>\n\n\n\n<p><strong>Aus Deutsch-Eylau:<\/strong> Kommissionsrath Blum; Behrendt; Kowalski; S. Bluhm<\/p>\n\n\n\n<p><strong>Aus Riesenburg:<\/strong> B. Littmann; Hirschfeld; Josephsohn; M. Hirschberg<\/p>\n\n\n\n<p><strong>Aus Elbing:<\/strong> Helene Blum; Lewinsohn; I. S. Cohn; Litten<\/p>\n\n\n\n<p><strong>Aus Christburg:<\/strong> E. Jacoby<\/p>\n\n\n\n<p><strong>Aus Marienwerder: <\/strong>A. D. Lewinsohn<\/p>\n\n\n\n<p><strong>Aus L\u00f6bau:<\/strong> D. Ostrotzki<\/p>\n\n\n\n<p><strong>Sammlung Osterode<\/strong><\/p>\n\n\n\n<p><strong>Aus K\u00f6nigsberg:<\/strong> Carl Jacoby<\/p>\n\n\n\n<p><strong>Aus Berlin:<\/strong> M. Sandmann<\/p>\n\n\n\n<p><strong>Synagogengemeinde Altona<\/strong><\/p>\n\n\n\n<h3 class=\"wp-block-heading\">Liste Mitglieder der j\u00fcdischen Gemeinde Rosenberg von 1862<\/h3>\n\n\n\n<p>Cohn, D.; Cohn, E.; Dannenberg, S.; Frankenstein, H.; Friedl\u00e4nder, H.; Friedl\u00e4nder, Jacob; Friedl\u00e4nder, L.; Friedl\u00e4nder, S.; Friedl\u00e4nder, Samuel L.; F\u00fcrst, H. B.; Jacoby, Joseph; Jacoby, S. N.; Johnas, J.; Korn, Dr. A.; Laudon, Bernhard; Liebmann, A.; Lilienthal, L.; Littmann, J.; Moses, Abraham; Neumann, G. H.; Neumann, M.; Rie\u00df, H.; Ruben, E.; Ruben, S.; Salinger, S.; Sandmann, J; Sandmann, L.; Schier, E.; Wolff, A.; Wolff, Joseph; Wutow, A.;<\/p>\n\n\n\n<h3 class=\"wp-block-heading\">Liste von Spendenzusagen aus der Gemeinde vom 19. Mai 1862, geordnet nach Gr\u00f6\u00dfe der Spende (Thaler)<\/h3>\n\n\n\n<p>Sandmann, J. 200; Laudon, Bernhard 100; F\u00fcrst H. B. 60; Neumann, M. 50; Littmann, J. 50; Cohn, D. 50; Friedl\u00e4nder S. 50; Jacoby, S. N. 50; Franckenstein, H. 50; Salinger, S. 30; Friedl\u00e4nder L. 20; Lilienthal, D. 30; Cohn. E. 10; Moses, Abraham 15; Wolff, Joseph 10; Schier, E. 6; Sandmann, L 15; Jacoby, Joseph 8; Liebmann, A. 6;<\/p>\n\n\n\n<p>Summe 810 Thaler<\/p>\n\n\n\n<p>Aus dem Nachlass von J. Sandmann das Legat \u00fcber 500 Thaler<\/p>\n\n\n\n<p>1862 entsprachen diese Betr\u00e4ge ca. die H\u00e4lfte der Bausumme.<\/p>\n\n\n\n<figure class=\"wp-block-image size-large\"><img loading=\"lazy\" decoding=\"async\" width=\"1024\" height=\"368\" src=\"https:\/\/jewsineastprussia.de\/wp-content\/uploads\/2020\/07\/Synagoge-Mauerwerk.jpg\" alt=\"\" class=\"wp-image-7784\" srcset=\"https:\/\/jewsineastprussia.de\/wp-content\/uploads\/2020\/07\/Synagoge-Mauerwerk.jpg 1024w, https:\/\/jewsineastprussia.de\/wp-content\/uploads\/2020\/07\/Synagoge-Mauerwerk-300x108.jpg 300w, https:\/\/jewsineastprussia.de\/wp-content\/uploads\/2020\/07\/Synagoge-Mauerwerk-768x276.jpg 768w\" sizes=\"(max-width: 1024px) 100vw, 1024px\" \/><\/figure>\n\n\n\n<h3 class=\"wp-block-heading\">Rosenberger Handwerker die wesentlich am Bau der Synagoge beteiligt waren<\/h3>\n\n\n\n<p>Maurermeister Reiff<br>Zimmermeister Deutschendorf<br>Maler Gedies<br>Tischlermeister Kr\u00fcger<br>Glaser Kindler<br>Steinsetzer Tenner<br>Schlosser Kmith<br>Klempnermeister Liedke<\/p>\n\n\n\n<figure class=\"wp-block-gallery columns-2 is-cropped wp-block-gallery-2 is-layout-flex wp-block-gallery-is-layout-flex\"><ul class=\"blocks-gallery-grid\"><li class=\"blocks-gallery-item\"><figure><img loading=\"lazy\" decoding=\"async\" width=\"1024\" height=\"802\" src=\"https:\/\/jewsineastprussia.de\/wp-content\/uploads\/2020\/07\/Synagoge-treppenh.jpg\" alt=\"\" data-id=\"7787\" data-link=\"https:\/\/jewsineastprussia.de\/?attachment_id=7787\" class=\"wp-image-7787\" srcset=\"https:\/\/jewsineastprussia.de\/wp-content\/uploads\/2020\/07\/Synagoge-treppenh.jpg 1024w, https:\/\/jewsineastprussia.de\/wp-content\/uploads\/2020\/07\/Synagoge-treppenh-300x235.jpg 300w, https:\/\/jewsineastprussia.de\/wp-content\/uploads\/2020\/07\/Synagoge-treppenh-768x602.jpg 768w\" sizes=\"(max-width: 1024px) 100vw, 1024px\" \/><\/figure><\/li><li class=\"blocks-gallery-item\"><figure><img loading=\"lazy\" decoding=\"async\" width=\"786\" height=\"1024\" src=\"https:\/\/jewsineastprussia.de\/wp-content\/uploads\/2020\/07\/Synagoge-innen-Etage1-786x1024.jpg\" alt=\"\" data-id=\"7790\" data-link=\"https:\/\/jewsineastprussia.de\/?attachment_id=7790\" class=\"wp-image-7790\" srcset=\"https:\/\/jewsineastprussia.de\/wp-content\/uploads\/2020\/07\/Synagoge-innen-Etage1-786x1024.jpg 786w, https:\/\/jewsineastprussia.de\/wp-content\/uploads\/2020\/07\/Synagoge-innen-Etage1-230x300.jpg 230w, https:\/\/jewsineastprussia.de\/wp-content\/uploads\/2020\/07\/Synagoge-innen-Etage1-768x1001.jpg 768w, https:\/\/jewsineastprussia.de\/wp-content\/uploads\/2020\/07\/Synagoge-innen-Etage1.jpg 1024w\" sizes=\"(max-width: 786px) 100vw, 786px\" \/><\/figure><\/li><li class=\"blocks-gallery-item\"><figure><img loading=\"lazy\" decoding=\"async\" width=\"1024\" height=\"768\" src=\"https:\/\/jewsineastprussia.de\/wp-content\/uploads\/2020\/07\/Synagoge-First.jpg\" alt=\"\" data-id=\"7793\" data-link=\"https:\/\/jewsineastprussia.de\/?attachment_id=7793\" class=\"wp-image-7793\" srcset=\"https:\/\/jewsineastprussia.de\/wp-content\/uploads\/2020\/07\/Synagoge-First.jpg 1024w, https:\/\/jewsineastprussia.de\/wp-content\/uploads\/2020\/07\/Synagoge-First-300x225.jpg 300w, https:\/\/jewsineastprussia.de\/wp-content\/uploads\/2020\/07\/Synagoge-First-768x576.jpg 768w\" sizes=\"(max-width: 1024px) 100vw, 1024px\" \/><\/figure><\/li><li class=\"blocks-gallery-item\"><figure><img loading=\"lazy\" decoding=\"async\" width=\"1024\" height=\"768\" src=\"https:\/\/jewsineastprussia.de\/wp-content\/uploads\/2020\/07\/Synagoge-Eingang.jpg\" alt=\"\" data-id=\"7796\" data-full-url=\"https:\/\/jewsineastprussia.de\/wp-content\/uploads\/2020\/07\/Synagoge-Eingang.jpg\" data-link=\"https:\/\/jewsineastprussia.de\/?attachment_id=7796\" class=\"wp-image-7796\" srcset=\"https:\/\/jewsineastprussia.de\/wp-content\/uploads\/2020\/07\/Synagoge-Eingang.jpg 1024w, https:\/\/jewsineastprussia.de\/wp-content\/uploads\/2020\/07\/Synagoge-Eingang-300x225.jpg 300w, https:\/\/jewsineastprussia.de\/wp-content\/uploads\/2020\/07\/Synagoge-Eingang-768x576.jpg 768w\" sizes=\"(max-width: 1024px) 100vw, 1024px\" \/><\/figure><\/li><\/ul><\/figure>\n\n\n\n<p>Quelle: Centrum Judaicum, Berlin, CJA, 1A Ro 5, Nummer 6, Rechnung der Synagogengemeinde Rosenberg \u00fcber den Synagogenbau<\/p>\n\n\n\n<div class=\"wp-block-image\"><figure class=\"alignleft size-medium\"><img loading=\"lazy\" decoding=\"async\" width=\"300\" height=\"154\" src=\"https:\/\/jewsineastprussia.de\/wp-content\/uploads\/2020\/07\/Annonce-rosenberg1864_3-300x154.jpg\" alt=\"Anzeige Synagogengemeinde Rosenberg Westpreussen\" class=\"wp-image-7805\" srcset=\"https:\/\/jewsineastprussia.de\/wp-content\/uploads\/2020\/07\/Annonce-rosenberg1864_3-300x154.jpg 300w, https:\/\/jewsineastprussia.de\/wp-content\/uploads\/2020\/07\/Annonce-rosenberg1864_3.jpg 545w\" sizes=\"(max-width: 300px) 100vw, 300px\" \/><\/figure><\/div>\n\n\n\n<p>Ausschreibung der Position f\u00fcr einen Kultusbeamten: Allgemeine Zeitung des Judenthums, 28 (1864), Heft 48 (22.11.1864) aus Compact Memory, Bibliothek der Goethe Universit\u00e4t, Frankfurt<\/p>\n\n\n\n<p>Photos: Juden in Ostpreussen, Mai 2020<\/p>\n\n\n\n<div style=\"height:53px\" aria-hidden=\"true\" class=\"wp-block-spacer\"><\/div>\n\n\n\n<p class=\"has-vivid-green-cyan-color has-text-color\"><strong>Der Verein Juden in Ostpreussen hat die Einrichtung des Regionalmuseums im Synagogengeb\u00e4ude unterst\u00fctzt. Wenn Ihnen unsere Forschungsarbeit gef\u00e4llt oder wenn Sie unseren zuk\u00fcnftigen Ausstellungsbeitrag in dem Regionalmuseum von Susz \u00fcber die J\u00fcdische Gemeinde von Rosenberg unterst\u00fctzen m\u00f6chten &#8211; dann unterst\u00fctzen Sie uns mit einer Spende!<br><a rel=\"noreferrer noopener\" href=\"https:\/\/jewsineastprussia.de\/de\/donations-for-the-association-jews-in-east-prussia\/\" target=\"_blank\">Link zu unserer Spendenseite >><\/a><\/strong><\/p>\n","protected":false},"excerpt":{"rendered":"<p>Po polsku &#8211; Polnische Version &gt;&gt; Notizen zur Entstehung der Synagoge Rosenberg, dem heutigen Susz in Polen, fr\u00fcher zu West- und Ostpreu\u00dfen in Deutschland geh\u00f6rend &#8211; zusammengestellt aus Dokumenten aus dem Archiv des Centrum Judaicum in Berlin Aus einem Bittbrief des Gemeindevorstands an den Preussischen K\u00f6nig erfahren wir, dass die Gemeinde aus 158 Menschen in [&hellip;]<\/p>\n","protected":false},"author":1,"featured_media":0,"parent":0,"menu_order":0,"comment_status":"closed","ping_status":"closed","template":"","meta":{"footnotes":""},"categories":[73,149],"class_list":["post-7807","page","type-page","status-publish","hentry","category-polen","category-westpreussen","entry"],"_links":{"self":[{"href":"https:\/\/jewsineastprussia.de\/de\/wp-json\/wp\/v2\/pages\/7807","targetHints":{"allow":["GET"]}}],"collection":[{"href":"https:\/\/jewsineastprussia.de\/de\/wp-json\/wp\/v2\/pages"}],"about":[{"href":"https:\/\/jewsineastprussia.de\/de\/wp-json\/wp\/v2\/types\/page"}],"author":[{"embeddable":true,"href":"https:\/\/jewsineastprussia.de\/de\/wp-json\/wp\/v2\/users\/1"}],"replies":[{"embeddable":true,"href":"https:\/\/jewsineastprussia.de\/de\/wp-json\/wp\/v2\/comments?post=7807"}],"version-history":[{"count":15,"href":"https:\/\/jewsineastprussia.de\/de\/wp-json\/wp\/v2\/pages\/7807\/revisions"}],"predecessor-version":[{"id":10132,"href":"https:\/\/jewsineastprussia.de\/de\/wp-json\/wp\/v2\/pages\/7807\/revisions\/10132"}],"wp:attachment":[{"href":"https:\/\/jewsineastprussia.de\/de\/wp-json\/wp\/v2\/media?parent=7807"}],"wp:term":[{"taxonomy":"category","embeddable":true,"href":"https:\/\/jewsineastprussia.de\/de\/wp-json\/wp\/v2\/categories?post=7807"}],"curies":[{"name":"wp","href":"https:\/\/api.w.org\/{rel}","templated":true}]}}