{"id":7903,"date":"2020-04-06T02:17:22","date_gmt":"2020-04-06T00:17:22","guid":{"rendered":"https:\/\/jewsineastprussia.de\/donations-for-the-association-jews-in-east-prussia\/"},"modified":"2026-03-24T13:48:59","modified_gmt":"2026-03-24T12:48:59","slug":"donations-for-the-association-jews-in-east-prussia","status":"publish","type":"page","link":"https:\/\/jewsineastprussia.de\/de\/donations-for-the-association-jews-in-east-prussia\/","title":{"rendered":"Spenden f\u00fcr unsere Projekte"},"content":{"rendered":"\t\t<div data-elementor-type=\"wp-page\" data-elementor-id=\"7903\" class=\"elementor elementor-7903\" data-elementor-post-type=\"page\">\n\t\t\t\t\t\t<section class=\"elementor-section elementor-top-section elementor-element elementor-element-904123f elementor-section-boxed elementor-section-height-default elementor-section-height-default\" data-id=\"904123f\" data-element_type=\"section\" data-e-type=\"section\">\n\t\t\t\t\t\t<div class=\"elementor-container elementor-column-gap-default\">\n\t\t\t\t\t<div class=\"elementor-column elementor-col-100 elementor-top-column elementor-element elementor-element-370f1dd\" data-id=\"370f1dd\" data-element_type=\"column\" data-e-type=\"column\">\n\t\t\t<div class=\"elementor-widget-wrap elementor-element-populated\">\n\t\t\t\t\t\t<div class=\"elementor-element elementor-element-85b0d64 elementor-widget elementor-widget-text-editor\" data-id=\"85b0d64\" data-element_type=\"widget\" data-e-type=\"widget\" data-widget_type=\"text-editor.default\">\n\t\t\t\t<div class=\"elementor-widget-container\">\n\t\t\t\t\t\t\t\t\t<p><strong>1<\/strong> Spenden von unserer Paypal-Spendenseite aus, <br \/>Link: <a href=\"https:\/\/www.paypal.me\/Jewsineastprussia\" target=\"_blank\" rel=\"noopener noreferrer\">paypal.me\/Jewsineastprussia &gt;&gt;<\/a><\/p>\n<p><!-- \/wp:paragraph --><!-- wp:paragraph --><\/p>\n<p><strong>2<\/strong> Oder spenden Sie mit Paypal an folgende Email: <strong>info@judeninostpreussen.de<\/strong><\/p>\n<p><!-- \/wp:paragraph --><!-- wp:paragraph --><\/p>\n<p><strong>3<\/strong> Oder fragen Sie nach unserer Bankverbindung (IBAN und BIC) f\u00fcr \u00dcberweisungen &#8211;\u00a0 <a href=\"https:\/\/jewsineastprussia.de\/de\/impressum\/\">Kontakt &gt;&gt;<\/a><\/p>\t\t\t\t\t\t\t\t<\/div>\n\t\t\t\t<\/div>\n\t\t\t\t\t<\/div>\n\t\t<\/div>\n\t\t\t\t\t<\/div>\n\t\t<\/section>\n\t\t\t\t<section class=\"elementor-section elementor-top-section elementor-element elementor-element-a0ac5b5 elementor-section-boxed elementor-section-height-default elementor-section-height-default\" data-id=\"a0ac5b5\" data-element_type=\"section\" data-e-type=\"section\">\n\t\t\t\t\t\t<div class=\"elementor-container elementor-column-gap-default\">\n\t\t\t\t\t<div class=\"elementor-column elementor-col-50 elementor-top-column elementor-element elementor-element-16b7306\" data-id=\"16b7306\" data-element_type=\"column\" data-e-type=\"column\">\n\t\t\t<div class=\"elementor-widget-wrap elementor-element-populated\">\n\t\t\t\t\t\t<div class=\"elementor-element elementor-element-79e3a99 elementor-widget elementor-widget-image\" data-id=\"79e3a99\" data-element_type=\"widget\" data-e-type=\"widget\" data-widget_type=\"image.default\">\n\t\t\t\t<div class=\"elementor-widget-container\">\n\t\t\t\t\t\t\t\t\t\t\t\t\t\t\t<img fetchpriority=\"high\" decoding=\"async\" width=\"285\" height=\"300\" src=\"https:\/\/jewsineastprussia.de\/wp-content\/uploads\/2020\/07\/Friedhof-Landsberg-285x300.jpg\" class=\"attachment-medium size-medium wp-image-7883\" alt=\"\" srcset=\"https:\/\/jewsineastprussia.de\/wp-content\/uploads\/2020\/07\/Friedhof-Landsberg-285x300.jpg 285w, https:\/\/jewsineastprussia.de\/wp-content\/uploads\/2020\/07\/Friedhof-Landsberg-972x1024.jpg 972w, https:\/\/jewsineastprussia.de\/wp-content\/uploads\/2020\/07\/Friedhof-Landsberg-768x809.jpg 768w, https:\/\/jewsineastprussia.de\/wp-content\/uploads\/2020\/07\/Friedhof-Landsberg.jpg 1169w\" sizes=\"(max-width: 285px) 100vw, 285px\" \/>\t\t\t\t\t\t\t\t\t\t\t\t\t\t\t<\/div>\n\t\t\t\t<\/div>\n\t\t\t\t\t<\/div>\n\t\t<\/div>\n\t\t\t\t<div class=\"elementor-column elementor-col-50 elementor-top-column elementor-element elementor-element-d010537\" data-id=\"d010537\" data-element_type=\"column\" data-e-type=\"column\">\n\t\t\t<div class=\"elementor-widget-wrap elementor-element-populated\">\n\t\t\t\t\t\t<div class=\"elementor-element elementor-element-c0fd468 elementor-widget elementor-widget-text-editor\" data-id=\"c0fd468\" data-element_type=\"widget\" data-e-type=\"widget\" data-widget_type=\"text-editor.default\">\n\t\t\t\t<div class=\"elementor-widget-container\">\n\t\t\t\t\t\t\t\t\t<h3>Unterst\u00fctze uns, den Verein, der seit 2004 die Vision hat, dass spannende j\u00fcdische Leben in Ostpreussen mit seinen litauischen, russischen, polnischen und deutschen Einfl\u00fcssen darzustellen. Mit Forschung, Webseiten, B\u00fcchern, Ausstellungen, Familienforschung, Pressearbeit und viel Phantasie. Unterst\u00fctzen Sie den Verein &#8222;Juden in Ostpreussen e.V.&#8220;, damit die Arbeit immer weiter gehen kann! <br \/>Stichwort: &#8222;Weitermachen&#8220;<\/h3>\t\t\t\t\t\t\t\t<\/div>\n\t\t\t\t<\/div>\n\t\t\t\t\t<\/div>\n\t\t<\/div>\n\t\t\t\t\t<\/div>\n\t\t<\/section>\n\t\t\t\t<section class=\"elementor-section elementor-top-section elementor-element elementor-element-f3fdffc elementor-section-boxed elementor-section-height-default elementor-section-height-default\" data-id=\"f3fdffc\" data-element_type=\"section\" data-e-type=\"section\">\n\t\t\t\t\t\t<div class=\"elementor-container elementor-column-gap-default\">\n\t\t\t\t\t<div class=\"elementor-column elementor-col-100 elementor-top-column elementor-element elementor-element-1e9a3fd\" data-id=\"1e9a3fd\" data-element_type=\"column\" data-e-type=\"column\">\n\t\t\t<div class=\"elementor-widget-wrap elementor-element-populated\">\n\t\t\t\t\t\t<div class=\"elementor-element elementor-element-8a4344c elementor-widget elementor-widget-heading\" data-id=\"8a4344c\" data-element_type=\"widget\" data-e-type=\"widget\" data-widget_type=\"heading.default\">\n\t\t\t\t<div class=\"elementor-widget-container\">\n\t\t\t\t\t<h2 class=\"elementor-heading-title elementor-size-default\">Danke f\u00fcr Ihre Unterst\u00fctzung. Schon mit kleinen Betr\u00e4gen kann man viel vor Ort erreichen!<span style=\"font-family: Helvetica, sans-serif;font-size: 23px;font-weight: 600;letter-spacing: 0.8px\"><\/span><br><\/h2>\t\t\t\t<\/div>\n\t\t\t\t<\/div>\n\t\t\t\t\t<\/div>\n\t\t<\/div>\n\t\t\t\t\t<\/div>\n\t\t<\/section>\n\t\t\t\t<section class=\"elementor-section elementor-top-section elementor-element elementor-element-811847f elementor-section-boxed elementor-section-height-default elementor-section-height-default\" data-id=\"811847f\" data-element_type=\"section\" data-e-type=\"section\">\n\t\t\t\t\t\t<div class=\"elementor-container elementor-column-gap-default\">\n\t\t\t\t\t<div class=\"elementor-column elementor-col-100 elementor-top-column elementor-element elementor-element-43bbdab\" data-id=\"43bbdab\" data-element_type=\"column\" data-e-type=\"column\">\n\t\t\t<div class=\"elementor-widget-wrap elementor-element-populated\">\n\t\t\t\t\t\t<div class=\"elementor-element elementor-element-f875047 elementor-widget elementor-widget-image\" data-id=\"f875047\" data-element_type=\"widget\" data-e-type=\"widget\" data-widget_type=\"image.default\">\n\t\t\t\t<div class=\"elementor-widget-container\">\n\t\t\t\t\t\t\t\t\t\t\t\t\t\t\t<img decoding=\"async\" width=\"768\" height=\"336\" src=\"https:\/\/jewsineastprussia.de\/wp-content\/uploads\/2018\/05\/KidsinAusstellung3-768x336.jpg\" class=\"attachment-medium_large size-medium_large wp-image-458\" alt=\"Kids in Kaliningrad\" srcset=\"https:\/\/jewsineastprussia.de\/wp-content\/uploads\/2018\/05\/KidsinAusstellung3-768x336.jpg 768w, https:\/\/jewsineastprussia.de\/wp-content\/uploads\/2018\/05\/KidsinAusstellung3-300x131.jpg 300w, https:\/\/jewsineastprussia.de\/wp-content\/uploads\/2018\/05\/KidsinAusstellung3-1024x449.jpg 1024w, https:\/\/jewsineastprussia.de\/wp-content\/uploads\/2018\/05\/KidsinAusstellung3.jpg 2032w\" sizes=\"(max-width: 768px) 100vw, 768px\" \/>\t\t\t\t\t\t\t\t\t\t\t\t\t\t\t<\/div>\n\t\t\t\t<\/div>\n\t\t\t\t<div class=\"elementor-element elementor-element-7654464 elementor-widget elementor-widget-text-editor\" data-id=\"7654464\" data-element_type=\"widget\" data-e-type=\"widget\" data-widget_type=\"text-editor.default\">\n\t\t\t\t<div class=\"elementor-widget-container\">\n\t\t\t\t\t\t\t\t\t<p style=\"text-align: center;\">Die Geschichte der n\u00e4chsten Generation in Kaliningrad erz\u00e4hlen<\/p>\t\t\t\t\t\t\t\t<\/div>\n\t\t\t\t<\/div>\n\t\t\t\t\t<\/div>\n\t\t<\/div>\n\t\t\t\t\t<\/div>\n\t\t<\/section>\n\t\t\t\t<section class=\"elementor-section elementor-top-section elementor-element elementor-element-3a26fb3 elementor-section-boxed elementor-section-height-default elementor-section-height-default\" data-id=\"3a26fb3\" data-element_type=\"section\" data-e-type=\"section\">\n\t\t\t\t\t\t<div class=\"elementor-container elementor-column-gap-default\">\n\t\t\t\t\t<div class=\"elementor-column elementor-col-100 elementor-top-column elementor-element elementor-element-b4bce29\" data-id=\"b4bce29\" data-element_type=\"column\" data-e-type=\"column\">\n\t\t\t<div class=\"elementor-widget-wrap elementor-element-populated\">\n\t\t\t\t\t\t<div class=\"elementor-element elementor-element-b64aa27 elementor-widget elementor-widget-text-editor\" data-id=\"b64aa27\" data-element_type=\"widget\" data-e-type=\"widget\" data-widget_type=\"text-editor.default\">\n\t\t\t\t<div class=\"elementor-widget-container\">\n\t\t\t\t\t\t\t\t\t<p>Wir sind wegen F\u00f6rderung gemeinn\u00fctziger Zwecke insbesondere der F\u00f6rderung kultuereller Zwecke durch Bescheinigung des Finanzamtes f\u00fcr K\u00f6rperschaften I Berlin, Steuernummer 27\/669\/53052, nach \u00a7 5 Abs- 1 Nr. 9 des K\u00f6rperschaftssteuergesetzes von der K\u00f6rperschaftssteuer befreit.<\/p>\n<p>Letzter Freistellungsbescheid v. 24.06.2024 (wirksam bis 2028). Wir sind berechtigt f\u00fcr Spenden Zuwendungsbest\u00e4tigungen auszustellen.<\/p>\n<p><!-- \/wp:paragraph --><!-- wp:paragraph --><\/p>\n<p>Bitte teilen Sie uns Ihre Anschrift f\u00fcr die Erstellung der Zuwendungsbest\u00e4tigung (Spendenbescheinigung) mit.<\/p>\t\t\t\t\t\t\t\t<\/div>\n\t\t\t\t<\/div>\n\t\t\t\t\t<\/div>\n\t\t<\/div>\n\t\t\t\t\t<\/div>\n\t\t<\/section>\n\t\t\t\t<\/div>\n\t\t","protected":false},"excerpt":{"rendered":"<p>1 Spenden von unserer Paypal-Spendenseite aus, Link: paypal.me\/Jewsineastprussia &gt;&gt; 2 Oder spenden Sie mit Paypal an folgende Email: info@judeninostpreussen.de 3 Oder fragen Sie nach unserer Bankverbindung (IBAN und BIC) f\u00fcr \u00dcberweisungen &#8211;\u00a0 Kontakt &gt;&gt; Unterst\u00fctze uns, den Verein, der seit 2004 die Vision hat, dass spannende j\u00fcdische Leben in Ostpreussen mit seinen litauischen, russischen, polnischen [&hellip;]<\/p>\n","protected":false},"author":1,"featured_media":0,"parent":0,"menu_order":0,"comment_status":"closed","ping_status":"closed","template":"","meta":{"footnotes":""},"categories":[151,152,75,76,77,88,149],"class_list":["post-7903","page","type-page","status-publish","hentry","category-jewish-museum-kaliningrad-de","category-juedisches-museum-kaliningrad","category-koenigsberg-kaliningrad-de","category-nachrichten-von-der-kaliningrader-synagoge","category-synagoge-koenigsberg","category-vereinsnachrichten","category-westpreussen","entry"],"_links":{"self":[{"href":"https:\/\/jewsineastprussia.de\/de\/wp-json\/wp\/v2\/pages\/7903","targetHints":{"allow":["GET"]}}],"collection":[{"href":"https:\/\/jewsineastprussia.de\/de\/wp-json\/wp\/v2\/pages"}],"about":[{"href":"https:\/\/jewsineastprussia.de\/de\/wp-json\/wp\/v2\/types\/page"}],"author":[{"embeddable":true,"href":"https:\/\/jewsineastprussia.de\/de\/wp-json\/wp\/v2\/users\/1"}],"replies":[{"embeddable":true,"href":"https:\/\/jewsineastprussia.de\/de\/wp-json\/wp\/v2\/comments?post=7903"}],"version-history":[{"count":32,"href":"https:\/\/jewsineastprussia.de\/de\/wp-json\/wp\/v2\/pages\/7903\/revisions"}],"predecessor-version":[{"id":12716,"href":"https:\/\/jewsineastprussia.de\/de\/wp-json\/wp\/v2\/pages\/7903\/revisions\/12716"}],"wp:attachment":[{"href":"https:\/\/jewsineastprussia.de\/de\/wp-json\/wp\/v2\/media?parent=7903"}],"wp:term":[{"taxonomy":"category","embeddable":true,"href":"https:\/\/jewsineastprussia.de\/de\/wp-json\/wp\/v2\/categories?post=7903"}],"curies":[{"name":"wp","href":"https:\/\/api.w.org\/{rel}","templated":true}]}}