{"id":821,"date":"2018-05-23T17:33:30","date_gmt":"2018-05-23T16:33:30","guid":{"rendered":"http:\/\/jewsineastprussia.de\/?page_id=821"},"modified":"2020-04-06T02:36:12","modified_gmt":"2020-04-06T00:36:12","slug":"about-the-society-juden-in-ostpreussen","status":"publish","type":"page","link":"https:\/\/jewsineastprussia.de\/de\/about-the-society-juden-in-ostpreussen\/","title":{"rendered":"Verein Juden in Ostpreussen"},"content":{"rendered":"<h3>Juden in Ostpreussen &#8211; Verein zur Geschichte und Kultur e.V.<\/h3>\n<p style=\"text-align: left;\">Das gro\u00dfe Interesse, das einerseits Nachfahren von Juden, die seinerzeit in Ostpreussen lebten, an der Geschichte ihrer Vorfahren hegen und die vielen Fragen, die besonders intensiv von der jungen Generation, die heute im litauischen, polnischen und russischen Teil der ehemaligen Region Ostpreussen zur fr\u00fcheren j\u00fcdischen Bev\u00f6lkerung Ostpreussens und auch zu ihrer Vertreibung gestellt werden, hat uns bewogen, gemeinsam mit interessierten Freunden am 5. September 2004 in Berlin einen Verein mit folgendem Namen zu gr\u00fcnden:\u00a0Juden in Ostpreussen. Verein zur Geschichte und Kultur e.V.<br \/>\n<br \/>\n<em>voherige Logos bis 2017<\/em><\/p>\n<p>&nbsp;<\/p>\n<p>Ziele und Zweck des Vereins haben wir wie folgt formuliert:<\/p>\n<p>1. Das Ziel des Vereins ist die F\u00f6rderung kultureller Zwecke, insbesondere die Pflege und Bewahrung der Kultur der Juden in Ostpreussen, wobei im Mittelpunkt die F\u00f6rderung der Pflege und Erhaltung von Kulturwerten steht, von Gegenst\u00e4nden mit kultureller Bedeutung und von Archivalien.<\/p>\n<p>2. Diese Ziele verfolgt der Verein u. a. durch:<\/p>\n<p>a) durch Vortr\u00e4ge in regelm\u00e4ssigen Zusammenk\u00fcnften, Unterrichtungen, Ausstellungen, wissenschaftlichen F\u00fchrungen und Ausfl\u00fcge in Zusammenarbeit mit den heutigen B\u00fcrgern und Kommunen in Polen, dem Kaliningrader Gebiet und Litauen;<\/p>\n<p>b) durch Herausgabe, Anregung und Unterst\u00fctzung wissenschaftlicher Arbeiten und Erinnerungen, die geeignet sind, die Kenntnis \u00fcber die Geschichte der Juden in Ostpreussen zu erweitern;<\/p>\n<p>c) durch Pflege von Beziehungen zu gleichstrebenden Vereinen und Institutionen in Deutschland sowie Kommunen in Polen, dem Kaliningrader Gebiet und Litauen.<\/p>\n<p>Der Verein unterh\u00e4lt Sammlungen von Sachzeugen, Bibliotheks- und Sammlungsgut \u00fcber die Geschichte der Juden in Ostpreussen von den Anf\u00e4ngen bis zur Gegenwart. Diese Sammlungen werden der wissenschaftlichen Forschung und der \u00d6ffentlichkeit zug\u00e4nglich gemacht.<\/p>\n<p>3. Der Verein verfolgt ausschliesslich und unmittelbar gemeinn\u00fctzige Zwecke im Sinne des Abschnitts &#8222;Steuerbeg\u00fcnstigte Zwecke&#8220; der Abgabenordnung.<\/p>\n<p>4. Der Verein ist selbstlos t\u00e4tig; er verfolgt nicht in erster Linie eigenwirtschaftliche Zwecke<\/p>\n<p>Eintrag im Vereinsregister Amtsgericht Charlottenburg Nr. 24883Nz<\/p>\n<p><strong>Wir freuen uns \u00fcber Interesse und Mitarbeit.<\/strong><\/p>\n<p><a href=\"https:\/\/jewsineastprussia.de\/de\/donations-for-the-association-jews-in-east-prussia\/\" target=\"_blank\" rel=\"noopener noreferrer\">Link zu unserer Spendenseite &gt;&gt;<\/a><\/p>\n<p><img decoding=\"async\" class=\"wp-image-458 size-medium\" src=\"https:\/\/jewsineastprussia.de\/wp-content\/uploads\/2018\/05\/KidsinAusstellung3-300x131.jpg\" alt=\"Kids in Kaliningrad\" width=\"300\" height=\"131\" srcset=\"https:\/\/jewsineastprussia.de\/wp-content\/uploads\/2018\/05\/KidsinAusstellung3-300x131.jpg 300w, https:\/\/jewsineastprussia.de\/wp-content\/uploads\/2018\/05\/KidsinAusstellung3-768x336.jpg 768w, https:\/\/jewsineastprussia.de\/wp-content\/uploads\/2018\/05\/KidsinAusstellung3-1024x449.jpg 1024w, https:\/\/jewsineastprussia.de\/wp-content\/uploads\/2018\/05\/KidsinAusstellung3.jpg 2032w\" sizes=\"(max-width: 300px) 100vw, 300px\" \/><\/p>\n<p>Vergangenheit und Zukunft, wir unterrichten die kommende Generation in\u00a0 Kaliningrad<\/p>\n<p>Michael und Prof. Dr. Ruth Leiserowitz<\/p>\n","protected":false},"excerpt":{"rendered":"<p>Juden in Ostpreussen &#8211; Verein zur Geschichte und Kultur e.V. Das gro\u00dfe Interesse, das einerseits Nachfahren von Juden, die seinerzeit in Ostpreussen lebten, an der Geschichte ihrer Vorfahren hegen und die vielen Fragen, die besonders intensiv von der jungen Generation, die heute im litauischen, polnischen und russischen Teil der ehemaligen Region Ostpreussen zur fr\u00fcheren j\u00fcdischen [&hellip;]<\/p>\n","protected":false},"author":1,"featured_media":0,"parent":0,"menu_order":0,"comment_status":"closed","ping_status":"closed","template":"","meta":{"footnotes":""},"categories":[71,25],"class_list":["post-821","page","type-page","status-publish","hentry","category-association-news","category-unkategorisiert","entry"],"_links":{"self":[{"href":"https:\/\/jewsineastprussia.de\/de\/wp-json\/wp\/v2\/pages\/821","targetHints":{"allow":["GET"]}}],"collection":[{"href":"https:\/\/jewsineastprussia.de\/de\/wp-json\/wp\/v2\/pages"}],"about":[{"href":"https:\/\/jewsineastprussia.de\/de\/wp-json\/wp\/v2\/types\/page"}],"author":[{"embeddable":true,"href":"https:\/\/jewsineastprussia.de\/de\/wp-json\/wp\/v2\/users\/1"}],"replies":[{"embeddable":true,"href":"https:\/\/jewsineastprussia.de\/de\/wp-json\/wp\/v2\/comments?post=821"}],"version-history":[{"count":9,"href":"https:\/\/jewsineastprussia.de\/de\/wp-json\/wp\/v2\/pages\/821\/revisions"}],"predecessor-version":[{"id":5794,"href":"https:\/\/jewsineastprussia.de\/de\/wp-json\/wp\/v2\/pages\/821\/revisions\/5794"}],"wp:attachment":[{"href":"https:\/\/jewsineastprussia.de\/de\/wp-json\/wp\/v2\/media?parent=821"}],"wp:term":[{"taxonomy":"category","embeddable":true,"href":"https:\/\/jewsineastprussia.de\/de\/wp-json\/wp\/v2\/categories?post=821"}],"curies":[{"name":"wp","href":"https:\/\/api.w.org\/{rel}","templated":true}]}}