{"id":8649,"date":"2021-01-23T23:51:35","date_gmt":"2021-01-23T22:51:35","guid":{"rendered":"https:\/\/jewsineastprussia.de\/massacre-1945\/"},"modified":"2024-05-12T12:45:48","modified_gmt":"2024-05-12T10:45:48","slug":"massacre-1945","status":"publish","type":"page","link":"https:\/\/jewsineastprussia.de\/de\/massacre-1945\/","title":{"rendered":"Massaker 1945"},"content":{"rendered":"<div class=\"wp-block-image\">\n<figure class=\"alignright size-large is-resized\"><img decoding=\"async\" src=\"https:\/\/jewsineastprussia.de\/wp-content\/uploads\/2021\/01\/Palmnicken-Haende-705x1024.jpg\" alt=\"Hands of the memorial in Jantarny\" class=\"wp-image-8620\" width=\"176\" height=\"256\" srcset=\"https:\/\/jewsineastprussia.de\/wp-content\/uploads\/2021\/01\/Palmnicken-Haende-705x1024.jpg 705w, https:\/\/jewsineastprussia.de\/wp-content\/uploads\/2021\/01\/Palmnicken-Haende-207x300.jpg 207w, https:\/\/jewsineastprussia.de\/wp-content\/uploads\/2021\/01\/Palmnicken-Haende-768x1116.jpg 768w, https:\/\/jewsineastprussia.de\/wp-content\/uploads\/2021\/01\/Palmnicken-Haende-1057x1536.jpg 1057w, https:\/\/jewsineastprussia.de\/wp-content\/uploads\/2021\/01\/Palmnicken-Haende-1410x2048.jpg 1410w, https:\/\/jewsineastprussia.de\/wp-content\/uploads\/2021\/01\/Palmnicken-Haende.jpg 1518w\" sizes=\"(max-width: 176px) 100vw, 176px\" \/><\/figure>\n<\/div>\n\n\n<p>Im ostpreu\u00dfischen Palmnicken, dem heutigen Jantarny in der russischen Exklave Kaliningrad, wurde&nbsp;in der Nacht vom 31. Januar auf den 1. Februar 1945 ein Massaker an ca. 3.000 j\u00fcdischen Insassinnen des KZ-Stutthofs ver\u00fcbt. 13.000 Personen, \u00fcberwiegend Frauen waren in den letzten Januartagen aus den Stutthofer Au\u00dfenlagern Heiligenbeil (heute Mamonowo), Jesau (Juschny), Seerappen (Ljublino) und Schippenbeil (S\u0119popol) nach K\u00f6nigsberg (Kaliningrad) zusammengetrieben worden. Dann trieben SS-M\u00e4nner sie bei Schnee und Eis&nbsp;in Richtung Palmnicken, wobei Hunderte unterwegs ermordet oder erschlagen wurden. Die Stra\u00dfe war von Leichen ges\u00e4umt.<\/p>\n\n\n\n<div style=\"height:20px\" aria-hidden=\"true\" class=\"wp-block-spacer\"><\/div>\n\n\n\n<figure class=\"wp-block-image size-large is-resized\"><img fetchpriority=\"high\" decoding=\"async\" src=\"https:\/\/jewsineastprussia.de\/wp-content\/uploads\/2021\/01\/Palmicken_map_deathmarch.png\" alt=\"Route of Death March K\u00f6nigsberg - Palmnicken\" class=\"wp-image-8692\" width=\"800\" height=\"347\" srcset=\"https:\/\/jewsineastprussia.de\/wp-content\/uploads\/2021\/01\/Palmicken_map_deathmarch.png 800w, https:\/\/jewsineastprussia.de\/wp-content\/uploads\/2021\/01\/Palmicken_map_deathmarch-300x130.png 300w, https:\/\/jewsineastprussia.de\/wp-content\/uploads\/2021\/01\/Palmicken_map_deathmarch-768x333.png 768w\" sizes=\"(max-width: 800px) 100vw, 800px\" \/><\/figure>\n\n\n\n<p>2011 weihte die j\u00fcdische Gemeinde Kaliningrad ein Denkmal f\u00fcr die Opfer am Strand von Jantarny ein, das der&nbsp;K\u00fcnstler Frank Meisler geschaffen hatte. Ein&nbsp;j\u00e4hrlicher Gedenkmarsch der Gemeindemitglieder zum Jahrestag des Massakers ist zu einer wichtigen Tradition geworden.<\/p>\n\n\n\n<figure class=\"wp-block-image size-large\"><img decoding=\"async\" width=\"1024\" height=\"576\" src=\"https:\/\/jewsineastprussia.de\/wp-content\/uploads\/2021\/01\/Palmnicken-Denkmal4-b.jpg\" alt=\"\" class=\"wp-image-8625\" srcset=\"https:\/\/jewsineastprussia.de\/wp-content\/uploads\/2021\/01\/Palmnicken-Denkmal4-b.jpg 1024w, https:\/\/jewsineastprussia.de\/wp-content\/uploads\/2021\/01\/Palmnicken-Denkmal4-b-300x169.jpg 300w, https:\/\/jewsineastprussia.de\/wp-content\/uploads\/2021\/01\/Palmnicken-Denkmal4-b-768x432.jpg 768w\" sizes=\"(max-width: 1024px) 100vw, 1024px\" \/><\/figure>\n\n\n<div class=\"wp-block-image\">\n<figure class=\"alignleft size-large is-resized\"><img loading=\"lazy\" decoding=\"async\" src=\"https:\/\/jewsineastprussia.de\/wp-content\/uploads\/2021\/01\/Palmnicken-Denkmal8.jpeg\" alt=\"\" class=\"wp-image-8628\" width=\"278\" height=\"353\" srcset=\"https:\/\/jewsineastprussia.de\/wp-content\/uploads\/2021\/01\/Palmnicken-Denkmal8.jpeg 556w, https:\/\/jewsineastprussia.de\/wp-content\/uploads\/2021\/01\/Palmnicken-Denkmal8-236x300.jpeg 236w\" sizes=\"(max-width: 278px) 100vw, 278px\" \/><\/figure>\n<\/div>\n\n\n<p>Bis heute sind die Aussagen der \u00dcberlebenden an vielen Stellen verstreut. Hier versuchen wir, alle&nbsp;Informationen zusammenzutragen.<\/p>\n\n\n\n<p>Die j\u00fcdische Gemeinde Kaliningrad bem\u00fcht sich auch, m\u00f6glichst viele Namen von Opfern zu erfahren, um sie zu dokumentieren. <\/p>\n\n\n\n<p><strong>Wir bitten um weitere Informationen, mit deren Hilfe die Seite aktualisiert werden kann.<\/strong><\/p>\n\n\n\n<div style=\"height:23px\" aria-hidden=\"true\" class=\"wp-block-spacer\"><\/div>\n\n\n\n<p class=\"has-text-align-right\"><strong>Letzte Aktualisierung 10.01.2022<\/strong><\/p>\n\n\n\n<h2 class=\"wp-block-heading\" style=\"font-size:24px\">Namen der Ermordeten<\/h2>\n\n\n\n<p>Hilda Danneberg *1926<\/p>\n\n\n\n<p>Lisbet Danneberg *1928<\/p>\n\n\n\n<p>Sonia Dyna Schach, geb. Ginat, Lager Schippenbeil (S\u0119popol), vha 4862<\/p>\n\n\n\n<p>Rothschild Hillel<\/p>\n\n\n\n<p>Sarah Kronisch, Lager Heiligenbeil (Mamonowo), <\/p>\n\n\n\n<p>Fela &nbsp;Lewkowitz<\/p>\n\n\n\n<p>Ruchcia Milner, * 1928 Lager Seerappen (Ljublino), vha 44173<\/p>\n\n\n\n<p>Machcia Milner, *1926<\/p>\n\n\n\n<p>Frania Naparstek<\/p>\n\n\n\n<p>Mania Naparstek<\/p>\n\n\n\n<p>Miriam Ptak, *1920, aus Lodz, erschossen auf dem Todesmarsch<\/p>\n\n\n\n<p>Helia Raidenbach<\/p>\n\n\n\n<p>Breindl Salz, *1926, Lager Heiligenbeil (Mamonowo), aus Krakau,&nbsp;get\u00f6tet auf dem Todesmarsch<\/p>\n\n\n\n<p>Gita Salz, *1922, Lager Heiligenbeil (Mamonowo), aus Krakau, get\u00f6tet auf dem Todesmarsch<\/p>\n\n\n\n<p>Ganka Sonnenstern<\/p>\n\n\n\n<p>Mania-Matl Yakubowitz<\/p>\n\n\n\n<figure class=\"wp-block-gallery has-nested-images columns-4 is-cropped wp-block-gallery-1 is-layout-flex wp-block-gallery-is-layout-flex\">\n<figure class=\"wp-block-image size-large\"><img loading=\"lazy\" decoding=\"async\" width=\"722\" height=\"1024\" data-id=\"8635\" src=\"https:\/\/jewsineastprussia.de\/wp-content\/uploads\/2021\/01\/Salz-Gittel-1942-s-722x1024.jpg\" alt=\"\" class=\"wp-image-8635\" srcset=\"https:\/\/jewsineastprussia.de\/wp-content\/uploads\/2021\/01\/Salz-Gittel-1942-s-722x1024.jpg 722w, https:\/\/jewsineastprussia.de\/wp-content\/uploads\/2021\/01\/Salz-Gittel-1942-s-211x300.jpg 211w, https:\/\/jewsineastprussia.de\/wp-content\/uploads\/2021\/01\/Salz-Gittel-1942-s-768x1090.jpg 768w, https:\/\/jewsineastprussia.de\/wp-content\/uploads\/2021\/01\/Salz-Gittel-1942-s.jpg 800w\" sizes=\"(max-width: 722px) 100vw, 722px\" \/><\/figure>\n\n\n\n<figure class=\"wp-block-image size-large\"><img loading=\"lazy\" decoding=\"async\" width=\"726\" height=\"1024\" data-id=\"8638\" src=\"https:\/\/jewsineastprussia.de\/wp-content\/uploads\/2021\/01\/Salz-Breindl-1942-s-726x1024.jpg\" alt=\"\" class=\"wp-image-8638\" srcset=\"https:\/\/jewsineastprussia.de\/wp-content\/uploads\/2021\/01\/Salz-Breindl-1942-s-726x1024.jpg 726w, https:\/\/jewsineastprussia.de\/wp-content\/uploads\/2021\/01\/Salz-Breindl-1942-s-213x300.jpg 213w, https:\/\/jewsineastprussia.de\/wp-content\/uploads\/2021\/01\/Salz-Breindl-1942-s-768x1084.jpg 768w, https:\/\/jewsineastprussia.de\/wp-content\/uploads\/2021\/01\/Salz-Breindl-1942-s.jpg 800w\" sizes=\"(max-width: 726px) 100vw, 726px\" \/><\/figure>\n\n\n\n<figure class=\"wp-block-image size-large\"><img loading=\"lazy\" decoding=\"async\" width=\"728\" height=\"1024\" data-id=\"8641\" src=\"https:\/\/jewsineastprussia.de\/wp-content\/uploads\/2021\/01\/Blitz-Maria-1942-s-728x1024.jpg\" alt=\"\" class=\"wp-image-8641\" srcset=\"https:\/\/jewsineastprussia.de\/wp-content\/uploads\/2021\/01\/Blitz-Maria-1942-s-728x1024.jpg 728w, https:\/\/jewsineastprussia.de\/wp-content\/uploads\/2021\/01\/Blitz-Maria-1942-s-213x300.jpg 213w, https:\/\/jewsineastprussia.de\/wp-content\/uploads\/2021\/01\/Blitz-Maria-1942-s-768x1081.jpg 768w, https:\/\/jewsineastprussia.de\/wp-content\/uploads\/2021\/01\/Blitz-Maria-1942-s.jpg 800w\" sizes=\"(max-width: 728px) 100vw, 728px\" \/><\/figure>\n\n\n\n<figure class=\"wp-block-image size-large\"><img loading=\"lazy\" decoding=\"async\" width=\"797\" height=\"1024\" data-id=\"8644\" src=\"https:\/\/jewsineastprussia.de\/wp-content\/uploads\/2021\/01\/Blitz-Maria-2008-s-797x1024.jpg\" alt=\"\" class=\"wp-image-8644\" srcset=\"https:\/\/jewsineastprussia.de\/wp-content\/uploads\/2021\/01\/Blitz-Maria-2008-s-797x1024.jpg 797w, https:\/\/jewsineastprussia.de\/wp-content\/uploads\/2021\/01\/Blitz-Maria-2008-s-233x300.jpg 233w, https:\/\/jewsineastprussia.de\/wp-content\/uploads\/2021\/01\/Blitz-Maria-2008-s-768x987.jpg 768w, https:\/\/jewsineastprussia.de\/wp-content\/uploads\/2021\/01\/Blitz-Maria-2008-s.jpg 800w\" sizes=\"(max-width: 797px) 100vw, 797px\" \/><\/figure>\n<figcaption class=\"blocks-gallery-caption wp-element-caption\">3 Schwestern Salz:  Breindl, Gita, Maria. Ganz rechts Maria (Blitz) \u00fcberlebte, Bild zum 90. Geburtstag (2008), Bilder: Buch Blitz, Maria siehe Bibliographie<\/figcaption><\/figure>\n\n\n\n<h2 class=\"wp-block-heading\" style=\"font-size:24px\">Namen der \u00dcberlebenden<\/h2>\n\n\n\n<p>Genia Biedermann (geb. Weinberg), Lager Jesau (Juschny), vha 2395<\/p>\n\n\n\n<p>Maria Blitz (geb. Salz), *1918, Lager Heiligenbeil (Mamonowo), aus Krakau<\/p>\n\n\n\n<p>Walter Falkenstein, *1899, aus Hochneukirch bei Grevenbroich (D)<\/p>\n\n\n\n<p>Alter Feder<\/p>\n\n\n\n<p>Sasha Friedenstein, *1925, Lager Waggonfabrik Steinfurth K\u00f6nigsberg, from Riga, vha 55269<\/p>\n\n\n\n<p>Ester Frielman, (geb. Fischbein), *1925<\/p>\n\n\n\n<p>Mana Gleismann, (geb. Zweig)<\/p>\n\n\n\n<p>Dora Hauptman, *1919, Lager Jesau (Juschny)<\/p>\n\n\n\n<p>Dina (Dusha) Herzberg, (geb. Blachman), *1926, Lager Jesau (Juschny), aus Lodz<\/p>\n\n\n\n<p>Frida Klaynman (Gabrylewicz), *1922, Lager Seerappen (Ljublino), aus Lodz<\/p>\n\n\n\n<p>Pnina (Pola) Kronisch, *1927, aus Belzec, Lager Heiligenbeil (Mamonowo)<\/p>\n\n\n\n<p>Sheva Levi, *ca 1910, Lager Seerappen (Ljublino), aus Lask,<\/p>\n\n\n\n<p>Bluma Lonicki, (geb. Landgarten), *1914, unter dem Namen Bronislawa Krakauer in Yad Vashem gelistet,&nbsp;Lager Jesau (Juschny)<\/p>\n\n\n\n<p>Celina Manielewicz (geb. Moshkowitz), *1921, Lager Jesau (Juschny) <\/p>\n\n\n\n<p>Regina Mueller (geb. Lieberbaum)<\/p>\n\n\n\n<p>Zysla Muller (geb. Lieberbaum), *1926, Lager Schippenbeil (S\u0119popol), vha 18848<\/p>\n\n\n\n<p>Eva Minka Nagler (geb. Ginat), *1926, Schippenbeil (S\u0119popol), vha 4862<\/p>\n\n\n\n<p>Chana Ojzerowicz, Lager Schippenbeil (S\u0119popol)<\/p>\n\n\n\n<p>Henia Ptasznik (geb. Milner), *1922, vha 44173<\/p>\n\n\n\n<p>Pola Zwardon, (geb. Mondschein), *1909, Lager Heiligenbeil (Mamonowo)<\/p>\n\n\n\n<h2 class=\"wp-block-heading\" style=\"font-size:24px\">Bibliographie Englisch<\/h2>\n\n\n\n<p>Blitz, Maria, and Uwe Neum\u00e4rker.&nbsp;<em>Final Days in East Prussia: An Unspoken Chapter of the Holocaust<\/em>. &nbsp;2019.&nbsp;<\/p>\n\n\n\n<p>Kossert, Andreas,&nbsp;&#8222;\u201cEndl\u00f6sung on the \u2018Amber Shore\u2019\u201d The Massacre in January 1945 on the Baltic Seashore\u2014A Repressed Chapter of East Prussian History.&#8220;&nbsp;<em>The Leo Baeck Institute Yearbook<\/em>&nbsp;49.1 (2004): 3-22. <a href=\"http:\/\/muenchow.cms.udel.edu\/images\/Palmnicken1945.pdf\" target=\"_blank\" rel=\"noreferrer noopener\">Link to Pdf<\/a><\/p>\n\n\n\n<p>Leiserowitz, Ruth,&nbsp;<em>Palmnicken and further questions<\/em>&nbsp;(Research outline) 2021&nbsp;<a rel=\"noreferrer noopener\" href=\"http:\/\/ruth.leiserowitz.de\/wp-content\/uploads\/2021\/01\/Leiserowitz_Palmnicken-and-further-questions.pdf\" target=\"_blank\">Pdf-document (English) &gt;&gt;<\/a><\/p>\n\n\n\n<div class=\"wp-block-media-text alignwide is-stacked-on-mobile\" style=\"grid-template-columns:15% auto\"><figure class=\"wp-block-media-text__media\"><img loading=\"lazy\" decoding=\"async\" width=\"358\" height=\"525\" src=\"https:\/\/jewsineastprussia.de\/wp-content\/uploads\/2024\/05\/Cover-Book-Nagler.jpg\" alt=\"\" class=\"wp-image-11583 size-full\" srcset=\"https:\/\/jewsineastprussia.de\/wp-content\/uploads\/2024\/05\/Cover-Book-Nagler.jpg 358w, https:\/\/jewsineastprussia.de\/wp-content\/uploads\/2024\/05\/Cover-Book-Nagler-205x300.jpg 205w\" sizes=\"(max-width: 358px) 100vw, 358px\" \/><\/figure><div class=\"wp-block-media-text__content\">\n<p>Nagler, Eva.\u00a0<em>Massacre on the Baltic.<\/em> Glebe: Wild &amp; Woolley, 1995.<br><br>Das Buch &#8222;Massacre on the Baltic&#8220; ist online zug\u00e4nglich!<\/p>\n\n\n\n<p>Der Scan des  englischen Originals ist auf der Webseite der Nationalbibliothek Leipzig frei zug\u00e4nglich<\/p>\n\n\n\n<p><a href=\"https:\/\/portal.dnb.de\/bookviewer\/view\/1326929445#page\/n0\/mode\/2up\" target=\"_blank\" rel=\"noreferrer noopener\">Link zum Online-Buch<\/a><\/p>\n<\/div><\/div>\n\n\n\n<div style=\"height:20px\" aria-hidden=\"true\" class=\"wp-block-spacer\"><\/div>\n\n\n\n<h2 class=\"wp-block-heading\" style=\"font-size:24px\">Bibliographie Deutsch<\/h2>\n\n\n\n<p>Bergau, Martin,&nbsp;<em>Der Junge von der Bernsteink\u00fcste<\/em>. Berlin&nbsp;2012.<\/p>\n\n\n\n<p>Bergau, Martin, Hans-Jochen Vogel, und Andreas Kossert.&nbsp;<em>Todesmarsch zur Bernsteink\u00fcste : Das&nbsp;Massaker an Juden im ostpreu\u00dfischen Palmnicken im Januar 1945 : Zeitzeugen erinnern sich<\/em>. Heidelberg&nbsp;2006.<\/p>\n\n\n\n<p>\u200bBlitz, Maria,&nbsp;<em>Endzeit in Ostpreussen: Ein beschwiegenes Kapitel des Holocaust<\/em>. Berlin: Stiftung Denkmal f\u00fcr die ermordeten Juden Europas, 2013.<\/p>\n\n\n\n<p>Leiserowitz, Ruth,&nbsp;<em>Palmnicken und weitere Fragen&nbsp;<\/em>(Forschungsskizze) 2021&nbsp;<a rel=\"noreferrer noopener\" href=\"http:\/\/ruth.leiserowitz.de\/wp-content\/uploads\/2021\/01\/Leiserowitz_Palmnicken-und-weitere-Fragen.pdf\" target=\"_blank\">Pdf-Dokument (Deutsch) &gt;&gt;<\/a><\/p>\n\n\n\n<p>Nagler, Eva.&nbsp;<em>Massacre on the Baltic.<\/em>&nbsp;Glebe: Wild &amp; Woolley, 1995 (englisch).  <strong>Hinweis: <\/strong>Dieses Buch wird auf Deutsch \u00fcbersetzt von der Stiftung Denkmal f\u00fcr die ermordeten Juden Europas und soll im Januar 2025 in Berlin vorgestellt werden (am 30.1 oder am 6.2.2025)<\/p>\n\n\n\n<h2 class=\"wp-block-heading\" style=\"font-size:24px\">Links<\/h2>\n\n\n\n<p>vha (+nr. des Interviews)  =&nbsp;Visual History Archive der <a rel=\"noreferrer noopener\" href=\"https:\/\/vhaonline.usc.edu\/\" target=\"_blank\">USC Shoah Foundation collection<\/a><\/p>\n\n\n\n<p><a rel=\"noreferrer noopener\" href=\"https:\/\/collections.ushmm.org\/search\/catalog\/irn47610\" target=\"_blank\">Audio&nbsp;Interview Maria Blitz<\/a><br>Video Interview mit Maria Blitz (deutsch <a rel=\"noreferrer noopener\" href=\"https:\/\/www.sprechentrotzallem.de\/\" target=\"_blank\">Stiftung Denkmal f\u00fcr die ermordeten Juden Europas (mit Registrierung)<\/a><\/p>\n\n\n\n<p><a href=\"https:\/\/collections.ushmm.org\/search\/catalog\/irn50928\" target=\"_blank\" rel=\"noreferrer noopener\">Audio&nbsp;Interview Eva Nagler<\/a><\/p>\n","protected":false},"excerpt":{"rendered":"<p>Im ostpreu\u00dfischen Palmnicken, dem heutigen Jantarny in der russischen Exklave Kaliningrad, wurde&nbsp;in der Nacht vom 31. Januar auf den 1. Februar 1945 ein Massaker an ca. 3.000 j\u00fcdischen Insassinnen des KZ-Stutthofs ver\u00fcbt. 13.000 Personen, \u00fcberwiegend Frauen waren in den letzten Januartagen aus den Stutthofer Au\u00dfenlagern Heiligenbeil (heute Mamonowo), Jesau (Juschny), Seerappen (Ljublino) und Schippenbeil (S\u0119popol) [&hellip;]<\/p>\n","protected":false},"author":1,"featured_media":0,"parent":0,"menu_order":0,"comment_status":"closed","ping_status":"closed","template":"","meta":{"footnotes":""},"categories":[139,135,75],"class_list":["post-8649","page","type-page","status-publish","hentry","category-holocaust-und-verfolgung-de","category-kaliningrad-region-russia-de","category-koenigsberg-kaliningrad-de","entry"],"_links":{"self":[{"href":"https:\/\/jewsineastprussia.de\/de\/wp-json\/wp\/v2\/pages\/8649","targetHints":{"allow":["GET"]}}],"collection":[{"href":"https:\/\/jewsineastprussia.de\/de\/wp-json\/wp\/v2\/pages"}],"about":[{"href":"https:\/\/jewsineastprussia.de\/de\/wp-json\/wp\/v2\/types\/page"}],"author":[{"embeddable":true,"href":"https:\/\/jewsineastprussia.de\/de\/wp-json\/wp\/v2\/users\/1"}],"replies":[{"embeddable":true,"href":"https:\/\/jewsineastprussia.de\/de\/wp-json\/wp\/v2\/comments?post=8649"}],"version-history":[{"count":33,"href":"https:\/\/jewsineastprussia.de\/de\/wp-json\/wp\/v2\/pages\/8649\/revisions"}],"predecessor-version":[{"id":11589,"href":"https:\/\/jewsineastprussia.de\/de\/wp-json\/wp\/v2\/pages\/8649\/revisions\/11589"}],"wp:attachment":[{"href":"https:\/\/jewsineastprussia.de\/de\/wp-json\/wp\/v2\/media?parent=8649"}],"wp:term":[{"taxonomy":"category","embeddable":true,"href":"https:\/\/jewsineastprussia.de\/de\/wp-json\/wp\/v2\/categories?post=8649"}],"curies":[{"name":"wp","href":"https:\/\/api.w.org\/{rel}","templated":true}]}}