{"id":9811,"date":"2021-12-30T23:23:44","date_gmt":"2021-12-30T22:23:44","guid":{"rendered":"https:\/\/jewsineastprussia.de\/press-comments\/"},"modified":"2021-12-31T16:56:14","modified_gmt":"2021-12-31T15:56:14","slug":"press-comments","status":"publish","type":"page","link":"https:\/\/jewsineastprussia.de\/de\/press-comments\/","title":{"rendered":"Pressespiegel"},"content":{"rendered":"\n<p>27.12.2021 Preu\u00dfische Allgemeine (w\u00f6chentlich, fr\u00fcher Vertriebenenzeitung &#8222;Das Ostpreu\u00dfenblatt&#8220;), Autor Hans Dzieran<\/p>\n\n\n\n<figure class=\"wp-block-image size-medium\"><a href=\"https:\/\/paz.de\/artikel\/museum-in-der-wiederaufgebauten-synagoge-a6022.html\" target=\"_blank\" rel=\"noopener noreferrer\"><img fetchpriority=\"high\" decoding=\"async\" width=\"239\" height=\"300\" src=\"https:\/\/jewsineastprussia.de\/wp-content\/uploads\/2021\/12\/PAZ-Screenshot_20211228_144257-239x300.jpg\" alt=\"\" class=\"wp-image-9798\" srcset=\"https:\/\/jewsineastprussia.de\/wp-content\/uploads\/2021\/12\/PAZ-Screenshot_20211228_144257-239x300.jpg 239w, https:\/\/jewsineastprussia.de\/wp-content\/uploads\/2021\/12\/PAZ-Screenshot_20211228_144257-815x1024.jpg 815w, https:\/\/jewsineastprussia.de\/wp-content\/uploads\/2021\/12\/PAZ-Screenshot_20211228_144257-768x964.jpg 768w, https:\/\/jewsineastprussia.de\/wp-content\/uploads\/2021\/12\/PAZ-Screenshot_20211228_144257.jpg 1052w\" sizes=\"(max-width: 239px) 100vw, 239px\" \/><\/a><\/figure>\n\n\n\n<h4 class=\"wp-block-heading\">J\u00fcdisches Leben in K\u00f6nigsberg<br>Museum in der wiederaufgebauten Synagoge<br>Bankiersfamilie Marx liefert zahlreiche Exponate \u2013 Orientierungspunkt f\u00fcr Nachfahren aus aller Welt<\/h4>\n\n\n\n<hr class=\"wp-block-separator has-text-color has-background has-vivid-cyan-blue-background-color has-vivid-cyan-blue-color is-style-wide\"\/>\n\n\n\n<div style=\"height:20px\" aria-hidden=\"true\" class=\"wp-block-spacer\"><\/div>\n\n\n\n<p>10.11.2021 J\u00fcdische Allgemeine (w\u00f6chentlich, auflagenst\u00e4rkste J\u00fcdische zeitung in Deutschland), Autorin Gabriele Lesser<\/p>\n\n\n\n<figure class=\"wp-block-image size-medium\"><a href=\"https:\/\/www.juedische-allgemeine.de\/juedische-welt\/ostpreussische-erbschaft\/\" target=\"_blank\" rel=\"noopener noreferrer\"><img decoding=\"async\" width=\"300\" height=\"50\" src=\"https:\/\/jewsineastprussia.de\/wp-content\/uploads\/2021\/12\/JA-Logo-300x50.jpg\" alt=\"\" class=\"wp-image-9801\" srcset=\"https:\/\/jewsineastprussia.de\/wp-content\/uploads\/2021\/12\/JA-Logo-300x50.jpg 300w, https:\/\/jewsineastprussia.de\/wp-content\/uploads\/2021\/12\/JA-Logo-1024x171.jpg 1024w, https:\/\/jewsineastprussia.de\/wp-content\/uploads\/2021\/12\/JA-Logo-768x128.jpg 768w, https:\/\/jewsineastprussia.de\/wp-content\/uploads\/2021\/12\/JA-Logo.jpg 1388w\" sizes=\"(max-width: 300px) 100vw, 300px\" \/><\/a><\/figure>\n\n\n\n<h4 class=\"wp-block-heading\">Russland<br>Ostpreu\u00dfische Erbschaft<br>Kaliningrader Gemeinde will in wiedererrichteter Synagoge die Geschichte der K\u00f6nigsberger Juden dokumentieren<\/h4>\n\n\n\n<hr class=\"wp-block-separator has-text-color has-background has-vivid-cyan-blue-background-color has-vivid-cyan-blue-color is-style-wide\"\/>\n\n\n\n<div style=\"height:20px\" aria-hidden=\"true\" class=\"wp-block-spacer\"><\/div>\n\n\n\n<p>15.10.2021 Jewish Heritage Europe (Webportal \u00fcber j\u00fcdisches Kulturerbe und Baudenkm\u00e4ler in ganz Europa), Autorin Ruth Ellen Gruber<\/p>\n\n\n\n<figure class=\"wp-block-image size-medium\"><a href=\"https:\/\/jewish-heritage-europe.eu\/2021\/10\/15\/russia-kaliningrad-museum-preview\/\" target=\"_blank\" rel=\"noopener noreferrer\"><img decoding=\"async\" width=\"300\" height=\"65\" src=\"https:\/\/jewsineastprussia.de\/wp-content\/uploads\/2021\/12\/JH-Europe-300x65.jpg\" alt=\"\" class=\"wp-image-9804\" srcset=\"https:\/\/jewsineastprussia.de\/wp-content\/uploads\/2021\/12\/JH-Europe-300x65.jpg 300w, https:\/\/jewsineastprussia.de\/wp-content\/uploads\/2021\/12\/JH-Europe-1024x223.jpg 1024w, https:\/\/jewsineastprussia.de\/wp-content\/uploads\/2021\/12\/JH-Europe-768x167.jpg 768w, https:\/\/jewsineastprussia.de\/wp-content\/uploads\/2021\/12\/JH-Europe.jpg 1197w\" sizes=\"(max-width: 300px) 100vw, 300px\" \/><\/a><\/figure>\n\n\n\n<h4 class=\"wp-block-heading\">Russland: Einblick in das j\u00fcdische Museum, das in der wiederaufgebauten Synagoge in Kaliningrad entsteht<\/h4>\n\n\n\n<p id=\"block-5f8f822d-c5bf-4a59-b439-eb43d9d2c0d8\">Russia: Take a look at a preview of the Jewish museum under development in the rebuilt synagogue in Kaliningrad<\/p>\n\n\n\n<hr class=\"wp-block-separator has-text-color has-background has-vivid-cyan-blue-background-color has-vivid-cyan-blue-color is-style-wide\"\/>\n\n\n\n<div style=\"height:20px\" aria-hidden=\"true\" class=\"wp-block-spacer\"><\/div>\n\n\n\n<p>2021 #2021JLID Festjahr \u201e1700 Jahre j\u00fcdischen Leben in Deutschland\u201c, Verein: 321\u20132021: 1700\u00a0Jahre j\u00fcdisches Leben in Deutschland e.V.\u00a0<\/p>\n\n\n\n<figure class=\"wp-block-image size-medium\"><a href=\"https:\/\/2021jlid.de\/kalender\/einweihung-der-ausstellung-juden-in-koenigsberg-vor-ort\/\" target=\"_blank\" rel=\"noopener noreferrer\"><img loading=\"lazy\" decoding=\"async\" width=\"300\" height=\"56\" src=\"https:\/\/jewsineastprussia.de\/wp-content\/uploads\/2021\/12\/2021JLID_quer_rgb-300x56.png\" alt=\"Logo 1700 Years Jewish Life in Germany\" class=\"wp-image-9829\" srcset=\"https:\/\/jewsineastprussia.de\/wp-content\/uploads\/2021\/12\/2021JLID_quer_rgb-300x56.png 300w, https:\/\/jewsineastprussia.de\/wp-content\/uploads\/2021\/12\/2021JLID_quer_rgb-1024x191.png 1024w, https:\/\/jewsineastprussia.de\/wp-content\/uploads\/2021\/12\/2021JLID_quer_rgb-768x143.png 768w, https:\/\/jewsineastprussia.de\/wp-content\/uploads\/2021\/12\/2021JLID_quer_rgb-1536x287.png 1536w, https:\/\/jewsineastprussia.de\/wp-content\/uploads\/2021\/12\/2021JLID_quer_rgb.png 2047w\" sizes=\"(max-width: 300px) 100vw, 300px\" \/><\/a><\/figure>\n\n\n\n<h4 class=\"wp-block-heading\">In der wiederaufgebauten Synagoge von Kaliningrad\/K\u00f6nigsberg entstehen 2021 und 2022 ein j\u00fcdisches Museum und ein Erinnerungsort.<\/h4>\n\n\n\n<hr class=\"wp-block-separator has-text-color has-background has-vivid-cyan-blue-background-color has-vivid-cyan-blue-color is-style-wide\"\/>\n\n\n\n<div style=\"height:20px\" aria-hidden=\"true\" class=\"wp-block-spacer\"><\/div>\n\n\n\n<p>13.11.2019 Deutschlandfunk Kultur, Autor Martin Sander<\/p>\n\n\n\n<figure class=\"wp-block-image size-medium\"><a href=\"https:\/\/www.deutschlandfunkkultur.de\/synagoge-in-kaliningrad-ein-wahrzeichen-juedischen-lebens-100.html\" target=\"_blank\" rel=\"noopener noreferrer\"><img loading=\"lazy\" decoding=\"async\" width=\"300\" height=\"226\" src=\"https:\/\/jewsineastprussia.de\/wp-content\/uploads\/2019\/11\/Deutschlandfunk-cut-300x226.jpg\" alt=\"Deutschlandfunk Beitrag Sander\" class=\"wp-image-4852\" srcset=\"https:\/\/jewsineastprussia.de\/wp-content\/uploads\/2019\/11\/Deutschlandfunk-cut-300x226.jpg 300w, https:\/\/jewsineastprussia.de\/wp-content\/uploads\/2019\/11\/Deutschlandfunk-cut-768x578.jpg 768w, https:\/\/jewsineastprussia.de\/wp-content\/uploads\/2019\/11\/Deutschlandfunk-cut.jpg 889w\" sizes=\"(max-width: 300px) 100vw, 300px\" \/><\/a><\/figure>\n\n\n\n<h4 class=\"wp-block-heading\">Synagoge in Kaliningrad<br>Ein Wahrzeichen j\u00fcdischen Lebens<\/h4>\n\n\n\n<p><\/p>\n","protected":false},"excerpt":{"rendered":"<p>27.12.2021 Preu\u00dfische Allgemeine (w\u00f6chentlich, fr\u00fcher Vertriebenenzeitung &#8222;Das Ostpreu\u00dfenblatt&#8220;), Autor Hans Dzieran J\u00fcdisches Leben in K\u00f6nigsbergMuseum in der wiederaufgebauten SynagogeBankiersfamilie Marx liefert zahlreiche Exponate \u2013 Orientierungspunkt f\u00fcr Nachfahren aus aller Welt 10.11.2021 J\u00fcdische Allgemeine (w\u00f6chentlich, auflagenst\u00e4rkste J\u00fcdische zeitung in Deutschland), Autorin Gabriele Lesser RusslandOstpreu\u00dfische ErbschaftKaliningrader Gemeinde will in wiedererrichteter Synagoge die Geschichte der K\u00f6nigsberger Juden dokumentieren [&hellip;]<\/p>\n","protected":false},"author":1,"featured_media":0,"parent":0,"menu_order":0,"comment_status":"closed","ping_status":"closed","template":"","meta":{"footnotes":""},"categories":[151,76,88],"class_list":["post-9811","page","type-page","status-publish","hentry","category-jewish-museum-kaliningrad-de","category-nachrichten-von-der-kaliningrader-synagoge","category-vereinsnachrichten","entry"],"_links":{"self":[{"href":"https:\/\/jewsineastprussia.de\/de\/wp-json\/wp\/v2\/pages\/9811","targetHints":{"allow":["GET"]}}],"collection":[{"href":"https:\/\/jewsineastprussia.de\/de\/wp-json\/wp\/v2\/pages"}],"about":[{"href":"https:\/\/jewsineastprussia.de\/de\/wp-json\/wp\/v2\/types\/page"}],"author":[{"embeddable":true,"href":"https:\/\/jewsineastprussia.de\/de\/wp-json\/wp\/v2\/users\/1"}],"replies":[{"embeddable":true,"href":"https:\/\/jewsineastprussia.de\/de\/wp-json\/wp\/v2\/comments?post=9811"}],"version-history":[{"count":8,"href":"https:\/\/jewsineastprussia.de\/de\/wp-json\/wp\/v2\/pages\/9811\/revisions"}],"predecessor-version":[{"id":9833,"href":"https:\/\/jewsineastprussia.de\/de\/wp-json\/wp\/v2\/pages\/9811\/revisions\/9833"}],"wp:attachment":[{"href":"https:\/\/jewsineastprussia.de\/de\/wp-json\/wp\/v2\/media?parent=9811"}],"wp:term":[{"taxonomy":"category","embeddable":true,"href":"https:\/\/jewsineastprussia.de\/de\/wp-json\/wp\/v2\/categories?post=9811"}],"curies":[{"name":"wp","href":"https:\/\/api.w.org\/{rel}","templated":true}]}}